{"id":504,"date":"2021-02-10T18:28:23","date_gmt":"2021-02-10T21:28:23","guid":{"rendered":"https:\/\/www.ufsm.br\/cursos\/pos-graduacao\/santa-maria\/ppgpc\/?page_id=504"},"modified":"2021-05-26T10:11:27","modified_gmt":"2021-05-26T13:11:27","slug":"aproveitamento-de-disciplinas-e-de-testes-de-suficiencia-em-lingua-estrangeira","status":"publish","type":"page","link":"https:\/\/www.ufsm.br\/cursos\/pos-graduacao\/santa-maria\/ppgpc\/aproveitamento-de-disciplinas-e-de-testes-de-suficiencia-em-lingua-estrangeira","title":{"rendered":"Aproveitamento de disciplinas e de testes de sufici\u00eancia em l\u00edngua estrangeira"},"content":{"rendered":"\n<p>As solicita\u00e7\u00f5es de aproveitamento de disciplinas e de testes de sufici\u00eancia em l\u00edngua estrangeira agora s\u00e3o feitos diretamente atrav\u00e9s do portal do aluno.<\/p>\n<p><a href=\"https:\/\/www.ufsm.br\/app\/uploads\/sites\/561\/2021\/05\/Novo-Procedimento-para-Aproveitamento-de-disciplinas.pdf\">Tutorial para o novo procedimento para solicita\u00e7\u00e3o de aproveitamento de disciplinas<\/a><\/p>\n<p><a href=\"https:\/\/www.ufsm.br\/app\/uploads\/sites\/561\/2021\/05\/Novo-Procedimento-para-Lingua-Estrangeira.pdf\">Tutorial para o novo procedimento para solicita\u00e7\u00e3o de aproveitamento de teste de sufici\u00eancia em l\u00edngua estrangeira<\/a><\/p>\n<p>*Na etapa de tramita\u00e7\u00e3o do PEN, o destino inicial escolhido neste caso dever\u00e1 ser <strong>CURSO-PROGRAMA PG PROFISSIONALIZANTE EM PATRIM\u00d4NIO CULTURAL &#8211; CPPPC<\/strong><\/p>\n<p>**Se o exame foi realizado pelo <a href=\"https:\/\/www.ufsm.br\/pro-reitorias\/prpgp\/teslle\/\">TESLLE<\/a>, n\u00e3o \u00e9 necess\u00e1rio fazer pedido de aproveitamento.<\/p>\n<p>O colegiado do curso ent\u00e3o deliberar\u00e1 e proceder\u00e1 com o deferimento\/indeferimento do pedido.<\/p>\n","protected":false},"excerpt":{"rendered":"<p>As solicita\u00e7\u00f5es de aproveitamento de disciplinas e de testes de sufici\u00eancia em l\u00edngua estrangeira agora s\u00e3o feitos diretamente atrav\u00e9s do portal do aluno. Tutorial para o novo procedimento para solicita\u00e7\u00e3o de aproveitamento de disciplinas Tutorial para o novo procedimento para solicita\u00e7\u00e3o de aproveitamento de teste de sufici\u00eancia em l\u00edngua estrangeira *Na etapa de tramita\u00e7\u00e3o do [&hellip;]<\/p>\n","protected":false},"author":827,"featured_media":0,"parent":0,"menu_order":0,"comment_status":"closed","ping_status":"closed","template":"","meta":{"footnotes":""},"categories":[],"tags":[],"class_list":["post-504","page","type-page","status-publish","hentry"],"acf":[],"_links":{"self":[{"href":"https:\/\/www.ufsm.br\/cursos\/pos-graduacao\/santa-maria\/ppgpc\/wp-json\/wp\/v2\/pages\/504","targetHints":{"allow":["GET"]}}],"collection":[{"href":"https:\/\/www.ufsm.br\/cursos\/pos-graduacao\/santa-maria\/ppgpc\/wp-json\/wp\/v2\/pages"}],"about":[{"href":"https:\/\/www.ufsm.br\/cursos\/pos-graduacao\/santa-maria\/ppgpc\/wp-json\/wp\/v2\/types\/page"}],"author":[{"embeddable":true,"href":"https:\/\/www.ufsm.br\/cursos\/pos-graduacao\/santa-maria\/ppgpc\/wp-json\/wp\/v2\/users\/827"}],"replies":[{"embeddable":true,"href":"https:\/\/www.ufsm.br\/cursos\/pos-graduacao\/santa-maria\/ppgpc\/wp-json\/wp\/v2\/comments?post=504"}],"version-history":[{"count":0,"href":"https:\/\/www.ufsm.br\/cursos\/pos-graduacao\/santa-maria\/ppgpc\/wp-json\/wp\/v2\/pages\/504\/revisions"}],"wp:attachment":[{"href":"https:\/\/www.ufsm.br\/cursos\/pos-graduacao\/santa-maria\/ppgpc\/wp-json\/wp\/v2\/media?parent=504"}],"wp:term":[{"taxonomy":"category","embeddable":true,"href":"https:\/\/www.ufsm.br\/cursos\/pos-graduacao\/santa-maria\/ppgpc\/wp-json\/wp\/v2\/categories?post=504"},{"taxonomy":"post_tag","embeddable":true,"href":"https:\/\/www.ufsm.br\/cursos\/pos-graduacao\/santa-maria\/ppgpc\/wp-json\/wp\/v2\/tags?post=504"}],"curies":[{"name":"wp","href":"https:\/\/api.w.org\/{rel}","templated":true}]}}