{"id":153,"date":"2019-01-15T10:06:28","date_gmt":"2019-01-15T12:06:28","guid":{"rendered":"https:\/\/www.ufsm.br\/cursos\/pos-graduacao\/santa-maria\/ppgq\/?page_id=153"},"modified":"2019-06-07T10:22:00","modified_gmt":"2019-06-07T13:22:00","slug":"historico","status":"publish","type":"page","link":"https:\/\/www.ufsm.br\/cursos\/pos-graduacao\/santa-maria\/ppgq\/historico","title":{"rendered":"Hist\u00f3rico"},"content":{"rendered":"\n<p>A Universidade Federal de Santa Maria foi pioneira na interioriza\u00e7\u00e3o do Ensino Superior no Brasil, em uma \u00e9poca em que existiam apenas Universidades sediadas nas capitais dos estados. Desde esse in\u00edcio, a UFSM cresceu para ser a segunda maior Universidade no Estado do Rio Grande do Sul. Neste cen\u00e1rio, o Programa de P\u00f3s-Gradua\u00e7\u00e3o em Qu\u00edmica (PPGQ) da UFSM foi criado em 1985, em n\u00edvel de Mestrado, (Processo n\u00ba 23038.002545\/89-24, parecer n\u00ba 295\/90 CRFEI DOU 04.04.90). O crescimento do n\u00famero de pesquisadores e da consolida\u00e7\u00e3o das linhas de pesquisa do curso permitiu a cria\u00e7\u00e3o do n\u00edvel de Doutorado na \u00c1rea de Qu\u00edmica Org\u00e2nica, recomendado em 1994 pela CAPES (DAA\/GTC-6994). Em 1999, com a consolida\u00e7\u00e3o das \u00c1reas de Qu\u00edmica Anal\u00edtica e Qu\u00edmica Inorg\u00e2nica, o n\u00edvel de doutorado foi ampliado para estas \u00e1reas. O programa conta atualmente com mestrado e doutorado nas \u00c1reas de Qu\u00edmica Org\u00e2nica, Qu\u00edmica Anal\u00edtica, Qu\u00edmica Inorg\u00e2nica e F\u00edsico-Qu\u00edmica.\u00a0\u00a0 Atualmente, o PPGQ \u00e9 um dos quatro Programas de P\u00f3s-Gradua\u00e7\u00e3o na \u00e1rea de Qu\u00edmica alocados em Universidades Federais no Estado do Rio Grande do Sul (Universidade Federal de Santa Maria, Universidade Federal do Rio Grande do Sul, Universidade Federal do Rio Grande e Universidade Federal de Pelotas), compartilhando excel\u00eancia com a Universidade Federal do Rio Grande do Sul. Cabe destacar que o PPGQ\/UFSM manteve-se, com exce\u00e7\u00e3o dos anos iniciais, em uma posi\u00e7\u00e3o constante dentro dos programas de p\u00f3s-gradua\u00e7\u00e3o em qu\u00edmica com conceito de excel\u00eancia. Isto vem a ser um fato que evidencia a seriedade, compromisso e engajamento do corpo docente e discente nos trabalhos desenvolvidos.<\/p>\n","protected":false},"excerpt":{"rendered":"<p>A Universidade Federal de Santa Maria foi pioneira na interioriza\u00e7\u00e3o do Ensino Superior no Brasil, em uma \u00e9poca em que existiam apenas Universidades sediadas nas capitais dos estados. Desde esse in\u00edcio, a UFSM cresceu para ser a segunda maior Universidade no Estado do Rio Grande do Sul. Neste cen\u00e1rio, o Programa de P\u00f3s-Gradua\u00e7\u00e3o em Qu\u00edmica [&hellip;]<\/p>\n","protected":false},"author":115,"featured_media":0,"parent":0,"menu_order":0,"comment_status":"closed","ping_status":"closed","template":"","meta":{"footnotes":""},"categories":[],"tags":[],"class_list":["post-153","page","type-page","status-publish","hentry"],"acf":[],"_links":{"self":[{"href":"https:\/\/www.ufsm.br\/cursos\/pos-graduacao\/santa-maria\/ppgq\/wp-json\/wp\/v2\/pages\/153","targetHints":{"allow":["GET"]}}],"collection":[{"href":"https:\/\/www.ufsm.br\/cursos\/pos-graduacao\/santa-maria\/ppgq\/wp-json\/wp\/v2\/pages"}],"about":[{"href":"https:\/\/www.ufsm.br\/cursos\/pos-graduacao\/santa-maria\/ppgq\/wp-json\/wp\/v2\/types\/page"}],"author":[{"embeddable":true,"href":"https:\/\/www.ufsm.br\/cursos\/pos-graduacao\/santa-maria\/ppgq\/wp-json\/wp\/v2\/users\/115"}],"replies":[{"embeddable":true,"href":"https:\/\/www.ufsm.br\/cursos\/pos-graduacao\/santa-maria\/ppgq\/wp-json\/wp\/v2\/comments?post=153"}],"version-history":[{"count":0,"href":"https:\/\/www.ufsm.br\/cursos\/pos-graduacao\/santa-maria\/ppgq\/wp-json\/wp\/v2\/pages\/153\/revisions"}],"wp:attachment":[{"href":"https:\/\/www.ufsm.br\/cursos\/pos-graduacao\/santa-maria\/ppgq\/wp-json\/wp\/v2\/media?parent=153"}],"wp:term":[{"taxonomy":"category","embeddable":true,"href":"https:\/\/www.ufsm.br\/cursos\/pos-graduacao\/santa-maria\/ppgq\/wp-json\/wp\/v2\/categories?post=153"},{"taxonomy":"post_tag","embeddable":true,"href":"https:\/\/www.ufsm.br\/cursos\/pos-graduacao\/santa-maria\/ppgq\/wp-json\/wp\/v2\/tags?post=153"}],"curies":[{"name":"wp","href":"https:\/\/api.w.org\/{rel}","templated":true}]}}