{"id":155,"date":"2019-01-15T10:14:33","date_gmt":"2019-01-15T12:14:33","guid":{"rendered":"https:\/\/www.ufsm.br\/cursos\/pos-graduacao\/santa-maria\/ppgq\/?page_id=155"},"modified":"2025-05-26T09:52:54","modified_gmt":"2025-05-26T12:52:54","slug":"regulamento-e-resolucoes-normativas","status":"publish","type":"page","link":"https:\/\/www.ufsm.br\/cursos\/pos-graduacao\/santa-maria\/ppgq\/regulamento-e-resolucoes-normativas","title":{"rendered":"Regulamento e Resolu\u00e7\u00f5es Normativas"},"content":{"rendered":"\t\t<div data-elementor-type=\"wp-post\" data-elementor-id=\"155\" class=\"elementor elementor-155\">\n\t\t\t\t\t\t<section class=\"elementor-section elementor-top-section elementor-element elementor-element-efb2ea6 elementor-section-boxed elementor-section-height-default elementor-section-height-default\" data-id=\"efb2ea6\" data-element_type=\"section\">\n\t\t\t\t\t\t<div class=\"elementor-container elementor-column-gap-default\">\n\t\t\t\t\t<div class=\"elementor-column elementor-col-100 elementor-top-column elementor-element elementor-element-57331bb\" data-id=\"57331bb\" data-element_type=\"column\">\n\t\t\t<div class=\"elementor-widget-wrap elementor-element-populated\">\n\t\t\t\t\t\t<div class=\"elementor-element elementor-element-139bd95 elementor-widget elementor-widget-text-editor\" data-id=\"139bd95\" data-element_type=\"widget\" data-widget_type=\"text-editor.default\">\n\t\t\t\t<div class=\"elementor-widget-container\">\n\t\t\t\t\t\t\t<p><span style=\"color: #000000\">O Regulamento e as Resolu\u00e7\u00f5es Normativas do Programa de P\u00f3s-Gradua\u00e7\u00e3o em Qu\u00edmica da UFSM est\u00e3o dispon\u00edveis, em formato PDF, nos endere\u00e7os abaixo.<\/span>\u00a0<\/p>\t\t\t\t\t\t<\/div>\n\t\t\t\t<\/div>\n\t\t\t\t<div class=\"elementor-element elementor-element-7cbc305 elementor-widget elementor-widget-heading\" data-id=\"7cbc305\" data-element_type=\"widget\" data-widget_type=\"heading.default\">\n\t\t\t\t<div class=\"elementor-widget-container\">\n\t\t\t<h5 class=\"elementor-heading-title elementor-size-default\">O Regulamento <\/h5>\t\t<\/div>\n\t\t\t\t<\/div>\n\t\t\t\t<div class=\"elementor-element elementor-element-a33f60e elementor-widget elementor-widget-text-editor\" data-id=\"a33f60e\" data-element_type=\"widget\" data-widget_type=\"text-editor.default\">\n\t\t\t\t<div class=\"elementor-widget-container\">\n\t\t\t\t\t\t\t<ul><li><a href=\"https:\/\/www.ufsm.br\/cursos\/pos-graduacao\/santa-maria\/ppgq\/wp-content\/uploads\/sites\/509\/2019\/01\/Regulamento-PPGQ-2009-com-aprova\u00e7\u00e3o-do-CEPE.pdf\">Regulamento do PPGQ &#8211; Vers\u00e3o 2009 (.pdf)<\/a><\/li><li><a href=\"https:\/\/www.ufsm.br\/cursos\/pos-graduacao\/santa-maria\/ppgq\/wp-content\/uploads\/sites\/509\/2019\/01\/Regulamento-PPGQ-2012-com-aprova\u00e7\u00e3o-do-CEPE.pdf\">Regulamento do PPGQ &#8211; Vers\u00e3o 2012 (.pdf)<\/a><\/li><li><a href=\"https:\/\/www.ufsm.br\/cursos\/pos-graduacao\/santa-maria\/ppgq\/wp-content\/uploads\/sites\/509\/2019\/01\/Reg2016.pdf\">Regulamento do PPGQ &#8211; Vers\u00e3o 2016 (.pdf)<\/a><\/li><li><a href=\"https:\/\/www.ufsm.br\/app\/uploads\/sites\/509\/2024\/10\/Regulamento_interno_PPGQ_FINAL.pdf\">Regulamentoddo_PPGQ &#8211; Vers\u00e3o 2024 (pdf)<\/a><\/li><li><a href=\"https:\/\/www.ufsm.br\/app\/uploads\/sites\/509\/2024\/10\/Portaria-Normativa-004-2024-Minuta-do-Regulamento-do-Curso-Programa-de-Ps-Graduao-em-Qumica.pdf\">Portaria Normativa 004-2024 Minuta do Regulamento do Curso Programa de P\u00f3s-Gradua\u00e7\u00e3o em Qu\u00edmica<\/a><\/li><\/ul>\t\t\t\t\t\t<\/div>\n\t\t\t\t<\/div>\n\t\t\t\t<div class=\"elementor-element elementor-element-d3b8933 elementor-widget elementor-widget-heading\" data-id=\"d3b8933\" data-element_type=\"widget\" data-widget_type=\"heading.default\">\n\t\t\t\t<div class=\"elementor-widget-container\">\n\t\t\t<h5 class=\"elementor-heading-title elementor-size-default\">As Resolu\u00e7\u00f5es Normativas<\/h5>\t\t<\/div>\n\t\t\t\t<\/div>\n\t\t\t\t<div class=\"elementor-element elementor-element-1036d8e elementor-widget elementor-widget-text-editor\" data-id=\"1036d8e\" data-element_type=\"widget\" data-widget_type=\"text-editor.default\">\n\t\t\t\t<div class=\"elementor-widget-container\">\n\t\t\t\t\t\t\t<ul><li><a href=\"https:\/\/www.ufsm.br\/app\/uploads\/sites\/509\/2021\/06\/RN-01-Do-Credenciamento-Recredenciamento-Orientacao-de-Mestrado-e-Doutorado.pdf\">RN 01 &#8211; Do Credenciamento Recredenciamento, Orienta\u00e7\u00e3o de Mestrado e Doutorado<\/a><\/li><li><a href=\"https:\/\/www.ufsm.br\/app\/uploads\/sites\/509\/2021\/06\/RN-02-Da-Producao-Cientifica.pdf\">RN 02 &#8211; Da Produ\u00e7\u00e3o Cient\u00edfica<\/a><\/li><li><a href=\"https:\/\/www.ufsm.br\/app\/uploads\/sites\/509\/2023\/11\/RN-03-DAS-IMPLICACOES-E-CONSEQUENCIAS-atualizacao-nov-2023.pdf\">RN 03 &#8211; Das Implica\u00e7\u00f5es e Consequ\u00eancias -atualiza\u00e7\u00e3o nov 2023<\/a><\/li><li><a href=\"https:\/\/www.ufsm.br\/app\/uploads\/sites\/509\/2021\/06\/RN-04-Da-Avaliacao-Aanual-do-Indice-de-Produtividade-Cientifica-dos-Docentes-Permanentes-IPO.pdf\">RN 04 &#8211; Da Avalia\u00e7\u00e3o Anual do \u00cdndice de Produtividade Cient\u00edfica dos Docentes Permanentes (IPO)<\/a><\/li><li><a href=\"https:\/\/www.ufsm.br\/cursos\/pos-graduacao\/santa-maria\/ppgq\/wp-content\/uploads\/sites\/509\/2019\/01\/Resolu\u00e7\u00e3o-Normativa-05.pdf\">RN05: Distribui\u00e7\u00e3o de Bolsas de Mestrado e Doutorado (.pdf)<\/a><\/li><li><a href=\"https:\/\/www.ufsm.br\/cursos\/pos-graduacao\/santa-maria\/ppgq\/wp-content\/uploads\/sites\/509\/2019\/01\/Resolu\u00e7\u00e3o-Normativa-06.pdf\">RN06: Regulamenta\u00e7\u00e3o para Passagem ao Doutorado de Alunos do PPGQ com Mestrado em Andamento (entre 12 e 18 Meses) (.pdf)<\/a><\/li><li><a href=\"https:\/\/www.ufsm.br\/app\/uploads\/sites\/509\/2021\/06\/RN-07-Regulamentacao-Livros-e-Patentes-como-Producao-Cientifica.pdf\">RN 07 &#8211; Regulamenta\u00e7\u00e3o Livros e Patentes como Produ\u00e7\u00e3o Cient\u00edfica<\/a><\/li><li><a href=\"https:\/\/www.ufsm.br\/cursos\/pos-graduacao\/santa-maria\/ppgq\/wp-content\/uploads\/sites\/509\/2019\/01\/Resolu\u00e7\u00e3o-Normativa-08.pdf\">RN08: N\u00famero M\u00e1ximo de Alunos Permitidos Por Orientador (.pdf)<\/a><\/li><li><a href=\"https:\/\/www.ufsm.br\/cursos\/pos-graduacao\/santa-maria\/ppgq\/wp-content\/uploads\/sites\/509\/2019\/01\/Resolu\u00e7\u00e3o-Normativa-09.pdf\">RN09: Exame de Qualifica\u00e7\u00e3o de Mestrado e Doutorado (.pdf)<\/a><\/li><li><a href=\"https:\/\/www.ufsm.br\/cursos\/pos-graduacao\/santa-maria\/ppgq\/wp-content\/uploads\/sites\/509\/2019\/01\/Resolu\u00e7\u00e3o-Normativa-10.pdf\">RN10: Distribui\u00e7\u00e3o da Verba Proex\u00a0<\/a><\/li><li><a href=\"https:\/\/www.ufsm.br\/cursos\/pos-graduacao\/santa-maria\/ppgq\/wp-content\/uploads\/sites\/509\/2019\/01\/Resolu\u00e7\u00e3o-Normativa-01-2014.pdf\">RN 01\/2014: Prorroga\u00e7\u00e3o de prazos para qualifica\u00e7\u00f5es e defesas (.pdf)<\/a><\/li><\/ul>\t\t\t\t\t\t<\/div>\n\t\t\t\t<\/div>\n\t\t\t\t\t<\/div>\n\t\t<\/div>\n\t\t\t\t\t<\/div>\n\t\t<\/section>\n\t\t\t\t<\/div>\n\t\t","protected":false},"excerpt":{"rendered":"<p>O Regulamento e as Resolu\u00e7\u00f5es Normativas do Programa de P\u00f3s-Gradua\u00e7\u00e3o em Qu\u00edmica da UFSM est\u00e3o dispon\u00edveis, em formato PDF, nos endere\u00e7os abaixo.\u00a0 O Regulamento Regulamento do PPGQ &#8211; Vers\u00e3o 2009 (.pdf) Regulamento do PPGQ &#8211; Vers\u00e3o 2012 (.pdf) Regulamento do PPGQ &#8211; Vers\u00e3o 2016 (.pdf) Regulamentoddo_PPGQ &#8211; Vers\u00e3o 2024 (pdf) Portaria Normativa 004-2024 Minuta do [&hellip;]<\/p>\n","protected":false},"author":115,"featured_media":0,"parent":0,"menu_order":0,"comment_status":"closed","ping_status":"closed","template":"","meta":{"footnotes":""},"categories":[],"tags":[],"class_list":["post-155","page","type-page","status-publish","hentry"],"acf":[],"_links":{"self":[{"href":"https:\/\/www.ufsm.br\/cursos\/pos-graduacao\/santa-maria\/ppgq\/wp-json\/wp\/v2\/pages\/155","targetHints":{"allow":["GET"]}}],"collection":[{"href":"https:\/\/www.ufsm.br\/cursos\/pos-graduacao\/santa-maria\/ppgq\/wp-json\/wp\/v2\/pages"}],"about":[{"href":"https:\/\/www.ufsm.br\/cursos\/pos-graduacao\/santa-maria\/ppgq\/wp-json\/wp\/v2\/types\/page"}],"author":[{"embeddable":true,"href":"https:\/\/www.ufsm.br\/cursos\/pos-graduacao\/santa-maria\/ppgq\/wp-json\/wp\/v2\/users\/115"}],"replies":[{"embeddable":true,"href":"https:\/\/www.ufsm.br\/cursos\/pos-graduacao\/santa-maria\/ppgq\/wp-json\/wp\/v2\/comments?post=155"}],"version-history":[{"count":0,"href":"https:\/\/www.ufsm.br\/cursos\/pos-graduacao\/santa-maria\/ppgq\/wp-json\/wp\/v2\/pages\/155\/revisions"}],"wp:attachment":[{"href":"https:\/\/www.ufsm.br\/cursos\/pos-graduacao\/santa-maria\/ppgq\/wp-json\/wp\/v2\/media?parent=155"}],"wp:term":[{"taxonomy":"category","embeddable":true,"href":"https:\/\/www.ufsm.br\/cursos\/pos-graduacao\/santa-maria\/ppgq\/wp-json\/wp\/v2\/categories?post=155"},{"taxonomy":"post_tag","embeddable":true,"href":"https:\/\/www.ufsm.br\/cursos\/pos-graduacao\/santa-maria\/ppgq\/wp-json\/wp\/v2\/tags?post=155"}],"curies":[{"name":"wp","href":"https:\/\/api.w.org\/{rel}","templated":true}]}}