{"id":1604,"date":"2021-08-02T09:08:28","date_gmt":"2021-08-02T12:08:28","guid":{"rendered":"https:\/\/www.ufsm.br\/cursos\/pos-graduacao\/santa-maria\/ppgq\/?page_id=1604"},"modified":"2021-12-17T10:28:07","modified_gmt":"2021-12-17T13:28:07","slug":"edital-019-2021-processo-seletivo-de-pos-graduacao-ingresso-no-2o-semestre-letivo-de-2021","status":"publish","type":"page","link":"https:\/\/www.ufsm.br\/cursos\/pos-graduacao\/santa-maria\/ppgq\/edital-019-2021-processo-seletivo-de-pos-graduacao-ingresso-no-2o-semestre-letivo-de-2021","title":{"rendered":"Edital 019\/2021 \u2013 Processo Seletivo de P\u00f3s-gradua\u00e7\u00e3o \u2013 Ingresso no 2\u00ba semestre letivo de 2021"},"content":{"rendered":"\n<p><a href=\"https:\/\/www.ufsm.br\/pro-reitorias\/prpgp\/editais\/019-2021\/\">Edital e Link para Inscri\u00e7\u00e3o<\/a><\/p>\n","protected":false},"excerpt":{"rendered":"<p>Edital e Link para Inscri\u00e7\u00e3o<\/p>\n","protected":false},"author":759,"featured_media":0,"parent":0,"menu_order":0,"comment_status":"closed","ping_status":"closed","template":"","meta":{"footnotes":""},"categories":[],"tags":[],"class_list":["post-1604","page","type-page","status-publish","hentry"],"acf":[],"_links":{"self":[{"href":"https:\/\/www.ufsm.br\/cursos\/pos-graduacao\/santa-maria\/ppgq\/wp-json\/wp\/v2\/pages\/1604","targetHints":{"allow":["GET"]}}],"collection":[{"href":"https:\/\/www.ufsm.br\/cursos\/pos-graduacao\/santa-maria\/ppgq\/wp-json\/wp\/v2\/pages"}],"about":[{"href":"https:\/\/www.ufsm.br\/cursos\/pos-graduacao\/santa-maria\/ppgq\/wp-json\/wp\/v2\/types\/page"}],"author":[{"embeddable":true,"href":"https:\/\/www.ufsm.br\/cursos\/pos-graduacao\/santa-maria\/ppgq\/wp-json\/wp\/v2\/users\/759"}],"replies":[{"embeddable":true,"href":"https:\/\/www.ufsm.br\/cursos\/pos-graduacao\/santa-maria\/ppgq\/wp-json\/wp\/v2\/comments?post=1604"}],"version-history":[{"count":0,"href":"https:\/\/www.ufsm.br\/cursos\/pos-graduacao\/santa-maria\/ppgq\/wp-json\/wp\/v2\/pages\/1604\/revisions"}],"wp:attachment":[{"href":"https:\/\/www.ufsm.br\/cursos\/pos-graduacao\/santa-maria\/ppgq\/wp-json\/wp\/v2\/media?parent=1604"}],"wp:term":[{"taxonomy":"category","embeddable":true,"href":"https:\/\/www.ufsm.br\/cursos\/pos-graduacao\/santa-maria\/ppgq\/wp-json\/wp\/v2\/categories?post=1604"},{"taxonomy":"post_tag","embeddable":true,"href":"https:\/\/www.ufsm.br\/cursos\/pos-graduacao\/santa-maria\/ppgq\/wp-json\/wp\/v2\/tags?post=1604"}],"curies":[{"name":"wp","href":"https:\/\/api.w.org\/{rel}","templated":true}]}}