{"id":1709,"date":"2022-04-28T10:26:58","date_gmt":"2022-04-28T13:26:58","guid":{"rendered":"https:\/\/www.ufsm.br\/cursos\/pos-graduacao\/santa-maria\/ppgq\/?page_id=1709"},"modified":"2023-04-10T08:10:06","modified_gmt":"2023-04-10T11:10:06","slug":"seminarios-doutorado-2022","status":"publish","type":"page","link":"https:\/\/www.ufsm.br\/cursos\/pos-graduacao\/santa-maria\/ppgq\/seminarios-doutorado-2022","title":{"rendered":"Semin\u00e1rios Doutorado 2022"},"content":{"rendered":"\t\t<div data-elementor-type=\"wp-page\" data-elementor-id=\"1709\" class=\"elementor elementor-1709\">\n\t\t\t\t\t\t<section class=\"elementor-section elementor-top-section elementor-element elementor-element-e0ee183 elementor-section-boxed elementor-section-height-default elementor-section-height-default\" data-id=\"e0ee183\" data-element_type=\"section\">\n\t\t\t\t\t\t<div class=\"elementor-container elementor-column-gap-default\">\n\t\t\t\t\t<div class=\"elementor-column elementor-col-100 elementor-top-column elementor-element elementor-element-4e1e01c\" data-id=\"4e1e01c\" data-element_type=\"column\">\n\t\t\t<div class=\"elementor-widget-wrap elementor-element-populated\">\n\t\t\t\t\t\t<div class=\"elementor-element elementor-element-b40dd33 elementor-widget elementor-widget-toggle\" data-id=\"b40dd33\" data-element_type=\"widget\" data-widget_type=\"toggle.default\">\n\t\t\t\t<div class=\"elementor-widget-container\">\n\t\t\t\t\t<div class=\"elementor-toggle\">\n\t\t\t\t\t\t\t<div class=\"elementor-toggle-item\">\n\t\t\t\t\t<div id=\"elementor-tab-title-1881\" class=\"elementor-tab-title\" data-tab=\"1\" role=\"button\" aria-controls=\"elementor-tab-content-1881\" aria-expanded=\"false\">\n\t\t\t\t\t\t\t\t\t\t\t\t<span class=\"elementor-toggle-icon elementor-toggle-icon-left\" aria-hidden=\"true\">\n\t\t\t\t\t\t\t\t\t\t\t\t\t\t\t<span class=\"elementor-toggle-icon-closed\"><i class=\"fas fa-caret-right\"><\/i><\/span>\n\t\t\t\t\t\t\t\t<span class=\"elementor-toggle-icon-opened\"><i class=\"elementor-toggle-icon-opened fas fa-caret-up\"><\/i><\/span>\n\t\t\t\t\t\t\t\t\t\t\t\t\t<\/span>\n\t\t\t\t\t\t\t\t\t\t\t\t<a class=\"elementor-toggle-title\" tabindex=\"0\">Jean Carlos Bauer Vieira<\/a>\n\t\t\t\t\t<\/div>\n\n\t\t\t\t\t<div id=\"elementor-tab-content-1881\" class=\"elementor-tab-content elementor-clearfix\" data-tab=\"1\" role=\"region\" aria-labelledby=\"elementor-tab-title-1881\"><p>Artigo sorteado: <strong>BORINIC ACID CATALYZED REGIOSELECTIVE <em>N<\/em>-ALKILATION OF AZOLES (\u201c<em>N<\/em>-Alquila\u00e7\u00e3o regioseletiva de az\u00f3is catalisada por \u00e1cido bor\u00ednico\u201d)<\/strong><\/p><p>Autores: Shrey P. Desai, Matthew T. Zambri e Mark S. Taylor<\/p><p>Dados bibliogr\u00e1ficos: publicado no The Journal of Organic Chemistry, volume 87, p\u00e1ginas 5385-5394, no ano de 2022.<\/p><p>\u00a0<\/p><p>Aluno apresentador: Jean Carlos Bauer Vieira<\/p><p>\u00c1rea de Concentra\u00e7\u00e3o: Qu\u00edmica Org\u00e2nica<\/p><p>Data e hora da apresenta\u00e7\u00e3o: 09 de maio de 2022 \u00e0s 15:30 h<\/p><p>Local da apresenta\u00e7\u00e3o: Audit\u00f3rio CEPETRO, Pr\u00e9dio 67-A<\/p><p>\u00a0<\/p><p>Resumo: O artigo sorteado apresenta uma nova estrat\u00e9gia de <em>N<\/em>-alquila\u00e7\u00e3o de az\u00f3is utilizando \u00e1cido difenilbor\u00ednico como catalisador e uma amina como cocatalisador. A reatividade de uma s\u00e9rie de compostos az\u00f3licos foi testada com diversos eletr\u00f3filos. Rendimentos de at\u00e9 99 % foram alcan\u00e7ados com uma regioseletividade bem definida para a maioria dos produtos. O trabalho tamb\u00e9m apresenta um estudo do mecanismo das rea\u00e7\u00f5es por meio de uma an\u00e1lise cin\u00e9tica e RMN de <sup>11<\/sup>B in situ.<\/p><\/div>\n\t\t\t\t<\/div>\n\t\t\t\t\t\t\t<div class=\"elementor-toggle-item\">\n\t\t\t\t\t<div id=\"elementor-tab-title-1882\" class=\"elementor-tab-title\" data-tab=\"2\" role=\"button\" aria-controls=\"elementor-tab-content-1882\" aria-expanded=\"false\">\n\t\t\t\t\t\t\t\t\t\t\t\t<span class=\"elementor-toggle-icon elementor-toggle-icon-left\" aria-hidden=\"true\">\n\t\t\t\t\t\t\t\t\t\t\t\t\t\t\t<span class=\"elementor-toggle-icon-closed\"><i class=\"fas fa-caret-right\"><\/i><\/span>\n\t\t\t\t\t\t\t\t<span class=\"elementor-toggle-icon-opened\"><i class=\"elementor-toggle-icon-opened fas fa-caret-up\"><\/i><\/span>\n\t\t\t\t\t\t\t\t\t\t\t\t\t<\/span>\n\t\t\t\t\t\t\t\t\t\t\t\t<a class=\"elementor-toggle-title\" tabindex=\"0\">Henrique Faccin<\/a>\n\t\t\t\t\t<\/div>\n\n\t\t\t\t\t<div id=\"elementor-tab-content-1882\" class=\"elementor-tab-content elementor-clearfix\" data-tab=\"2\" role=\"region\" aria-labelledby=\"elementor-tab-title-1882\"><p>Artigo sorteado: <strong>Nuclear sample provenance and age determination using ruthenium isotopes<\/strong> (Utiliza\u00e7\u00e3o de rut\u00eanio para determina\u00e7\u00e3o de idade e proced\u00eanica de amostras nucleares)<\/p><p>\u00a0<\/p><p>Autores: Susan K. Hanson, Matthew E. Sanborn, Holly R. Trellue e William S. Kinman<\/p><p>Dados bibliogr\u00e1ficos: Anal. Chem. 2022, 94, 3645\u22123651 (DOI:10.1021\/acs.analchem.1c05218)<\/p><p>\u00a0<\/p><p>Nome do discente apresentador: Henrique Faccin<\/p><p>\u00c1rea de concentra\u00e7\u00e3o: Qu\u00edmica Anal\u00edtica<\/p><p>Data de apresenta\u00e7\u00e3o: 23 de maio de 2022, \u00e0s 15 h 30 min<\/p><p>Local da apresenta\u00e7\u00e3o: Audit\u00f3rio CEPETRO, Pr\u00e9dio 67-A<\/p><p>\u00a0<\/p><p>Resumo: O artigo a ser apresentado demonstra a possibilidade de se detectar is\u00f3topos est\u00e1veis de rut\u00eanio em um padr\u00e3o nominalmente isot\u00f3pico de 106Ru. Por meio da an\u00e1lise isot\u00f3pica e de simula\u00e7\u00f5es computacionais do processo de fiss\u00e3o nuclear em reatores, os autores levantam uma s\u00e9rie de informa\u00e7\u00f5es capazes de elucidar o m\u00e9todo de produ\u00e7\u00e3o dos padr\u00f5es estudados, suas idades e seus hist\u00f3ricos de irradia\u00e7\u00e3o.<\/p><\/div>\n\t\t\t\t<\/div>\n\t\t\t\t\t\t\t<div class=\"elementor-toggle-item\">\n\t\t\t\t\t<div id=\"elementor-tab-title-1883\" class=\"elementor-tab-title\" data-tab=\"3\" role=\"button\" aria-controls=\"elementor-tab-content-1883\" aria-expanded=\"false\">\n\t\t\t\t\t\t\t\t\t\t\t\t<span class=\"elementor-toggle-icon elementor-toggle-icon-left\" aria-hidden=\"true\">\n\t\t\t\t\t\t\t\t\t\t\t\t\t\t\t<span class=\"elementor-toggle-icon-closed\"><i class=\"fas fa-caret-right\"><\/i><\/span>\n\t\t\t\t\t\t\t\t<span class=\"elementor-toggle-icon-opened\"><i class=\"elementor-toggle-icon-opened fas fa-caret-up\"><\/i><\/span>\n\t\t\t\t\t\t\t\t\t\t\t\t\t<\/span>\n\t\t\t\t\t\t\t\t\t\t\t\t<a class=\"elementor-toggle-title\" tabindex=\"0\">Alisson Vasques Paz<\/a>\n\t\t\t\t\t<\/div>\n\n\t\t\t\t\t<div id=\"elementor-tab-content-1883\" class=\"elementor-tab-content elementor-clearfix\" data-tab=\"3\" role=\"region\" aria-labelledby=\"elementor-tab-title-1883\"><p>Artigo: <strong><em>a<\/em><\/strong><strong>-TRIFLUOROMETHYL CARBANION-CATALYZED INTERMOLECULAR STETTER REACTION OF AROMATIC ALDEHYDES WITH 2-BROMO-3,3,3-TRIFLUOROPROPENE: SYNTHESIS OF <\/strong><strong><em>b<\/em><\/strong><strong>-ALKOKYL-<\/strong><strong><em>b<\/em><\/strong><strong>-TRIFLUOROMETHYLATED KETONES <\/strong><strong>(Rea\u00e7\u00e3o de Stetter Intermolecular de Alde\u00eddos Arom\u00e1ticos com 2-Bromo-3,3,3-trifluoropropeno Catalisada por <\/strong><strong><em>a<\/em><\/strong><strong>-Trifluorometil Carb\u00e2nion: S\u00edntese de <\/strong><strong><em>b<\/em><\/strong><strong>-Alc\u00f3xi-trifluorometil Cetonas)<\/strong><\/p><p><strong>\u00a0<\/strong><\/p><p>Autores: Yingying Cai, Huanfeng Jiang e Chuanle Zhu<\/p><p>Refer\u00eancia: Organic Letters, volume 24, p\u00e1ginas 33-37 (publicado em 14 de janeiro de 2022).<\/p><p>\u00a0<\/p><p>Aluno apresentador: Alisson Vasques Paz<\/p><p>\u00c1rea de Concentra\u00e7\u00e3o: Qu\u00edmica Org\u00e2nica<\/p><p>Data da apresenta\u00e7\u00e3o: 23 de maio de 2022, \u00e0s 15:30 h.<\/p><p>Local da apresenta\u00e7\u00e3o: Audit\u00f3rio CEPETRO, Pr\u00e9dio 67-A<\/p><p>\u00a0<\/p><p>Resumo: O artigo sorteado apresenta pela primeira vez relatada, uma rota sint\u00e9tica para diversas <em>b<\/em>-alc\u00f3xi-<em>b<\/em>-trifluorometil cetonas em rendimentos altos a moderados, utilizando como catalisador, a forma\u00e7\u00e3o in situ de <em>a<\/em>-trifluorometil carbanions. Essa nova rota sint\u00e9tica tamb\u00e9m oferece um novo protocolo para rea\u00e7\u00e3o <em>umpolung<\/em> de alde\u00eddos. O trabalho tamb\u00e9m apresenta um estudo do mecanismo das rea\u00e7\u00f5es por meio de marca\u00e7\u00e3o de deut\u00e9rio acompanhada por RMN de <sup>1<\/sup>H.<\/p><\/div>\n\t\t\t\t<\/div>\n\t\t\t\t\t\t\t<div class=\"elementor-toggle-item\">\n\t\t\t\t\t<div id=\"elementor-tab-title-1884\" class=\"elementor-tab-title\" data-tab=\"4\" role=\"button\" aria-controls=\"elementor-tab-content-1884\" aria-expanded=\"false\">\n\t\t\t\t\t\t\t\t\t\t\t\t<span class=\"elementor-toggle-icon elementor-toggle-icon-left\" aria-hidden=\"true\">\n\t\t\t\t\t\t\t\t\t\t\t\t\t\t\t<span class=\"elementor-toggle-icon-closed\"><i class=\"fas fa-caret-right\"><\/i><\/span>\n\t\t\t\t\t\t\t\t<span class=\"elementor-toggle-icon-opened\"><i class=\"elementor-toggle-icon-opened fas fa-caret-up\"><\/i><\/span>\n\t\t\t\t\t\t\t\t\t\t\t\t\t<\/span>\n\t\t\t\t\t\t\t\t\t\t\t\t<a class=\"elementor-toggle-title\" tabindex=\"0\">Thiago Vinicius Ferreira da Silva<\/a>\n\t\t\t\t\t<\/div>\n\n\t\t\t\t\t<div id=\"elementor-tab-content-1884\" class=\"elementor-tab-content elementor-clearfix\" data-tab=\"4\" role=\"region\" aria-labelledby=\"elementor-tab-title-1884\"><p><a href=\"https:\/\/www.ufsm.br\/app\/uploads\/sites\/509\/2022\/10\/Thiago-Vinicius-Ferreira-da-Silva.pdf\">Thiago Vinicius Ferreira da Silva<\/a><\/p><\/div>\n\t\t\t\t<\/div>\n\t\t\t\t\t\t\t<div class=\"elementor-toggle-item\">\n\t\t\t\t\t<div id=\"elementor-tab-title-1885\" class=\"elementor-tab-title\" data-tab=\"5\" role=\"button\" aria-controls=\"elementor-tab-content-1885\" aria-expanded=\"false\">\n\t\t\t\t\t\t\t\t\t\t\t\t<span class=\"elementor-toggle-icon elementor-toggle-icon-left\" aria-hidden=\"true\">\n\t\t\t\t\t\t\t\t\t\t\t\t\t\t\t<span class=\"elementor-toggle-icon-closed\"><i class=\"fas fa-caret-right\"><\/i><\/span>\n\t\t\t\t\t\t\t\t<span class=\"elementor-toggle-icon-opened\"><i class=\"elementor-toggle-icon-opened fas fa-caret-up\"><\/i><\/span>\n\t\t\t\t\t\t\t\t\t\t\t\t\t<\/span>\n\t\t\t\t\t\t\t\t\t\t\t\t<a class=\"elementor-toggle-title\" tabindex=\"0\">Guilherme Lutz da Silva<\/a>\n\t\t\t\t\t<\/div>\n\n\t\t\t\t\t<div id=\"elementor-tab-content-1885\" class=\"elementor-tab-content elementor-clearfix\" data-tab=\"5\" role=\"region\" aria-labelledby=\"elementor-tab-title-1885\"><p><a href=\"https:\/\/www.ufsm.br\/app\/uploads\/sites\/509\/2022\/10\/Guilherme-Lutz-da-Silva.pdf\">Guilherme Lutz da Silva<\/a><\/p><\/div>\n\t\t\t\t<\/div>\n\t\t\t\t\t\t\t<div class=\"elementor-toggle-item\">\n\t\t\t\t\t<div id=\"elementor-tab-title-1886\" class=\"elementor-tab-title\" data-tab=\"6\" role=\"button\" aria-controls=\"elementor-tab-content-1886\" aria-expanded=\"false\">\n\t\t\t\t\t\t\t\t\t\t\t\t<span class=\"elementor-toggle-icon elementor-toggle-icon-left\" aria-hidden=\"true\">\n\t\t\t\t\t\t\t\t\t\t\t\t\t\t\t<span class=\"elementor-toggle-icon-closed\"><i class=\"fas fa-caret-right\"><\/i><\/span>\n\t\t\t\t\t\t\t\t<span class=\"elementor-toggle-icon-opened\"><i class=\"elementor-toggle-icon-opened fas fa-caret-up\"><\/i><\/span>\n\t\t\t\t\t\t\t\t\t\t\t\t\t<\/span>\n\t\t\t\t\t\t\t\t\t\t\t\t<a class=\"elementor-toggle-title\" tabindex=\"0\">Gustavo Henrique Weimer<\/a>\n\t\t\t\t\t<\/div>\n\n\t\t\t\t\t<div id=\"elementor-tab-content-1886\" class=\"elementor-tab-content elementor-clearfix\" data-tab=\"6\" role=\"region\" aria-labelledby=\"elementor-tab-title-1886\"><p><a href=\"https:\/\/www.ufsm.br\/app\/uploads\/sites\/509\/2022\/11\/Gustavo-Henrique-Weimer.pdf\">Gustavo Henrique Weimer<\/a><\/p><\/div>\n\t\t\t\t<\/div>\n\t\t\t\t\t\t\t\t<\/div>\n\t\t\t\t<\/div>\n\t\t\t\t<\/div>\n\t\t\t\t\t<\/div>\n\t\t<\/div>\n\t\t\t\t\t<\/div>\n\t\t<\/section>\n\t\t\t\t<\/div>\n\t\t","protected":false},"excerpt":{"rendered":"<p>Jean Carlos Bauer Vieira Artigo sorteado: BORINIC ACID CATALYZED REGIOSELECTIVE N-ALKILATION OF AZOLES (\u201cN-Alquila\u00e7\u00e3o regioseletiva de az\u00f3is catalisada por \u00e1cido bor\u00ednico\u201d) Autores: Shrey P. Desai, Matthew T. Zambri e Mark S. Taylor Dados bibliogr\u00e1ficos: publicado no The Journal of Organic Chemistry, volume 87, p\u00e1ginas 5385-5394, no ano de 2022. \u00a0 Aluno apresentador: Jean Carlos Bauer [&hellip;]<\/p>\n","protected":false},"author":759,"featured_media":0,"parent":0,"menu_order":0,"comment_status":"closed","ping_status":"closed","template":"","meta":{"footnotes":""},"categories":[],"tags":[],"class_list":["post-1709","page","type-page","status-publish","hentry"],"acf":[],"_links":{"self":[{"href":"https:\/\/www.ufsm.br\/cursos\/pos-graduacao\/santa-maria\/ppgq\/wp-json\/wp\/v2\/pages\/1709","targetHints":{"allow":["GET"]}}],"collection":[{"href":"https:\/\/www.ufsm.br\/cursos\/pos-graduacao\/santa-maria\/ppgq\/wp-json\/wp\/v2\/pages"}],"about":[{"href":"https:\/\/www.ufsm.br\/cursos\/pos-graduacao\/santa-maria\/ppgq\/wp-json\/wp\/v2\/types\/page"}],"author":[{"embeddable":true,"href":"https:\/\/www.ufsm.br\/cursos\/pos-graduacao\/santa-maria\/ppgq\/wp-json\/wp\/v2\/users\/759"}],"replies":[{"embeddable":true,"href":"https:\/\/www.ufsm.br\/cursos\/pos-graduacao\/santa-maria\/ppgq\/wp-json\/wp\/v2\/comments?post=1709"}],"version-history":[{"count":0,"href":"https:\/\/www.ufsm.br\/cursos\/pos-graduacao\/santa-maria\/ppgq\/wp-json\/wp\/v2\/pages\/1709\/revisions"}],"wp:attachment":[{"href":"https:\/\/www.ufsm.br\/cursos\/pos-graduacao\/santa-maria\/ppgq\/wp-json\/wp\/v2\/media?parent=1709"}],"wp:term":[{"taxonomy":"category","embeddable":true,"href":"https:\/\/www.ufsm.br\/cursos\/pos-graduacao\/santa-maria\/ppgq\/wp-json\/wp\/v2\/categories?post=1709"},{"taxonomy":"post_tag","embeddable":true,"href":"https:\/\/www.ufsm.br\/cursos\/pos-graduacao\/santa-maria\/ppgq\/wp-json\/wp\/v2\/tags?post=1709"}],"curies":[{"name":"wp","href":"https:\/\/api.w.org\/{rel}","templated":true}]}}