{"id":1719,"date":"2022-05-26T08:41:26","date_gmt":"2022-05-26T11:41:26","guid":{"rendered":"https:\/\/www.ufsm.br\/cursos\/pos-graduacao\/santa-maria\/ppgq\/?page_id=1719"},"modified":"2025-05-15T10:49:53","modified_gmt":"2025-05-15T13:49:53","slug":"comissao-de-bolsas","status":"publish","type":"page","link":"https:\/\/www.ufsm.br\/cursos\/pos-graduacao\/santa-maria\/ppgq\/comissao-de-bolsas","title":{"rendered":"Comiss\u00e3o de Gest\u00e3o"},"content":{"rendered":"\n<p><strong>Titulares:<br \/><\/strong>Prof. F\u00e1bio Andrei Duarte &#8211; Presidente<br \/>Prof. Guilherme Luiz Dotto<br \/>Prof. Bernardo Almeida Iglesias (Qu\u00edmica Inorg\u00e2nica)<br \/>Prof. Marcos Antonio Villetti (F\u00edsico-Qu\u00edmica)<br \/>Prof. Paulo Roberto dos Santos Salbego (Qu\u00edmica Org\u00e2nica)<br \/>Profa. Rochele Sogari Picoloto (Qu\u00edmica Anal\u00edtica)<br \/>Acad. Vanessa Ramos do Nascimento<\/p>\n<p><strong>\u00a0<\/strong><strong>Suplentes:<br \/><\/strong>Prof. Cezar Augusto Bizzi (Qu\u00edmica Anal\u00edtica)<strong><br \/><\/strong>Prof. \u00a0Davi Fernando Back (Qu\u00edmica Inorg\u00e2nica)<br \/>Profa. Marcelo Barcellos da Rosa (F\u00edsico-Qu\u00edmica)<br \/>Prof. Ricardo Frederico Schumacher (Qu\u00edmica Org\u00e2nica)<br \/>Acad. Vin\u00edcius Picoloto de Souza<\/p>\n","protected":false},"excerpt":{"rendered":"<p>Titulares:Prof. F\u00e1bio Andrei Duarte &#8211; PresidenteProf. Guilherme Luiz DottoProf. Bernardo Almeida Iglesias (Qu\u00edmica Inorg\u00e2nica)Prof. Marcos Antonio Villetti (F\u00edsico-Qu\u00edmica)Prof. Paulo Roberto dos Santos Salbego (Qu\u00edmica Org\u00e2nica)Profa. Rochele Sogari Picoloto (Qu\u00edmica Anal\u00edtica)Acad. Vanessa Ramos do Nascimento \u00a0Suplentes:Prof. Cezar Augusto Bizzi (Qu\u00edmica Anal\u00edtica)Prof. \u00a0Davi Fernando Back (Qu\u00edmica Inorg\u00e2nica)Profa. Marcelo Barcellos da Rosa (F\u00edsico-Qu\u00edmica)Prof. Ricardo Frederico Schumacher (Qu\u00edmica Org\u00e2nica)Acad. [&hellip;]<\/p>\n","protected":false},"author":759,"featured_media":0,"parent":0,"menu_order":0,"comment_status":"closed","ping_status":"closed","template":"","meta":{"footnotes":""},"categories":[],"tags":[],"class_list":["post-1719","page","type-page","status-publish","hentry"],"acf":[],"_links":{"self":[{"href":"https:\/\/www.ufsm.br\/cursos\/pos-graduacao\/santa-maria\/ppgq\/wp-json\/wp\/v2\/pages\/1719","targetHints":{"allow":["GET"]}}],"collection":[{"href":"https:\/\/www.ufsm.br\/cursos\/pos-graduacao\/santa-maria\/ppgq\/wp-json\/wp\/v2\/pages"}],"about":[{"href":"https:\/\/www.ufsm.br\/cursos\/pos-graduacao\/santa-maria\/ppgq\/wp-json\/wp\/v2\/types\/page"}],"author":[{"embeddable":true,"href":"https:\/\/www.ufsm.br\/cursos\/pos-graduacao\/santa-maria\/ppgq\/wp-json\/wp\/v2\/users\/759"}],"replies":[{"embeddable":true,"href":"https:\/\/www.ufsm.br\/cursos\/pos-graduacao\/santa-maria\/ppgq\/wp-json\/wp\/v2\/comments?post=1719"}],"version-history":[{"count":0,"href":"https:\/\/www.ufsm.br\/cursos\/pos-graduacao\/santa-maria\/ppgq\/wp-json\/wp\/v2\/pages\/1719\/revisions"}],"wp:attachment":[{"href":"https:\/\/www.ufsm.br\/cursos\/pos-graduacao\/santa-maria\/ppgq\/wp-json\/wp\/v2\/media?parent=1719"}],"wp:term":[{"taxonomy":"category","embeddable":true,"href":"https:\/\/www.ufsm.br\/cursos\/pos-graduacao\/santa-maria\/ppgq\/wp-json\/wp\/v2\/categories?post=1719"},{"taxonomy":"post_tag","embeddable":true,"href":"https:\/\/www.ufsm.br\/cursos\/pos-graduacao\/santa-maria\/ppgq\/wp-json\/wp\/v2\/tags?post=1719"}],"curies":[{"name":"wp","href":"https:\/\/api.w.org\/{rel}","templated":true}]}}