{"id":173,"date":"2019-01-15T10:36:13","date_gmt":"2019-01-15T12:36:13","guid":{"rendered":"https:\/\/www.ufsm.br\/cursos\/pos-graduacao\/santa-maria\/ppgq\/?page_id=173"},"modified":"2019-01-15T12:45:17","modified_gmt":"2019-01-15T14:45:17","slug":"projetos-e-producoes-cientificas","status":"publish","type":"page","link":"https:\/\/www.ufsm.br\/cursos\/pos-graduacao\/santa-maria\/ppgq\/projetos-e-producoes-cientificas","title":{"rendered":"Projetos e Produ\u00e7\u00f5es Cient\u00edficas"},"content":{"rendered":"\n<p>As informa\u00e7\u00f5es sobre os projetos e a produ\u00e7\u00e3o cient\u00edfica dos orientadores do PPGQ-UFSM pode ser consultada acessando o curr\u00edculo dos orientadores na Plataforma Lattes atrav\u00e9s do item \u00c1reas e Orientadores deste s\u00edtio:<\/p>\n<p><a href=\"https:\/\/www.ufsm.br\/cursos\/pos-graduacao\/santa-maria\/ppgq\/fisico-quimico\/\">F\u00edsico-qu\u00edmico<\/a><\/p>\n<p><a href=\"https:\/\/www.ufsm.br\/cursos\/pos-graduacao\/santa-maria\/ppgq\/quimica-analitica\/\">Qu\u00edmico Anal\u00edtico<\/a><\/p>\n<p><a href=\"https:\/\/www.ufsm.br\/cursos\/pos-graduacao\/santa-maria\/ppgq\/quimico-inorganica\/\">Qu\u00edmico Inorg\u00e2nica<\/a><\/p>\n<p><a href=\"https:\/\/www.ufsm.br\/cursos\/pos-graduacao\/santa-maria\/ppgq\/quimica-organica\/\">Qu\u00edmica Org\u00e2nica<\/a><\/p>\n","protected":false},"excerpt":{"rendered":"<p>As informa\u00e7\u00f5es sobre os projetos e a produ\u00e7\u00e3o cient\u00edfica dos orientadores do PPGQ-UFSM pode ser consultada acessando o curr\u00edculo dos orientadores na Plataforma Lattes atrav\u00e9s do item \u00c1reas e Orientadores deste s\u00edtio: F\u00edsico-qu\u00edmico Qu\u00edmico Anal\u00edtico Qu\u00edmico Inorg\u00e2nica Qu\u00edmica Org\u00e2nica<\/p>\n","protected":false},"author":115,"featured_media":0,"parent":0,"menu_order":0,"comment_status":"closed","ping_status":"closed","template":"","meta":{"footnotes":""},"categories":[],"tags":[],"class_list":["post-173","page","type-page","status-publish","hentry"],"acf":[],"_links":{"self":[{"href":"https:\/\/www.ufsm.br\/cursos\/pos-graduacao\/santa-maria\/ppgq\/wp-json\/wp\/v2\/pages\/173","targetHints":{"allow":["GET"]}}],"collection":[{"href":"https:\/\/www.ufsm.br\/cursos\/pos-graduacao\/santa-maria\/ppgq\/wp-json\/wp\/v2\/pages"}],"about":[{"href":"https:\/\/www.ufsm.br\/cursos\/pos-graduacao\/santa-maria\/ppgq\/wp-json\/wp\/v2\/types\/page"}],"author":[{"embeddable":true,"href":"https:\/\/www.ufsm.br\/cursos\/pos-graduacao\/santa-maria\/ppgq\/wp-json\/wp\/v2\/users\/115"}],"replies":[{"embeddable":true,"href":"https:\/\/www.ufsm.br\/cursos\/pos-graduacao\/santa-maria\/ppgq\/wp-json\/wp\/v2\/comments?post=173"}],"version-history":[{"count":0,"href":"https:\/\/www.ufsm.br\/cursos\/pos-graduacao\/santa-maria\/ppgq\/wp-json\/wp\/v2\/pages\/173\/revisions"}],"wp:attachment":[{"href":"https:\/\/www.ufsm.br\/cursos\/pos-graduacao\/santa-maria\/ppgq\/wp-json\/wp\/v2\/media?parent=173"}],"wp:term":[{"taxonomy":"category","embeddable":true,"href":"https:\/\/www.ufsm.br\/cursos\/pos-graduacao\/santa-maria\/ppgq\/wp-json\/wp\/v2\/categories?post=173"},{"taxonomy":"post_tag","embeddable":true,"href":"https:\/\/www.ufsm.br\/cursos\/pos-graduacao\/santa-maria\/ppgq\/wp-json\/wp\/v2\/tags?post=173"}],"curies":[{"name":"wp","href":"https:\/\/api.w.org\/{rel}","templated":true}]}}