{"id":226,"date":"2019-01-15T12:47:02","date_gmt":"2019-01-15T14:47:02","guid":{"rendered":"https:\/\/www.ufsm.br\/cursos\/pos-graduacao\/santa-maria\/ppgq\/?page_id=226"},"modified":"2021-03-19T17:31:37","modified_gmt":"2021-03-19T20:31:37","slug":"contato-2","status":"publish","type":"page","link":"https:\/\/www.ufsm.br\/cursos\/pos-graduacao\/santa-maria\/ppgq\/contato-2","title":{"rendered":"Contato"},"content":{"rendered":"\n<p>Telefone: 00 55 55 3220 8475<\/p>\n<p>Fax: 00 55 55 3220 8031\u00a0<\/p>\n<p>Email: ppgq@ufsm.br<\/p>\n<p>Endere\u00e7o:\u00a0UFSM-Campus de Camobi<br \/>Centro de Ci\u00eancias Naturais e Exatas &#8211; CCNE<br \/>Departamento de Qu\u00edmica<br \/>Programa de P\u00f3s-gradua\u00e7\u00e3o em Qu\u00edmica<br \/>Pr\u00e9dio 18 &#8211; Sala 2127A<\/p>\n<p><strong>Hor\u00e1rio da secretaria:<\/strong><br \/>Atendimento externo: Segunda \u00e0 sexta-feira das 8 &#8211; 12h<br \/>Secret\u00e1rios: Ademir Sarzi Sartori e Miguel Angelo de Paula<\/p>\n","protected":false},"excerpt":{"rendered":"<p>Telefone: 00 55 55 3220 8475 Fax: 00 55 55 3220 8031\u00a0 Email: ppgq@ufsm.br Endere\u00e7o:\u00a0UFSM-Campus de CamobiCentro de Ci\u00eancias Naturais e Exatas &#8211; CCNEDepartamento de Qu\u00edmicaPrograma de P\u00f3s-gradua\u00e7\u00e3o em Qu\u00edmicaPr\u00e9dio 18 &#8211; Sala 2127A Hor\u00e1rio da secretaria:Atendimento externo: Segunda \u00e0 sexta-feira das 8 &#8211; 12hSecret\u00e1rios: Ademir Sarzi Sartori e Miguel Angelo de Paula<\/p>\n","protected":false},"author":115,"featured_media":0,"parent":0,"menu_order":0,"comment_status":"closed","ping_status":"closed","template":"","meta":{"footnotes":""},"categories":[],"tags":[],"class_list":["post-226","page","type-page","status-publish","hentry"],"acf":[],"_links":{"self":[{"href":"https:\/\/www.ufsm.br\/cursos\/pos-graduacao\/santa-maria\/ppgq\/wp-json\/wp\/v2\/pages\/226","targetHints":{"allow":["GET"]}}],"collection":[{"href":"https:\/\/www.ufsm.br\/cursos\/pos-graduacao\/santa-maria\/ppgq\/wp-json\/wp\/v2\/pages"}],"about":[{"href":"https:\/\/www.ufsm.br\/cursos\/pos-graduacao\/santa-maria\/ppgq\/wp-json\/wp\/v2\/types\/page"}],"author":[{"embeddable":true,"href":"https:\/\/www.ufsm.br\/cursos\/pos-graduacao\/santa-maria\/ppgq\/wp-json\/wp\/v2\/users\/115"}],"replies":[{"embeddable":true,"href":"https:\/\/www.ufsm.br\/cursos\/pos-graduacao\/santa-maria\/ppgq\/wp-json\/wp\/v2\/comments?post=226"}],"version-history":[{"count":0,"href":"https:\/\/www.ufsm.br\/cursos\/pos-graduacao\/santa-maria\/ppgq\/wp-json\/wp\/v2\/pages\/226\/revisions"}],"wp:attachment":[{"href":"https:\/\/www.ufsm.br\/cursos\/pos-graduacao\/santa-maria\/ppgq\/wp-json\/wp\/v2\/media?parent=226"}],"wp:term":[{"taxonomy":"category","embeddable":true,"href":"https:\/\/www.ufsm.br\/cursos\/pos-graduacao\/santa-maria\/ppgq\/wp-json\/wp\/v2\/categories?post=226"},{"taxonomy":"post_tag","embeddable":true,"href":"https:\/\/www.ufsm.br\/cursos\/pos-graduacao\/santa-maria\/ppgq\/wp-json\/wp\/v2\/tags?post=226"}],"curies":[{"name":"wp","href":"https:\/\/api.w.org\/{rel}","templated":true}]}}