{"id":256,"date":"2019-01-16T08:36:55","date_gmt":"2019-01-16T10:36:55","guid":{"rendered":"https:\/\/www.ufsm.br\/cursos\/pos-graduacao\/santa-maria\/ppgq\/?page_id=256"},"modified":"2019-01-16T08:36:57","modified_gmt":"2019-01-16T10:36:57","slug":"edital-1o-s-2016","status":"publish","type":"page","link":"https:\/\/www.ufsm.br\/cursos\/pos-graduacao\/santa-maria\/ppgq\/edital-1o-s-2016","title":{"rendered":"Edital 1\u00ba S\/2016"},"content":{"rendered":"\n<h3>Inscri\u00e7\u00e3o Mestrado &#8211; (C\u00f3digo \u2013 970)<\/h3>\n<h3>1 &#8211; \u00c1REAS DE CONCENTRA\u00c7\u00c3O E VAGAS:<\/h3>\n<p>1.1 &#8211; Qu\u00edmica Anal\u00edtica: treze vagas;<br \/>1.2 &#8211; Qu\u00edmica Inorg\u00e2nica: sete vagas;<br \/>1.3 &#8211; Qu\u00edmica Org\u00e2nica: treze vagas.<\/p>\n<p>2 &#8211; CLIENTELA: diplomados em Qu\u00edmica (bacharelado ou licenciatura), Qu\u00edmica Industrial, Engenharia Qu\u00edmica, Farm\u00e1cia e Bioqu\u00edmica ou em \u00e1reas correlacionadas.<\/p>\n<p>\u00a03 &#8211; DOCUMENTA\u00c7\u00c3O:<br \/>\u00a0\u00a0 \u00a03.1 \u2013 Ver EDITAL N\u00ba 033\/UFSM\/PRPGP, DE 28 DE SETEMBRO DE 2015\u00a0 em www.ufsm.br em Editais\u00a0<br \/><br \/>4 &#8211; CRIT\u00c9RIOS DE SELE\u00c7\u00c3O:<br \/>\u00a0\u00a0 \u00a04.1 &#8211; Prova de conhecimento<strong>*<\/strong>\u00a0dia 30 de novembro de 2015, com in\u00edcio \u00e0s 8h30min e t\u00e9rmino \u00e0s 12h30min, no Anfiteatro C, anexo ao pr\u00e9dio 18;<br \/>4.2 &#8211; Ser\u00e3o classificados os candidatos que atingirem nota maior ou igual a quatro (\u22655,0), ou seja, 50% da prova. \u00a0<br \/>4.3 &#8211; Ser\u00e1 selecionado o candidato que, pela ordem decrescente de classifica\u00e7\u00e3o, preencher o n\u00famero de vagas oferecidas em cada \u00e1rea de concentra\u00e7\u00e3o.<br \/>4.4 &#8211; No caso de desist\u00eancia de candidato classificado ser\u00e1 chamado o candidato classificado como suplente de acordo com a ordem de classifica\u00e7\u00e3o e o n\u00famero de vagas dispon\u00edveis.<br \/><strong>*\u00a0<\/strong>A prova ser\u00e1 composta de 5 quest\u00f5es\u00a0 de cada \u00e1rea de concentra\u00e7\u00e3o (org\u00e2nica, inorg\u00e2nica, anal\u00edtica e f\u00edsico-qu\u00edmica), totalizando 20 quest\u00f5es. Das 20 quest\u00f5es, o candidato dever\u00e1 escolher 10 quest\u00f5es para responder sendo, no m\u00ednimo, uma de cada \u00e1rea.<br \/><br \/>5. INSCRI\u00c7\u00c3O: \u00a0<br \/>5.1. Per\u00edodo: 01 a 30\/10\/2015<br \/>5.2. Procedimento para a inscri\u00e7\u00e3o: Acessar o\u00a0<a href=\"https:\/\/portal.ufsm.br\/concursos\/inscricao\/opcoes.html?edicao=2890\" target=\"_blank\" rel=\"noopener\">EDITAL N\u00ba 033\/UFSM\/PRPGP, DE 28 DE SETEMBRO DE 2015<\/a><\/p>\n<p><br \/>6. PROGRAMA PARA A PROVA DE SELE\u00c7\u00c3O\u00a0<br \/><br \/>QU\u00cdMICA ORG\u00c2NICA\u00a0<br \/>1.\u00a0\u00a0 \u00a0Fun\u00e7\u00f5es Org\u00e2nicas<br \/>2.\u00a0\u00a0 \u00a0Equilibrio \u00e1cido-base\u00a0<br \/>3.\u00a0\u00a0 \u00a0Intermedi\u00e1rios Reativos (carboc\u00e1tions, carbanions, carbenos, radicais)<br \/>4.\u00a0\u00a0 \u00a0Efeitos Qu\u00edmicos (indutivo, mesom\u00e9rico, est\u00e9rico)<br \/>5.\u00a0\u00a0 \u00a0Aromaticidade\u00a0<br \/>6.\u00a0\u00a0 \u00a0Princ\u00edpios de estereoqu\u00edmica\u00a0<br \/>7.\u00a0\u00a0 \u00a0Rea\u00e7\u00f5es de Substitui\u00e7\u00e3o Nucleof\u00edlica Alif\u00e1tica<br \/>8.\u00a0\u00a0 \u00a0Rea\u00e7\u00f5es de Elimina\u00e7\u00e3o<br \/>9.\u00a0\u00a0 \u00a0Rea\u00e7\u00f5es de Adi\u00e7\u00e3o Eletrof\u00edlica<br \/>10.\u00a0\u00a0 \u00a0Rea\u00e7\u00f5es de Substitui\u00e7\u00e3o Eletrof\u00edlica e Nucleof\u00edlica\u00a0 Arom\u00e1tica\u00a0<br \/>11.\u00a0\u00a0 \u00a0Rea\u00e7\u00f5es de Adi\u00e7\u00e3o Nucleof\u00edlica na Carbonila<br \/>12.\u00a0\u00a0 \u00a0Rea\u00e7\u00f5es de Compostos \u03b1-carbonila. Condensa\u00e7\u00f5es<br \/><br \/>Bibliografia<br \/>1.\u00a0\u00a0 \u00a0Carey, F. A.; Qu\u00edmica Org\u00e2nica, 7\u00aa Ed., Vol. 1 e 2, Bookman, Porto Alegre, 2011.<br \/>2.\u00a0\u00a0 \u00a0Solomons, T. W. G.; Fryhle, C. B.; Qu\u00edmica Org\u00e2nica, 10\u00aa Ed., Vol. 1 e 2, LTC-Livros T\u00e9cnicos e Cient\u00edficos S\/A, Rio de Janeiro, 2012.<br \/>3.\u00a0\u00a0 \u00a0Solomons, T. W. G.; Fryhle, C. B.; Organic Chemistry, Vol. 1 e 2, 10th Ed., John Wiley &amp; Sons, Inc., Danvers, 2011.<br \/>4.\u00a0\u00a0 \u00a0Clayden, J.; Greeves, N. J.; Warren, S.; Wothers, P.; Organic Chemistry, Oxford University Press, Oxford, 2003.<br \/>5.\u00a0\u00a0 \u00a0Carey, F. A.; Sundberg R. J.; Advanced Organic Chemistry, Part A and Part B, 5th Ed., Springer, New York, 2007.<br \/><br \/><br \/>QU\u00cdMICA INORG\u00c2NICA<br \/>1.\u00a0\u00a0 \u00a0Estrutura at\u00f4mica<br \/>2.\u00a0\u00a0 \u00a0Liga\u00e7\u00f5es qu\u00edmicas e simetria molecular<br \/>3.\u00a0\u00a0 \u00a0Qu\u00edmica de elementos representativos<br \/>4.\u00a0\u00a0 \u00a0Compostos inorg\u00e2nicos derivados do hidrog\u00eanio<br \/>5.\u00a0\u00a0 \u00a0Qu\u00edmica de compostos de coordena\u00e7\u00e3o<br \/>6.\u00a0\u00a0 \u00a0Teoria do campo cristalino, campo ligante e orbital molecular<br \/>7.\u00a0\u00a0 \u00a0Classifica\u00e7\u00e3o das rea\u00e7\u00f5es qu\u00edmicas<br \/>8.\u00a0\u00a0 \u00a0Estrutura e propriedades de s\u00f3lidos<br \/>9.\u00a0\u00a0 \u00a0Bioinorg\u00e2nica<br \/>10.\u00a0\u00a0 Princ\u00edpios cin\u00e9ticos e termodin\u00e2micos na forma\u00e7\u00e3o de complexos<br \/>11.\u00a0\u00a0 Qu\u00edmica organomet\u00e1lica e cat\u00e1lise<br \/><br \/>Bibliografia<br \/>1.\u00a0\u00a0 \u00a0Atkins, P.; Jones, L.; Princ\u00edpios de Qu\u00edmica &#8211; Questionando a Vida Moderna e o Meio Ambiente, 3\u00aa Ed., Bookman, Porto Alegre, 2006.<br \/>2.\u00a0\u00a0 \u00a0Atkins, P. W.; Shriver, D. F.; Qu\u00edmica Inorg\u00e2nica, 4\u00aa Ed., Bookman, Porto Alegre, 2008.<br \/>3.\u00a0\u00a0 \u00a0Lee, J. D.; Qu\u00edmica Inorg\u00e2nica n\u00e3o t\u00e3o concisa, Tradu\u00e7\u00e3o da 5\u00aa Ed. Inglesa, S\u00e3o Paulo, 2006.<br \/>4.\u00a0\u00a0 \u00a0Housecroft, C. E.; Sharpe, A. G.; Qu\u00edmica Inorg\u00e2nica, 4\u00aa Ed., Vol. 1, LTC, S\u00e3o Paulo, 2013.\u00a0<br \/><br \/><br \/>QU\u00cdMICA ANAL\u00cdTICA<br \/>1.\u00a0\u00a0 \u00a0Conceitos b\u00e1sicos e aspectos relacionados \u00e0 estat\u00edstica.<br \/>1.1.\u00a0\u00a0 \u00a0M\u00e9dia, desvio padr\u00e3o, varian\u00e7a, distribui\u00e7\u00e3o Gaussiana, Teste t, Teste F, Teste Q.<br \/>1.2.\u00a0\u00a0 \u00a0Algarismos significativos e propaga\u00e7\u00e3o da incerteza.<br \/>2.\u00a0\u00a0 \u00a0Equil\u00edbrio Qu\u00edmico<br \/>2.1.\u00a0\u00a0 \u00a0Equil\u00edbrio \u00e1cido-base<br \/>2.2.\u00a0\u00a0 \u00a0Equil\u00edbrio de solubilidade<br \/>2.3.\u00a0\u00a0 \u00a0Equil\u00edbrio de oxi-redu\u00e7\u00e3o<br \/>2.4.\u00a0\u00a0 \u00a0Equil\u00edbrio de complexa\u00e7\u00e3o<br \/>3.\u00a0\u00a0 \u00a0M\u00e9todos de an\u00e1lise qu\u00edmica quantitativa<br \/>3.1.\u00a0\u00a0 \u00a0M\u00e9todos cl\u00e1ssicos:<br \/>3.1.1.\u00a0\u00a0 \u00a0Volumetria de neutraliza\u00e7\u00e3o<br \/>3.1.2.\u00a0\u00a0 \u00a0Volumetria de oxi-redu\u00e7\u00e3o<br \/>3.1.3.\u00a0\u00a0 \u00a0Volumetria de precipita\u00e7\u00e3o<br \/>3.1.4.\u00a0\u00a0 \u00a0Volumetria de forma\u00e7\u00e3o de complexos<br \/>3.2.\u00a0\u00a0 \u00a0M\u00e9todos Instrumentais:<br \/>3.2.1.\u00a0\u00a0 \u00a0M\u00e9todos espectrom\u00e9tricos<br \/>\u00a0\u00a0 \u00a0\u00a0\u00a0 \u00a0&#8211; Espectrometria de absor\u00e7\u00e3o molecular UV\/Vis<br \/>\u00a0\u00a0 \u00a0\u00a0\u00a0 \u00a0&#8211; Espectrometria de absor\u00e7\u00e3o at\u00f4mica<br \/>\u00a0\u00a0 \u00a0\u00a0\u00a0 \u00a0&#8211; Espectrometria de emiss\u00e3o \u00f3ptica com plasma indutivamente acoplado<br \/>\u00a0\u00a0 \u00a0\u00a0\u00a0 \u00a0&#8211; Espectrometria de massa com plasma indutivamente acoplado<br \/>3.2.2. Cromatografia<br \/>\u00a0\u00a0 \u00a0\u00a0\u00a0\u00a0 &#8211; Cromatografia a l\u00edquido<br \/>\u00a0\u00a0 \u00a0 \u00a0\u00a0 &#8211; Cromatografia a g\u00e1s<br \/>3.2.3. M\u00e9todos Eletroqu\u00edmicos<br \/>\u00a0\u00a0 \u00a0\u00a0\u00a0 &#8211; Potenciometria<br \/>\u00a0\u00a0\u00a0\u00a0\u00a0\u00a0 &#8211; Amperometria<br \/>\u00a0\u00a0 \u00a0\u00a0\u00a0 &#8211; Voltametria (Polarografia)<br \/>\u00a0\u00a0 \u00a0\u00a0\u00a0 &#8211; Condutometria<br \/><br \/>\u00a0Bibliografia<br \/>1.\u00a0\u00a0 \u00a0Mendham, J.; Denney, R. C.; Barnes, J. D.; Thomas, M. J. K.; Vogel &#8211; An\u00e1lise Qu\u00edmica Quantitativa, 6\u00aa Ed., LTC, Rio de Janeiro, 2002.<br \/>2.\u00a0\u00a0 \u00a0Holler, F. J.; Crouch, S. R.; Skoog, D. A.; Princ\u00edpios de An\u00e1lise Instrumental, 6a Ed., Bookman, Porto Alegre, 2009.<br \/>3.\u00a0\u00a0 \u00a0Harris, D. C.; An\u00e1lise Qu\u00edmica Quantitativa, 8\u00aa Ed., LTC, Rio de Janeiro, 2012.<br \/>4.\u00a0\u00a0 \u00a0Skoog, A. D.; West. D. M.; Holler, F. J.; Crouch, S. R.; Fundamentals of Analytical Chemistry, 9th Ed.; Brooks Cole, 2013.<br \/>5.\u00a0\u00a0 \u00a0Christian, G. D.; Dasgupta, P. K.; Schug, K. A.; Analytical Chemistry, 7th Ed., Wiley, 2014.<br \/><br \/><br \/>F\u00cdSICO-QU\u00cdMICA<br \/>1.\u00a0\u00a0 \u00a0Estrutura at\u00f4mica e molecular<br \/>2.\u00a0\u00a0 \u00a0Termodin\u00e2mica qu\u00edmica<br \/>3.\u00a0\u00a0 \u00a0Cin\u00e9tica qu\u00edmica<br \/>4.\u00a0\u00a0 \u00a0Equil\u00edbrio qu\u00edmico<br \/>5.\u00a0\u00a0 \u00a0Solu\u00e7\u00f5es<br \/>6.\u00a0\u00a0 \u00a0Fen\u00f4menos de transporte<br \/>7.\u00a0\u00a0 \u00a0Fen\u00f4menos de superf\u00edcie<br \/>8.\u00a0\u00a0 \u00a0Eletroqu\u00edmica<br \/>9.\u00a0\u00a0 \u00a0Col\u00f3ides<br \/>10.\u00a0\u00a0 \u00a0Cristalografia\u00a0<br \/><br \/>Bibliografia<br \/>1.\u00a0\u00a0 \u00a0Atkins, P. P.; de Paula, J.; F\u00edsico-Qu\u00edmica, 9\u00aa Ed., Vol. 1 e 2, LTC, S\u00e3o Paulo, 2012.<br \/>2.\u00a0\u00a0 \u00a0Castellan, G. W.; F\u00edsico-Qu\u00edmica, Vol. 1 e 2, LTC, S\u00e3o Paulo, 1996.<br \/>3.\u00a0\u00a0 \u00a0Castellan, G. W.; Fundamentos de F\u00edsico-Qu\u00edmica, LTC, S\u00e3o Paulo, 1995.<br \/>4.\u00a0\u00a0 \u00a0Moore, W. J.; F\u00edsico-Qu\u00edmica, 4\u00aa Ed., Vol. 1 e 2, Ed. Bl\u00fccher Ltda., S\u00e3o Paulo, 1976.<br \/>5.\u00a0\u00a0 \u00a0Pilla, L.; F\u00edsico-Qu\u00edmica, LTC, Vol. 1 e 2, S\u00e3o Paulo, 1979.<br \/>6.\u00a0\u00a0 \u00a0Macedo, H.; F\u00edsico-Qu\u00edmica, Ed. Guanabara Dois, Rio de Janeiro, 1998.<br \/>7.\u00a0\u00a0 \u00a0Russell, J. B.; Qu\u00edmica Geral, 2\u00aa Ed., Vol. 1 e 2, Pearson, S\u00e3o Paulo, 1994.<br \/>8.\u00a0\u00a0 \u00a0Rangel, R. B.; Pr\u00e1ticas de F\u00edsico-Qu\u00edmica, Blucher Ltda., S\u00e3o Paulo, 2006.<br \/>9.\u00a0\u00a0 \u00a0Shoemaker, D. P.; Garland, C. W.; Steinfeld, J. I.; Experiments in Physical-Chemistry, 8th Ed., McGraw-Hill, EUA, 2009.<br \/>10.\u00a0 Tilley, R. J. D.; Cristalografia, Oficina de Textos, S\u00e3o Paulo, 2014.<br \/>11.\u00a0\u00a0 Rangel, R. B., Col\u00f3ides &#8211; Um Estudo Introdut\u00f3rio, LCT, S\u00e3o Paulo.<br \/>12.\u00a0\u00a0 SHAW, D. J., Introdu\u00e7\u00e3o a qu\u00edmica dos col\u00f3ides e de superf\u00edcies, Ed. Bl\u00fccher Ltda., S\u00e3o Paulo, 1975.<br \/><br \/>7. ESCOLHA DE ORIENTADOR<br \/>O candidato dever\u00e1 entrar em contato diretamente com os Orientadores do PPGQu\u00edmica. Seus telefones e e-mail encontram-se dispon\u00edveis no site www.ufsm.br\/ppgq em \u00c1reas e Orientadores.\u00a0<\/p>\n","protected":false},"excerpt":{"rendered":"<p>Inscri\u00e7\u00e3o Mestrado &#8211; (C\u00f3digo \u2013 970) 1 &#8211; \u00c1REAS DE CONCENTRA\u00c7\u00c3O E VAGAS: 1.1 &#8211; Qu\u00edmica Anal\u00edtica: treze vagas;1.2 &#8211; Qu\u00edmica Inorg\u00e2nica: sete vagas;1.3 &#8211; Qu\u00edmica Org\u00e2nica: treze vagas. 2 &#8211; CLIENTELA: diplomados em Qu\u00edmica (bacharelado ou licenciatura), Qu\u00edmica Industrial, Engenharia Qu\u00edmica, Farm\u00e1cia e Bioqu\u00edmica ou em \u00e1reas correlacionadas. \u00a03 &#8211; DOCUMENTA\u00c7\u00c3O:\u00a0\u00a0 \u00a03.1 \u2013 Ver [&hellip;]<\/p>\n","protected":false},"author":115,"featured_media":0,"parent":0,"menu_order":0,"comment_status":"closed","ping_status":"closed","template":"","meta":{"footnotes":""},"categories":[],"tags":[],"class_list":["post-256","page","type-page","status-publish","hentry"],"acf":[],"_links":{"self":[{"href":"https:\/\/www.ufsm.br\/cursos\/pos-graduacao\/santa-maria\/ppgq\/wp-json\/wp\/v2\/pages\/256","targetHints":{"allow":["GET"]}}],"collection":[{"href":"https:\/\/www.ufsm.br\/cursos\/pos-graduacao\/santa-maria\/ppgq\/wp-json\/wp\/v2\/pages"}],"about":[{"href":"https:\/\/www.ufsm.br\/cursos\/pos-graduacao\/santa-maria\/ppgq\/wp-json\/wp\/v2\/types\/page"}],"author":[{"embeddable":true,"href":"https:\/\/www.ufsm.br\/cursos\/pos-graduacao\/santa-maria\/ppgq\/wp-json\/wp\/v2\/users\/115"}],"replies":[{"embeddable":true,"href":"https:\/\/www.ufsm.br\/cursos\/pos-graduacao\/santa-maria\/ppgq\/wp-json\/wp\/v2\/comments?post=256"}],"version-history":[{"count":0,"href":"https:\/\/www.ufsm.br\/cursos\/pos-graduacao\/santa-maria\/ppgq\/wp-json\/wp\/v2\/pages\/256\/revisions"}],"wp:attachment":[{"href":"https:\/\/www.ufsm.br\/cursos\/pos-graduacao\/santa-maria\/ppgq\/wp-json\/wp\/v2\/media?parent=256"}],"wp:term":[{"taxonomy":"category","embeddable":true,"href":"https:\/\/www.ufsm.br\/cursos\/pos-graduacao\/santa-maria\/ppgq\/wp-json\/wp\/v2\/categories?post=256"},{"taxonomy":"post_tag","embeddable":true,"href":"https:\/\/www.ufsm.br\/cursos\/pos-graduacao\/santa-maria\/ppgq\/wp-json\/wp\/v2\/tags?post=256"}],"curies":[{"name":"wp","href":"https:\/\/api.w.org\/{rel}","templated":true}]}}