{"id":264,"date":"2019-01-16T09:00:01","date_gmt":"2019-01-16T11:00:01","guid":{"rendered":"https:\/\/www.ufsm.br\/cursos\/pos-graduacao\/santa-maria\/ppgq\/?page_id=264"},"modified":"2019-01-16T09:00:03","modified_gmt":"2019-01-16T11:00:03","slug":"edital-2o-s-2018-2","status":"publish","type":"page","link":"https:\/\/www.ufsm.br\/cursos\/pos-graduacao\/santa-maria\/ppgq\/edital-2o-s-2018-2","title":{"rendered":"Edital 2\u00ba S\/2018"},"content":{"rendered":"\n<p>Inscri\u00e7\u00e3o Mestrado<\/p>\n<p><strong>\u00a0<\/strong><strong>1 &#8211; \u00c1REAS DE CONCENTRA\u00c7\u00c3O E VAGAS:<\/strong><\/p>\n<p>1.1. Qu\u00edmica Anal\u00edtica: 14 (quatorze) vagas;<\/p>\n<p>1.2. Qu\u00edmica Inorg\u00e2nica: 05 (cinco) vagas;<\/p>\n<p>1.3. Qu\u00edmica Org\u00e2nica: 11 (onze) vagas;<\/p>\n<p>1.4. F\u00edsico-Qu\u00edmica: 03 (tr\u00eas) vagas.<\/p>\n<p><strong>2 &#8211; CLIENTELA:<\/strong>\u00a0diplomados em Qu\u00edmica (bacharelado ou licenciatura), Qu\u00edmica Industrial, Engenharia Qu\u00edmica, Tecnologia em Processos Qu\u00edmicos, Farm\u00e1cia e Bioqu\u00edmica ou em \u00e1reas correlacionadas.<\/p>\n<p><strong>3 &#8211; DOCUMENTA\u00c7\u00c3O:<\/strong><\/p>\n<p>3.1 \u2013 Ver\u00a0<a href=\"https:\/\/www.ufsm.br\/busca\/?q=&amp;area=editais&amp;orderby=modified&amp;order=DESC\">EDITAL N\u00ba 015, DE 11 DE MAIO DE 2018<\/a>\u00a0em http:\/\/site.ufsm.br\/editais\/prpgp<\/p>\n<p><strong>4 &#8211; CRIT\u00c9RIOS DE SELE\u00c7\u00c3O:<\/strong><\/p>\n<p>4.1 &#8211; Prova de conhecimento*, dia 11 de junho de 2018, com in\u00edcio \u00e0s 8h30min e t\u00e9rmino \u00e0s 12h30min, no Anfiteatro C, anexo ao pr\u00e9dio 18;<\/p>\n<p>4.2 &#8211; Ser\u00e3o classificados os candidatos que atingirem nota maior ou igual a quatro (\u22655,0), ou seja, 50% da prova.\u00a0<\/p>\n<p>4.3 &#8211; Ser\u00e1 selecionado o candidato que, pela ordem decrescente de classifica\u00e7\u00e3o, preencher o n\u00famero de vagas oferecidas em cada \u00e1rea de concentra\u00e7\u00e3o.<\/p>\n<p>4.4 &#8211; No caso de desist\u00eancia de candidato classificado ser\u00e1 chamado o candidato classificado como suplente de acordo com a ordem de classifica\u00e7\u00e3o e o n\u00famero de vagas dispon\u00edveis.<\/p>\n<p>* A prova ser\u00e1 composta de 5 quest\u00f5es\u00a0 de cada \u00e1rea de concentra\u00e7\u00e3o (org\u00e2nica, inorg\u00e2nica, anal\u00edtica e f\u00edsico-qu\u00edmica), totalizando 20 quest\u00f5es. Das 20 quest\u00f5es, o candidato dever\u00e1 escolher 10 quest\u00f5es para responder sendo, no m\u00ednimo, uma de cada \u00e1rea.<\/p>\n<p><strong>\u00a0<\/strong><strong>5 &#8211; INSCRI\u00c7\u00c3O:\u00a0<\/strong>\u00a0<\/p>\n<p>5.1 &#8211; Per\u00edodo: 14 a 30\/05\/2018<\/p>\n<p>5.2 &#8211; Procedimento para a inscri\u00e7\u00e3o: Acessar o\u00a0<a href=\"https:\/\/portal.ufsm.br\/concursos\/inscricao\/opcoes.html?edicao=3565\" target=\"_blank\" rel=\"noopener noreferrer\">EDITAL N\u00ba 015, DE 11 DE MAIO DE 2018<\/a>\u00a0em http:\/\/site.ufsm.br\/editais\/prpgp<\/p>\n<p><strong>6 &#8211; PROGRAMA PARA A PROVA DE SELE\u00c7\u00c3O<\/strong><\/p>\n<p><strong>\u00a0<\/strong><strong>QU\u00cdMICA ORG\u00c2NICA<\/strong><\/p>\n<p>1.Fun\u00e7\u00f5es Org\u00e2nicas<\/p>\n<p>2.Equilibrio \u00e1cido-base<\/p>\n<p>3.Intermedi\u00e1rios Reativos (carboc\u00e1tions, carbanions, carbenos, radicais)<\/p>\n<p>4.Efeitos Qu\u00edmicos (indutivo, mesom\u00e9rico, est\u00e9rico)<\/p>\n<p>5.Aromaticidade<\/p>\n<p>6.Princ\u00edpios de estereoqu\u00edmica<\/p>\n<p>7.Rea\u00e7\u00f5es de Substitui\u00e7\u00e3o Nucleof\u00edlica Alif\u00e1tica<\/p>\n<p>8.Rea\u00e7\u00f5es de Elimina\u00e7\u00e3o<\/p>\n<p>9.Rea\u00e7\u00f5es de Adi\u00e7\u00e3o Eletrof\u00edlica<\/p>\n<p>10.Rea\u00e7\u00f5es de Substitui\u00e7\u00e3o Eletrof\u00edlica e Nucleof\u00edlica Arom\u00e1tica<\/p>\n<p>11.Rea\u00e7\u00f5es de Adi\u00e7\u00e3o Nucleof\u00edlica na Carbonila<\/p>\n<p>12.Rea\u00e7\u00f5es de Compostos \u03b1-carbonila. Condensa\u00e7\u00f5es<\/p>\n<p>13.An\u00e1lise Conformacional<\/p>\n<p>14.M\u00e9todos espectrosc\u00f3picos (Espectrometria de massas, infra-vermelho e RMN de 1H, 13C) de caracteriza\u00e7\u00e3o estrutural de compostos org\u00e2nicos<\/p>\n<p><strong>QU\u00cdMICA INORG\u00c2NICA<\/strong><\/p>\n<p>1.C\u00e1lculo Estequiom\u00e9trico<\/p>\n<p>2.Estrutura at\u00f4mica<\/p>\n<p>3.Liga\u00e7\u00f5es qu\u00edmicas e simetria molecular<\/p>\n<p>4.Qu\u00edmica de elementos representativos<\/p>\n<p>5.Compostos inorg\u00e2nicos derivados do hidrog\u00eanio<\/p>\n<p>6.Qu\u00edmica de compostos de coordena\u00e7\u00e3o<\/p>\n<p>7.Teoria do campo cristalino, campo ligante e orbital molecular<\/p>\n<p>8.Classifica\u00e7\u00e3o das rea\u00e7\u00f5es qu\u00edmicas<\/p>\n<p>9.Qu\u00edmica do estado s\u00f3lido<\/p>\n<p>10.Bioinorg\u00e2nica<\/p>\n<p>11.Princ\u00edpios cin\u00e9ticos e termodin\u00e2micos na forma\u00e7\u00e3o de complexos<\/p>\n<p>12.Qu\u00edmica organomet\u00e1lica e cat\u00e1lise<\/p>\n<p>13.Mecanismos de rea\u00e7\u00f5es inorg\u00e2nicas<\/p>\n<p>14.Espectroscopia UV-vis e IV para compostos de coordena\u00e7\u00e3o<\/p>\n<p><strong>QU\u00cdMICA ANAL\u00cdTICA<\/strong><\/p>\n<p>1.Conceitos b\u00e1sicos e aspectos relacionados \u00e0 estat\u00edstica.<\/p>\n<p>1.1.M\u00e9dia, desvio padr\u00e3o, varian\u00e7a, distribui\u00e7\u00e3o Gaussiana, Teste t, Teste F, Teste Q.<\/p>\n<p>1.2.Algarismos significativos e propaga\u00e7\u00e3o da incerteza.<\/p>\n<p>2.Equil\u00edbrio Qu\u00edmico<\/p>\n<p>2.1.Equil\u00edbrio \u00e1cido-base<\/p>\n<p>2.2.Equil\u00edbrio de solubilidade<\/p>\n<p>2.3.Equil\u00edbrio de oxi-redu\u00e7\u00e3o<\/p>\n<p>2.4.Equil\u00edbrio de complexa\u00e7\u00e3o<\/p>\n<p>3.M\u00e9todos de an\u00e1lise qu\u00edmica quantitativa<\/p>\n<p>3.1.M\u00e9todos cl\u00e1ssicos:<\/p>\n<p>3.2.Volumetria de neutraliza\u00e7\u00e3o<\/p>\n<p>3.3.Volumetria de oxi-redu\u00e7\u00e3o<\/p>\n<p>3.4.Volumetria de precipita\u00e7\u00e3o<\/p>\n<p>3.5.Volumetria de forma\u00e7\u00e3o de complexos<\/p>\n<p>4.M\u00e9todos Instrumentais<\/p>\n<p>4.1.M\u00e9todos espectrom\u00e9tricos<\/p>\n<p>4.2.Espectrometria de absor\u00e7\u00e3o molecular UV\/Vis<\/p>\n<p>4.3.Espectrometria de absor\u00e7\u00e3o at\u00f4mica<\/p>\n<p>4.4.Espectrometria de emiss\u00e3o \u00f3ptica com plasma indutivamente acoplado<\/p>\n<p>4.5.Espectrometria de massa com plasma indutivamente acoplado<\/p>\n<p>5.Cromatografia<\/p>\n<p>5.1.Cromatografia a l\u00edquido<\/p>\n<p>5.2.Cromatografia a g\u00e1s<\/p>\n<p>6.M\u00e9todos Eletroqu\u00edmicos<\/p>\n<p>6.1.Potenciometria<\/p>\n<p>6.2.Amperometria<\/p>\n<p>6.3.Voltametria (Polarografia)<\/p>\n<p>6.4.Condutometria<\/p>\n<p><strong>F\u00cdSICO-QU\u00cdMICA<\/strong><\/p>\n<p>1.Equil\u00edbrio Entre Fases em Sistemas de Um Componente.<\/p>\n<p>2.Propriedades Coligativas<\/p>\n<p>3.Equil\u00edbrio L\u00edquido-Vapor e L\u00edquido-S\u00f3lido em Sistemas Bin\u00e1rios.<\/p>\n<p>4.Equil\u00edbrio em Sistemas Tern\u00e1rios.<\/p>\n<p>5.Estrutura at\u00f4mica e molecular<\/p>\n<p>6.Termodin\u00e2mica qu\u00edmica<\/p>\n<p>7.Cin\u00e9tica qu\u00edmica<\/p>\n<p>8.Equil\u00edbrio qu\u00edmico<\/p>\n<p>9.Solu\u00e7\u00f5es<\/p>\n<p>10.Fen\u00f4menos de transporte<\/p>\n<p>11.Fen\u00f4menos de superf\u00edcie<\/p>\n<p>12.Eletroqu\u00edmica<\/p>\n<p>13.Col\u00f3ides<\/p>\n<p><strong>\u00a0<\/strong><\/p>\n<ol start=\"7\">\n<li><strong>ESCOLHA DE ORIENTADOR<\/strong><\/li>\n<\/ol>\n<p>O candidato dever\u00e1 entrar em contato diretamente com os Orientadores do PPGQu\u00edmica. Seus telefones e e-mail encontram-se dispon\u00edveis no site www.ufsm.br\/ppgq em Docentes.<\/p>\n","protected":false},"excerpt":{"rendered":"<p>Inscri\u00e7\u00e3o Mestrado \u00a01 &#8211; \u00c1REAS DE CONCENTRA\u00c7\u00c3O E VAGAS: 1.1. Qu\u00edmica Anal\u00edtica: 14 (quatorze) vagas; 1.2. Qu\u00edmica Inorg\u00e2nica: 05 (cinco) vagas; 1.3. Qu\u00edmica Org\u00e2nica: 11 (onze) vagas; 1.4. F\u00edsico-Qu\u00edmica: 03 (tr\u00eas) vagas. 2 &#8211; CLIENTELA:\u00a0diplomados em Qu\u00edmica (bacharelado ou licenciatura), Qu\u00edmica Industrial, Engenharia Qu\u00edmica, Tecnologia em Processos Qu\u00edmicos, Farm\u00e1cia e Bioqu\u00edmica ou em \u00e1reas correlacionadas. [&hellip;]<\/p>\n","protected":false},"author":115,"featured_media":0,"parent":0,"menu_order":0,"comment_status":"closed","ping_status":"closed","template":"","meta":{"footnotes":""},"categories":[],"tags":[],"class_list":["post-264","page","type-page","status-publish","hentry"],"acf":[],"_links":{"self":[{"href":"https:\/\/www.ufsm.br\/cursos\/pos-graduacao\/santa-maria\/ppgq\/wp-json\/wp\/v2\/pages\/264","targetHints":{"allow":["GET"]}}],"collection":[{"href":"https:\/\/www.ufsm.br\/cursos\/pos-graduacao\/santa-maria\/ppgq\/wp-json\/wp\/v2\/pages"}],"about":[{"href":"https:\/\/www.ufsm.br\/cursos\/pos-graduacao\/santa-maria\/ppgq\/wp-json\/wp\/v2\/types\/page"}],"author":[{"embeddable":true,"href":"https:\/\/www.ufsm.br\/cursos\/pos-graduacao\/santa-maria\/ppgq\/wp-json\/wp\/v2\/users\/115"}],"replies":[{"embeddable":true,"href":"https:\/\/www.ufsm.br\/cursos\/pos-graduacao\/santa-maria\/ppgq\/wp-json\/wp\/v2\/comments?post=264"}],"version-history":[{"count":0,"href":"https:\/\/www.ufsm.br\/cursos\/pos-graduacao\/santa-maria\/ppgq\/wp-json\/wp\/v2\/pages\/264\/revisions"}],"wp:attachment":[{"href":"https:\/\/www.ufsm.br\/cursos\/pos-graduacao\/santa-maria\/ppgq\/wp-json\/wp\/v2\/media?parent=264"}],"wp:term":[{"taxonomy":"category","embeddable":true,"href":"https:\/\/www.ufsm.br\/cursos\/pos-graduacao\/santa-maria\/ppgq\/wp-json\/wp\/v2\/categories?post=264"},{"taxonomy":"post_tag","embeddable":true,"href":"https:\/\/www.ufsm.br\/cursos\/pos-graduacao\/santa-maria\/ppgq\/wp-json\/wp\/v2\/tags?post=264"}],"curies":[{"name":"wp","href":"https:\/\/api.w.org\/{rel}","templated":true}]}}