{"id":298,"date":"2019-01-16T10:28:29","date_gmt":"2019-01-16T12:28:29","guid":{"rendered":"https:\/\/www.ufsm.br\/cursos\/pos-graduacao\/santa-maria\/ppgq\/?page_id=298"},"modified":"2019-01-16T10:28:32","modified_gmt":"2019-01-16T12:28:32","slug":"edital-1o-s-2018","status":"publish","type":"page","link":"https:\/\/www.ufsm.br\/cursos\/pos-graduacao\/santa-maria\/ppgq\/edital-1o-s-2018","title":{"rendered":"Edital 1\u00ba S\/2018"},"content":{"rendered":"\n<p>Inscri\u00e7\u00e3o Doutorado<\/p>\n<p><strong>\u00a0<\/strong><strong>1 &#8211; \u00c1REAS DE CONCENTRA\u00c7\u00c3O\/ VAGAS:<\/strong><\/p>\n<p>1.1 &#8211; Qu\u00edmica Anal\u00edtica: 13 vagas;<\/p>\n<p>1.2 &#8211; Qu\u00edmica Inorg\u00e2nica: 01 vagas;<\/p>\n<p>1.3 &#8211; Qu\u00edmica Org\u00e2nica: 10 vagas;<\/p>\n<p>1.4 &#8211; F\u00edsico-Qu\u00edmica: 02 vagas.<\/p>\n<p><strong>2 &#8211; CLIENTELA:<\/strong>\u00a0diplomados no mestrado em Qu\u00edmica ou em \u00e1reas correlacionadas.<\/p>\n<p><strong>3 &#8211; DOCUMENTA\u00c7\u00c3O:<\/strong><\/p>\n<p>3.1 \u2013Ver\u00a0<a href=\"http:\/\/site.ufsm.br\/editais\/prpgp\" target=\"_blank\" rel=\"noopener noreferrer\">EDITAL N\u00ba 027\/2017, DE 29 DE SETEMBRO DE 2017\u00a0<\/a>em\u00a0 http:\/\/site.ufsm.br\/editais\/prpgp<\/p>\n<p><strong>\u00a0<\/strong><strong>4 &#8211; CRIT\u00c9RIOS DE SELE\u00c7\u00c3O:<\/strong><\/p>\n<p>4.1 &#8211; Prova de conhecimento<strong>*<\/strong>, dia 27 de novembro de 2017, com in\u00edcio \u00e0s 8h30 min e t\u00e9rmino \u00e0s 12h30min, no Anfiteatro C, anexo ao pr\u00e9dio 18;<\/p>\n<p>4.2 \u2013 Ser\u00e3o classificados os candidatos que atingirem nota maior ou igual a sete (\u22657,0), ou seja, 70% da prova.<\/p>\n<p>4.3 &#8211; Ser\u00e1 selecionado o candidato que, pela ordem decrescente de classifica\u00e7\u00e3o, preencher o n\u00famero de vagas oferecidas em cada \u00e1rea de concentra\u00e7\u00e3o.<\/p>\n<p>4.4 &#8211; No caso de desist\u00eancia de candidato classificado, ser\u00e1 chamado o candidato classificado como suplente, de acordo com a ordem de classifica\u00e7\u00e3o e o n\u00famero de vagas dispon\u00edveis.<\/p>\n<p>* A prova ser\u00e1 composta de 5 quest\u00f5es\u00a0 de cada \u00e1rea de concentra\u00e7\u00e3o (org\u00e2nica, inorg\u00e2nica, anal\u00edtica e f\u00edsico-qu\u00edmica), totalizando 20 quest\u00f5es. Das 20 quest\u00f5es, o candidato dever\u00e1 escolher 10 quest\u00f5es para responder sendo, no m\u00ednimo, uma de cada \u00e1rea.<\/p>\n<p><strong>5 &#8211; INSCRI\u00c7\u00c3O<\/strong><\/p>\n<p>5.1. Per\u00edodo: 02 a 23\/10\/2017<\/p>\n<p>5.2. Procedimento para a inscri\u00e7\u00e3o: Acessar o\u00a0<a href=\"https:\/\/portal.ufsm.br\/concursos\/inscricao\/opcoes.html?edicao=3368\" target=\"_blank\" rel=\"noopener noreferrer\">EDITAL N\u00ba 027\/2017<\/a>\u00a0em www.ufsm.br\/prpgp em Editais.<\/p>\n<p><strong>6 &#8211; PROGRAMA PARA A PROVA DE SELE\u00c7\u00c3O<\/strong><\/p>\n<p><strong>\u00a0QU\u00cdMICA ORG\u00c2NICA<\/strong><\/p>\n<ol>\n<li>Fun\u00e7\u00f5es Org\u00e2nicas<\/li>\n<li>Equilibrio \u00e1cido-base<\/li>\n<li>Intermedi\u00e1rios Reativos (carboc\u00e1tions, carbanions, carbenos, radicais)<\/li>\n<li>Efeitos Qu\u00edmicos (indutivo, mesom\u00e9rico, est\u00e9rico)<\/li>\n<li>Aromaticidade<\/li>\n<li>Princ\u00edpios de estereoqu\u00edmica<\/li>\n<li>Rea\u00e7\u00f5es de Substitui\u00e7\u00e3o Nucleof\u00edlica Alif\u00e1tica<\/li>\n<li>Rea\u00e7\u00f5es de Elimina\u00e7\u00e3o<\/li>\n<li>Rea\u00e7\u00f5es de Adi\u00e7\u00e3o Eletrof\u00edlica<\/li>\n<li>Rea\u00e7\u00f5es de Substitui\u00e7\u00e3o Eletrof\u00edlica e Nucleof\u00edlica Arom\u00e1tica<\/li>\n<li>Rea\u00e7\u00f5es de Adi\u00e7\u00e3o Nucleof\u00edlica na Carbonila<\/li>\n<li>Rea\u00e7\u00f5es de Compostos \u03b1-carbonila. Condensa\u00e7\u00f5es<\/li>\n<\/ol>\n<p><strong>Bibliografia<\/strong><\/p>\n<ol>\n<li>Carey, F. A.; Qu\u00edmica Org\u00e2nica, 7\u00aa Ed., Vol. 1 e 2, Bookman, Porto Alegre, 2011.<\/li>\n<li>Solomons, T. W. G.; Fryhle, C. B.; Qu\u00edmica Org\u00e2nica, 10\u00aa Ed., Vol. 1 e 2, LTC-Livros T\u00e9cnicos e Cient\u00edficos S\/A, Rio de Janeiro, 2012.<\/li>\n<li>Solomons, T. W. G.; Fryhle, C. B.; Organic Chemistry, Vol. 1 e 2, 10<sup>th<\/sup>, John Wiley &amp; Sons, Inc., Danvers, 2011.<\/li>\n<li>Clayden, J.; Greeves, N. J.; Warren, S.; Wothers, P.; Organic Chemistry, Oxford University Press, Oxford, 2003.<\/li>\n<li>Carey, F. A.; Sundberg R. J.; Advanced Organic Chemistry, Part A and Part B, 5<sup>th<\/sup>, Springer, New York, 2007.<\/li>\n<\/ol>\n<p><strong>QU\u00cdMICA INORG\u00c2NICA<\/strong><\/p>\n<ol>\n<li>Estrutura at\u00f4mica<\/li>\n<li>Liga\u00e7\u00f5es qu\u00edmicas e simetria molecular<\/li>\n<li>Qu\u00edmica de elementos representativos<\/li>\n<li>Compostos inorg\u00e2nicos derivados do hidrog\u00eanio<\/li>\n<li>Qu\u00edmica de compostos de coordena\u00e7\u00e3o<\/li>\n<li>Teoria do campo cristalino, campo ligante e orbital molecular<\/li>\n<li>Classifica\u00e7\u00e3o das rea\u00e7\u00f5es qu\u00edmicas<\/li>\n<li>Estrutura e propriedades de s\u00f3lidos<\/li>\n<li>Bioinorg\u00e2nica<\/li>\n<li>Princ\u00edpios cin\u00e9ticos e termodin\u00e2micos na forma\u00e7\u00e3o de complexos<\/li>\n<li>Qu\u00edmica organomet\u00e1lica e cat\u00e1lise<\/li>\n<\/ol>\n<p><strong>Bibliografia<\/strong><\/p>\n<ol>\n<li>Atkins, P.; Jones, L.; Princ\u00edpios de Qu\u00edmica &#8211; Questionando a Vida Moderna e o Meio Ambiente, 3\u00aa Ed., Bookman, Porto Alegre, 2006.<\/li>\n<li>Atkins, P. W.; Shriver, D. F.; Qu\u00edmica Inorg\u00e2nica, 4\u00aa Ed., Bookman, Porto Alegre, 2008.<\/li>\n<li>Lee, J. D.; Qu\u00edmica Inorg\u00e2nica n\u00e3o t\u00e3o concisa, Tradu\u00e7\u00e3o da 5\u00aa Ed. Inglesa, S\u00e3o Paulo, 2006.<\/li>\n<li>Housecroft, C. E.; Sharpe, A. G.; Qu\u00edmica Inorg\u00e2nica, 4\u00aa Ed., Vol. 1, LTC, S\u00e3o Paulo, 2013.<\/li>\n<\/ol>\n<p><strong>QU\u00cdMICA ANAL\u00cdTICA<\/strong><\/p>\n<ol>\n<li>Conceitos b\u00e1sicos e aspectos relacionados \u00e0 estat\u00edstica.\n<ul>\n<li>M\u00e9dia, desvio padr\u00e3o, varian\u00e7a, distribui\u00e7\u00e3o Gaussiana, Teste t, Teste F, Teste Q.<\/li>\n<li>Algarismos significativos e propaga\u00e7\u00e3o da incerteza.<\/li>\n<\/ul>\n<\/li>\n<li>Equil\u00edbrio Qu\u00edmico\n<ul>\n<li>Equil\u00edbrio \u00e1cido-base<\/li>\n<li>Equil\u00edbrio de solubilidade<\/li>\n<li>Equil\u00edbrio de oxi-redu\u00e7\u00e3o<\/li>\n<li>Equil\u00edbrio de complexa\u00e7\u00e3o<\/li>\n<\/ul>\n<\/li>\n<li>M\u00e9todos de an\u00e1lise qu\u00edmica quantitativa\n<ul>\n<li>M\u00e9todos cl\u00e1ssicos:\n<ul>\n<li>Volumetria de neutraliza\u00e7\u00e3o<\/li>\n<li>Volumetria de oxi-redu\u00e7\u00e3o<\/li>\n<li>Volumetria de precipita\u00e7\u00e3o<\/li>\n<li>Volumetria de forma\u00e7\u00e3o de complexos<\/li>\n<\/ul>\n<\/li>\n<li>M\u00e9todos Instrumentais:\n<ul>\n<li>M\u00e9todos espectrom\u00e9tricos<\/li>\n<\/ul>\n<\/li>\n<\/ul>\n<\/li>\n<\/ol>\n<p>\u00a0\u00a0\u00a0\u00a0\u00a0\u00a0\u00a0\u00a0\u00a0\u00a0\u00a0\u00a0\u00a0\u00a0\u00a0\u00a0\u00a0 &#8211; Espectrometria de absor\u00e7\u00e3o molecular UV\/Vis<\/p>\n<p>\u00a0\u00a0\u00a0\u00a0\u00a0\u00a0\u00a0\u00a0\u00a0\u00a0\u00a0\u00a0\u00a0\u00a0\u00a0\u00a0\u00a0 &#8211; Espectrometria de absor\u00e7\u00e3o at\u00f4mica<\/p>\n<p>\u00a0\u00a0\u00a0\u00a0\u00a0\u00a0\u00a0\u00a0\u00a0\u00a0\u00a0\u00a0\u00a0\u00a0\u00a0\u00a0\u00a0 &#8211; Espectrometria de emiss\u00e3o \u00f3ptica com plasma indutivamente acoplado<\/p>\n<p>\u00a0\u00a0\u00a0\u00a0\u00a0\u00a0\u00a0\u00a0\u00a0\u00a0\u00a0\u00a0\u00a0\u00a0\u00a0\u00a0\u00a0 &#8211; Espectrometria de massa com plasma indutivamente acoplado<\/p>\n<p>3.2.2. Cromatografia<\/p>\n<p>\u00a0\u00a0\u00a0\u00a0\u00a0\u00a0\u00a0\u00a0\u00a0\u00a0\u00a0 &#8211; Cromatografia a l\u00edquido<\/p>\n<p>\u00a0\u00a0\u00a0\u00a0\u00a0\u00a0\u00a0\u00a0\u00a0\u00a0\u00a0 &#8211; Cromatografia a g\u00e1s<\/p>\n<p>3.2.3. M\u00e9todos Eletroqu\u00edmicos<\/p>\n<p>\u00a0\u00a0\u00a0\u00a0\u00a0\u00a0\u00a0\u00a0\u00a0\u00a0\u00a0 &#8211; Potenciometria<\/p>\n<p>\u00a0\u00a0\u00a0\u00a0\u00a0\u00a0\u00a0\u00a0\u00a0\u00a0\u00a0 &#8211; Amperometria<\/p>\n<p>\u00a0\u00a0\u00a0\u00a0\u00a0\u00a0\u00a0\u00a0\u00a0\u00a0\u00a0 &#8211; Voltametria (Polarografia)<\/p>\n<p>\u00a0\u00a0\u00a0\u00a0\u00a0\u00a0\u00a0\u00a0\u00a0\u00a0\u00a0 &#8211; Condutometria<\/p>\n<p><strong>Bibliografia<\/strong><\/p>\n<ol>\n<li>Mendham, J.; Denney, R. C.; Barnes, J. D.; Thomas, M. J. K.; Vogel &#8211; An\u00e1lise Qu\u00edmica Quantitativa, 6\u00aa Ed., LTC, Rio de Janeiro, 2002.<\/li>\n<li>Holler, F. J.; Crouch, S. R.; Skoog, D. A.; Princ\u00edpios de An\u00e1lise Instrumental, 6<sup>a<\/sup>, Bookman, Porto Alegre, 2009.<\/li>\n<li>Harris, D. C.; An\u00e1lise Qu\u00edmica Quantitativa, 8\u00aa Ed., LTC, Rio de Janeiro, 2012.<\/li>\n<li>Skoog, A. D.; West. D. M.; Holler, F. J.; Crouch, S. R.; Fundamentals of Analytical Chemistry, 9<sup>th<\/sup>; Brooks Cole, 2013.<\/li>\n<li>Christian, G. D.; Dasgupta, P. K.; Schug, K. A.; Analytical Chemistry, 7<sup>th<\/sup>, Wiley, 2014.<\/li>\n<\/ol>\n<p><strong>F\u00cdSICO-QU\u00cdMICA<\/strong><\/p>\n<ol>\n<li>Estrutura at\u00f4mica e molecular<\/li>\n<li>Termodin\u00e2mica qu\u00edmica<\/li>\n<li>Cin\u00e9tica qu\u00edmica<\/li>\n<li>Equil\u00edbrio qu\u00edmico<\/li>\n<li>Solu\u00e7\u00f5es<\/li>\n<li>Fen\u00f4menos de transporte<\/li>\n<li>Fen\u00f4menos de superf\u00edcie<\/li>\n<li>Eletroqu\u00edmica<\/li>\n<li>Col\u00f3ides<\/li>\n<li>Cristalografia<\/li>\n<\/ol>\n<p><strong>Bibliografia<\/strong><\/p>\n<ol>\n<li>Atkins, P. P.; de Paula, J.; F\u00edsico-Qu\u00edmica, 9\u00aa Ed., Vol. 1 e 2, LTC, S\u00e3o Paulo, 2012.<\/li>\n<li>Castellan, G. W.; F\u00edsico-Qu\u00edmica, Vol. 1 e 2, LTC, S\u00e3o Paulo, 1996.<\/li>\n<li>Castellan, G. W.; Fundamentos de F\u00edsico-Qu\u00edmica, LTC, S\u00e3o Paulo, 1995.<\/li>\n<li>Moore, W. J.; F\u00edsico-Qu\u00edmica, 4\u00aa Ed., Vol. 1 e 2, Ed. Bl\u00fccher Ltda., S\u00e3o Paulo, 1976.<\/li>\n<li>Pilla, L.; F\u00edsico-Qu\u00edmica, LTC, Vol. 1 e 2, S\u00e3o Paulo, 1979.<\/li>\n<li>Macedo, H.; F\u00edsico-Qu\u00edmica, Ed. Guanabara Dois, Rio de Janeiro, 1998.<\/li>\n<li>Russell, J. B.; Qu\u00edmica Geral, 2\u00aa Ed., Vol. 1 e 2, Pearson, S\u00e3o Paulo, 1994.<\/li>\n<li>Rangel, R. B.; Pr\u00e1ticas de F\u00edsico-Qu\u00edmica,\u00a0Blucher Ltda., S\u00e3o Paulo, 2006.<\/li>\n<li>Shoemaker, D. P.; Garland, C. W.; Steinfeld, J. I.; Experiments in Physical-Chemistry, 8<sup>th<\/sup>, McGraw-Hill, EUA, 2009.<\/li>\n<li>Tilley, R. J. D.; Cristalografia, Oficina de Textos, S\u00e3o Paulo, 2014.<\/li>\n<li>Rangel, R. B., Col\u00f3ides &#8211; Um Estudo Introdut\u00f3rio, LCT, S\u00e3o Paulo.<\/li>\n<li>SHAW, D. J., Introdu\u00e7\u00e3o a qu\u00edmica dos col\u00f3ides e de superf\u00edcies, Ed. Bl\u00fccher Ltda., S\u00e3o Paulo, 1975.<\/li>\n<\/ol>\n<p>\u00a0<\/p>\n<ol start=\"7\">\n<li><strong>ESCOLHA DE ORIENTADOR<\/strong><\/li>\n<\/ol>\n<p>O candidato dever\u00e1 entrar em contato diretamente com os Orientadores do PPGQu\u00edmica. Seus telefones e e-mail encontram-se dispon\u00edveis no site www.ufsm.br\/ppgq em Docentes.<\/p>\n","protected":false},"excerpt":{"rendered":"<p>Inscri\u00e7\u00e3o Doutorado \u00a01 &#8211; \u00c1REAS DE CONCENTRA\u00c7\u00c3O\/ VAGAS: 1.1 &#8211; Qu\u00edmica Anal\u00edtica: 13 vagas; 1.2 &#8211; Qu\u00edmica Inorg\u00e2nica: 01 vagas; 1.3 &#8211; Qu\u00edmica Org\u00e2nica: 10 vagas; 1.4 &#8211; F\u00edsico-Qu\u00edmica: 02 vagas. 2 &#8211; CLIENTELA:\u00a0diplomados no mestrado em Qu\u00edmica ou em \u00e1reas correlacionadas. 3 &#8211; DOCUMENTA\u00c7\u00c3O: 3.1 \u2013Ver\u00a0EDITAL N\u00ba 027\/2017, DE 29 DE SETEMBRO DE 2017\u00a0em\u00a0 [&hellip;]<\/p>\n","protected":false},"author":115,"featured_media":0,"parent":0,"menu_order":0,"comment_status":"closed","ping_status":"closed","template":"","meta":{"footnotes":""},"categories":[],"tags":[],"class_list":["post-298","page","type-page","status-publish","hentry"],"acf":[],"_links":{"self":[{"href":"https:\/\/www.ufsm.br\/cursos\/pos-graduacao\/santa-maria\/ppgq\/wp-json\/wp\/v2\/pages\/298","targetHints":{"allow":["GET"]}}],"collection":[{"href":"https:\/\/www.ufsm.br\/cursos\/pos-graduacao\/santa-maria\/ppgq\/wp-json\/wp\/v2\/pages"}],"about":[{"href":"https:\/\/www.ufsm.br\/cursos\/pos-graduacao\/santa-maria\/ppgq\/wp-json\/wp\/v2\/types\/page"}],"author":[{"embeddable":true,"href":"https:\/\/www.ufsm.br\/cursos\/pos-graduacao\/santa-maria\/ppgq\/wp-json\/wp\/v2\/users\/115"}],"replies":[{"embeddable":true,"href":"https:\/\/www.ufsm.br\/cursos\/pos-graduacao\/santa-maria\/ppgq\/wp-json\/wp\/v2\/comments?post=298"}],"version-history":[{"count":0,"href":"https:\/\/www.ufsm.br\/cursos\/pos-graduacao\/santa-maria\/ppgq\/wp-json\/wp\/v2\/pages\/298\/revisions"}],"wp:attachment":[{"href":"https:\/\/www.ufsm.br\/cursos\/pos-graduacao\/santa-maria\/ppgq\/wp-json\/wp\/v2\/media?parent=298"}],"wp:term":[{"taxonomy":"category","embeddable":true,"href":"https:\/\/www.ufsm.br\/cursos\/pos-graduacao\/santa-maria\/ppgq\/wp-json\/wp\/v2\/categories?post=298"},{"taxonomy":"post_tag","embeddable":true,"href":"https:\/\/www.ufsm.br\/cursos\/pos-graduacao\/santa-maria\/ppgq\/wp-json\/wp\/v2\/tags?post=298"}],"curies":[{"name":"wp","href":"https:\/\/api.w.org\/{rel}","templated":true}]}}