{"id":301,"date":"2019-01-16T10:32:49","date_gmt":"2019-01-16T12:32:49","guid":{"rendered":"https:\/\/www.ufsm.br\/cursos\/pos-graduacao\/santa-maria\/ppgq\/?page_id=301"},"modified":"2019-01-16T10:32:52","modified_gmt":"2019-01-16T12:32:52","slug":"edital-2o-s-2016-6","status":"publish","type":"page","link":"https:\/\/www.ufsm.br\/cursos\/pos-graduacao\/santa-maria\/ppgq\/edital-2o-s-2016-6","title":{"rendered":"Edital 2\u00ba S\/2016"},"content":{"rendered":"\n<p>Inscri\u00e7\u00e3o Doutorado\u00a0 &#8211;\u00a0 (C\u00f3digo \u2013 907)<br \/><br \/>1 &#8211; \u00c1REAS DE CONCENTRA\u00c7\u00c3O\/ VAGAS:<br \/>1.1 &#8211; Qu\u00edmica: Anal\u00edtica:\u00a0\u00a0\u00a0 15 vagas;<br \/>1.2 &#8211; Qu\u00edmica: Inorg\u00e2nica: \u00a0\u00a0\u00a0 06 vagas;<br \/>1.3 &#8211; Qu\u00edmica: Org\u00e2nica: \u00a0\u00a0\u00a0 12 vagas;<\/p>\n<p><br \/>2 &#8211; CLIENTELA: diplomados no mestrado em Qu\u00edmica ou em \u00e1reas correlacionadas.<br \/>\u00a0\u00a0\u00a0\u00a0<br \/>3 &#8211; DOCUMENTA\u00c7\u00c3O:<br \/>3.1 \u2013 Ver <a href=\"https:\/\/www.ufsm.br\/cursos\/pos-graduacao\/santa-maria\/ppgq\/wp-content\/uploads\/sites\/509\/2019\/01\/8143d55d-3d53-4826-a6ec-92f3b3809d24-5.pdf\">EDITAL N\u00ba 022\/UFSM\/PRPGP, DE 11 DE MAIO DE\u00a02016<\/a>\u00a02016 em www.ufsm.br em Editais (Editais de sele\u00e7\u00e3o)<br \/><br \/>4 &#8211; CRIT\u00c9RIOS DE SELE\u00c7\u00c3O:<br \/>4.1 &#8211; Prova de conhecimento*, dia 13 de junho de 2016, com in\u00edcio \u00e0s 8h30min e t\u00e9rmino \u00e0s 12h30min, no Anfiteatro C, anexo ao pr\u00e9dio 18;<br \/>4.2 \u2013 Ser\u00e3o classificados os candidatos que atingirem nota maior ou igual a sete (\u22657,0), ou seja, 70% da prova.<br \/>4.3 &#8211; Ser\u00e1 selecionado o candidato que, pela ordem decrescente de classifica\u00e7\u00e3o, preencher o n\u00famero de vagas oferecidas em cada \u00e1rea de concentra\u00e7\u00e3o.<br \/>4.4 &#8211; No caso de desist\u00eancia de candidato classificado, ser\u00e1 chamado o candidato classificado como suplente, de acordo com a ordem de classifica\u00e7\u00e3o e o n\u00famero de vagas dispon\u00edveis.<br \/>* A prova ser\u00e1 composta de 5 quest\u00f5es\u00a0 de cada \u00e1rea de concentra\u00e7\u00e3o (org\u00e2nica, inorg\u00e2nica, anal\u00edtica e f\u00edsico-qu\u00edmica), totalizando 20 quest\u00f5es. Das 20 quest\u00f5es, o candidato dever\u00e1 escolher 10 quest\u00f5es para responder sendo, no m\u00ednimo, uma de cada \u00e1rea.<br \/><br \/>5 &#8211; INSCRI\u00c7\u00c3O<br \/>5.1. Per\u00edodo: 18 a 31\/05\/2016<br \/>5.2. Procedimento para a inscri\u00e7\u00e3o: acessar o\u00a0<a href=\"https:\/\/portal.ufsm.br\/concursos\/inscricao\/opcoes.html?edicao=3089\" target=\"_blank\" rel=\"noopener\">Edital n. 022\/UFSM\/PRPGP, DE 11 DE MAIO DE 2016<\/a>\u00a0(a ser divulgado em maio) em www.ufsm.br\/prpgp em Editais.<br \/>\u00a0<br \/><br \/>6. PROGRAMA PARA A PROVA DE SELE\u00c7\u00c3O\u00a0<br \/><br \/>QU\u00cdMICA ORG\u00c2NICA\u00a0<br \/>1.\u00a0\u00a0\u00a0 Fun\u00e7\u00f5es Org\u00e2nicas<br \/>2.\u00a0\u00a0\u00a0 Equilibrio \u00e1cido-base\u00a0<br \/>3.\u00a0\u00a0\u00a0 Intermedi\u00e1rios Reativos (carboc\u00e1tions, carbanions, carbenos, radicais)<br \/>4.\u00a0\u00a0\u00a0 Efeitos Qu\u00edmicos (indutivo, mesom\u00e9rico, est\u00e9rico)<br \/>5.\u00a0\u00a0\u00a0 Aromaticidade\u00a0<br \/>6.\u00a0\u00a0\u00a0 Princ\u00edpios de estereoqu\u00edmica\u00a0<br \/>7.\u00a0\u00a0\u00a0 Rea\u00e7\u00f5es de Substitui\u00e7\u00e3o Nucleof\u00edlica Alif\u00e1tica<br \/>8.\u00a0\u00a0\u00a0 Rea\u00e7\u00f5es de Elimina\u00e7\u00e3o<br \/>9.\u00a0\u00a0\u00a0 Rea\u00e7\u00f5es de Adi\u00e7\u00e3o Eletrof\u00edlica<br \/>10.\u00a0\u00a0\u00a0 Rea\u00e7\u00f5es de Substitui\u00e7\u00e3o Eletrof\u00edlica e Nucleof\u00edlica\u00a0 Arom\u00e1tica\u00a0<br \/>11.\u00a0\u00a0\u00a0 Rea\u00e7\u00f5es de Adi\u00e7\u00e3o Nucleof\u00edlica na Carbonila<br \/>12.\u00a0\u00a0\u00a0 Rea\u00e7\u00f5es de Compostos \u03b1-carbonila. Condensa\u00e7\u00f5es<br \/><br \/>Bibliografia<br \/>1.\u00a0\u00a0\u00a0 Carey, F. A.; Qu\u00edmica Org\u00e2nica, 7\u00aa Ed., Vol. 1 e 2, Bookman, Porto Alegre, 2011.<br \/>2.\u00a0\u00a0\u00a0 Solomons, T. W. G.; Fryhle, C. B.; Qu\u00edmica Org\u00e2nica, 10\u00aa Ed., Vol. 1 e 2, LTC-Livros T\u00e9cnicos e Cient\u00edficos S\/A, Rio de Janeiro, 2012.<br \/>3.\u00a0\u00a0\u00a0 Solomons, T. W. G.; Fryhle, C. B.; Organic Chemistry, Vol. 1 e 2, 10th Ed., John Wiley &amp; Sons, Inc., Danvers, 2011.<br \/>4.\u00a0\u00a0\u00a0 Clayden, J.; Greeves, N. J.; Warren, S.; Wothers, P.; Organic Chemistry, Oxford University Press, Oxford, 2003.<br \/>5.\u00a0\u00a0\u00a0 Carey, F. A.; Sundberg R. J.; Advanced Organic Chemistry, Part A and Part B, 5th Ed., Springer, New York, 2007.<br \/><br \/><br \/>QU\u00cdMICA INORG\u00c2NICA<br \/>1.\u00a0\u00a0\u00a0 Estrutura at\u00f4mica<br \/>2.\u00a0\u00a0\u00a0 Liga\u00e7\u00f5es qu\u00edmicas e simetria molecular<br \/>3.\u00a0\u00a0\u00a0 Qu\u00edmica de elementos representativos<br \/>4.\u00a0\u00a0\u00a0 Compostos inorg\u00e2nicos derivados do hidrog\u00eanio<br \/>5.\u00a0\u00a0\u00a0 Qu\u00edmica de compostos de coordena\u00e7\u00e3o<br \/>6.\u00a0\u00a0\u00a0 Teoria do campo cristalino, campo ligante e orbital molecular<br \/>7.\u00a0\u00a0\u00a0 Classifica\u00e7\u00e3o das rea\u00e7\u00f5es qu\u00edmicas<br \/>8.\u00a0\u00a0\u00a0 Estrutura e propriedades de s\u00f3lidos<br \/>9.\u00a0\u00a0\u00a0 Bioinorg\u00e2nica<br \/>10.\u00a0 Princ\u00edpios cin\u00e9ticos e termodin\u00e2micos na forma\u00e7\u00e3o de complexos<br \/>11.\u00a0 Qu\u00edmica organomet\u00e1lica e cat\u00e1lise<br \/><br \/>Bibliografia<br \/>1.\u00a0\u00a0\u00a0 Atkins, P.; Jones, L.; Princ\u00edpios de Qu\u00edmica &#8211; Questionando a Vida Moderna e o Meio Ambiente, 3\u00aa Ed., Bookman, Porto Alegre, 2006.<br \/>2.\u00a0\u00a0\u00a0 Atkins, P. W.; Shriver, D. F.; Qu\u00edmica Inorg\u00e2nica, 4\u00aa Ed., Bookman, Porto Alegre, 2008.<br \/>3.\u00a0\u00a0\u00a0 Lee, J. D.; Qu\u00edmica Inorg\u00e2nica n\u00e3o t\u00e3o concisa, Tradu\u00e7\u00e3o da 5\u00aa Ed. Inglesa, S\u00e3o Paulo, 2006.<br \/>4.\u00a0\u00a0\u00a0 Housecroft, C. E.; Sharpe, A. G.; Qu\u00edmica Inorg\u00e2nica, 4\u00aa Ed., Vol. 1, LTC, S\u00e3o Paulo, 2013.\u00a0<br \/><br \/><br \/>QU\u00cdMICA ANAL\u00cdTICA<br \/>1.\u00a0\u00a0\u00a0 Conceitos b\u00e1sicos e aspectos relacionados \u00e0 estat\u00edstica.<br \/>1.1.\u00a0\u00a0\u00a0 M\u00e9dia, desvio padr\u00e3o, varian\u00e7a, distribui\u00e7\u00e3o Gaussiana, Teste t, Teste F, Teste Q.<br \/>1.2.\u00a0\u00a0\u00a0 Algarismos significativos e propaga\u00e7\u00e3o da incerteza.<br \/>2.\u00a0\u00a0\u00a0 Equil\u00edbrio Qu\u00edmico<br \/>2.1.\u00a0\u00a0\u00a0 Equil\u00edbrio \u00e1cido-base<br \/>2.2.\u00a0\u00a0\u00a0 Equil\u00edbrio de solubilidade<br \/>2.3.\u00a0\u00a0\u00a0 Equil\u00edbrio de oxi-redu\u00e7\u00e3o<br \/>2.4.\u00a0\u00a0\u00a0 Equil\u00edbrio de complexa\u00e7\u00e3o<br \/>3.\u00a0\u00a0\u00a0 M\u00e9todos de an\u00e1lise qu\u00edmica quantitativa<br \/>3.1.\u00a0\u00a0\u00a0 M\u00e9todos cl\u00e1ssicos:<br \/>3.1.1.\u00a0\u00a0\u00a0 Volumetria de neutraliza\u00e7\u00e3o<br \/>3.1.2.\u00a0\u00a0\u00a0 Volumetria de oxi-redu\u00e7\u00e3o<br \/>3.1.3.\u00a0\u00a0\u00a0 Volumetria de precipita\u00e7\u00e3o<br \/>3.1.4.\u00a0\u00a0\u00a0 Volumetria de forma\u00e7\u00e3o de complexos<br \/>3.2.\u00a0\u00a0\u00a0 M\u00e9todos Instrumentais:<br \/>3.2.1.\u00a0\u00a0\u00a0 M\u00e9todos espectrom\u00e9tricos<br \/>\u00a0\u00a0\u00a0 \u00a0\u00a0\u00a0 &#8211; Espectrometria de absor\u00e7\u00e3o molecular UV\/Vis<br \/>\u00a0\u00a0\u00a0 \u00a0\u00a0\u00a0 &#8211; Espectrometria de absor\u00e7\u00e3o at\u00f4mica<br \/>\u00a0\u00a0\u00a0 \u00a0\u00a0\u00a0 &#8211; Espectrometria de emiss\u00e3o \u00f3ptica com plasma indutivamente acoplado<br \/>\u00a0\u00a0\u00a0 \u00a0\u00a0\u00a0 &#8211; Espectrometria de massa com plasma indutivamente acoplado<br \/>3.2.2. Cromatografia<br \/>\u00a0\u00a0\u00a0 &#8211; Cromatografia a l\u00edquido<br \/>\u00a0\u00a0\u00a0 &#8211; Cromatografia a g\u00e1s<br \/>3.2.3. M\u00e9todos Eletroqu\u00edmicos<br \/>\u00a0\u00a0\u00a0 &#8211; Potenciometria<br \/>\u00a0\u00a0\u00a0 &#8211; Amperometria<br \/>\u00a0\u00a0\u00a0 &#8211; Voltametria (Polarografia)<br \/>\u00a0\u00a0\u00a0 &#8211; Condutometria<br \/><br \/>\u00a0Bibliografia<br \/>1.\u00a0\u00a0\u00a0 Mendham, J.; Denney, R. C.; Barnes, J. D.; Thomas, M. J. K.; Vogel &#8211; An\u00e1lise Qu\u00edmica Quantitativa, 6\u00aa Ed., LTC, Rio de Janeiro, 2002.<br \/>2.\u00a0\u00a0\u00a0 Holler, F. J.; Crouch, S. R.; Skoog, D. A.; Princ\u00edpios de An\u00e1lise Instrumental, 6a Ed., Bookman, Porto Alegre, 2009.<br \/>3.\u00a0\u00a0\u00a0 Harris, D. C.; An\u00e1lise Qu\u00edmica Quantitativa, 8\u00aa Ed., LTC, Rio de Janeiro, 2012.<br \/>4.\u00a0\u00a0\u00a0 Skoog, A. D.; West. D. M.; Holler, F. J.; Crouch, S. R.; Fundamentals of Analytical Chemistry, 9th Ed.; Brooks Cole, 2013.<br \/>5.\u00a0\u00a0\u00a0 Christian, G. D.; Dasgupta, P. K.; Schug, K. A.; Analytical Chemistry, 7th Ed., Wiley, 2014.<br \/><br \/><br \/>F\u00cdSICO-QU\u00cdMICA<br \/>1.\u00a0\u00a0\u00a0 Estrutura at\u00f4mica e molecular<br \/>2.\u00a0\u00a0\u00a0 Termodin\u00e2mica qu\u00edmica<br \/>3.\u00a0\u00a0\u00a0 Cin\u00e9tica qu\u00edmica<br \/>4.\u00a0\u00a0\u00a0 Equil\u00edbrio qu\u00edmico<br \/>5.\u00a0\u00a0\u00a0 Solu\u00e7\u00f5es<br \/>6.\u00a0\u00a0\u00a0 Fen\u00f4menos de transporte<br \/>7.\u00a0\u00a0\u00a0 Fen\u00f4menos de superf\u00edcie<br \/>8.\u00a0\u00a0\u00a0 Eletroqu\u00edmica<br \/>9.\u00a0\u00a0\u00a0 Col\u00f3ides<br \/>10.\u00a0\u00a0\u00a0 Cristalografia\u00a0<br \/><br \/>Bibliografia<br \/>1.\u00a0\u00a0\u00a0 Atkins, P. P.; de Paula, J.; F\u00edsico-Qu\u00edmica, 9\u00aa Ed., Vol. 1 e 2, LTC, S\u00e3o Paulo, 2012.<br \/>2.\u00a0\u00a0\u00a0 Castellan, G. W.; F\u00edsico-Qu\u00edmica, Vol. 1 e 2, LTC, S\u00e3o Paulo, 1996.<br \/>3.\u00a0\u00a0\u00a0 Castellan, G. W.; Fundamentos de F\u00edsico-Qu\u00edmica, LTC, S\u00e3o Paulo, 1995.<br \/>4.\u00a0\u00a0\u00a0 Moore, W. J.; F\u00edsico-Qu\u00edmica, 4\u00aa Ed., Vol. 1 e 2, Ed. Bl\u00fccher Ltda., S\u00e3o Paulo, 1976.<br \/>5.\u00a0\u00a0\u00a0 Pilla, L.; F\u00edsico-Qu\u00edmica, LTC, Vol. 1 e 2, S\u00e3o Paulo, 1979.<br \/>6.\u00a0\u00a0\u00a0 Macedo, H.; F\u00edsico-Qu\u00edmica, Ed. Guanabara Dois, Rio de Janeiro, 1998.<br \/>7.\u00a0\u00a0\u00a0 Russell, J. B.; Qu\u00edmica Geral, 2\u00aa Ed., Vol. 1 e 2, Pearson, S\u00e3o Paulo, 1994.<br \/>8.\u00a0\u00a0\u00a0 Rangel, R. B.; Pr\u00e1ticas de F\u00edsico-Qu\u00edmica,\u00a0Blucher Ltda., S\u00e3o Paulo, 2006.<br \/>9.\u00a0\u00a0\u00a0 Shoemaker, D. P.; Garland, C. W.; Steinfeld, J. I.; Experiments in Physical-Chemistry, 8th Ed., McGraw-Hill, EUA, 2009.<br \/>10.\u00a0\u00a0\u00a0 Tilley, R. J. D.; Cristalografia, Oficina de Textos, S\u00e3o Paulo, 2014.<br \/>11.\u00a0\u00a0\u00a0 Rangel, R. B., Col\u00f3ides &#8211; Um Estudo Introdut\u00f3rio, LCT, S\u00e3o Paulo.<br \/>12.\u00a0\u00a0\u00a0 SHAW, D. J., Introdu\u00e7\u00e3o a qu\u00edmica dos col\u00f3ides e de superf\u00edcies, Ed. Bl\u00fccher Ltda., S\u00e3o Paulo, 1975.<br \/><br \/>\u00a0\u00a0\u00a0 7. ESCOLHA DE ORIENTADOR<br \/>O candidato dever\u00e1 entrar em contato diretamente com os Orientadores do PPGQu\u00edmica. Seus telefones e e-mail encontram-se dispon\u00edveis no site www.ufsm.br\/ppgq em \u00c1reas e Orientadores.<\/p>\n","protected":false},"excerpt":{"rendered":"<p>Inscri\u00e7\u00e3o Doutorado\u00a0 &#8211;\u00a0 (C\u00f3digo \u2013 907) 1 &#8211; \u00c1REAS DE CONCENTRA\u00c7\u00c3O\/ VAGAS:1.1 &#8211; Qu\u00edmica: Anal\u00edtica:\u00a0\u00a0\u00a0 15 vagas;1.2 &#8211; Qu\u00edmica: Inorg\u00e2nica: \u00a0\u00a0\u00a0 06 vagas;1.3 &#8211; Qu\u00edmica: Org\u00e2nica: \u00a0\u00a0\u00a0 12 vagas; 2 &#8211; CLIENTELA: diplomados no mestrado em Qu\u00edmica ou em \u00e1reas correlacionadas.\u00a0\u00a0\u00a0\u00a03 &#8211; DOCUMENTA\u00c7\u00c3O:3.1 \u2013 Ver EDITAL N\u00ba 022\/UFSM\/PRPGP, DE 11 DE MAIO DE\u00a02016\u00a02016 em www.ufsm.br [&hellip;]<\/p>\n","protected":false},"author":115,"featured_media":0,"parent":0,"menu_order":0,"comment_status":"closed","ping_status":"closed","template":"","meta":{"footnotes":""},"categories":[],"tags":[],"class_list":["post-301","page","type-page","status-publish","hentry"],"acf":[],"_links":{"self":[{"href":"https:\/\/www.ufsm.br\/cursos\/pos-graduacao\/santa-maria\/ppgq\/wp-json\/wp\/v2\/pages\/301","targetHints":{"allow":["GET"]}}],"collection":[{"href":"https:\/\/www.ufsm.br\/cursos\/pos-graduacao\/santa-maria\/ppgq\/wp-json\/wp\/v2\/pages"}],"about":[{"href":"https:\/\/www.ufsm.br\/cursos\/pos-graduacao\/santa-maria\/ppgq\/wp-json\/wp\/v2\/types\/page"}],"author":[{"embeddable":true,"href":"https:\/\/www.ufsm.br\/cursos\/pos-graduacao\/santa-maria\/ppgq\/wp-json\/wp\/v2\/users\/115"}],"replies":[{"embeddable":true,"href":"https:\/\/www.ufsm.br\/cursos\/pos-graduacao\/santa-maria\/ppgq\/wp-json\/wp\/v2\/comments?post=301"}],"version-history":[{"count":0,"href":"https:\/\/www.ufsm.br\/cursos\/pos-graduacao\/santa-maria\/ppgq\/wp-json\/wp\/v2\/pages\/301\/revisions"}],"wp:attachment":[{"href":"https:\/\/www.ufsm.br\/cursos\/pos-graduacao\/santa-maria\/ppgq\/wp-json\/wp\/v2\/media?parent=301"}],"wp:term":[{"taxonomy":"category","embeddable":true,"href":"https:\/\/www.ufsm.br\/cursos\/pos-graduacao\/santa-maria\/ppgq\/wp-json\/wp\/v2\/categories?post=301"},{"taxonomy":"post_tag","embeddable":true,"href":"https:\/\/www.ufsm.br\/cursos\/pos-graduacao\/santa-maria\/ppgq\/wp-json\/wp\/v2\/tags?post=301"}],"curies":[{"name":"wp","href":"https:\/\/api.w.org\/{rel}","templated":true}]}}