{"id":305,"date":"2019-01-16T10:42:24","date_gmt":"2019-01-16T12:42:24","guid":{"rendered":"https:\/\/www.ufsm.br\/cursos\/pos-graduacao\/santa-maria\/ppgq\/?page_id=305"},"modified":"2019-01-16T10:42:27","modified_gmt":"2019-01-16T12:42:27","slug":"edital-inscricao-codigo-907","status":"publish","type":"page","link":"https:\/\/www.ufsm.br\/cursos\/pos-graduacao\/santa-maria\/ppgq\/edital-inscricao-codigo-907","title":{"rendered":"Edital Inscri\u00e7\u00e3o (c\u00f3digo 907)"},"content":{"rendered":"\n<p>1 &#8211; \u00c1REAS DE CONCENTRA\u00c7\u00c3O\/ VAGAS:<\/p>\n<p>1.1 &#8211; Qu\u00edmica: Anal\u00edtica: 06 vagas;<br \/>1.2 &#8211; Qu\u00edmica: Inorg\u00e2nica: 05 vagas;<br \/>1.3 &#8211; Qu\u00edmica: Org\u00e2nica: 10 vagas;<\/p>\n<p>\u00a0<\/p>\n<p>2 &#8211; CLIENTELA: diplomados no mestrado em Qu\u00edmica ou em \u00e1reas correlacionadas.<br \/><br \/>3 &#8211; DOCUMENTA\u00c7\u00c3O:<br \/>3.1 -Ver Edital <a href=\"https:\/\/www.ufsm.br\/cursos\/pos-graduacao\/santa-maria\/ppgq\/wp-content\/uploads\/sites\/509\/2019\/01\/EDITALN.037-2014-DOUTORADO-MESTRADO-ESPECIALIZACAO-1SEM201530092014-6.pdf\">EDITAL N. 037\/PRPGP\/UFSM DE 26 DE SETEMBRO DE 2014<\/a> em www.ufsm.br em Editais\u00a0<\/p>\n<p>4 &#8211; CRIT\u00c9RIOS DE SELE\u00c7\u00c3O:<br \/>4.1 &#8211; Prova de conhecimento na \u00e1rea de concentra\u00e7\u00e3o escolhida pelo candidato, dia 15 de dezembro de 2014, com in\u00edcio \u00e0s 8h30min e t\u00e9rmino \u00e0s 11h:30min, no Anfiteatro C, anexo ao pr\u00e9dio 18;<br \/>4.2 &#8211; Ser\u00e3o classificados os candidatos que atingirem nota maior ou igual a sete (\u22657,0), ou seja, 70% da prova.<br \/>4.3 &#8211; Ser\u00e1 selecionado o candidato que, pela ordem decrescente de classifica\u00e7\u00e3o, preencher o n\u00famero de vagas oferecidas em cada \u00e1rea de concentra\u00e7\u00e3o.<br \/>4.4 &#8211; No caso de desist\u00eancia de candidato classificado, ser\u00e1 chamado o candidato classificado como suplente, de acordo com a ordem de classifica\u00e7\u00e3o e o n\u00famero de vagas dispon\u00edveis.<br \/>4.5 &#8211; A matr\u00edcula, neste curso, poder\u00e1 ser realizada num fluxo cont\u00ednuo durante o segundo semestre letivo de 2012, atrav\u00e9s de of\u00edcio \u00e0 Coordena\u00e7\u00e3o do Programa de P\u00f3s-Gradua\u00e7\u00e3o.<\/p>\n<p>5 &#8211; INSCRI\u00c7\u00c3O<br \/>5.1. Per\u00edodo: 01 a 31\/10\/2014<br \/>5.2. Procedimento para a inscri\u00e7\u00e3o: Acessar o\u00a0<a href=\"http:\/\/portal.ufsm.br\/eventos\/inscricao\/edicao.html?id=2596\">EDITAL N. 037\/PRPGP\/UFSM DE 26 DE SETEMBRO DE 2014<\/a>\u00a0.<\/p>\n<p>6. PROGRAMA PARA A PROVA DE SELE\u00c7\u00c3O<\/p>\n<p>I &#8211; QU\u00cdMICA ANAL\u00cdTICA<br \/>1. Conceitos b\u00e1sicos e aspectos relacionados \u00e0 estat\u00edstica<br \/>1.1 M\u00e9dia, desvio padr\u00e3o, varian\u00e7a, distribui\u00e7\u00e3o Gaussiana, Teste t, Teste F, Teste Q.<br \/>1.2 Algarismos significativos, propaga\u00e7\u00e3o da incerteza.<br \/>2. Equil\u00edbrio Qu\u00edmico<br \/>3. M\u00e9todos de an\u00e1lise qu\u00edmica quantitativa<br \/>3.1 M\u00e9todos cl\u00e1ssicos:<br \/>3.1.1. Volumetria de neutraliza\u00e7\u00e3o<br \/>3.1.2. Volumetria de oxi-redu\u00e7\u00e3o<br \/>3.1.3. Volumetria de precipita\u00e7\u00e3o<br \/>3.1.4. Volumetria de forma\u00e7\u00e3o de complexos<br \/>3.2 M\u00e9todos Instrumentais:<br \/>3.2.1. M\u00e9todos espectrosc\u00f3picos<br \/>&#8211; Espectroscopia molecular UV\/VIS<br \/>&#8211; Espectroscopia de absor\u00e7\u00e3o at\u00f4mica<br \/>&#8211; Espectroscopia de emiss\u00e3o \u00f3ptica com chama e plasma<br \/>3.2.2. Cromatografia<br \/>&#8211; Cromatografia l\u00edquida de alta efici\u00eancia (HPLC)<br \/>&#8211; Cromatografia gasosa (GC)<br \/>3.2.3 M\u00e9todos Eletroqu\u00edmicos<br \/>&#8211; Potenciometria<br \/>&#8211; Voltametria (Polarografia)<br \/>&#8211; Condutometria<\/p>\n<p>Bibliografia:<br \/>1. Ohlweiler, O.A , Qu\u00edmica Anal\u00edtica Quantitativa, Vol 1, 2 e 3 Livros T\u00e9cnicos e Cient\u00edficos Editora S.A.<br \/>2. Vogel, An\u00e1lise Inorg\u00e2nica Quantitativa Editora Guanabara Dois<br \/>3. Day. R. A. and Underwood, A.L., Quantitative Analysis Prentice-Hall, Inc., New Jersey<br \/>4. Skoog, A.D.and West.D. M., Analytical Chemistry. An Introduction, Saunders College Publishing. N.Y.<br \/>5. Christian, G. D., Analytical Chemistry, Wiley, 5a. ed., New York, 1994.<br \/>6. JAMES HOLLER, F., SKOOG, D.A. and CROUCH, S.R. Princ\u00edpios de An\u00e1lise Instrumental. Artmed, 6a. ed., 2009.<\/p>\n<p>II &#8211; QU\u00cdMICA INORG\u00c2NICA<br \/>1. Conceitos b\u00e1sicos de f\u00edsico-qu\u00edmica: termodin\u00e2mica qu\u00edmica e cin\u00e9tica<br \/>2. Estrutura molecular, estereoqu\u00edmica e liga\u00e7\u00f5es.<br \/>3. A tabela peri\u00f3dica e a qu\u00edmica dos elementos representativos.<br \/>4. Simetria molecular, teoria dos grupos e sua aplica\u00e7\u00e3o.<br \/>5. Qu\u00edmica de coordena\u00e7\u00e3o: complexos de metais do bloco d.<br \/>6. Os metais.<br \/>7. Espectro eletr\u00f4nico de complexos.<br \/>8. Mecanismos e cin\u00e9tica de rea\u00e7\u00e3o de complexos de metais do bloco d.<br \/>9. Complexos organomet\u00e1licos.<br \/>10. Estruturas e propriedades dos s\u00f3lidos.<br \/>11. Qu\u00edmica bioinorg\u00e2nica.<br \/>12. Cat\u00e1lise homog\u00eanea e heterog\u00eanea.<br \/>13. Clusters.<\/p>\n<p>Bibliografia:<br \/>1. Inorganic Chemistry &#8211; D. F. Shriver, P. W. Atkins, C. H. Langford, Oxford University Press, 1992.\u00a0<br \/>2. Qu\u00edmica Inorg\u00e2nica \uf02d D. F. Shriver e P. W. Atkins.<br \/>Tradu\u00e7\u00e3o:Maria Aparecida B. Gomes. Supervis\u00e3o: F\u00e1bio Souza Nunes. Bookman Companhia Editora, 3\u00aa Ed., (2003).<br \/>3. Inorganic Chemistry &#8211; J. E. Huheey, Harper &amp; Row Ed., 1983.\u00a0<br \/>3. Qu\u00edmica Inorg\u00e2nica (n\u00e3o t\u00e3o) Concisa \uf02d J. D. Lee.<br \/>Tradu\u00e7\u00e3o: Henrique E. Toma, koiti araki e Reginaldo C. Rocha.<br \/>Editora Edgard Bl\u00fccher Ltda. 4\u00aa. Reimpress\u00e3o (2004).<br \/>4. Advanced Inorganic Chemistry \uf02d A Comprehensive Text.<br \/>F. Albert Cotton and Geoffrey Wilkinson.<br \/>John Wiley &amp; Sons , 5th Ed.(1988) (ou edi\u00e7\u00f5es mais recentes).<br \/>5. A. Yamamoto, &#8220;Organotransition Metal Chemistry&#8221;, John Wiley &amp; Sons, 1986. C. Elschenbroich e \u00aa Salzer, &#8220;Organometallics: Concise Introduction&#8221;, Weiheim, VCH, 2a Ed., 1992.<br \/>6. G. E. Coates, M. L. H. Green, D. Powel, K. Wades, &#8220;Principles of Organometallic Chemistry&#8221;, Chapman and Hall, London, 1979.<br \/>7. R.H. Crabtree, &#8220;The Organometallic Chemistry of the Transition Metals&#8221;, John Wiley &amp; Sons, Inc, N.Y., 1990.<br \/>8. B. Douglas, D. McDaniel, J. Alexander, &#8220;Concepts and Models of Inorganic Chemistry&#8221;, John Wiley &amp; Sons, Inc., N.Y.,3a Ed., 1994.<br \/>9. R.J. Angelici &#8211; Synthesis and Technique in Inorganic Chemistry&#8221; , 2\u00aa ed. W.B. Saunders Company, Philadelphia.<br \/>10. G. M. de Oliveira, &#8220;Simetria de Mol\u00e9culas e Cristais \uf02d Fundamentos da Espectroscopia Vibracional&#8221;, Bookman, 2009.<br \/>11. F. Albert Cotton, &#8220;Chemical Applications of Group Theory, John Wiley &amp; Sons, Inc., N.Y.,3rd Ed., 1990.<\/p>\n<p>III &#8211; QU\u00cdMICA ORG\u00c2NICA<br \/>3.1. M\u00e9todos de prepara\u00e7\u00e3o e propriedades f\u00edsico-qu\u00edmicas (pontos de ebuli\u00e7\u00e3o e fus\u00e3o, solubilidade, acidez e basicidade) das seguintes classes de compostos org\u00e2nicos:\u00a0<br \/>3.1.1. Alcenos\u00a0<br \/>3.1.2. Compostos arom\u00e1ticos\u00a0<br \/>3.1.3. Compostos org\u00e2nicos halogenados\u00a0<br \/>3.1.4. \u00c1lcoois\u00a0<br \/>3.1.5. Alde\u00eddos\u00a0<br \/>3.1.6. Cetonas\u00a0<br \/>3.1.7. \u00c1cidos carbox\u00edlicos e seus derivados.\u00a0<br \/><br \/>3.2. An\u00e1lise conformacional e estereoqu\u00edmica de compostos org\u00e2nicos\u00a0<br \/>3.2.1. Cicloalcanos e alcanos lineares\u00a0<br \/>3.2.2. Proje\u00e7\u00e3o de Fisher\u00a0<br \/>3.2.3. Quiralidade de compostos org\u00e2nicos.\u00a0<br \/><br \/>3.3. Mecanismos de rea\u00e7\u00f5es org\u00e2nicas\u00a0<br \/>3.3.1. Rea\u00e7\u00f5es de substitui\u00e7\u00e3o\u00a0<br \/>3.3.2. Rea\u00e7\u00f5es de adi\u00e7\u00e3o\u00a0<br \/>3.3.3. Rea\u00e7\u00f5es de elimina\u00e7\u00e3o\u00a0<br \/>3.3.4. Rea\u00e7\u00f5es de condensa\u00e7\u00e3o.\u00a0<br \/><br \/>3.4. No\u00e7\u00f5es de Resson\u00e2ncia Magn\u00e9tica Nuclear (RMN) de Hidrog\u00eanio.\u00a0<br \/><br \/>Bibliografia:<\/p>\n<p>1. Solomons, T. W.G. Qu\u00edmica Org\u00e2nica &#8211; Vol. 1 e 2 &#8211; 9\u00aa Ed., 2009,\u00a0<br \/>2. Qu\u00edmica Org\u00e2nica: Estrutura e Fun\u00e7\u00e3o &#8211; K. Peter C. Vollhardt, Neil E. Schore, 4\u00aa Ed.<br \/>3. Allinger, N. L.; Cava, M. P.; De Jongh, D.C. et al., Qu\u00edmica Org\u00e2nica, 2\u00aa ed., 1978.<br \/>4. Qu\u00edmica Org\u00e2nica, Bruice, P. Y., 4\u00aa. Ed., Vols. 1 e 2, 2006.<\/p>\n<p>Bibliografia Adicional<\/p>\n<p>1. Sykes, P. A Guidebook to Mechanism in Organic Chemistry. Englewood Cliffs, NJ: Prentice Hall, 1986.<\/p>\n<p>2. Clayden, J.; Greeves, N. J.; Warren, S.; Wothers, P.. Organic Chemistry. Oxford: Oxford University Press, 2003.<\/p>\n<p>3. Jackson, R. A. Mechanisms in Organic Reactions. Cambridge: RSC, 2004.<\/p>\n<p>4. Silverstein, R. M.; Webster, F. X.; Kiemle, D.. Spectrometric Identification of Organic Compounds. 7th ed. New York : John Wiley &amp; Sons, 2005.<\/p>\n<p>5. McMurry, J. Qu\u00edmica Org\u00e2nica. Tradu\u00e7\u00e3o da 6\u00aa edi\u00e7\u00e3o norte-americana. S\u00e3o Paulo: Thomson Learning, 2005.<\/p>\n<p><br \/>7. ESCOLHA DE ORIENTADOR<br \/><br \/>O candidato dever\u00e1 entrar em contato diretamente com os Orientadores do PPGQu\u00edmica. Seus telefones e e-mail encontram-se dispon\u00edveis no site www.ufsm.br\/ppgq em \u00c1reas e Orientadores.<\/p>\n","protected":false},"excerpt":{"rendered":"<p>1 &#8211; \u00c1REAS DE CONCENTRA\u00c7\u00c3O\/ VAGAS: 1.1 &#8211; Qu\u00edmica: Anal\u00edtica: 06 vagas;1.2 &#8211; Qu\u00edmica: Inorg\u00e2nica: 05 vagas;1.3 &#8211; Qu\u00edmica: Org\u00e2nica: 10 vagas; \u00a0 2 &#8211; CLIENTELA: diplomados no mestrado em Qu\u00edmica ou em \u00e1reas correlacionadas. 3 &#8211; DOCUMENTA\u00c7\u00c3O:3.1 -Ver Edital EDITAL N. 037\/PRPGP\/UFSM DE 26 DE SETEMBRO DE 2014 em www.ufsm.br em Editais\u00a0 4 &#8211; [&hellip;]<\/p>\n","protected":false},"author":115,"featured_media":0,"parent":0,"menu_order":0,"comment_status":"closed","ping_status":"closed","template":"","meta":{"footnotes":""},"categories":[],"tags":[],"class_list":["post-305","page","type-page","status-publish","hentry"],"acf":[],"_links":{"self":[{"href":"https:\/\/www.ufsm.br\/cursos\/pos-graduacao\/santa-maria\/ppgq\/wp-json\/wp\/v2\/pages\/305","targetHints":{"allow":["GET"]}}],"collection":[{"href":"https:\/\/www.ufsm.br\/cursos\/pos-graduacao\/santa-maria\/ppgq\/wp-json\/wp\/v2\/pages"}],"about":[{"href":"https:\/\/www.ufsm.br\/cursos\/pos-graduacao\/santa-maria\/ppgq\/wp-json\/wp\/v2\/types\/page"}],"author":[{"embeddable":true,"href":"https:\/\/www.ufsm.br\/cursos\/pos-graduacao\/santa-maria\/ppgq\/wp-json\/wp\/v2\/users\/115"}],"replies":[{"embeddable":true,"href":"https:\/\/www.ufsm.br\/cursos\/pos-graduacao\/santa-maria\/ppgq\/wp-json\/wp\/v2\/comments?post=305"}],"version-history":[{"count":0,"href":"https:\/\/www.ufsm.br\/cursos\/pos-graduacao\/santa-maria\/ppgq\/wp-json\/wp\/v2\/pages\/305\/revisions"}],"wp:attachment":[{"href":"https:\/\/www.ufsm.br\/cursos\/pos-graduacao\/santa-maria\/ppgq\/wp-json\/wp\/v2\/media?parent=305"}],"wp:term":[{"taxonomy":"category","embeddable":true,"href":"https:\/\/www.ufsm.br\/cursos\/pos-graduacao\/santa-maria\/ppgq\/wp-json\/wp\/v2\/categories?post=305"},{"taxonomy":"post_tag","embeddable":true,"href":"https:\/\/www.ufsm.br\/cursos\/pos-graduacao\/santa-maria\/ppgq\/wp-json\/wp\/v2\/tags?post=305"}],"curies":[{"name":"wp","href":"https:\/\/api.w.org\/{rel}","templated":true}]}}