{"id":371,"date":"2019-01-17T09:08:53","date_gmt":"2019-01-17T11:08:53","guid":{"rendered":"https:\/\/www.ufsm.br\/cursos\/pos-graduacao\/santa-maria\/ppgq\/?page_id=371"},"modified":"2019-01-17T09:08:55","modified_gmt":"2019-01-17T11:08:55","slug":"selecao-mestrado-realizado-em-11-06-2018","status":"publish","type":"page","link":"https:\/\/www.ufsm.br\/cursos\/pos-graduacao\/santa-maria\/ppgq\/selecao-mestrado-realizado-em-11-06-2018","title":{"rendered":"Sele\u00e7\u00e3o mestrado realizado em 11\/06\/2018"},"content":{"rendered":"\n<p><strong>QU\u00cdMICA ANAL\u00cdTICA<\/strong><\/p>\n<p><strong>Aprovados<\/strong><\/p>\n<table width=\"511\">\n<tbody>\n<tr>\n<td width=\"329\">\n<p><strong>Candidato<\/strong><\/p>\n<\/td>\n<td width=\"69\">\n<p><strong>Nota<\/strong><\/p>\n<\/td>\n<td width=\"113\">\n<p><strong>Classifica\u00e7\u00e3o<\/strong><\/p>\n<\/td>\n<\/tr>\n<tr>\n<td width=\"329\">\n<p>EDUARDA QUADROS MACHADO<\/p>\n<\/td>\n<td width=\"69\">\n<p>8,06<\/p>\n<\/td>\n<td width=\"113\">\n<p>1\u00ba lugar<\/p>\n<\/td>\n<\/tr>\n<tr>\n<td width=\"329\">\n<p>PETR\u00d4NIO SILVA ZINN<\/p>\n<\/td>\n<td width=\"69\">\n<p>7,50<\/p>\n<\/td>\n<td width=\"113\">\n<p>2\u00ba lugar<\/p>\n<\/td>\n<\/tr>\n<tr>\n<td width=\"329\">\n<p>ALICE PENTEADO HOLKEM<\/p>\n<\/td>\n<td width=\"69\">\n<p>7,32<\/p>\n<\/td>\n<td width=\"113\">\n<p>3\u00ba lugar<\/p>\n<\/td>\n<\/tr>\n<tr>\n<td width=\"329\">\n<p>LET\u00cdCIA CALLEGARO BRUDI<\/p>\n<\/td>\n<td width=\"69\">\n<p>6,95<\/p>\n<\/td>\n<td width=\"113\">\n<p>4\u00ba lugar<\/p>\n<\/td>\n<\/tr>\n<tr>\n<td width=\"329\">\n<p>KAROLAINE DA SILVA ALBARNAZ<\/p>\n<\/td>\n<td width=\"69\">\n<p>6,51<\/p>\n<\/td>\n<td width=\"113\">\n<p>5\u00ba lugar<\/p>\n<\/td>\n<\/tr>\n<tr>\n<td width=\"329\">\n<p>VICTOR DOS SANTOS PEREIRA<\/p>\n<\/td>\n<td width=\"69\">\n<p>6,20<\/p>\n<\/td>\n<td width=\"113\">\n<p>6\u00ba lugar<\/p>\n<\/td>\n<\/tr>\n<tr>\n<td width=\"329\">\n<p>CAROLINE MATTE SENGER<\/p>\n<\/td>\n<td width=\"69\">\n<p>6,05<\/p>\n<\/td>\n<td width=\"113\">\n<p>7\u00ba lugar<\/p>\n<\/td>\n<\/tr>\n<tr>\n<td width=\"329\">\n<p>DINARA DA SILVA RODRIGUES<\/p>\n<\/td>\n<td width=\"69\">\n<p>6,00<\/p>\n<\/td>\n<td width=\"113\">\n<p>8\u00ba lugar<\/p>\n<\/td>\n<\/tr>\n<tr>\n<td width=\"329\">\n<p>CRISTINA RAMOS TRINDADE<\/p>\n<\/td>\n<td width=\"69\">\n<p>5,81<\/p>\n<\/td>\n<td width=\"113\">\n<p>9\u00ba lugar<\/p>\n<\/td>\n<\/tr>\n<tr>\n<td width=\"329\">\n<p>JADER RODRIGO KAPPAUN DA SILVEIRA<\/p>\n<\/td>\n<td width=\"69\">\n<p>5,01<\/p>\n<\/td>\n<td width=\"113\">\n<p>10\u00ba lugar<\/p>\n<\/td>\n<\/tr>\n<tr>\n<td width=\"329\">\n<p>CAMILA MARIA AGUIAR DA COSTA ALVES<\/p>\n<\/td>\n<td width=\"69\">\n<p>5,00<\/p>\n<\/td>\n<td width=\"113\">\n<p>11\u00ba lugar<\/p>\n<\/td>\n<\/tr>\n<\/tbody>\n<\/table>\n<p>\u00a0<\/p>\n<p><strong>Suplentes<\/strong><\/p>\n<p>Nenhum candidato ficou como suplente, pois sobraram vagas nesta \u00e1rea para este n\u00edvel.<\/p>\n<p>\u00a0<\/p>\n<p><strong>Demais candidatos n\u00e3o classificados<\/strong><\/p>\n<table width=\"511\">\n<tbody>\n<tr>\n<td width=\"329\">\n<p><strong>Candidato<\/strong><\/p>\n<\/td>\n<td width=\"77\">\n<p><strong>Nota<\/strong><\/p>\n<\/td>\n<td width=\"105\">\n<p><strong>Classifica\u00e7\u00e3o<\/strong><\/p>\n<\/td>\n<\/tr>\n<tr>\n<td width=\"329\">\n<p>ANA CAROLINE VEDOVATO RUBIN<\/p>\n<\/td>\n<td width=\"77\">\n<p>3,68<\/p>\n<\/td>\n<td width=\"105\">\n<p>R<\/p>\n<\/td>\n<\/tr>\n<tr>\n<td width=\"329\">\n<p>MILENA PENDEZA DE AVILA<\/p>\n<\/td>\n<td width=\"77\">\n<p>3,76<\/p>\n<\/td>\n<td width=\"105\">\n<p>R<\/p>\n<\/td>\n<\/tr>\n<tr>\n<td width=\"329\">\n<p>PRISCILA DOTTO ROSA BALBINOT<\/p>\n<\/td>\n<td width=\"77\">\n<p>3,33<\/p>\n<\/td>\n<td width=\"105\">\n<p>R<\/p>\n<\/td>\n<\/tr>\n<tr>\n<td width=\"329\">\n<p>TAYN\u00c1 VERONICA VARGAS DE G\u00d3ES<\/p>\n<\/td>\n<td width=\"77\">\n<p>3,38<\/p>\n<\/td>\n<td width=\"105\">\n<p>R<\/p>\n<\/td>\n<\/tr>\n<tr>\n<td width=\"329\">\n<p>THAIS DOS SANTOS BER\u00d3N<\/p>\n<\/td>\n<td width=\"77\">\n<p>1,00<\/p>\n<\/td>\n<td width=\"105\">\n<p>R<\/p>\n<\/td>\n<\/tr>\n<\/tbody>\n<\/table>\n<p><strong>\u00a0<\/strong><\/p>\n<p><strong>\u00a0<\/strong><\/p>\n<p><strong>QU\u00cdMICA ORG\u00c2NICA<\/strong><\/p>\n<p>\u00a0<\/p>\n<p><strong>Aprovados<\/strong><\/p>\n<table width=\"511\">\n<tbody>\n<tr>\n<td width=\"329\">\n<p><strong>Candidato<\/strong><\/p>\n<\/td>\n<td width=\"77\">\n<p><strong>Nota<\/strong><\/p>\n<\/td>\n<td width=\"105\">\n<p><strong>Classifica\u00e7\u00e3o<\/strong><\/p>\n<\/td>\n<\/tr>\n<tr>\n<td width=\"329\">\n<p>ALISSON VASQUES PAZ<\/p>\n<\/td>\n<td width=\"77\">\n<p>8,12<\/p>\n<\/td>\n<td width=\"105\">\n<p>1\u00ba lugar<\/p>\n<\/td>\n<\/tr>\n<tr>\n<td width=\"329\">\n<p>INAI\u00c1 OLIVEIRA DA ROCHA<\/p>\n<\/td>\n<td width=\"77\">\n<p>7,84<\/p>\n<\/td>\n<td width=\"105\">\n<p>2\u00ba lugar<\/p>\n<\/td>\n<\/tr>\n<tr>\n<td width=\"329\">\n<p>SILVIA BERNARDY<\/p>\n<\/td>\n<td width=\"77\">\n<p>6,90<\/p>\n<\/td>\n<td width=\"105\">\n<p>3\u00ba lugar<\/p>\n<\/td>\n<\/tr>\n<\/tbody>\n<\/table>\n<p>\u00a0<\/p>\n<p><strong>Suplentes<\/strong><\/p>\n<p>Nenhum candidato ficou como suplente, pois sobraram vagas nesta \u00e1rea para este n\u00edvel.<\/p>\n<p>\u00a0<\/p>\n<p><strong>Demais candidatos n\u00e3o classificados<\/strong><\/p>\n<table width=\"511\">\n<tbody>\n<tr>\n<td width=\"332\">\n<p><strong>Candidato<\/strong><\/p>\n<\/td>\n<td width=\"76\">\n<p><strong>Nota<\/strong><\/p>\n<\/td>\n<td width=\"104\">\n<p><strong>Classifica\u00e7\u00e3o<\/strong><\/p>\n<\/td>\n<\/tr>\n<tr>\n<td width=\"332\">\n<p>JULIANE NASCIMENTO ARA\u00daJO<\/p>\n<\/td>\n<td width=\"76\">\n<p>2,48<\/p>\n<\/td>\n<td width=\"104\">\n<p>R<\/p>\n<\/td>\n<\/tr>\n<\/tbody>\n<\/table>\n<p><strong>\u00a0<\/strong><\/p>\n<p>\u00a0<\/p>\n<p><strong>QU\u00cdMICA INORG\u00c2NICA<\/strong><\/p>\n<p>\u00a0<\/p>\n<p><strong>Aprovados<\/strong><\/p>\n<table width=\"511\">\n<tbody>\n<tr>\n<td width=\"332\">\n<p><strong>Candidato<\/strong><\/p>\n<\/td>\n<td width=\"76\">\n<p><strong>Nota<\/strong><\/p>\n<\/td>\n<td width=\"104\">\n<p><strong>Classifica\u00e7\u00e3o<\/strong><\/p>\n<\/td>\n<\/tr>\n<tr>\n<td width=\"332\">\n<p>RODRIGO CERVO<\/p>\n<\/td>\n<td width=\"76\">\n<p>7,90<\/p>\n<\/td>\n<td width=\"104\">\n<p>1\u00ba lugar<\/p>\n<\/td>\n<\/tr>\n<\/tbody>\n<\/table>\n<p>\u00a0<\/p>\n<p><strong>Suplentes<\/strong><\/p>\n<p>Nenhum candidato ficou como suplente, pois sobraram vagas nesta \u00e1rea para este n\u00edvel.<\/p>\n<p>\u00a0<\/p>\n<p><strong>Demais candidatos n\u00e3o classificados<\/strong><\/p>\n<table width=\"511\">\n<tbody>\n<tr>\n<td width=\"332\">\n<p><strong>Candidato<\/strong><\/p>\n<\/td>\n<td width=\"76\">\n<p><strong>Nota<\/strong><\/p>\n<\/td>\n<td width=\"104\">\n<p><strong>Classifica\u00e7\u00e3o<\/strong><\/p>\n<\/td>\n<\/tr>\n<tr>\n<td width=\"332\">\n<p>MILENE FRACASSO GALVANI<\/p>\n<\/td>\n<td width=\"76\">\n<p>4,05<\/p>\n<\/td>\n<td width=\"104\">\n<p>R<\/p>\n<\/td>\n<\/tr>\n<\/tbody>\n<\/table>\n<p>\u00a0<\/p>\n<p>\u00a0<\/p>\n<p><strong>F\u00cdSICO-QU\u00cdMICA<\/strong><\/p>\n<p>\u00a0<\/p>\n<p><strong>Aprovados<\/strong><\/p>\n<table width=\"511\">\n<tbody>\n<tr>\n<td width=\"332\">\n<p><strong>Candidato<\/strong><\/p>\n<\/td>\n<td width=\"76\">\n<p><strong>Nota<\/strong><\/p>\n<\/td>\n<td width=\"104\">\n<p><strong>Classifica\u00e7\u00e3o<\/strong><\/p>\n<\/td>\n<\/tr>\n<tr>\n<td width=\"332\">\n<p>LIA MALLMANN MATTIAZZI<\/p>\n<\/td>\n<td width=\"76\">\n<p>5,04<\/p>\n<\/td>\n<td width=\"104\">\n<p>1\u00ba lugar<\/p>\n<\/td>\n<\/tr>\n<\/tbody>\n<\/table>\n<p>\u00a0<\/p>\n<p><strong>Suplentes<\/strong><\/p>\n<p>Nenhum candidato ficou como suplente, pois sobraram vagas nesta \u00e1rea para este n\u00edvel.<\/p>\n<p>\u00a0<\/p>\n<p><strong>Demais candidatos n\u00e3o classificados<\/strong><\/p>\n<table width=\"511\">\n<tbody>\n<tr>\n<td width=\"329\">\n<p><strong>Candidato<\/strong><\/p>\n<\/td>\n<td width=\"77\">\n<p><strong>Nota<\/strong><\/p>\n<\/td>\n<td width=\"105\">\n<p><strong>Classifica\u00e7\u00e3o<\/strong><\/p>\n<\/td>\n<\/tr>\n<tr>\n<td width=\"329\">\n<p>J\u00c9SSICA DA SILVA CARNIETTO<\/p>\n<\/td>\n<td width=\"77\">\n<p>1,30<\/p>\n<\/td>\n<td width=\"105\">\n<p>R<\/p>\n<\/td>\n<\/tr>\n<tr>\n<td width=\"329\">\n<p>PAULO VITOR CARDOSO FIGUEIREDO<\/p>\n<\/td>\n<td width=\"77\">\n<p>3,40<\/p>\n<\/td>\n<td width=\"105\">\n<p>R<\/p>\n<\/td>\n<\/tr>\n<\/tbody>\n<\/table>\n<p>\u00a0<\/p>\n<p>\u00a0<\/p>\n<p>\u00a0<\/p>\n<p><strong><em>\u00a0<\/em><\/strong><\/p>\n<p><strong><em>Confirma\u00e7\u00e3o da vaga<\/em><\/strong><\/p>\n<p>De acordo com o EDITAL N\u00ba 015, DE 11 DE MAIO DE 2018<\/p>\n<p>\u00a0<\/p>\n<p>16 a 18\/07\/18 &#8211; CLASSIFICADOS P\u00d3S-GRADUA\u00c7\u00c3O: Per\u00edodo para solicita\u00e7\u00e3o de confirma\u00e7\u00e3o de vaga via web e entrega no DERCA ou postagem dos documentos necess\u00e1rios \u00e0 confirma\u00e7\u00e3o de vaga dos candidatos classificados em cursos de p\u00f3s-gradua\u00e7\u00e3o, para ingresso no 2\u00ba semestre letivo de 2018, conforme orienta\u00e7\u00f5es do edital de sele\u00e7\u00e3o.<\/p>\n<p>\u00a0<\/p>\n<p>23 a 25\/07\/18 &#8211; CLASSIFICADOS P\u00d3S-GRADUA\u00c7\u00c3O: Per\u00edodo para solicita\u00e7\u00e3o de matr\u00edcula, via Portal do Aluno, dos candidatos classificados em cursos de p\u00f3s-gradua\u00e7\u00e3o, para ingresso no 2\u00ba semestre letivo de 2017, conforme orienta\u00e7\u00f5es do edital de sele\u00e7\u00e3o. Usar login (n\u00ba matr\u00edcula) e senha fornecidos diretamente ao aluno pelo DERCA por e-mail.<\/p>\n<p>\u00a0<\/p>\n<p>\u00c9 responsabilidade do aluno conferir no Portal do Aluno, ap\u00f3s o processamento pelo CPD, se as solicita\u00e7\u00f5es foram aceitas pelo sistema.<\/p>\n<p>\u00a0<\/p>\n<p><strong>Informa\u00e7\u00f5es Adicionais Mestrado<\/strong><\/p>\n<p>C\u00f3digo do Curso: 970<\/p>\n<p>\u00a0<\/p>\n<p>Durante o mestrado o aluno dever\u00e1 cursar no m\u00ednimo 18 (dezoito) cr\u00e9ditos, dos quais 12 (doze) correspondentes a disciplinas obrigat\u00f3rias (no m\u00ednimo, 03 cr\u00e9ditos em outra \u00e1rea de concentra\u00e7\u00e3o), 04 (quatro) a disciplinas eletivas e 02 (dois) a disciplina de Semin\u00e1rios I. A rela\u00e7\u00e3o das disciplinas do Programa est\u00e3o dispon\u00edveis em ufsm.br\/ppgq &#8211; Disciplinas 2017<\/p>\n<p>\u00a0<\/p>\n<p>No semestre que o aluno n\u00e3o tiver nenhuma disciplina do curr\u00edculo para cursar dever\u00e1 se matricular em EDT 00N \u2013 Elabora\u00e7\u00e3o Disserta\u00e7\u00e3o\/Tese para manter o v\u00ednculo com a UFSM.<\/p>\n<p>O aluno dever\u00e1, primeiramente, assistir a disciplina QMC 966 \u2013 Semin\u00e1rios I, com presen\u00e7a m\u00ednima de 75% sem solicitar matr\u00edcula desta disciplina no Portal do Aluno. A seguir, em qualquer semestre posterior, o aluno far\u00e1 a matr\u00edcula na disciplina e apresentar\u00e1 o seu semin\u00e1rio.<\/p>\n<p>\u00a0<\/p>\n<p>O atendimento aos alunos na Secretaria do PPGQu\u00edmica (esclarecimento de d\u00favidas, pedidos de declara\u00e7\u00f5es, atestados, etc &#8230;) \u00e9 realizado somente no turno da manh\u00e3.<\/p>\n<p>\u00a0<\/p>\n<p>A ficha Identifica\u00e7\u00e3o do Aluno (com\u00a0<strong>ou sem*<\/strong>\u00a0a assinatura do Orientador) dever\u00e1 ser preenchida e entregue na Coordena\u00e7\u00e3o, impreterivelmente, at\u00e9 o dia 25\/07\/2018.\u00a0 Esta ficha, em Word (sem a assinatura do Orientador), tamb\u00e9m dever\u00e1 ser enviada por e-mail para o endere\u00e7o\u00a0<a href=\"mailto:ademir.s.sartori@ufsm.br\">ademir.s.sartori@ufsm.br<\/a>\u00a0at\u00e9 o dia 25\/07\/2018 e encontra-se dispon\u00edvel para download em\u00a0<a href=\"http:\/\/www.ufsm.br\/ppgq\">www.ufsm.br\/ppgq<\/a>\u00a0&#8211; Alunos &#8211; Formul\u00e1rios.<\/p>\n<p>* Obs.: O aluno que entregar a ficha de Identifica\u00e7\u00e3o sem constar o nome do(a) Orientador(a) e assinatura n\u00e3o concorrer\u00e1 a bolsa.<\/p>\n<p>\u00a0<\/p>\n<p>Plano de estudos. No in\u00edcio do segundo semestre (at\u00e9 31\/08\/2018) os alunos dever\u00e3o acessar o Portal do Aluno abrir o plano de estudos, preencher e tramit\u00e1-lo para seu orientador.<\/p>\n<p>Os alunos somente poder\u00e3o realizar suas matr\u00edculas no semestre seguinte se tiverem preenchidos e aprovados seus planos de estudos on-line. Tutorial dispon\u00edvel em\u00a0<a href=\"http:\/\/www.ufsm.br\/pppg\">www.ufsm.br\/pppg<\/a>\u00a0 &#8211; Alunos &#8211; Formul\u00e1rios.<\/p>\n<p>\u00a0<\/p>\n<p>No decorrer do Curso, de acordo com a Resolu\u00e7\u00e3o 003\/10 *, o aluno de Mestrado da UFSM dever\u00e1 realizar o Teste de Sufici\u00eancia em L\u00edngua Inglesa. Para tanto o aluno dever\u00e1 fazer sua inscri\u00e7\u00e3o via web (<a href=\"http:\/\/www.ufsm.br\/\">www.ufsm.br<\/a>). O per\u00edodo para inscri\u00e7\u00e3o no 2\u00ba semestre 2018, de acordo com o Calend\u00e1rio Acad\u00eamico da UFSM, ser\u00e1 de 13 a 31\/08\/18. O teste ser\u00e1 no dia 05\/10\/2017.<\/p>\n<p>* I \u2013 Os alunos brasileiros e estrangeiros oriundos de pa\u00edses de l\u00edngua portuguesa poder\u00e3o escolher entre as l\u00ednguas estrangeiras oferecidas a cada edi\u00e7\u00e3o do teste. (Para o PPGQ, de acordo com o Regulamento, os alunos devem obrigatoriamente se inscrever em l\u00edngua inglesa).<\/p>\n<p>II \u2013 Os demais alunos estrangeiros dever\u00e3o submeter-se ao teste em l\u00edngua portuguesa.<\/p>\n<p>\u00a0<\/p>\n<p>O regulamento do PPGQ encontra-se dispon\u00edvel no site\u00a0<a href=\"http:\/\/www.ufsm.br\/ppgq\">www.ufsm.br\/ppgq<\/a>\u00a0em O Programa<\/p>\n<p>\u00a0<\/p>\n<p>O calend\u00e1rio estudantil 2018 est\u00e1 dispon\u00edvel nos site\u00a0<a href=\"http:\/\/www.ufsm.br\/\">www.ufsm.br<\/a>\u00a0(no Portal do Aluno) e\u00a0<a href=\"http:\/\/www.ufsm.br\/ppgq\">www.ufsm.br\/ppgq<\/a>.<\/p>\n<p>\u00a0<\/p>\n<p>* Eventuais mudan\u00e7as de datas (se houver) ser\u00e3o disponibilizadas no site da UFSM (www.ufsm.br) em Alunos &#8211; calend\u00e1rio letivo<\/p>\n<p>\u00a0<\/p>\n","protected":false},"excerpt":{"rendered":"<p>QU\u00cdMICA ANAL\u00cdTICA Aprovados Candidato Nota Classifica\u00e7\u00e3o EDUARDA QUADROS MACHADO 8,06 1\u00ba lugar PETR\u00d4NIO SILVA ZINN 7,50 2\u00ba lugar ALICE PENTEADO HOLKEM 7,32 3\u00ba lugar LET\u00cdCIA CALLEGARO BRUDI 6,95 4\u00ba lugar KAROLAINE DA SILVA ALBARNAZ 6,51 5\u00ba lugar VICTOR DOS SANTOS PEREIRA 6,20 6\u00ba lugar CAROLINE MATTE SENGER 6,05 7\u00ba lugar DINARA DA SILVA RODRIGUES 6,00 [&hellip;]<\/p>\n","protected":false},"author":115,"featured_media":0,"parent":0,"menu_order":0,"comment_status":"closed","ping_status":"closed","template":"","meta":{"footnotes":""},"categories":[],"tags":[],"class_list":["post-371","page","type-page","status-publish","hentry"],"acf":[],"_links":{"self":[{"href":"https:\/\/www.ufsm.br\/cursos\/pos-graduacao\/santa-maria\/ppgq\/wp-json\/wp\/v2\/pages\/371","targetHints":{"allow":["GET"]}}],"collection":[{"href":"https:\/\/www.ufsm.br\/cursos\/pos-graduacao\/santa-maria\/ppgq\/wp-json\/wp\/v2\/pages"}],"about":[{"href":"https:\/\/www.ufsm.br\/cursos\/pos-graduacao\/santa-maria\/ppgq\/wp-json\/wp\/v2\/types\/page"}],"author":[{"embeddable":true,"href":"https:\/\/www.ufsm.br\/cursos\/pos-graduacao\/santa-maria\/ppgq\/wp-json\/wp\/v2\/users\/115"}],"replies":[{"embeddable":true,"href":"https:\/\/www.ufsm.br\/cursos\/pos-graduacao\/santa-maria\/ppgq\/wp-json\/wp\/v2\/comments?post=371"}],"version-history":[{"count":0,"href":"https:\/\/www.ufsm.br\/cursos\/pos-graduacao\/santa-maria\/ppgq\/wp-json\/wp\/v2\/pages\/371\/revisions"}],"wp:attachment":[{"href":"https:\/\/www.ufsm.br\/cursos\/pos-graduacao\/santa-maria\/ppgq\/wp-json\/wp\/v2\/media?parent=371"}],"wp:term":[{"taxonomy":"category","embeddable":true,"href":"https:\/\/www.ufsm.br\/cursos\/pos-graduacao\/santa-maria\/ppgq\/wp-json\/wp\/v2\/categories?post=371"},{"taxonomy":"post_tag","embeddable":true,"href":"https:\/\/www.ufsm.br\/cursos\/pos-graduacao\/santa-maria\/ppgq\/wp-json\/wp\/v2\/tags?post=371"}],"curies":[{"name":"wp","href":"https:\/\/api.w.org\/{rel}","templated":true}]}}