{"id":373,"date":"2019-01-17T09:11:52","date_gmt":"2019-01-17T11:11:52","guid":{"rendered":"https:\/\/www.ufsm.br\/cursos\/pos-graduacao\/santa-maria\/ppgq\/?page_id=373"},"modified":"2019-01-17T09:11:55","modified_gmt":"2019-01-17T11:11:55","slug":"selecao-mestrado-realizada-em-12-06-2017","status":"publish","type":"page","link":"https:\/\/www.ufsm.br\/cursos\/pos-graduacao\/santa-maria\/ppgq\/selecao-mestrado-realizada-em-12-06-2017","title":{"rendered":"Sele\u00e7\u00e3o mestrado realizada em 12\/06\/2017"},"content":{"rendered":"\n<p><strong>QU\u00cdMICA ANAL\u00cdTICA<\/strong><\/p>\n<p>\u00a0<strong>Aprovados<\/strong><\/p>\n<table width=\"628\">\n<tbody>\n<tr>\n<td width=\"99\">\n<p><strong>Inscri\u00e7\u00e3o<\/strong><\/p>\n<\/td>\n<td width=\"327\">\n<p><strong>Candidato<\/strong><\/p>\n<\/td>\n<td width=\"97\">\n<p><strong>Nota<\/strong><\/p>\n<\/td>\n<td width=\"105\">\n<p><strong>Classifica\u00e7\u00e3o<\/strong><\/p>\n<\/td>\n<\/tr>\n<tr>\n<td width=\"99\">\n<p>4780<\/p>\n<\/td>\n<td width=\"327\">\n<p>LET\u00cdCIA HOTZ LEPSCH<\/p>\n<\/td>\n<td width=\"97\">\n<p>8,64<\/p>\n<\/td>\n<td width=\"105\">\n<p>1\u00ba lugar<\/p>\n<\/td>\n<\/tr>\n<tr>\n<td width=\"99\">\n<p>4371<\/p>\n<\/td>\n<td width=\"327\">\n<p>PAULO EM\u00cdLIO PEREIRA BARCI<\/p>\n<\/td>\n<td width=\"97\">\n<p>7,36<\/p>\n<\/td>\n<td width=\"105\">\n<p>2\u00ba lugar<\/p>\n<\/td>\n<\/tr>\n<tr>\n<td width=\"99\">\n<p>4491<\/p>\n<\/td>\n<td width=\"327\">\n<p>LOISLEINI FONTOURA SALDANHA<\/p>\n<\/td>\n<td width=\"97\">\n<p>7,03<\/p>\n<\/td>\n<td width=\"105\">\n<p>3\u00ba lugar<\/p>\n<\/td>\n<\/tr>\n<tr>\n<td width=\"99\">\n<p>4138<\/p>\n<\/td>\n<td width=\"327\">\n<p>ANA LUIZA GARCIA MENDES<\/p>\n<\/td>\n<td width=\"97\">\n<p>6,24<\/p>\n<\/td>\n<td width=\"105\">\n<p>4\u00ba lugar<\/p>\n<\/td>\n<\/tr>\n<tr>\n<td width=\"99\">\n<p>3927<\/p>\n<\/td>\n<td width=\"327\">\n<p>LENISE JANA\u00cdNA PERTILE IZEPPI<\/p>\n<\/td>\n<td width=\"97\">\n<p>5,76<\/p>\n<\/td>\n<td width=\"105\">\n<p>5\u00ba lugar<\/p>\n<\/td>\n<\/tr>\n<tr>\n<td width=\"99\">\n<p>6040<\/p>\n<\/td>\n<td width=\"327\">\n<p>VITORIA HAGEMANN CAUDURO<\/p>\n<\/td>\n<td width=\"97\">\n<p>5,59<\/p>\n<\/td>\n<td width=\"105\">\n<p>6\u00ba lugar<\/p>\n<\/td>\n<\/tr>\n<\/tbody>\n<\/table>\n<p>\u00a0<\/p>\n<p>\u00a0<strong>Suplentes<\/strong><\/p>\n<p>Nenhum candidato ficou como suplente, pois sobraram vagas nesta \u00e1rea para este n\u00edvel.<\/p>\n<p>\u00a0<\/p>\n<p><strong>Demais candidatos n\u00e3o classificados<\/strong><\/p>\n<table width=\"523\">\n<tbody>\n<tr>\n<td width=\"99\">\n<p><strong>Inscri\u00e7\u00e3o<\/strong><\/p>\n<\/td>\n<td width=\"337\">\n<p><strong>Candidato<\/strong><\/p>\n<\/td>\n<td width=\"87\">\n<p><strong>Nota<\/strong><\/p>\n<\/td>\n<\/tr>\n<tr>\n<td width=\"99\">\n<p>4444<\/p>\n<\/td>\n<td width=\"337\">\n<p>CRISTIAN HENRIQUE KRAUSE<\/p>\n<\/td>\n<td width=\"87\">\n<p>3,90<\/p>\n<\/td>\n<\/tr>\n<tr>\n<td width=\"99\">\n<p>5980<\/p>\n<\/td>\n<td width=\"337\">\n<p>YERIAH NAIF AMIM MAHMUD KADER<\/p>\n<\/td>\n<td width=\"87\">\n<p>3,52<\/p>\n<\/td>\n<\/tr>\n<tr>\n<td width=\"99\">\n<p>4296<\/p>\n<\/td>\n<td width=\"337\">\n<p>M\u00d4NICA ST\u00dcKER<\/p>\n<\/td>\n<td width=\"87\">\n<p>3,29<\/p>\n<\/td>\n<\/tr>\n<tr>\n<td width=\"99\">\n<p>4512<\/p>\n<\/td>\n<td width=\"337\">\n<p>LAYOAN DANTAS MASCARENHAS<\/p>\n<\/td>\n<td width=\"87\">\n<p>2,87<\/p>\n<\/td>\n<\/tr>\n<tr>\n<td width=\"99\">\n<p>5201<\/p>\n<\/td>\n<td width=\"337\">\n<p>FRANCCESCA FORNASIER<\/p>\n<\/td>\n<td width=\"87\">\n<p>2,40<\/p>\n<\/td>\n<\/tr>\n<tr>\n<td width=\"99\">\n<p>5165<\/p>\n<\/td>\n<td width=\"337\">\n<p>VAL\u00c9RIA FRANK DO NASCIMENTO<\/p>\n<\/td>\n<td width=\"87\">\n<p>2,23<\/p>\n<\/td>\n<\/tr>\n<tr>\n<td width=\"99\">\n<p>5613<\/p>\n<\/td>\n<td width=\"337\">\n<p>ROBERTA FABRICIO LOOSE<\/p>\n<\/td>\n<td width=\"87\">\n<p>1,98<\/p>\n<\/td>\n<\/tr>\n<tr>\n<td width=\"99\">\n<p>5317<\/p>\n<\/td>\n<td width=\"337\">\n<p>NATHALIA PESAMOSCA ZANCAN<\/p>\n<\/td>\n<td width=\"87\">\n<p>1,84<\/p>\n<\/td>\n<\/tr>\n<tr>\n<td width=\"99\">\n<p>4587<\/p>\n<\/td>\n<td width=\"337\">\n<p>JADER R. K. DA SILVEIRA<\/p>\n<\/td>\n<td width=\"87\">\n<p>1,60<\/p>\n<\/td>\n<\/tr>\n<tr>\n<td width=\"99\">\n<p>5851<\/p>\n<\/td>\n<td width=\"337\">\n<p>REGIS FERNANDO DA SILVA DALLA LANA<\/p>\n<\/td>\n<td width=\"87\">\n<p>1,08<\/p>\n<\/td>\n<\/tr>\n<tr>\n<td width=\"99\">\n<p>4018<\/p>\n<\/td>\n<td width=\"337\">\n<p>LARISSA DA ROSA FOLGEARINI<\/p>\n<\/td>\n<td width=\"87\">\n<p>0,72<\/p>\n<\/td>\n<\/tr>\n<tr>\n<td width=\"99\">\n<p>4517<\/p>\n<\/td>\n<td width=\"337\">\n<p>ROSANGELA MARIA COLLETO<\/p>\n<\/td>\n<td width=\"87\">\n<p>0,40<\/p>\n<\/td>\n<\/tr>\n<tr>\n<td width=\"99\">\n<p>4452<\/p>\n<\/td>\n<td width=\"337\">\n<p>ARIANE DOSE DE LARA<\/p>\n<\/td>\n<td width=\"87\">\n<p>NC<\/p>\n<\/td>\n<\/tr>\n<\/tbody>\n<\/table>\n<p><strong>\u00a0<\/strong><\/p>\n<p><strong>\u00a0QU\u00cdMICA ORG\u00c2NICA<\/strong><\/p>\n<p>\u00a0<strong>Aprovados<\/strong><\/p>\n<table width=\"628\">\n<tbody>\n<tr>\n<td width=\"99\">\n<p><strong>Inscri\u00e7\u00e3o<\/strong><\/p>\n<\/td>\n<td width=\"327\">\n<p><strong>Candidato<\/strong><\/p>\n<\/td>\n<td width=\"97\">\n<p><strong>Nota<\/strong><\/p>\n<\/td>\n<td width=\"105\">\n<p><strong>Classifica\u00e7\u00e3o<\/strong><\/p>\n<\/td>\n<\/tr>\n<tr>\n<td width=\"99\">\n<p>4398<\/p>\n<\/td>\n<td width=\"327\">\n<p>GUILHERME LEONEL<\/p>\n<\/td>\n<td width=\"97\">\n<p>7,30<\/p>\n<\/td>\n<td width=\"105\">\n<p>1\u00ba lugar<\/p>\n<\/td>\n<\/tr>\n<tr>\n<td width=\"99\">\n<p>4197<\/p>\n<\/td>\n<td width=\"327\">\n<p>LEONARDO MENEZES<\/p>\n<\/td>\n<td width=\"97\">\n<p>5,76<\/p>\n<\/td>\n<td width=\"105\">\n<p>2\u00ba lugar<\/p>\n<\/td>\n<\/tr>\n<tr>\n<td width=\"99\">\n<p>4851<\/p>\n<\/td>\n<td width=\"327\">\n<p>JEAN CARLO KAZMIERCZAK<\/p>\n<\/td>\n<td width=\"97\">\n<p>5,58<\/p>\n<\/td>\n<td width=\"105\">\n<p>3\u00ba lugar<\/p>\n<\/td>\n<\/tr>\n<\/tbody>\n<\/table>\n<p>\u00a0<\/p>\n<p><strong>Suplentes<\/strong><\/p>\n<p>Nenhum candidato ficou como suplente, pois sobraram vagas nesta \u00e1rea para este n\u00edvel.<\/p>\n<p>\u00a0<\/p>\n<p><strong>Demais candidatos n\u00e3o classificados<\/strong><\/p>\n<table width=\"523\">\n<tbody>\n<tr>\n<td width=\"99\">\n<p><strong>Inscri\u00e7\u00e3o<\/strong><\/p>\n<\/td>\n<td width=\"327\">\n<p><strong>Candidato<\/strong><\/p>\n<\/td>\n<td width=\"97\">\n<p><strong>Nota<\/strong><\/p>\n<\/td>\n<\/tr>\n<tr>\n<td width=\"99\">\n<p>4010<\/p>\n<\/td>\n<td width=\"327\">\n<p>ADRIANO MARONEZE<\/p>\n<\/td>\n<td width=\"97\">\n<p>3,07<\/p>\n<\/td>\n<\/tr>\n<tr>\n<td width=\"99\">\n<p>3993<\/p>\n<\/td>\n<td width=\"327\">\n<p>THA\u00cdSSA SILVA BECK<\/p>\n<\/td>\n<td width=\"97\">\n<p>2,53<\/p>\n<\/td>\n<\/tr>\n<tr>\n<td width=\"99\">\n<p>4733<\/p>\n<\/td>\n<td width=\"327\">\n<p>FERNANDA PIECHA LUDWIG<\/p>\n<\/td>\n<td width=\"97\">\n<p>2,35<\/p>\n<\/td>\n<\/tr>\n<tr>\n<td width=\"99\">\n<p>5466<\/p>\n<\/td>\n<td width=\"327\">\n<p>NILVA MARIA RAMBO SCHEID<\/p>\n<\/td>\n<td width=\"97\">\n<p>1,24<\/p>\n<\/td>\n<\/tr>\n<tr>\n<td width=\"99\">\n<p>5773<\/p>\n<\/td>\n<td width=\"327\">\n<p>MIREILA BEHLING<\/p>\n<\/td>\n<td width=\"97\">\n<p>0,90<\/p>\n<\/td>\n<\/tr>\n<\/tbody>\n<\/table>\n<p><strong>\u00a0<\/strong><\/p>\n<p>\u00a0<strong>QU\u00cdMICA INORG\u00c2NICA<\/strong><\/p>\n<p>\u00a0<strong>Aprovados<\/strong><\/p>\n<table width=\"628\">\n<tbody>\n<tr>\n<td width=\"99\">\n<p><strong>Inscri\u00e7\u00e3o<\/strong><\/p>\n<\/td>\n<td width=\"327\">\n<p><strong>Candidato<\/strong><\/p>\n<\/td>\n<td width=\"97\">\n<p><strong>Nota<\/strong><\/p>\n<\/td>\n<td width=\"105\">\n<p><strong>Classifica\u00e7\u00e3o<\/strong><\/p>\n<\/td>\n<\/tr>\n<tr>\n<td width=\"99\">\n<p>5637<\/p>\n<\/td>\n<td width=\"327\">\n<p>FRANCISCO MAINARDI MARTINS<\/p>\n<\/td>\n<td width=\"97\">\n<p>9,54<\/p>\n<\/td>\n<td width=\"105\">\n<p>1\u00ba lugar<\/p>\n<\/td>\n<\/tr>\n<tr>\n<td width=\"99\">\n<p>3930<\/p>\n<\/td>\n<td width=\"327\">\n<p>DANIELE COCCO DURIGON<\/p>\n<\/td>\n<td width=\"97\">\n<p>7,97<\/p>\n<\/td>\n<td width=\"105\">\n<p>2\u00ba lugar<\/p>\n<\/td>\n<\/tr>\n<tr>\n<td width=\"99\">\n<p>4083<\/p>\n<\/td>\n<td width=\"327\">\n<p>SIDNEI FLORES DE PELLEGRIN<\/p>\n<\/td>\n<td width=\"97\">\n<p>6,72<\/p>\n<\/td>\n<td width=\"105\">\n<p>3\u00ba lugar<\/p>\n<\/td>\n<\/tr>\n<tr>\n<td width=\"99\">\n<p>4998<\/p>\n<\/td>\n<td width=\"327\">\n<p>ANA J\u00daLIA ZIMMERMANN LONDERO<\/p>\n<\/td>\n<td width=\"97\">\n<p>5,21<\/p>\n<\/td>\n<td width=\"105\">\n<p>4\u00ba lugar<\/p>\n<\/td>\n<\/tr>\n<\/tbody>\n<\/table>\n<p>\u00a0<\/p>\n<p><strong>Suplentes<\/strong><\/p>\n<p>Nenhum candidato ficou como suplente, pois sobraram vagas nesta \u00e1rea para este n\u00edvel.<\/p>\n<p>\u00a0<\/p>\n<p><strong>Demais candidatos n\u00e3o classificados<\/strong><\/p>\n<table width=\"523\">\n<tbody>\n<tr>\n<td width=\"99\">\n<p><strong>Inscri\u00e7\u00e3o<\/strong><\/p>\n<\/td>\n<td width=\"327\">\n<p><strong>Candidato<\/strong><\/p>\n<\/td>\n<td width=\"97\">\n<p><strong>Nota<\/strong><\/p>\n<\/td>\n<\/tr>\n<tr>\n<td width=\"99\">\n<p>3921<\/p>\n<\/td>\n<td width=\"327\">\n<p>ANDR\u00c9 DUTRA GARCIA<\/p>\n<\/td>\n<td width=\"97\">\n<p>3,72<\/p>\n<\/td>\n<\/tr>\n<tr>\n<td width=\"99\">\n<p>3897<\/p>\n<\/td>\n<td width=\"327\">\n<p>MARCIELLI INDIARA DE OLIVEIRA<\/p>\n<\/td>\n<td width=\"97\">\n<p>3,28<\/p>\n<\/td>\n<\/tr>\n<tr>\n<td width=\"99\">\n<p>4375<\/p>\n<\/td>\n<td width=\"327\">\n<p>LISIANE DA SILVA SEVERO<\/p>\n<\/td>\n<td width=\"97\">\n<p>0,58<\/p>\n<\/td>\n<\/tr>\n<tr>\n<td width=\"99\">\n<p>4116<\/p>\n<\/td>\n<td width=\"327\">\n<p>ALISSON JUNIOR MOURA DA ROSA<\/p>\n<\/td>\n<td width=\"97\">\n<p>0,40<\/p>\n<\/td>\n<\/tr>\n<\/tbody>\n<\/table>\n<p>\u00a0<\/p>\n<p>\u00a0<strong>F\u00cdSICO-QU\u00cdMICA<\/strong><\/p>\n<p>\u00a0<strong>Aprovados<\/strong><\/p>\n<table width=\"628\">\n<tbody>\n<tr>\n<td width=\"99\">\n<p><strong>Inscri\u00e7\u00e3o<\/strong><\/p>\n<\/td>\n<td width=\"327\">\n<p><strong>Candidato<\/strong><\/p>\n<\/td>\n<td width=\"97\">\n<p><strong>Nota<\/strong><\/p>\n<\/td>\n<td width=\"105\">\n<p><strong>Classifica\u00e7\u00e3o<\/strong><\/p>\n<\/td>\n<\/tr>\n<tr>\n<td width=\"99\">\n<p>5025<\/p>\n<\/td>\n<td width=\"327\">\n<p>PAOLA MORTARI CARIJO<\/p>\n<\/td>\n<td width=\"97\">\n<p>6,16<\/p>\n<\/td>\n<td width=\"105\">\n<p>1\u00ba lugar<\/p>\n<\/td>\n<\/tr>\n<tr>\n<td width=\"99\">\n<p>4142<\/p>\n<\/td>\n<td width=\"327\">\n<p>LUCAS MIRONUK FRESCURA<\/p>\n<\/td>\n<td width=\"97\">\n<p>5,22<\/p>\n<\/td>\n<td width=\"105\">\n<p>2\u00ba lugar<\/p>\n<\/td>\n<\/tr>\n<\/tbody>\n<\/table>\n<p>\u00a0<\/p>\n<p><strong>Suplentes<\/strong><\/p>\n<p>Nenhum candidato ficou como suplente, pois sobraram vagas nesta \u00e1rea para este n\u00edvel.<\/p>\n<p>\u00a0<\/p>\n<p><strong>Demais candidatos n\u00e3o classificados<\/strong><\/p>\n<table width=\"523\">\n<tbody>\n<tr>\n<td width=\"99\">\n<p><strong>Inscri\u00e7\u00e3o<\/strong><\/p>\n<\/td>\n<td width=\"327\">\n<p><strong>Candidato<\/strong><\/p>\n<\/td>\n<td width=\"97\">\n<p><strong>Nota<\/strong><\/p>\n<\/td>\n<\/tr>\n<tr>\n<td width=\"99\">\n<p>5493<\/p>\n<\/td>\n<td width=\"327\">\n<p>BRUNO ENGEL<\/p>\n<\/td>\n<td width=\"97\">\n<p>3,54<\/p>\n<\/td>\n<\/tr>\n<tr>\n<td width=\"99\">\n<p>5764<\/p>\n<\/td>\n<td width=\"327\">\n<p>MATHEUS JOS\u00c9 GOMES DIEHL<\/p>\n<\/td>\n<td width=\"97\">\n<p>1,69<\/p>\n<\/td>\n<\/tr>\n<\/tbody>\n<\/table>\n<p>\u00a0<\/p>\n<p>\u00a0<\/p>\n<p>\u00a0<strong><em>Confirma\u00e7\u00e3o da vaga<\/em><\/strong><\/p>\n<p>De acordo com o EDITAL N\u00ba 017\/2017, DE 12 DE MAIO DE 2017<\/p>\n<p>\u00a0<\/p>\n<p>12 a 14\/07\/17 &#8211; CLASSIFICADOS P\u00d3S-GRADUA\u00c7\u00c3O: Per\u00edodo para solicita\u00e7\u00e3o de confirma\u00e7\u00e3o de vaga via web e entrega no DERCA ou postagem dos documentos necess\u00e1rios \u00e0 confirma\u00e7\u00e3o de vaga dos candidatos classificados em cursos de p\u00f3s-gradua\u00e7\u00e3o, para ingresso no 2\u00ba semestre letivo de 2017, conforme orienta\u00e7\u00f5es do edital de sele\u00e7\u00e3o.<\/p>\n<p>\u00a024 a 26\/07\/17 &#8211; CLASSIFICADOS P\u00d3S-GRADUA\u00c7\u00c3O: Per\u00edodo para solicita\u00e7\u00e3o de matr\u00edcula, via Portal do Aluno, dos candidatos classificados em cursos de p\u00f3s-gradua\u00e7\u00e3o, para ingresso no 2\u00ba semestre letivo de 2017, conforme orienta\u00e7\u00f5es do edital de sele\u00e7\u00e3o. Usar login (n\u00ba matr\u00edcula) e senha fornecidos diretamente ao aluno pelo DERCA por e-mail.<\/p>\n<p>\u00a0\u00c9 responsabilidade do aluno conferir no Portal do Aluno, ap\u00f3s o processamento pelo CPD, se as solicita\u00e7\u00f5es foram aceitas pelo sistema.<\/p>\n<p>\u00a0<\/p>\n<p><strong>Informa\u00e7\u00f5es Adicionais Mestrado<\/strong><\/p>\n<p>C\u00f3digo do Curso: 970<\/p>\n<p>\u00a0Durante o mestrado o aluno dever\u00e1 cursar no m\u00ednimo 18 (dezoito) cr\u00e9ditos, dos quais 12 (doze) correspondentes a disciplinas obrigat\u00f3rias (no m\u00ednimo, 03 cr\u00e9ditos em outra \u00e1rea de concentra\u00e7\u00e3o), 04 (quatro) a disciplinas eletivas e 02 (dois) a disciplina de Semin\u00e1rios I. A rela\u00e7\u00e3o das disciplinas do Programa est\u00e3o dispon\u00edveis em ufsm.br\/ppgq &#8211; O Programa \u2013 Disciplinas 2017<\/p>\n<p>\u00a0No semestre que o aluno n\u00e3o tiver nenhuma disciplina do curr\u00edculo para cursar dever\u00e1 se matricular em EDT 00N \u2013 Elabora\u00e7\u00e3o Disserta\u00e7\u00e3o\/Tese para manter o v\u00ednculo com a UFSM.<\/p>\n<p>O aluno dever\u00e1, primeiramente, assistir a disciplina QMC 966 \u2013 Semin\u00e1rios I, com presen\u00e7a m\u00ednima de 75% sem solicitar matr\u00edcula desta disciplina no Portal do Aluno. A seguir, em qualquer semestre posterior, o aluno far\u00e1 a matr\u00edcula na disciplina e apresentar\u00e1 o seu semin\u00e1rio.<\/p>\n<p>\u00a0\u00c9 responsabilidade do aluno conferir no Portal do Aluno, ap\u00f3s o processamento pelo CPD, se as solicita\u00e7\u00f5es foram aceitas pelo sistema.<\/p>\n<p>\u00a0O atendimento aos alunos na Secretaria do PPGQu\u00edmica (esclarecimento de d\u00favidas, pedidos de declara\u00e7\u00f5es, atestados, etc &#8230;) \u00e9 realizado somente no turno da manh\u00e3.<\/p>\n<p>\u00a0A ficha Identifica\u00e7\u00e3o do Aluno (com\u00a0<strong>ou sem*<\/strong>\u00a0a assinatura do Orientador) dever\u00e1 ser preenchida e entregue na Coordena\u00e7\u00e3o, impreterivelmente, at\u00e9 o dia 31\/07\/2017.\u00a0 Esta ficha, em Word (sem a assinatura do Orientador), tamb\u00e9m dever\u00e1 ser enviada por e-mail para o endere\u00e7o\u00a0<a href=\"mailto:ademir.s.sartori@ufsm.br\">ademir.s.sartori@ufsm.br<\/a>\u00a0at\u00e9 o dia 01\/08\/2017 e encontra-se dispon\u00edvel para download em\u00a0<a href=\"http:\/\/www.ufsm.br\/ppgq\">www.ufsm.br\/ppgq<\/a>\u00a0no \u00edcone Alunos &#8211; Formul\u00e1rios.<\/p>\n<p>* Obs.: O aluno que entregar a ficha de Identifica\u00e7\u00e3o sem constar o nome do(a) Orientador(a) e assinatura n\u00e3o concorrer\u00e1 a bolsa.<\/p>\n<p>\u00a0Plano de estudos. No in\u00edcio do segundo semestre (at\u00e9 31\/08\/2017) os alunos dever\u00e3o acessar o Portal do Aluno abrir o plano de estudos, preencher e tramit\u00e1-lo para seu orientador.<\/p>\n<p>Os alunos somente poder\u00e3o realizar suas matr\u00edculas no semestre seguinte se tiverem preenchidos e aprovados seus planos de estudos on-line. Tutorial dispon\u00edvel em\u00a0<a href=\"http:\/\/www.ufsm.br\/pppg\">www.ufsm.br\/pppg<\/a>\u00a0 &#8211; Alunos &#8211; Formul\u00e1rios.<\/p>\n<p>\u00a0No decorrer do Curso, de acordo com a Resolu\u00e7\u00e3o 003\/10 *, o aluno de Mestrado da UFSM dever\u00e1 realizar o Teste de Sufici\u00eancia em L\u00edngua Inglesa. Para tanto o aluno dever\u00e1 fazer sua inscri\u00e7\u00e3o via web (<a href=\"http:\/\/www.ufsm.br\/\">www.ufsm.br<\/a>). O per\u00edodo para inscri\u00e7\u00e3o no 2\u00ba semestre 2017, de acordo com o Calend\u00e1rio Acad\u00eamico da UFSM, ser\u00e1 de 07 a 31\/08\/17. O teste ser\u00e1 no dia 07\/10\/2017.<\/p>\n<p>* I \u2013 Os alunos brasileiros e estrangeiros oriundos de pa\u00edses de l\u00edngua portuguesa poder\u00e3o escolher entre as l\u00ednguas estrangeiras oferecidas a cada edi\u00e7\u00e3o do teste. (Para o PPGQ, de acordo com o Regulamento, os alunos devem obrigatoriamente se inscrever em l\u00edngua inglesa).<\/p>\n<p>II \u2013 Os demais alunos estrangeiros dever\u00e3o submeter-se ao teste em l\u00edngua portuguesa.<\/p>\n<p>O regulamento do PPGQ encontra-se dispon\u00edvel no site\u00a0<a href=\"http:\/\/www.ufsm.br\/ppgq\">www.ufsm.br\/ppgq<\/a>\u00a0em O Programa<\/p>\n<p>\u00a0O calend\u00e1rio estudantil 2017 est\u00e1 dispon\u00edvel nos site\u00a0<a href=\"http:\/\/www.ufsm.br\/\">www.ufsm.br<\/a>\u00a0(no Portal do Aluno) e\u00a0<a href=\"http:\/\/www.ufsm.br\/ppgq\">www.ufsm.br\/ppgq<\/a>.<\/p>\n<p>\u00a0<\/p>\n<p>* Eventuais mudan\u00e7as de datas (se houver) ser\u00e3o disponibilizadas no site da UFSM (www.ufsm.br) em Alunos &#8211; calend\u00e1rio letivo<\/p>\n","protected":false},"excerpt":{"rendered":"<p>QU\u00cdMICA ANAL\u00cdTICA \u00a0Aprovados Inscri\u00e7\u00e3o Candidato Nota Classifica\u00e7\u00e3o 4780 LET\u00cdCIA HOTZ LEPSCH 8,64 1\u00ba lugar 4371 PAULO EM\u00cdLIO PEREIRA BARCI 7,36 2\u00ba lugar 4491 LOISLEINI FONTOURA SALDANHA 7,03 3\u00ba lugar 4138 ANA LUIZA GARCIA MENDES 6,24 4\u00ba lugar 3927 LENISE JANA\u00cdNA PERTILE IZEPPI 5,76 5\u00ba lugar 6040 VITORIA HAGEMANN CAUDURO 5,59 6\u00ba lugar \u00a0 \u00a0Suplentes Nenhum [&hellip;]<\/p>\n","protected":false},"author":115,"featured_media":0,"parent":0,"menu_order":0,"comment_status":"closed","ping_status":"closed","template":"","meta":{"footnotes":""},"categories":[],"tags":[],"class_list":["post-373","page","type-page","status-publish","hentry"],"acf":[],"_links":{"self":[{"href":"https:\/\/www.ufsm.br\/cursos\/pos-graduacao\/santa-maria\/ppgq\/wp-json\/wp\/v2\/pages\/373","targetHints":{"allow":["GET"]}}],"collection":[{"href":"https:\/\/www.ufsm.br\/cursos\/pos-graduacao\/santa-maria\/ppgq\/wp-json\/wp\/v2\/pages"}],"about":[{"href":"https:\/\/www.ufsm.br\/cursos\/pos-graduacao\/santa-maria\/ppgq\/wp-json\/wp\/v2\/types\/page"}],"author":[{"embeddable":true,"href":"https:\/\/www.ufsm.br\/cursos\/pos-graduacao\/santa-maria\/ppgq\/wp-json\/wp\/v2\/users\/115"}],"replies":[{"embeddable":true,"href":"https:\/\/www.ufsm.br\/cursos\/pos-graduacao\/santa-maria\/ppgq\/wp-json\/wp\/v2\/comments?post=373"}],"version-history":[{"count":0,"href":"https:\/\/www.ufsm.br\/cursos\/pos-graduacao\/santa-maria\/ppgq\/wp-json\/wp\/v2\/pages\/373\/revisions"}],"wp:attachment":[{"href":"https:\/\/www.ufsm.br\/cursos\/pos-graduacao\/santa-maria\/ppgq\/wp-json\/wp\/v2\/media?parent=373"}],"wp:term":[{"taxonomy":"category","embeddable":true,"href":"https:\/\/www.ufsm.br\/cursos\/pos-graduacao\/santa-maria\/ppgq\/wp-json\/wp\/v2\/categories?post=373"},{"taxonomy":"post_tag","embeddable":true,"href":"https:\/\/www.ufsm.br\/cursos\/pos-graduacao\/santa-maria\/ppgq\/wp-json\/wp\/v2\/tags?post=373"}],"curies":[{"name":"wp","href":"https:\/\/api.w.org\/{rel}","templated":true}]}}