{"id":374,"date":"2019-01-17T09:13:17","date_gmt":"2019-01-17T11:13:17","guid":{"rendered":"https:\/\/www.ufsm.br\/cursos\/pos-graduacao\/santa-maria\/ppgq\/?page_id=374"},"modified":"2019-01-17T09:13:20","modified_gmt":"2019-01-17T11:13:20","slug":"aprovados-mestrado-prova-de-selecao-realizada-28-11-2016","status":"publish","type":"page","link":"https:\/\/www.ufsm.br\/cursos\/pos-graduacao\/santa-maria\/ppgq\/aprovados-mestrado-prova-de-selecao-realizada-28-11-2016","title":{"rendered":"Aprovados mestrado prova de sele\u00e7\u00e3o realizada 28\/11\/2016"},"content":{"rendered":"\n<p style=\"font-weight: 400\"><b><strong>QU\u00cdMICA ANAL\u00cdTICA<\/strong><\/b><\/p>\n<p style=\"font-weight: 400\"><b><strong>Aprovados<\/strong><\/b><\/p>\n<table width=\"577\">\n<tbody>\n<tr>\n<td width=\"79\">\n<p><b><strong>Inscri\u00e7\u00e3o<\/strong><\/b><\/p>\n<\/td>\n<td width=\"312\">\n<p><b><strong>Candidato<\/strong><\/b><\/p>\n<\/td>\n<td width=\"93\">\n<p><b><strong>NOTA<\/strong><\/b><\/p>\n<\/td>\n<td width=\"93\">\n<p><b><strong>Classifica\u00e7\u00e3o<\/strong><\/b><\/p>\n<\/td>\n<\/tr>\n<tr>\n<td width=\"79\">\n<p>856<\/p>\n<\/td>\n<td width=\"312\">\n<p>MARIA DA GRA\u00c7A PEREIRA NUNES<\/p>\n<\/td>\n<td width=\"93\">\n<p>7,52<\/p>\n<\/td>\n<td width=\"93\">\n<p>1\u00b0 lugar<\/p>\n<\/td>\n<\/tr>\n<tr>\n<td width=\"79\">\n<p>129<\/p>\n<\/td>\n<td width=\"312\">\n<p>WILLIAM CRISTIANO LORENZONI<\/p>\n<\/td>\n<td width=\"93\">\n<p>7,52<\/p>\n<\/td>\n<td width=\"93\">\n<p>2\u00b0 lugar<\/p>\n<\/td>\n<\/tr>\n<tr>\n<td width=\"79\">\n<p>1150<\/p>\n<\/td>\n<td width=\"312\">\n<p>IGOR MARTINEZ TESSELE<\/p>\n<\/td>\n<td width=\"93\">\n<p>7,34<\/p>\n<\/td>\n<td width=\"93\">\n<p>3\u00b0 lugar<\/p>\n<\/td>\n<\/tr>\n<tr>\n<td width=\"79\">\n<p>1752<\/p>\n<\/td>\n<td width=\"312\">\n<p>J\u00daLIA ANTUNES DE OLIVEIRA<\/p>\n<\/td>\n<td width=\"93\">\n<p>7,27<\/p>\n<\/td>\n<td width=\"93\">\n<p>4\u00b0 lugar<\/p>\n<\/td>\n<\/tr>\n<tr>\n<td width=\"79\">\n<p>3675<\/p>\n<\/td>\n<td width=\"312\">\n<p>RHANNANDA COPETTI PIVETTA<\/p>\n<\/td>\n<td width=\"93\">\n<p>6,25<\/p>\n<\/td>\n<td width=\"93\">\n<p>5\u00b0 lugar<\/p>\n<\/td>\n<\/tr>\n<tr>\n<td width=\"79\">\n<p>243<\/p>\n<\/td>\n<td width=\"312\">\n<p>MARLOS EDUARDO ZORZELLA FONTANA<\/p>\n<\/td>\n<td width=\"93\">\n<p>6,23<\/p>\n<\/td>\n<td width=\"93\">\n<p>6\u00b0 lugar<\/p>\n<\/td>\n<\/tr>\n<tr>\n<td width=\"79\">\n<p>1244<\/p>\n<\/td>\n<td width=\"312\">\n<p>ALCIDES FERREIRA CORADINI<\/p>\n<\/td>\n<td width=\"93\">\n<p>5,85<\/p>\n<\/td>\n<td width=\"93\">\n<p>7\u00b0 lugar<\/p>\n<\/td>\n<\/tr>\n<tr>\n<td width=\"79\">\n<p>1090<\/p>\n<\/td>\n<td width=\"312\">\n<p>FERNANDA UCZAY<\/p>\n<\/td>\n<td width=\"93\">\n<p>5,30<\/p>\n<\/td>\n<td width=\"93\">\n<p>8\u00b0 lugar<\/p>\n<\/td>\n<\/tr>\n<tr>\n<td width=\"79\">\n<p>3155<\/p>\n<\/td>\n<td width=\"312\">\n<p>LEANDRO DE OLIVEIRA SILVA<\/p>\n<\/td>\n<td width=\"93\">\n<p>5,22<\/p>\n<\/td>\n<td width=\"93\">\n<p>9\u00b0 lugar<\/p>\n<\/td>\n<\/tr>\n<tr>\n<td width=\"79\">\n<p>1161<\/p>\n<\/td>\n<td width=\"312\">\n<p>FRANCIELE ROVASI ADOLFO<\/p>\n<\/td>\n<td width=\"93\">\n<p>5,21<\/p>\n<\/td>\n<td width=\"93\">\n<p>10\u00b0 lugar<\/p>\n<\/td>\n<\/tr>\n<tr>\n<td width=\"79\">\n<p>3888<\/p>\n<\/td>\n<td width=\"312\">\n<p>GUSTAVO VENTURA MOTTA<\/p>\n<\/td>\n<td width=\"93\">\n<p>5,00<\/p>\n<\/td>\n<td width=\"93\">\n<p>11\u00b0 lugar<\/p>\n<\/td>\n<\/tr>\n<\/tbody>\n<\/table>\n<p style=\"font-weight: 400\">\u00a0<\/p>\n<p style=\"font-weight: 400\"><b><strong>Suplentes<\/strong><\/b><\/p>\n<p style=\"font-weight: 400\">Nenhum candidato ficou como suplente, pois sobraram vagas nesta \u00e1rea para este n\u00edvel.<\/p>\n<p style=\"font-weight: 400\">\u00a0<b><strong>Demais candidatos n\u00e3o classificados<\/strong><\/b><\/p>\n<table width=\"484\">\n<tbody>\n<tr>\n<td width=\"79\">\n<p><b><strong>Inscri\u00e7\u00e3o<\/strong><\/b><\/p>\n<\/td>\n<td width=\"312\">\n<p><b><strong>Candidato<\/strong><\/b><\/p>\n<\/td>\n<td width=\"93\">\n<p><b><strong>NOTA<\/strong><\/b><\/p>\n<\/td>\n<\/tr>\n<tr>\n<td width=\"79\">\n<p>3092<\/p>\n<\/td>\n<td width=\"312\">\n<p>MORILO AQUINO DELEVATI<\/p>\n<\/td>\n<td width=\"93\">\n<p>4,33<\/p>\n<\/td>\n<\/tr>\n<tr>\n<td width=\"79\">\n<p>738<\/p>\n<\/td>\n<td width=\"312\">\n<p>LIANDRA CARVALHO DE LIMA<\/p>\n<\/td>\n<td width=\"93\">\n<p>3,70<\/p>\n<\/td>\n<\/tr>\n<tr>\n<td width=\"79\">\n<p>955<\/p>\n<\/td>\n<td width=\"312\">\n<p>MARIANGELA BRUCH DOS SANTOS<\/p>\n<\/td>\n<td width=\"93\">\n<p>3,53<\/p>\n<\/td>\n<\/tr>\n<tr>\n<td width=\"79\">\n<p>1685<\/p>\n<\/td>\n<td width=\"312\">\n<p>CRISTIAN HENRIQUE KRAUSE<\/p>\n<\/td>\n<td width=\"93\">\n<p>3,50<\/p>\n<\/td>\n<\/tr>\n<tr>\n<td width=\"79\">\n<p>538<\/p>\n<\/td>\n<td width=\"312\">\n<p>JADER RODRIGO KAPPAUN DA SILVEIRA<\/p>\n<\/td>\n<td width=\"93\">\n<p>3,40<\/p>\n<\/td>\n<\/tr>\n<tr>\n<td width=\"79\">\n<p>3287<\/p>\n<\/td>\n<td width=\"312\">\n<p>CRISTIANE ROSA DA SILVA<\/p>\n<\/td>\n<td width=\"93\">\n<p>3,30<\/p>\n<\/td>\n<\/tr>\n<tr>\n<td width=\"79\">\n<p>739<\/p>\n<\/td>\n<td width=\"312\">\n<p>LISIANE DA SILVA SEVERO<\/p>\n<\/td>\n<td width=\"93\">\n<p>2,98<\/p>\n<\/td>\n<\/tr>\n<tr>\n<td width=\"79\">\n<p>451<\/p>\n<\/td>\n<td width=\"312\">\n<p>JOSIANE VIERO SEVERO<\/p>\n<\/td>\n<td width=\"93\">\n<p>2,83<\/p>\n<\/td>\n<\/tr>\n<tr>\n<td width=\"79\">\n<p>155<\/p>\n<\/td>\n<td width=\"312\">\n<p>CLEUSA FATIMA ZANCHIN<\/p>\n<\/td>\n<td width=\"93\">\n<p>2,50<\/p>\n<\/td>\n<\/tr>\n<tr>\n<td width=\"79\">\n<p>507<\/p>\n<\/td>\n<td width=\"312\">\n<p>JULIANA BAHU RODRIGUES<\/p>\n<\/td>\n<td width=\"93\">\n<p>2,30<\/p>\n<\/td>\n<\/tr>\n<\/tbody>\n<\/table>\n<p style=\"font-weight: 400\">\u00a0<\/p>\n<p style=\"font-weight: 400\">\u00a0<\/p>\n<p style=\"font-weight: 400\"><b><strong>QU\u00cdMICA ORG\u00c2NICA<\/strong><\/b><\/p>\n<p style=\"font-weight: 400\">\u00a0<b><strong>Aprovados<\/strong><\/b><\/p>\n<table width=\"577\">\n<tbody>\n<tr>\n<td width=\"79\">\n<p><b><strong>Inscri\u00e7\u00e3o<\/strong><\/b><\/p>\n<\/td>\n<td width=\"312\">\n<p><b><strong>Candidato<\/strong><\/b><\/p>\n<\/td>\n<td width=\"93\">\n<p><b><strong>NOTA<\/strong><\/b><\/p>\n<\/td>\n<td width=\"93\">\n<p><b><strong>Classifica\u00e7\u00e3o<\/strong><\/b><\/p>\n<\/td>\n<\/tr>\n<tr>\n<td width=\"79\">\n<p>398<\/p>\n<\/td>\n<td width=\"312\">\n<p>MARINA CARDOSO DILELIO<\/p>\n<\/td>\n<td width=\"93\">\n<p>8,48<\/p>\n<\/td>\n<td width=\"93\">\n<p>1\u00b0 lugar<\/p>\n<\/td>\n<\/tr>\n<tr>\n<td width=\"79\">\n<p>823<\/p>\n<\/td>\n<td width=\"312\">\n<p>MATEUS MITTERSTEINER<\/p>\n<\/td>\n<td width=\"93\">\n<p>7,34<\/p>\n<\/td>\n<td width=\"93\">\n<p>2\u00b0 lugar<\/p>\n<\/td>\n<\/tr>\n<tr>\n<td width=\"79\">\n<p>1474<\/p>\n<\/td>\n<td width=\"312\">\n<p>ROBERTO DO CARMO PINHEIRO<\/p>\n<\/td>\n<td width=\"93\">\n<p>6,20<\/p>\n<\/td>\n<td width=\"93\">\n<p>3\u00b0 lugar<\/p>\n<\/td>\n<\/tr>\n<tr>\n<td width=\"79\">\n<p>265<\/p>\n<\/td>\n<td width=\"312\">\n<p>FREDERICO LUIZ REIS<\/p>\n<\/td>\n<td width=\"93\">\n<p>5,68<\/p>\n<\/td>\n<td width=\"93\">\n<p>4\u00b0 lugar<\/p>\n<\/td>\n<\/tr>\n<tr>\n<td width=\"79\">\n<p>3070<\/p>\n<\/td>\n<td width=\"312\">\n<p>YURI GIOVANE KAPPENBERG<\/p>\n<\/td>\n<td width=\"93\">\n<p>5,59<\/p>\n<\/td>\n<td width=\"93\">\n<p>5\u00b0 lugar<\/p>\n<\/td>\n<\/tr>\n<tr>\n<td width=\"79\">\n<p>1432<\/p>\n<\/td>\n<td width=\"312\">\n<p>NICOLAS KRUGER<\/p>\n<\/td>\n<td width=\"93\">\n<p>5,04<\/p>\n<\/td>\n<td width=\"93\">\n<p>6\u00b0 lugar<\/p>\n<\/td>\n<\/tr>\n<\/tbody>\n<\/table>\n<p style=\"font-weight: 400\">\u00a0<\/p>\n<p style=\"font-weight: 400\"><b><strong>Suplentes<\/strong><\/b><\/p>\n<p style=\"font-weight: 400\">Nenhum candidato ficou como suplente, pois sobraram vagas nesta \u00e1rea para este n\u00edvel.<\/p>\n<p style=\"font-weight: 400\"><b><strong>Demais candidatos n\u00e3o classificados<\/strong><\/b><\/p>\n<table width=\"484\">\n<tbody>\n<tr>\n<td width=\"79\">\n<p><b><strong>Inscri\u00e7\u00e3o<\/strong><\/b><\/p>\n<\/td>\n<td width=\"312\">\n<p><b><strong>Candidato<\/strong><\/b><\/p>\n<\/td>\n<td width=\"93\">\n<p><b><strong>NOTA<\/strong><\/b><\/p>\n<\/td>\n<\/tr>\n<tr>\n<td width=\"79\">\n<p>1180<\/p>\n<\/td>\n<td width=\"312\">\n<p>ELINE SCHMIDT LIMONS<\/p>\n<\/td>\n<td width=\"93\">\n<p>3,37<\/p>\n<\/td>\n<\/tr>\n<\/tbody>\n<\/table>\n<p style=\"font-weight: 400\">\u00a0<\/p>\n<p style=\"font-weight: 400\"><b><strong>QU\u00cdMICA INORG\u00c2NICA<\/strong><\/b><\/p>\n<p style=\"font-weight: 400\">\u00a0<b><strong>Aprovados<\/strong><\/b><\/p>\n<table width=\"577\">\n<tbody>\n<tr>\n<td width=\"79\">\n<p><b><strong>Inscri\u00e7\u00e3o<\/strong><\/b><\/p>\n<\/td>\n<td width=\"312\">\n<p><b><strong>Candidato<\/strong><\/b><\/p>\n<\/td>\n<td width=\"93\">\n<p><b><strong>NOTA<\/strong><\/b><\/p>\n<\/td>\n<td width=\"93\">\n<p><b><strong>Classifica\u00e7\u00e3o<\/strong><\/b><\/p>\n<\/td>\n<\/tr>\n<tr>\n<td width=\"79\">\n<p>1782<\/p>\n<\/td>\n<td width=\"312\">\n<p>RICARDO RAMOS CORREA CASSOL<\/p>\n<\/td>\n<td width=\"93\">\n<p>7,36<\/p>\n<\/td>\n<td width=\"93\">\n<p>1\u00b0 lugar<\/p>\n<\/td>\n<\/tr>\n<tr>\n<td width=\"79\">\n<p>3307<\/p>\n<\/td>\n<td width=\"312\">\n<p>HERNANI MORAIS DA CRUZ NETO<\/p>\n<\/td>\n<td width=\"93\">\n<p>6,10<\/p>\n<\/td>\n<td width=\"93\">\n<p>2\u00b0 lugar<\/p>\n<\/td>\n<\/tr>\n<tr>\n<td width=\"79\">\n<p>24<\/p>\n<\/td>\n<td width=\"312\">\n<p>CAROLINA HAHN DA SILVEIRA<\/p>\n<\/td>\n<td width=\"93\">\n<p>5,10<\/p>\n<\/td>\n<td width=\"93\">\n<p>3\u00b0 lugar<\/p>\n<\/td>\n<\/tr>\n<tr>\n<td width=\"79\">\n<p>319<\/p>\n<\/td>\n<td width=\"312\">\n<p>JOSI\u00c9LI DEMETRIO SIQUEIRA<\/p>\n<\/td>\n<td width=\"93\">\n<p>5,08<\/p>\n<\/td>\n<td width=\"93\">\n<p>4\u00b0 lugar<\/p>\n<\/td>\n<\/tr>\n<tr>\n<td width=\"79\">\n<p>1337<\/p>\n<\/td>\n<td width=\"312\">\n<p>MARIA PAULA DE SOUZA RODRIGUES<\/p>\n<\/td>\n<td width=\"93\">\n<p>5,00<\/p>\n<\/td>\n<td width=\"93\">\n<p>5\u00b0 lugar<\/p>\n<\/td>\n<\/tr>\n<\/tbody>\n<\/table>\n<p style=\"font-weight: 400\">\u00a0<\/p>\n<p style=\"font-weight: 400\">\u00a0<b><strong>Suplentes<\/strong><\/b><\/p>\n<p style=\"font-weight: 400\">\u00a0Nenhum candidato ficou como suplente, pois sobraram vagas nesta \u00e1rea para este n\u00edvel.<\/p>\n<p style=\"font-weight: 400\">\u00a0<b><strong>Demais candidatos n\u00e3o classificados<\/strong><\/b><\/p>\n<table width=\"484\">\n<tbody>\n<tr>\n<td width=\"79\">\n<p><b><strong>Inscri\u00e7\u00e3o<\/strong><\/b><\/p>\n<\/td>\n<td width=\"312\">\n<p><b><strong>Candidato<\/strong><\/b><\/p>\n<\/td>\n<td width=\"93\">\n<p><b><strong>NOTA<\/strong><\/b><\/p>\n<\/td>\n<\/tr>\n<tr>\n<td width=\"79\">\n<p>147<\/p>\n<\/td>\n<td width=\"312\">\n<p>ANDR\u00c9 DUTRA GARCIA<\/p>\n<\/td>\n<td width=\"93\">\n<p>4,53<\/p>\n<\/td>\n<\/tr>\n<tr>\n<td width=\"79\">\n<p>3198<\/p>\n<\/td>\n<td width=\"312\">\n<p>LUCIMARA MACHADO FERREIRA<\/p>\n<\/td>\n<td width=\"93\">\n<p>3,11<\/p>\n<\/td>\n<\/tr>\n<tr>\n<td width=\"79\">\n<p>1814<\/p>\n<\/td>\n<td width=\"312\">\n<p>CAROLINE GARROT DOS SANTOS<\/p>\n<\/td>\n<td width=\"93\">\n<p>2,97<\/p>\n<\/td>\n<\/tr>\n<tr>\n<td width=\"79\">\n<p>1627<\/p>\n<\/td>\n<td width=\"312\">\n<p>LOU\u00cdSE BALBIANO DOS SANTOS MEDEIROS<\/p>\n<\/td>\n<td width=\"93\">\n<p>2,85<\/p>\n<\/td>\n<\/tr>\n<tr>\n<td width=\"79\">\n<p>909<\/p>\n<\/td>\n<td width=\"312\">\n<p>MARCIELLI INDIARA DE OLIVEIRA<\/p>\n<\/td>\n<td width=\"93\">\n<p>2,30<\/p>\n<\/td>\n<\/tr>\n<\/tbody>\n<\/table>\n<p style=\"font-weight: 400\">\u00a0<\/p>\n<p style=\"font-weight: 400\">\u00a0<b><strong>F\u00cdSICO-QU\u00cdMICA<\/strong><\/b><\/p>\n<p style=\"font-weight: 400\">\u00a0<b><strong>Aprovados<\/strong><\/b><\/p>\n<table width=\"577\">\n<tbody>\n<tr>\n<td width=\"79\">\n<p><b><strong>Inscri\u00e7\u00e3o<\/strong><\/b><\/p>\n<\/td>\n<td width=\"312\">\n<p><b><strong>Candidato<\/strong><\/b><\/p>\n<\/td>\n<td width=\"93\">\n<p><b><strong>NOTA<\/strong><\/b><\/p>\n<\/td>\n<td width=\"93\">\n<p><b><strong>Classifica\u00e7\u00e3o<\/strong><\/b><\/p>\n<\/td>\n<\/tr>\n<tr>\n<td width=\"79\">\n<p>395<\/p>\n<\/td>\n<td width=\"312\">\n<p>ANDRESSA CRISTIANA FR\u00d6HLICH<\/p>\n<\/td>\n<td width=\"93\">\n<p>6,90<\/p>\n<\/td>\n<td width=\"93\">\n<p>1\u00b0 lugar<\/p>\n<\/td>\n<\/tr>\n<tr>\n<td width=\"79\">\n<p>1152<\/p>\n<\/td>\n<td width=\"312\">\n<p>HERCULES ABIE PEREIRA<\/p>\n<\/td>\n<td width=\"93\">\n<p>5,62<\/p>\n<\/td>\n<td width=\"93\">\n<p>2\u00b0 lugar<\/p>\n<\/td>\n<\/tr>\n<\/tbody>\n<\/table>\n<p style=\"font-weight: 400\">\u00a0<\/p>\n<p style=\"font-weight: 400\">\u00a0<b><strong>Suplentes<\/strong><\/b><\/p>\n<p style=\"font-weight: 400\">\u00a0Nenhum candidato ficou como suplente, pois sobraram vagas nesta \u00e1rea para este n\u00edvel.<\/p>\n<p style=\"font-weight: 400\">\u00a0<b><strong>Demais candidatos n\u00e3o classificados<\/strong><\/b><\/p>\n<p style=\"font-weight: 400\">\u00a0<\/p>\n<table width=\"484\">\n<tbody>\n<tr>\n<td width=\"79\">\n<p><b><strong>Inscri\u00e7\u00e3o<\/strong><\/b><\/p>\n<\/td>\n<td width=\"312\">\n<p><b><strong>Candidato<\/strong><\/b><\/p>\n<\/td>\n<td width=\"93\">\n<p><b><strong>NOTA<\/strong><\/b><\/p>\n<\/td>\n<\/tr>\n<tr>\n<td width=\"79\">\n<p>3619<\/p>\n<\/td>\n<td width=\"312\">\n<p>LUIZAN RAMOS DOS SANTOS<\/p>\n<\/td>\n<td width=\"93\">\n<p>4,48<\/p>\n<\/td>\n<\/tr>\n<tr>\n<td width=\"79\">\n<p>3833<\/p>\n<\/td>\n<td width=\"312\">\n<p>MATHEUS JOS\u00c9 GOMES DIEHL<\/p>\n<\/td>\n<td width=\"93\">\n<p>3,10<\/p>\n<\/td>\n<\/tr>\n<tr>\n<td width=\"79\">\n<p>3429<\/p>\n<\/td>\n<td width=\"312\">\n<p>\u00c9RICO BITTENCOURT CARVALHO<\/p>\n<\/td>\n<td width=\"93\">\n<p>3,00<\/p>\n<\/td>\n<\/tr>\n<tr>\n<td width=\"79\">\n<p>3845<\/p>\n<\/td>\n<td width=\"312\">\n<p>ROBERTA CRISTINA VELOSO POSSEBON<\/p>\n<\/td>\n<td width=\"93\">\n<p>2,40<\/p>\n<\/td>\n<\/tr>\n<\/tbody>\n<\/table>\n<p style=\"font-weight: 400\">\u00a0<\/p>\n<p style=\"font-weight: 400\">&#8220;As quest\u00f5es de n\u00famero 1 da \u00e1rea de Qu\u00edmica Anal\u00edtica e n\u00famero 3 da \u00e1rea de Qu\u00edmica Org\u00e2nica foram anuladas. A pontua\u00e7\u00e3o referente a estas quest\u00f5es foi dada de forma integral para todos os candidatos, independente de ter feito ou acertado as referidas quest\u00f5es.&#8221;<\/p>\n<p style=\"font-weight: 400\">\u00a0<\/p>\n<p style=\"font-weight: 400\"><b><strong><em>Confirma\u00e7\u00e3o da vaga<\/em><\/strong><\/b><\/p>\n<p style=\"font-weight: 400\">De acordo com o EDITAL N\u00ba 030\/UFSM\/PRPGP, DE 30 DE SETEMBRO DE 2016.<\/p>\n<p style=\"font-weight: 400\">\u00a0<\/p>\n<p style=\"font-weight: 400\"><b><strong>Informa\u00e7\u00f5es Adicionais Mestrado<\/strong><\/b><\/p>\n<p style=\"font-weight: 400\">C\u00f3digo do Curso: 970<\/p>\n<p style=\"font-weight: 400\">\u00a0<\/p>\n<p style=\"font-weight: 400\">Durante o mestrado o aluno dever\u00e1 cursar no m\u00ednimo 18 cr\u00e9ditos, dos quais, 12 correspondentes a disciplinas obrigat\u00f3rias dentro da \u00e1rea de concentra\u00e7\u00e3o, 04 \u00e0 disciplinas eletivas e 02 \u00e0 disciplina de semin\u00e1rios. A rela\u00e7\u00e3o das disciplinas do Programa est\u00e3o dispon\u00edveis em ufsm.br\/ppgq &#8211; O Programa \u2013 Disciplinas 2017<\/p>\n<p style=\"font-weight: 400\">\u00a0<\/p>\n<p style=\"font-weight: 400\">A solicita\u00e7\u00e3o de matr\u00edcula deve ser efetuada atrav\u00e9s do site www.ufsm.br no Portal do Aluno no per\u00edodo 13 e 14\/02\/2017 usando login (n\u00ba matr\u00edcula) e senha fornecidos diretamente ao aluno pelo DERCA por e-mail.<\/p>\n<p style=\"font-weight: 400\">\u00a0<\/p>\n<p style=\"font-weight: 400\">No semestre que o aluno n\u00e3o tiver nenhuma disciplina do curr\u00edculo para cursar dever\u00e1 se matricular em EDT 00N \u2013 Elabora\u00e7\u00e3o Disserta\u00e7\u00e3o\/Tese para manter o v\u00ednculo com a UFSM.<\/p>\n<p style=\"font-weight: 400\">O aluno dever\u00e1, primeiramente, assistir a disciplina QMC 966 \u2013 Semin\u00e1rios I, com presen\u00e7a m\u00ednima de 75% sem solicitar matr\u00edcula desta disciplina no Portal do Aluno. A seguir, em qualquer semestre posterior, o aluno far\u00e1 a matr\u00edcula na disciplina e apresentar\u00e1 o seu semin\u00e1rio.<\/p>\n<p style=\"font-weight: 400\">\u00a0<\/p>\n<p style=\"font-weight: 400\">\u00c9 responsabilidade do aluno conferir no Portal do Aluno, ap\u00f3s o processamento pelo CPD, se as solicita\u00e7\u00f5es foram aceitas pelo sistema.<\/p>\n<p style=\"font-weight: 400\">\u00a0<\/p>\n<p style=\"font-weight: 400\">O atendimento aos alunos na Secretaria do PPGQu\u00edmica (esclarecimento de d\u00favidas, pedidos de declara\u00e7\u00f5es, atestados, etc &#8230;) \u00e9 realizado somente no turno da manh\u00e3.<\/p>\n<p style=\"font-weight: 400\">\u00a0<\/p>\n<p style=\"font-weight: 400\">A ficha Identifica\u00e7\u00e3o do Aluno (com\u00a0<b><strong>ou sem*<\/strong><\/b>\u00a0a assinatura do Orientador) dever\u00e1 ser preenchida e entregue na Coordena\u00e7\u00e3o, impreterivelmente, at\u00e9 o dia 01\/03\/2017.\u00a0 Esta ficha, em Word (sem a assinatura do Orientador), tamb\u00e9m dever\u00e1 ser enviada por e-mail para o endere\u00e7o\u00a0<a href=\"mailto:ademir.s.sartori@ufsm.br\">ademir.s.sartori@ufsm.br<\/a>\u00a0at\u00e9 o dia 01\/03\/2017 e encontra-se dispon\u00edvel para download em\u00a0<a href=\"http:\/\/www.ufsm.br\/ppgq\">www.ufsm.br\/ppgq<\/a>\u00a0no \u00edcone Alunos &#8211; Formul\u00e1rios.<\/p>\n<p style=\"font-weight: 400\">* Obs.: O aluno que entregar a ficha de Identifica\u00e7\u00e3o sem constar o nome do(a) Orientador(a) e assinatura n\u00e3o concorrer\u00e1 a bolsa.<\/p>\n<p style=\"font-weight: 400\">\u00a0<\/p>\n<p style=\"font-weight: 400\">Plano de estudos. No in\u00edcio do primeiro semestre (at\u00e9 27\/03\/2017) os alunos dever\u00e3o acessar o Portal do Aluno abrir o plano de estudos, preencher e tramit\u00e1-lo para seu orientador.<\/p>\n<p style=\"font-weight: 400\">Os alunos somente poder\u00e3o realizar suas matr\u00edculas no semestre seguinte se tiverem preenchidos e aprovados seus planos de estudos on-line. Tutorial dispon\u00edvel em\u00a0<a href=\"http:\/\/www.ufsm.br\/pppg\">www.ufsm.br\/pppg<\/a>\u00a0 &#8211; Alunos &#8211; Formul\u00e1rios.<\/p>\n<p style=\"font-weight: 400\">\u00a0<\/p>\n<p style=\"font-weight: 400\">No decorrer do Curso, de acordo com a Resolu\u00e7\u00e3o 003\/10 *, o aluno de Mestrado da UFSM dever\u00e1 realizar o Teste de Sufici\u00eancia em L\u00edngua Inglesa. Para tanto o aluno dever\u00e1 fazer sua inscri\u00e7\u00e3o via web (<a href=\"http:\/\/www.ufsm.br\/\">www.ufsm.br<\/a>). O per\u00edodo para inscri\u00e7\u00e3o no 1\u00ba semestre 2017, de acordo com o Calend\u00e1rio Acad\u00eamico da UFSM, ser\u00e1 de 06\/03 a 31\/03\/2017. O teste ser\u00e1 no dia 09\/06\/2017.<\/p>\n<p style=\"font-weight: 400\">* I \u2013 Os alunos brasileiros e estrangeiros oriundos de pa\u00edses de l\u00edngua portuguesa poder\u00e3o escolher entre as l\u00ednguas estrangeiras oferecidas a cada edi\u00e7\u00e3o do teste. (Para o PPGQ, de acordo com o Regulamento, os alunos devem obrigatoriamente se inscrever em l\u00edngua inglesa).<\/p>\n<p style=\"font-weight: 400\">II \u2013 Os demais alunos estrangeiros dever\u00e3o submeter-se ao teste em l\u00edngua portuguesa.<\/p>\n<p style=\"font-weight: 400\">O regulamento do PPGQ encontra-se dispon\u00edvel no site\u00a0<a href=\"http:\/\/www.ufsm.br\/ppgq\">www.ufsm.br\/ppgq<\/a>\u00a0em O Programa<\/p>\n<p style=\"font-weight: 400\">\u00a0<\/p>\n<p style=\"font-weight: 400\">O calend\u00e1rio estudantil 2017 estar\u00e1 dispon\u00edvel no site\u00a0<a href=\"http:\/\/www.ufsm.br\/\">www.ufsm.br<\/a>\u00a0e\u00a0<a href=\"http:\/\/www.ufsm.br\/ppgq\">www.ufsm.br\/ppgq<\/a>\u00a0e no Portal do Aluno em 2017<\/p>\n<p style=\"font-weight: 400\">* Eventuais mudan\u00e7as de datas (se houver) ser\u00e3o disponibilizadas no site da UFSM (www.ufsm.br) em Alunos &#8211; calend\u00e1rio letivo<\/p>\n","protected":false},"excerpt":{"rendered":"<p>QU\u00cdMICA ANAL\u00cdTICA Aprovados Inscri\u00e7\u00e3o Candidato NOTA Classifica\u00e7\u00e3o 856 MARIA DA GRA\u00c7A PEREIRA NUNES 7,52 1\u00b0 lugar 129 WILLIAM CRISTIANO LORENZONI 7,52 2\u00b0 lugar 1150 IGOR MARTINEZ TESSELE 7,34 3\u00b0 lugar 1752 J\u00daLIA ANTUNES DE OLIVEIRA 7,27 4\u00b0 lugar 3675 RHANNANDA COPETTI PIVETTA 6,25 5\u00b0 lugar 243 MARLOS EDUARDO ZORZELLA FONTANA 6,23 6\u00b0 lugar 1244 ALCIDES [&hellip;]<\/p>\n","protected":false},"author":115,"featured_media":0,"parent":0,"menu_order":0,"comment_status":"closed","ping_status":"closed","template":"","meta":{"footnotes":""},"categories":[],"tags":[],"class_list":["post-374","page","type-page","status-publish","hentry"],"acf":[],"_links":{"self":[{"href":"https:\/\/www.ufsm.br\/cursos\/pos-graduacao\/santa-maria\/ppgq\/wp-json\/wp\/v2\/pages\/374","targetHints":{"allow":["GET"]}}],"collection":[{"href":"https:\/\/www.ufsm.br\/cursos\/pos-graduacao\/santa-maria\/ppgq\/wp-json\/wp\/v2\/pages"}],"about":[{"href":"https:\/\/www.ufsm.br\/cursos\/pos-graduacao\/santa-maria\/ppgq\/wp-json\/wp\/v2\/types\/page"}],"author":[{"embeddable":true,"href":"https:\/\/www.ufsm.br\/cursos\/pos-graduacao\/santa-maria\/ppgq\/wp-json\/wp\/v2\/users\/115"}],"replies":[{"embeddable":true,"href":"https:\/\/www.ufsm.br\/cursos\/pos-graduacao\/santa-maria\/ppgq\/wp-json\/wp\/v2\/comments?post=374"}],"version-history":[{"count":0,"href":"https:\/\/www.ufsm.br\/cursos\/pos-graduacao\/santa-maria\/ppgq\/wp-json\/wp\/v2\/pages\/374\/revisions"}],"wp:attachment":[{"href":"https:\/\/www.ufsm.br\/cursos\/pos-graduacao\/santa-maria\/ppgq\/wp-json\/wp\/v2\/media?parent=374"}],"wp:term":[{"taxonomy":"category","embeddable":true,"href":"https:\/\/www.ufsm.br\/cursos\/pos-graduacao\/santa-maria\/ppgq\/wp-json\/wp\/v2\/categories?post=374"},{"taxonomy":"post_tag","embeddable":true,"href":"https:\/\/www.ufsm.br\/cursos\/pos-graduacao\/santa-maria\/ppgq\/wp-json\/wp\/v2\/tags?post=374"}],"curies":[{"name":"wp","href":"https:\/\/api.w.org\/{rel}","templated":true}]}}