{"id":375,"date":"2019-01-17T09:14:44","date_gmt":"2019-01-17T11:14:44","guid":{"rendered":"https:\/\/www.ufsm.br\/cursos\/pos-graduacao\/santa-maria\/ppgq\/?page_id=375"},"modified":"2019-01-17T09:14:47","modified_gmt":"2019-01-17T11:14:47","slug":"aprovados-mestrado-prova-de-selecao-realizada-13-06-2016","status":"publish","type":"page","link":"https:\/\/www.ufsm.br\/cursos\/pos-graduacao\/santa-maria\/ppgq\/aprovados-mestrado-prova-de-selecao-realizada-13-06-2016","title":{"rendered":"Aprovados mestrado prova de\u00a0 sele\u00e7\u00e3o realizada 13\/06\/2016"},"content":{"rendered":"\n<div>\n<div><header class=\"article-header clearfix\">\n<h2 class=\"article-title\">Aprovados Mestrado 2016\/2<\/h2>\n<\/header><\/div>\n<div>\n<aside class=\"article-aside clearfix\">\n<div class=\"btn-group pull-right\"><a class=\"btn dropdown-toggle\" href=\"http:\/\/w3.ufsm.br\/ppgq\/index.php\/pt\/alunos\/aprovados\/121-aprovados-mestrado\/315-aprovados-mestrado-2016-2#\" data-toggle=\"dropdown\">\u00a0<\/a><\/div>\n<\/aside>\n<\/div>\n<\/div>\n<section class=\"article-content clearfix\">\n<p>APROVADOS MESTRADO PROVA DE SELE\u00c7\u00c3O REALIZADA 13\/06\/2016<\/p>\n<p>QU\u00cdMICA ANAL\u00cdTICA &#8211; NOTA<\/p>\n<p><br \/>CAMILO PL\u00c1CIDO DA SILVA &#8211; 5,06<br \/>EST\u00c9FANI MICHELE CZYZESKI DE MATOS &#8211; 5,03<br \/>GABRIEL SEVERO DE CARVALHO &#8211; 6,90<br \/>K\u00c9LLEN FRANCINE ANSCHAU &#8211; 5,15<br \/>PATRICIA SCHNMIDT &#8211; 5,29<br \/>PIMPERNELLI JONCO DOS SANTOS &#8211; 5,11<br \/>RAIARA BOESSIO ARAUJO &#8211; 5,60<br \/><br \/>QU\u00cdMICA ORG\u00c2NICA &#8211; NOTA<br \/>ANDRIZIA DE FREITAS JUNGES &#8211; 5,13<br \/>FELIPE SALVADOR STEFANELLO &#8211; 5,05<br \/>NATHAN PINTO BRITES &#8211; 5,50<br \/>TALES ANTONIO CAMARGO GOULART &#8211; 7,85<br \/>VINICIOS GODINHO DEBASTIANI &#8211; 5,25<br \/><br \/>QU\u00cdMICA INORG\u00c2NICA &#8211; NOTA<br \/>C\u00c1SSIA PEREIRA DELGADO &#8211; 6,24<br \/>FELIPE GODINHO GALV\u00c3O CESAR &#8211; 7,80<br \/><br \/>Confirma\u00e7\u00e3o da vaga<br \/>De acordo com o EDITAL N\u00ba 022\/PRPGP\/UFSM, de 11 de maio de 2016<br \/><br \/>Informa\u00e7\u00f5es Adicionais Mestrado<br \/>C\u00f3digo do Curso: 970<br \/><br \/>Durante o mestrado o aluno dever\u00e1 cursar no m\u00ednimo 18 cr\u00e9ditos, dos quais, 12 correspondentes a disciplinas obrigat\u00f3rias dentro da \u00e1rea de concentra\u00e7\u00e3o, 04 \u00e0 disciplinas eletivas e 02 \u00e0 disciplina de semin\u00e1rios.\u00a0<br \/><br \/>A solicita\u00e7\u00e3o de matr\u00edcula deve ser efetuada atrav\u00e9s do site www.ufsm.br no Portal do Aluno no per\u00edodo 19 a 22\/07\/2016 usando login (n\u00ba matr\u00edcula) e senha fornecidos diretamente ao aluno pelo DERCA por e-mail.<br \/><br \/>No semestre que o aluno n\u00e3o tiver nenhuma disciplina do curr\u00edculo para cursar dever\u00e1 se matricular em EDT 00N \u2013 Elabora\u00e7\u00e3o Disserta\u00e7\u00e3o\/Tese para manter o v\u00ednculo com a UFSM.<br \/>O aluno dever\u00e1, primeiramente, assistir a disciplina QMC 807 \u2013 Semin\u00e1rios em Qu\u00edmica, com presen\u00e7a m\u00ednima de 75% sem solicitar matr\u00edcula desta disciplina no Portal do Aluno. A seguir, em qualquer semestre posterior, o aluno far\u00e1 a matr\u00edcula na disciplina e apresentar\u00e1 o seu semin\u00e1rio.<br \/><br \/>\u00c9 responsabilidade do aluno conferir no Portal do Aluno, ap\u00f3s o processamento pelo CPD, se as solicita\u00e7\u00f5es foram aceitas pelo sistema.<br \/><br \/>O atendimento aos alunos na Secretaria do PPGQu\u00edmica (esclarecimento de d\u00favidas, pedidos de declara\u00e7\u00f5es, atestados, etc &#8230;) \u00e9 realizado somente no turno da manh\u00e3.<br \/><br \/>A ficha Identifica\u00e7\u00e3o do Aluno (com ou sem* a assinatura do Orientador) dever\u00e1 ser preenchida e entregue na Coordena\u00e7\u00e3o, impreterivelmente, at\u00e9 o dia 01\/08\/2016.\u00a0 Esta ficha, em Word (sem a assinatura do Orientador), tamb\u00e9m dever\u00e1 ser enviada por e-mail para o endere\u00e7o ademir.s.sartori@ufsm.br at\u00e9 o dia 29\/07\/2016 e encontra-se dispon\u00edvel para download em www.ufsm.br\/ppgq no \u00edcone Alunos &#8211; Formul\u00e1rios.<br \/>* Obs.: O aluno que entregar a ficha de Identifica\u00e7\u00e3o sem constar o nome do(a) Orientador(a) e assinatura n\u00e3o concorrer\u00e1 a bolsa.<br \/><br \/>Plano de estudos. No in\u00edcio do segundo semestre (at\u00e9 26\/08\/2016) os alunos dever\u00e3o acessar o Portal do Aluno abrir o plano de estudos, preencher e tramit\u00e1-lo para seu orientador.\u00a0<br \/>Os alunos somente poder\u00e3o realizar suas matr\u00edculas no semestre seguinte se tiverem preenchidos e aprovados seus planos de estudos on-line. Tutorial dispon\u00edvel em www.ufsm.br\/pppg\u00a0 &#8211; Alunos &#8211; Formul\u00e1rios.<br \/><br \/>No decorrer do Curso, de acordo com a Resolu\u00e7\u00e3o 003\/10 *, o aluno de Mestrado da UFSM dever\u00e1 realizar o Teste de Sufici\u00eancia em L\u00edngua Inglesa &#8211; TESLLE. Para tanto o aluno dever\u00e1 fazer sua inscri\u00e7\u00e3o via web (www.ufsm.br). O per\u00edodo para inscri\u00e7\u00e3o no 2\u00ba semestre 2016 ser\u00e1 de 15\/08 a 02\/09\/2016. O teste ser\u00e1 no dia 07\/10\/2016.<br \/>* I \u2013 Os alunos brasileiros e estrangeiros oriundos de pa\u00edses de l\u00edngua portuguesa poder\u00e3o escolher entre as l\u00ednguas estrangeiras oferecidas a cada edi\u00e7\u00e3o do teste. (Para o PPGQ, de acordo com o Regulamento, os alunos devem obrigatoriamente se inscrever em l\u00edngua inglesa).\u00a0<br \/>II \u2013 Os demais alunos estrangeiros dever\u00e3o submeter-se ao teste em l\u00edngua portuguesa.\u00a0<br \/>O regulamento do PPGQ encontra-se dispon\u00edvel no site www.ufsm.br\/ppgq em O Programa<br \/><br \/>O calend\u00e1rio estudantil 2016 encontra-se dispon\u00edvel no site www.ufsm.br e www.ufsm.br\/ppgq e no Portal do Aluno<br \/>* Eventuais mudan\u00e7as de datas (se houver) ser\u00e3o disponibilizadas no site da UFSM (www.ufsm.br) em Alunos &#8211; calend\u00e1rio letivo<\/p>\n<\/section>\n","protected":false},"excerpt":{"rendered":"<p>Aprovados Mestrado 2016\/2 \u00a0 APROVADOS MESTRADO PROVA DE SELE\u00c7\u00c3O REALIZADA 13\/06\/2016 QU\u00cdMICA ANAL\u00cdTICA &#8211; NOTA CAMILO PL\u00c1CIDO DA SILVA &#8211; 5,06EST\u00c9FANI MICHELE CZYZESKI DE MATOS &#8211; 5,03GABRIEL SEVERO DE CARVALHO &#8211; 6,90K\u00c9LLEN FRANCINE ANSCHAU &#8211; 5,15PATRICIA SCHNMIDT &#8211; 5,29PIMPERNELLI JONCO DOS SANTOS &#8211; 5,11RAIARA BOESSIO ARAUJO &#8211; 5,60 QU\u00cdMICA ORG\u00c2NICA &#8211; NOTAANDRIZIA DE FREITAS JUNGES [&hellip;]<\/p>\n","protected":false},"author":115,"featured_media":0,"parent":0,"menu_order":0,"comment_status":"closed","ping_status":"closed","template":"","meta":{"footnotes":""},"categories":[],"tags":[],"class_list":["post-375","page","type-page","status-publish","hentry"],"acf":[],"_links":{"self":[{"href":"https:\/\/www.ufsm.br\/cursos\/pos-graduacao\/santa-maria\/ppgq\/wp-json\/wp\/v2\/pages\/375","targetHints":{"allow":["GET"]}}],"collection":[{"href":"https:\/\/www.ufsm.br\/cursos\/pos-graduacao\/santa-maria\/ppgq\/wp-json\/wp\/v2\/pages"}],"about":[{"href":"https:\/\/www.ufsm.br\/cursos\/pos-graduacao\/santa-maria\/ppgq\/wp-json\/wp\/v2\/types\/page"}],"author":[{"embeddable":true,"href":"https:\/\/www.ufsm.br\/cursos\/pos-graduacao\/santa-maria\/ppgq\/wp-json\/wp\/v2\/users\/115"}],"replies":[{"embeddable":true,"href":"https:\/\/www.ufsm.br\/cursos\/pos-graduacao\/santa-maria\/ppgq\/wp-json\/wp\/v2\/comments?post=375"}],"version-history":[{"count":0,"href":"https:\/\/www.ufsm.br\/cursos\/pos-graduacao\/santa-maria\/ppgq\/wp-json\/wp\/v2\/pages\/375\/revisions"}],"wp:attachment":[{"href":"https:\/\/www.ufsm.br\/cursos\/pos-graduacao\/santa-maria\/ppgq\/wp-json\/wp\/v2\/media?parent=375"}],"wp:term":[{"taxonomy":"category","embeddable":true,"href":"https:\/\/www.ufsm.br\/cursos\/pos-graduacao\/santa-maria\/ppgq\/wp-json\/wp\/v2\/categories?post=375"},{"taxonomy":"post_tag","embeddable":true,"href":"https:\/\/www.ufsm.br\/cursos\/pos-graduacao\/santa-maria\/ppgq\/wp-json\/wp\/v2\/tags?post=375"}],"curies":[{"name":"wp","href":"https:\/\/api.w.org\/{rel}","templated":true}]}}