{"id":382,"date":"2019-01-17T09:33:22","date_gmt":"2019-01-17T11:33:22","guid":{"rendered":"https:\/\/www.ufsm.br\/cursos\/pos-graduacao\/santa-maria\/ppgq\/?page_id=382"},"modified":"2019-01-17T09:33:25","modified_gmt":"2019-01-17T11:33:25","slug":"aprovados-selecao-doutorado-realizada-em-11-06-2018","status":"publish","type":"page","link":"https:\/\/www.ufsm.br\/cursos\/pos-graduacao\/santa-maria\/ppgq\/aprovados-selecao-doutorado-realizada-em-11-06-2018","title":{"rendered":"Aprovados sele\u00e7\u00e3o doutorado realizada em 11\/06\/2018"},"content":{"rendered":"\n<p><strong>QU\u00cdMICA ANAL\u00cdTICA<\/strong><\/p>\n<p><strong>Aprovados<\/strong><\/p>\n<table width=\"511\">\n<tbody>\n<tr>\n<td width=\"329\">\n<p><strong>Candidato<\/strong><\/p>\n<\/td>\n<td width=\"77\">\n<p><strong>Nota<\/strong><\/p>\n<\/td>\n<td width=\"105\">\n<p><strong>Classifica\u00e7\u00e3o<\/strong><\/p>\n<\/td>\n<\/tr>\n<tr>\n<td width=\"329\">\n<p>GABRIEL SEVERO DE CARVALHO<\/p>\n<\/td>\n<td width=\"77\">\n<p>7,55<\/p>\n<\/td>\n<td width=\"105\">\n<p>1\u00ba lugar<\/p>\n<\/td>\n<\/tr>\n<tr>\n<td width=\"329\">\n<p>SAMUEL RODRIGO WAECHTER<\/p>\n<\/td>\n<td width=\"77\">\n<p>7,45<\/p>\n<\/td>\n<td width=\"105\">\n<p>2\u00ba lugar<\/p>\n<\/td>\n<\/tr>\n<tr>\n<td width=\"329\">\n<p>PATR\u00cdCIA SCHMIDT<\/p>\n<\/td>\n<td width=\"77\">\n<p>7,43<\/p>\n<\/td>\n<td width=\"105\">\n<p>3\u00ba lugar<\/p>\n<\/td>\n<\/tr>\n<tr>\n<td width=\"329\">\n<p>PIMPERNELLI JONCO DOS SANTOS<\/p>\n<\/td>\n<td width=\"77\">\n<p>7,00<\/p>\n<\/td>\n<td width=\"105\">\n<p>4\u00ba lugar<\/p>\n<\/td>\n<\/tr>\n<\/tbody>\n<\/table>\n<p><strong>Suplentes<\/strong><\/p>\n<p>Nenhum candidato ficou como suplente, pois sobraram vagas nesta \u00e1rea para este n\u00edvel.<\/p>\n<p><strong>Demais candidatos n\u00e3o classificados<\/strong><\/p>\n<table width=\"511\">\n<tbody>\n<tr>\n<td width=\"332\">\n<p><strong>Candidato<\/strong><\/p>\n<\/td>\n<td width=\"76\">\n<p><strong>Nota<\/strong><\/p>\n<\/td>\n<td width=\"104\">\n<p><strong>Classifica\u00e7\u00e3o<\/strong><\/p>\n<\/td>\n<\/tr>\n<tr>\n<td width=\"332\">\n<p>IGOR TESSELE<\/p>\n<\/td>\n<td width=\"76\">\n<p>4,79<\/p>\n<\/td>\n<td width=\"104\">\n<p>R<\/p>\n<\/td>\n<\/tr>\n<\/tbody>\n<\/table>\n<p><strong>\u00a0<\/strong><strong>QU\u00cdMICA ORG\u00c2NICA<\/strong><\/p>\n<p><strong>Aprovados<\/strong><\/p>\n<table width=\"511\">\n<tbody>\n<tr>\n<td width=\"329\">\n<p><strong>Candidato<\/strong><\/p>\n<\/td>\n<td width=\"77\">\n<p><strong>Nota<\/strong><\/p>\n<\/td>\n<td width=\"105\">\n<p><strong>Classifica\u00e7\u00e3o<\/strong><\/p>\n<\/td>\n<\/tr>\n<tr>\n<td width=\"329\">\n<p>FREDERICO LUIZ REIS<\/p>\n<\/td>\n<td width=\"77\">\n<p>7,81<\/p>\n<\/td>\n<td width=\"105\">\n<p>1\u00ba lugar<\/p>\n<\/td>\n<\/tr>\n<tr>\n<td width=\"329\">\n<p>JOELMA MENEGAZZI SARTURI<\/p>\n<\/td>\n<td width=\"77\">\n<p>7,34<\/p>\n<\/td>\n<td width=\"105\">\n<p>2\u00ba lugar<\/p>\n<\/td>\n<\/tr>\n<tr>\n<td width=\"329\">\n<p>FELIPE SALVADOR STEFANELLO<\/p>\n<\/td>\n<td width=\"77\">\n<p>7,01<\/p>\n<\/td>\n<td width=\"105\">\n<p>3\u00ba lugar<\/p>\n<\/td>\n<\/tr>\n<tr>\n<td width=\"329\">\n<p>MATEUS MITTERSTEINER<\/p>\n<\/td>\n<td width=\"77\">\n<p>7,00<\/p>\n<\/td>\n<td width=\"105\">\n<p>4\u00ba lugar<\/p>\n<\/td>\n<\/tr>\n<tr>\n<td width=\"329\">\n<p>NATHAN PINTO BRITES<\/p>\n<\/td>\n<td width=\"77\">\n<p>7,00<\/p>\n<\/td>\n<td width=\"105\">\n<p>5\u00ba lugar<\/p>\n<\/td>\n<\/tr>\n<\/tbody>\n<\/table>\n<p><strong>Suplentes<\/strong><\/p>\n<p>Nenhum candidato ficou como suplente. Todos candidatos inscritos para esta \u00e1rea para este n\u00edvel foram aprovados.<\/p>\n<p><strong>QU\u00cdMICA INORG\u00c2NICA<\/strong><\/p>\n<p><strong>Aprovados<\/strong><\/p>\n<table width=\"511\">\n<tbody>\n<tr>\n<td width=\"329\">\n<p><strong>Candidato<\/strong><\/p>\n<\/td>\n<td width=\"77\">\n<p><strong>Nota<\/strong><\/p>\n<\/td>\n<td width=\"105\">\n<p><strong>Classifica\u00e7\u00e3o<\/strong><\/p>\n<\/td>\n<\/tr>\n<tr>\n<td width=\"329\">\n<p>CAROLINA HAHN DA SILVEIRA<\/p>\n<\/td>\n<td width=\"77\">\n<p>8,69<\/p>\n<\/td>\n<td width=\"105\">\n<p>1\u00ba lugar<\/p>\n<\/td>\n<\/tr>\n<tr>\n<td width=\"329\">\n<p>JOSI\u00c9LI DEMETRIO SIQUEIRA<\/p>\n<\/td>\n<td width=\"77\">\n<p>7,00<\/p>\n<\/td>\n<td width=\"105\">\n<p>2\u00ba lugar<\/p>\n<\/td>\n<\/tr>\n<\/tbody>\n<\/table>\n<p><strong>Suplentes<\/strong><\/p>\n<p>Nenhum candidato ficou como suplente. Todos candidatos inscritos para esta \u00e1rea para este n\u00edvel foram aprovados.<\/p>\n<p><strong>F\u00cdSICO-QU\u00cdMICA<\/strong><\/p>\n<p>Nenhum candidato se inscreveu para esta \u00e1rea para este n\u00edvel.<\/p>\n<p><strong><em>Confirma\u00e7\u00e3o da vaga<\/em><\/strong><\/p>\n<p>De acordo com o EDITAL N\u00ba 015 DE 11 DE MAIO DE 2018<\/p>\n<p>16 a 18\/07\/18 &#8211; CLASSIFICADOS P\u00d3S-GRADUA\u00c7\u00c3O: Per\u00edodo para solicita\u00e7\u00e3o de confirma\u00e7\u00e3o de vaga via web e entrega no DERCA ou postagem dos documentos necess\u00e1rios \u00e0 confirma\u00e7\u00e3o de vaga dos candidatos classificados em cursos de p\u00f3s-gradua\u00e7\u00e3o, para ingresso no 2\u00ba semestre letivo de 2018, conforme orienta\u00e7\u00f5es do edital de sele\u00e7\u00e3o.<\/p>\n<p>23 a 25\/07\/18 &#8211; CLASSIFICADOS P\u00d3S-GRADUA\u00c7\u00c3O: Per\u00edodo para solicita\u00e7\u00e3o de matr\u00edcula, via Portal do Aluno, dos candidatos classificados em cursos de p\u00f3s-gradua\u00e7\u00e3o, para ingresso no 2\u00ba semestre letivo de 2018, conforme orienta\u00e7\u00f5es do edital de sele\u00e7\u00e3o. Usar login (n\u00ba matr\u00edcula) e senha fornecidos diretamente ao aluno pelo DERCA por e-mail.<\/p>\n<p>\u00c9 responsabilidade do aluno conferir no Portal do Aluno, ap\u00f3s o processamento pelo CPD, se as solicita\u00e7\u00f5es foram aceitas pelo sistema.<\/p>\n<p>No semestre que o aluno n\u00e3o tiver nenhuma disciplina do curr\u00edculo para cursar dever\u00e1 se matricular em EDD 00X \u2013 Elabora\u00e7\u00e3o Defesa Doutorado para manter o v\u00ednculo com a UFSM.<\/p>\n<p><strong>Informa\u00e7\u00f5es Adicionais Doutorado:<\/strong><\/p>\n<p><strong>C\u00f3digo do Curso: 907<\/strong><\/p>\n<p>Durante o doutorado o aluno dever\u00e1 realizar um m\u00ednimo de 36 cr\u00e9ditos, dos quais 30 cr\u00e9ditos em disciplinas e 06 em semin\u00e1rio. O aluno poder\u00e1 aproveitar 18 cr\u00e9ditos feitos durante o mestrado no PPGQ\/UFSM ou em outro PG. Tamb\u00e9m poder\u00e1 solicitar o aproveitamento da l\u00edngua inglesa feita no mestrado.<\/p>\n<p>Para solicitar a dispensa utilizar o formul\u00e1rio Dispensa de Disciplinas dispon\u00edvel em\u00a0<a href=\"http:\/\/www.ufsm.br\/ppgq\">www.ufsm.br\/ppgq<\/a>\u00a0&#8211; Alunos &#8211; Formul\u00e1rios e entregar na Coordena\u00e7\u00e3o at\u00e9 o dia 06\/09\/2018.<\/p>\n<p>As disciplinas cursadas em outro PG devem ser encaminhadas \u00e0 Coordena\u00e7\u00e3o com hist\u00f3rico e ementa para an\u00e1lise e as cursadas no PPGQ s\u00e3o liberadas automaticamente.<\/p>\n<p>Obs.: as disciplinas cujas dispensas foram solicitadas devem constar do plano de estudos.<\/p>\n<p>A rela\u00e7\u00e3o das disciplinas do Programa est\u00e3o dispon\u00edveis em ufsm.br\/ppgq &#8211; O Programa \u2013 Disciplinas 2017<\/p>\n<p>O atendimento aos alunos na Secretaria do PPGQu\u00edmica (esclarecimento de d\u00favidas, retirada de guia de matr\u00edcula, atestados, etc &#8230;) \u00e9 realizado\u00a0<strong>somente<\/strong>\u00a0no turno da manh\u00e3.<\/p>\n<p>A ficha Identifica\u00e7\u00e3o do Aluno (com\u00a0<strong>ou sem*<\/strong>\u00a0a assinatura do Orientador) dever\u00e1 ser preenchida e entregue na Coordena\u00e7\u00e3o, impreterivelmente, at\u00e9 o dia 25\/07\/2018.\u00a0 Esta ficha, em Word (sem a assinatura do Orientador), tamb\u00e9m dever\u00e1 ser enviada por e-mail para o endere\u00e7o\u00a0<a href=\"mailto:ademir.s.sartori@ufsm.br\">ademir.s.sartori@ufsm.br<\/a>\u00a0at\u00e9 o dia 25\/07\/2018 e encontra-se dispon\u00edvel para download em\u00a0<a href=\"http:\/\/www.ufsm.br\/ppgq\">www.ufsm.br\/ppgq<\/a>\u00a0no \u00edcone Alunos &#8211; Formul\u00e1rios.<\/p>\n<p>* Obs.: O aluno que entregar a ficha de Identifica\u00e7\u00e3o sem constar o nome do(a) Orientador(a) e assinatura n\u00e3o concorrer\u00e1 a bolsa.<\/p>\n<p>Plano de estudos. No in\u00edcio do segundo semestre (at\u00e9 31\/08\/2018) os alunos dever\u00e3o acessar o Portal do Aluno abrir o plano de estudos, preencher e tramit\u00e1-lo para seu orientador.<\/p>\n<p>Os alunos somente poder\u00e3o realizar suas matr\u00edculas no semestre seguinte se tiverem preenchidos e aprovados seus planos de estudos on-line. Tutorial dispon\u00edvel em\u00a0<a href=\"http:\/\/www.ufsm.br\/pppg\">www.ufsm.br\/pppg<\/a>\u00a0 &#8211; Alunos &#8211; Formul\u00e1rios.<\/p>\n<p>No decorrer do Curso, de acordo com a Resolu\u00e7\u00e3o 003\/10 *, o aluno de Doutorado da UFSM dever\u00e1 realizar o Teste de Sufici\u00eancia em L\u00edngua Estrangeira &#8211; TESLLE. Para tanto o aluno dever\u00e1 fazer sua inscri\u00e7\u00e3o via web (<a href=\"http:\/\/www.ufsm.br\/\">www.ufsm.br<\/a>). O per\u00edodo para inscri\u00e7\u00e3o no 2\u00ba semestre 2017, de acordo com o calend\u00e1rio letivo da UFSM, ser\u00e1 de 13 a 31\/08\/18. O teste ser\u00e1 no dia 05\/10\/2018.<\/p>\n<p>* I \u2013 Os alunos brasileiros e estrangeiros oriundos de pa\u00edses de l\u00edngua portuguesa poder\u00e3o escolher entre as l\u00ednguas estrangeiras oferecidas a cada edi\u00e7\u00e3o do teste.<\/p>\n<p>II \u2013 Os demais alunos estrangeiros dever\u00e3o submeter-se ao teste em l\u00edngua portuguesa.<\/p>\n<p>O regulamento do PPGQ encontra-se dispon\u00edvel no site\u00a0<a href=\"http:\/\/www.ufsm.br\/ppgq\">www.ufsm.br\/ppgq<\/a>\u00a0em O Programa<\/p>\n<p>O calend\u00e1rio estudantil 2018 est\u00e1 dispon\u00edvel nos site\u00a0<a href=\"http:\/\/www.ufsm.br\/\">www.ufsm.br<\/a>\u00a0(no Portal do Aluno) e\u00a0<a href=\"http:\/\/www.ufsm.br\/ppgq\">www.ufsm.br\/ppgq<\/a>.<\/p>\n<p>* Eventuais mudan\u00e7as de datas (se houver) ser\u00e3o disponibilizadas no site da UFSM (www.ufsm.br) em Alunos- calend\u00e1rio letiv<\/p>\n","protected":false},"excerpt":{"rendered":"<p>QU\u00cdMICA ANAL\u00cdTICA Aprovados Candidato Nota Classifica\u00e7\u00e3o GABRIEL SEVERO DE CARVALHO 7,55 1\u00ba lugar SAMUEL RODRIGO WAECHTER 7,45 2\u00ba lugar PATR\u00cdCIA SCHMIDT 7,43 3\u00ba lugar PIMPERNELLI JONCO DOS SANTOS 7,00 4\u00ba lugar Suplentes Nenhum candidato ficou como suplente, pois sobraram vagas nesta \u00e1rea para este n\u00edvel. Demais candidatos n\u00e3o classificados Candidato Nota Classifica\u00e7\u00e3o IGOR TESSELE 4,79 [&hellip;]<\/p>\n","protected":false},"author":115,"featured_media":0,"parent":0,"menu_order":0,"comment_status":"closed","ping_status":"closed","template":"","meta":{"footnotes":""},"categories":[],"tags":[],"class_list":["post-382","page","type-page","status-publish","hentry"],"acf":[],"_links":{"self":[{"href":"https:\/\/www.ufsm.br\/cursos\/pos-graduacao\/santa-maria\/ppgq\/wp-json\/wp\/v2\/pages\/382","targetHints":{"allow":["GET"]}}],"collection":[{"href":"https:\/\/www.ufsm.br\/cursos\/pos-graduacao\/santa-maria\/ppgq\/wp-json\/wp\/v2\/pages"}],"about":[{"href":"https:\/\/www.ufsm.br\/cursos\/pos-graduacao\/santa-maria\/ppgq\/wp-json\/wp\/v2\/types\/page"}],"author":[{"embeddable":true,"href":"https:\/\/www.ufsm.br\/cursos\/pos-graduacao\/santa-maria\/ppgq\/wp-json\/wp\/v2\/users\/115"}],"replies":[{"embeddable":true,"href":"https:\/\/www.ufsm.br\/cursos\/pos-graduacao\/santa-maria\/ppgq\/wp-json\/wp\/v2\/comments?post=382"}],"version-history":[{"count":0,"href":"https:\/\/www.ufsm.br\/cursos\/pos-graduacao\/santa-maria\/ppgq\/wp-json\/wp\/v2\/pages\/382\/revisions"}],"wp:attachment":[{"href":"https:\/\/www.ufsm.br\/cursos\/pos-graduacao\/santa-maria\/ppgq\/wp-json\/wp\/v2\/media?parent=382"}],"wp:term":[{"taxonomy":"category","embeddable":true,"href":"https:\/\/www.ufsm.br\/cursos\/pos-graduacao\/santa-maria\/ppgq\/wp-json\/wp\/v2\/categories?post=382"},{"taxonomy":"post_tag","embeddable":true,"href":"https:\/\/www.ufsm.br\/cursos\/pos-graduacao\/santa-maria\/ppgq\/wp-json\/wp\/v2\/tags?post=382"}],"curies":[{"name":"wp","href":"https:\/\/api.w.org\/{rel}","templated":true}]}}