{"id":383,"date":"2019-01-17T09:35:27","date_gmt":"2019-01-17T11:35:27","guid":{"rendered":"https:\/\/www.ufsm.br\/cursos\/pos-graduacao\/santa-maria\/ppgq\/?page_id=383"},"modified":"2019-01-17T09:35:30","modified_gmt":"2019-01-17T11:35:30","slug":"resultado-da-selecao-doutorado-realizada-em-27-11-2017","status":"publish","type":"page","link":"https:\/\/www.ufsm.br\/cursos\/pos-graduacao\/santa-maria\/ppgq\/resultado-da-selecao-doutorado-realizada-em-27-11-2017","title":{"rendered":"Resultado da sele\u00e7\u00e3o doutorado realizada em 27\/11\/2017"},"content":{"rendered":"\n<p><strong>QU\u00cdMICA ANAL\u00cdTICA<\/strong><\/p>\n<p><strong>Aprovados<\/strong><\/p>\n<table width=\"529\">\n<tbody>\n<tr>\n<td width=\"327\">\n<p><strong>Candidato<\/strong><\/p>\n<\/td>\n<td width=\"97\">\n<p><strong>Nota<\/strong><\/p>\n<\/td>\n<td width=\"105\">\n<p><strong>Classifica\u00e7\u00e3o<\/strong><\/p>\n<\/td>\n<\/tr>\n<tr>\n<td width=\"327\">\n<p>ALESSANDRO HERMANN<\/p>\n<\/td>\n<td width=\"97\">\n<p>9,66<\/p>\n<\/td>\n<td width=\"105\">\n<p>1\u00ba lugar<\/p>\n<\/td>\n<\/tr>\n<tr>\n<td width=\"327\">\n<p>GABRIEL SEVERO DE CARVALHO<\/p>\n<\/td>\n<td width=\"97\">\n<p>7,66<\/p>\n<\/td>\n<td width=\"105\">\n<p>2\u00ba lugar<\/p>\n<\/td>\n<\/tr>\n<tr>\n<td width=\"327\">\n<p>GRACIELA MARINI HEIDRICH<\/p>\n<\/td>\n<td width=\"97\">\n<p>7,33<\/p>\n<\/td>\n<td width=\"105\">\n<p>3\u00ba lugar<\/p>\n<\/td>\n<\/tr>\n<tr>\n<td width=\"327\">\n<p>VINICIUS MACHADO NEVES<\/p>\n<\/td>\n<td width=\"97\">\n<p>7,23<\/p>\n<\/td>\n<td width=\"105\">\n<p>4\u00ba lugar<\/p>\n<\/td>\n<\/tr>\n<tr>\n<td width=\"327\">\n<p>S\u00d3NIA MARIA VAZ SANCHES CARDOSO<\/p>\n<\/td>\n<td width=\"97\">\n<p>7,20<\/p>\n<\/td>\n<td width=\"105\">\n<p>5\u00ba lugar<\/p>\n<\/td>\n<\/tr>\n<tr>\n<td width=\"327\">\n<p>HERLIANA DAMELYS FLORES ABREU<\/p>\n<\/td>\n<td width=\"97\">\n<p>7,15<\/p>\n<\/td>\n<td width=\"105\">\n<p>6\u00ba lugar<\/p>\n<\/td>\n<\/tr>\n<tr>\n<td width=\"327\">\n<p>K\u00c9LLEN FRANCINE ANSCHAU<\/p>\n<\/td>\n<td width=\"97\">\n<p>7,09<\/p>\n<\/td>\n<td width=\"105\">\n<p>7\u00ba lugar<\/p>\n<\/td>\n<\/tr>\n<tr>\n<td width=\"327\">\n<p>KEITI OLIVEIRA ALESSIO<\/p>\n<\/td>\n<td width=\"97\">\n<p>7,07<\/p>\n<\/td>\n<td width=\"105\">\n<p>8\u00ba lugar<\/p>\n<\/td>\n<\/tr>\n<tr>\n<td width=\"327\">\n<p>GUILHERME PACHECO CASA NOVA<\/p>\n<\/td>\n<td width=\"97\">\n<p>7,01<\/p>\n<\/td>\n<td width=\"105\">\n<p>9\u00ba lugar<\/p>\n<\/td>\n<\/tr>\n<tr>\n<td width=\"327\">\n<p>LUCILA CENDON RIBEIRO<\/p>\n<\/td>\n<td width=\"97\">\n<p>7,00<\/p>\n<\/td>\n<td width=\"105\">\n<p>10\u00ba lugar<\/p>\n<\/td>\n<\/tr>\n<\/tbody>\n<\/table>\n<p><strong>Suplentes<\/strong><\/p>\n<p>Nenhum candidato ficou como suplente, pois sobraram vagas nesta \u00e1rea para este n\u00edvel.<\/p>\n<p><strong>Demais candidatos n\u00e3o classificados<\/strong><\/p>\n<table width=\"424\">\n<tbody>\n<tr>\n<td width=\"327\">\n<p><strong>Candidato<\/strong><\/p>\n<\/td>\n<td width=\"97\">\n<p><strong>Nota<\/strong><\/p>\n<\/td>\n<\/tr>\n<tr>\n<td width=\"327\">\n<p>J\u00c9SSICA SOARES FLORES<\/p>\n<\/td>\n<td width=\"97\">\n<p>NC<\/p>\n<\/td>\n<\/tr>\n<\/tbody>\n<\/table>\n<p><strong>\u00a0<\/strong><strong>QU\u00cdMICA ORG\u00c2NICA<\/strong><\/p>\n<p><strong>Aprovados<\/strong><\/p>\n<table width=\"529\">\n<tbody>\n<tr>\n<td width=\"327\">\n<p><strong>Candidato<\/strong><\/p>\n<\/td>\n<td width=\"97\">\n<p><strong>Nota<\/strong><\/p>\n<\/td>\n<td width=\"105\">\n<p><strong>Classifica\u00e7\u00e3o<\/strong><\/p>\n<\/td>\n<\/tr>\n<tr>\n<td width=\"327\">\n<p>GEAN MICHEL DAL FORNO<\/p>\n<\/td>\n<td width=\"97\">\n<p>8,93<\/p>\n<\/td>\n<td width=\"105\">\n<p>1\u00ba lugar<\/p>\n<\/td>\n<\/tr>\n<tr>\n<td width=\"327\">\n<p>TALES ANTONIO CAMARGO GOULART<\/p>\n<\/td>\n<td width=\"97\">\n<p>8,75<\/p>\n<\/td>\n<td width=\"105\">\n<p>2\u00ba lugar<\/p>\n<\/td>\n<\/tr>\n<tr>\n<td width=\"327\">\n<p>SABRINA BASSALDUA DA CUNHA<\/p>\n<\/td>\n<td width=\"97\">\n<p>7,16<\/p>\n<\/td>\n<td width=\"105\">\n<p>4\u00ba lugar<\/p>\n<\/td>\n<\/tr>\n<tr>\n<td width=\"327\">\n<p>PAULO ALEXANDRE DE MORAES<\/p>\n<\/td>\n<td width=\"97\">\n<p>7,01<\/p>\n<\/td>\n<td width=\"105\">\n<p>5\u00ba lugar<\/p>\n<\/td>\n<\/tr>\n<\/tbody>\n<\/table>\n<p><strong>Suplentes<\/strong><\/p>\n<p>Nenhum candidato ficou como suplente, pois sobraram vagas nesta \u00e1rea para este n\u00edvel.<\/p>\n<p><strong>Demais candidatos n\u00e3o classificados<\/strong><\/p>\n<table width=\"424\">\n<tbody>\n<tr>\n<td width=\"327\">\n<p><strong>Candidato<\/strong><\/p>\n<\/td>\n<td width=\"97\">\n<p><strong>Nota<\/strong><\/p>\n<\/td>\n<\/tr>\n<tr>\n<td width=\"327\">\n<p>SUELEN SANTOS DA SILVA<\/p>\n<\/td>\n<td width=\"97\">\n<p>4,53<\/p>\n<\/td>\n<\/tr>\n<tr>\n<td width=\"327\">\n<p>F\u00c1BIO DA SILVA DE MATOS<\/p>\n<\/td>\n<td width=\"97\">\n<p>4,43<\/p>\n<\/td>\n<\/tr>\n<tr>\n<td width=\"327\">\n<p>INGRID RODRIGUES<\/p>\n<\/td>\n<td width=\"97\">\n<p>2,23<\/p>\n<\/td>\n<\/tr>\n<\/tbody>\n<\/table>\n<p><strong>\u00a0<\/strong><strong>QU\u00cdMICA INORG\u00c2NICA<\/strong><\/p>\n<p><strong>Aprovados<\/strong><\/p>\n<p>Nenhum candidato aprovado.<\/p>\n<p><strong>Suplentes<\/strong><\/p>\n<p>Nenhum candidato ficou como suplente, pois sobraram vagas nesta \u00e1rea para este n\u00edvel.<\/p>\n<p><strong>Demais candidatos n\u00e3o classificados<\/strong><\/p>\n<table width=\"424\">\n<tbody>\n<tr>\n<td width=\"327\">\n<p><strong>Candidato<\/strong><\/p>\n<\/td>\n<td width=\"97\">\n<p><strong>Nota<\/strong><\/p>\n<\/td>\n<\/tr>\n<tr>\n<td width=\"327\">\n<p>SARA ELISA FACCHINETTO<\/p>\n<\/td>\n<td width=\"97\">\n<p>3,67<\/p>\n<\/td>\n<\/tr>\n<\/tbody>\n<\/table>\n<p><strong>F\u00cdSICO-QU\u00cdMICA<\/strong><\/p>\n<p><strong>Aprovados<\/strong><\/p>\n<p>Nenhum candidato aprovado.<\/p>\n<p><strong>Suplentes<\/strong><\/p>\n<p>Nenhum candidato ficou como suplente, pois nenhum candidato foi aprovado nesta \u00e1rea para este n\u00edvel.<\/p>\n<p><strong>Demais candidatos n\u00e3o classificados<\/strong><\/p>\n<table width=\"424\">\n<tbody>\n<tr>\n<td width=\"327\">\n<p><strong>Candidato<\/strong><\/p>\n<\/td>\n<td width=\"97\">\n<p><strong>Nota<\/strong><\/p>\n<\/td>\n<\/tr>\n<tr>\n<td width=\"327\">\n<p>VIVIANE MARIA SCHNEIDER<\/p>\n<\/td>\n<td width=\"97\">\n<p>3,53<\/p>\n<\/td>\n<\/tr>\n<tr>\n<td width=\"327\">\n<p>JEREMIAS BASTOS DOS SANTOS<\/p>\n<\/td>\n<td width=\"97\">\n<p>NC<\/p>\n<\/td>\n<\/tr>\n<\/tbody>\n<\/table>\n<p><strong><em>Confirma\u00e7\u00e3o da vaga<\/em><\/strong><\/p>\n<p>De acordo com o EDITAL N\u00ba 027\/2017, DE 29 DE SETEMBRO DE 2017<\/p>\n<p>CLASSIFICADOS P\u00d3S-GRADUA\u00c7\u00c3O: Per\u00edodo para solicita\u00e7\u00e3o de confirma\u00e7\u00e3o de vaga via web e entrega no DERCA ou postagem dos documentos necess\u00e1rios \u00e0 confirma\u00e7\u00e3o de vaga dos candidatos classificados em cursos de p\u00f3s-gradua\u00e7\u00e3o, para ingresso no 1\u00ba semestre letivo de 2017, conforme orienta\u00e7\u00f5es do edital de sele\u00e7\u00e3o &#8211; De acordo com o Calend\u00e1rio Acad\u00eamico 2018 da UFSM.<\/p>\n<p>CLASSIFICADOS P\u00d3S-GRADUA\u00c7\u00c3O: Per\u00edodo para solicita\u00e7\u00e3o de matr\u00edcula, via Portal do Aluno, dos candidatos classificados em cursos de p\u00f3s-gradua\u00e7\u00e3o, para ingresso no 1\u00ba semestre letivo de 2017, conforme orienta\u00e7\u00f5es do edital de sele\u00e7\u00e3o. Usar login (n\u00ba matr\u00edcula) e senha fornecidos diretamente ao aluno pelo DERCA por e-mail &#8211; De acordo com o Calend\u00e1rio Acad\u00eamico 2018 da UFSM.<\/p>\n<p>\u00c9 responsabilidade do aluno conferir no Portal do Aluno, ap\u00f3s o processamento pelo CPD, se as solicita\u00e7\u00f5es foram aceitas pelo sistema.<\/p>\n<p>No semestre que o aluno n\u00e3o tiver nenhuma disciplina do curr\u00edculo para cursar dever\u00e1 se matricular em EDD 00X \u2013 Elabora\u00e7\u00e3o Defesa Doutorado para manter o v\u00ednculo com a UFSM.<\/p>\n<p><strong>Informa\u00e7\u00f5es Adicionais Doutorado:<\/strong><\/p>\n<p><strong>C\u00f3digo do Curso: 907<\/strong><\/p>\n<p>Durante o doutorado o aluno dever\u00e1 realizar um m\u00ednimo de 36 cr\u00e9ditos, dos quais 30 cr\u00e9ditos em disciplinas e 06 em semin\u00e1rio. O aluno poder\u00e1 aproveitar 18 cr\u00e9ditos feitos durante o mestrado no PPGQ\/UFSM ou em outro PG. Tamb\u00e9m poder\u00e1 solicitar o aproveitamento da l\u00edngua inglesa feita no mestrado.<\/p>\n<p>Para solicitar a dispensa utilizar o formul\u00e1rio Dispensa de Disciplinas dispon\u00edvel em\u00a0<a href=\"http:\/\/www.ufsm.br\/ppgq\">www.ufsm.br\/ppgq<\/a>\u00a0&#8211; Alunos &#8211; Formul\u00e1rios e entregar na Coordena\u00e7\u00e3o at\u00e9 o dia 09\/04\/2018. Obs.: Em 2018 este formul\u00e1rio j\u00e1 poder\u00e1 estar dispon\u00edvel no Portal do Aluno.<\/p>\n<p>As disciplinas cursadas em outro PG devem ser encaminhadas \u00e0 Coordena\u00e7\u00e3o com hist\u00f3rico e ementa para an\u00e1lise e as cursadas no PPGQ s\u00e3o liberadas automaticamente.<\/p>\n<p>Obs.: as disciplinas cujas dispensas foram solicitadas devem constar do plano de estudos.<\/p>\n<p>A rela\u00e7\u00e3o das disciplinas do Programa est\u00e3o dispon\u00edveis em ufsm.br\/ppgq &#8211; O Programa \u2013 Disciplinas 2017<\/p>\n<p>O atendimento aos alunos na Secretaria do PPGQu\u00edmica (esclarecimento de d\u00favidas, retirada de guia de matr\u00edcula, atestados, etc &#8230;) \u00e9 realizado\u00a0<strong>somente<\/strong>\u00a0no turno da manh\u00e3.<\/p>\n<p>A ficha Identifica\u00e7\u00e3o do Aluno (com\u00a0<strong>ou sem*<\/strong>\u00a0a assinatura do Orientador) dever\u00e1 ser preenchida e entregue na Coordena\u00e7\u00e3o, impreterivelmente, at\u00e9 o dia 01\/03\/2018.\u00a0 Esta ficha, em Word (sem a assinatura do Orientador), tamb\u00e9m dever\u00e1 ser enviada por e-mail para o endere\u00e7o\u00a0<a href=\"mailto:ademir.s.sartori@ufsm.br\">ademir.s.sartori@ufsm.br<\/a>\u00a0at\u00e9 o dia 01\/03\/2018 e encontra-se dispon\u00edvel para download em\u00a0<a href=\"http:\/\/www.ufsm.br\/ppgq\">www.ufsm.br\/ppgq<\/a>\u00a0no \u00edcone Alunos &#8211; Formul\u00e1rios.<\/p>\n<p>* Obs.: O aluno que entregar a ficha de Identifica\u00e7\u00e3o sem constar o nome do(a) Orientador(a) e assinatura n\u00e3o concorrer\u00e1 a bolsa.<\/p>\n<p>Plano de estudos. No in\u00edcio do 1\u00ba semestre (at\u00e9 26\/03\/2018) os alunos dever\u00e3o acessar o Portal do Aluno abrir o plano de estudos, preencher e tramit\u00e1-lo para seu orientador.<\/p>\n<p>Os alunos somente poder\u00e3o realizar suas matr\u00edculas no semestre seguinte se tiverem preenchidos e aprovados seus planos de estudos on-line. Tutorial dispon\u00edvel em\u00a0<a href=\"http:\/\/www.ufsm.br\/pppg\">www.ufsm.br\/pppg<\/a>\u00a0 &#8211; Alunos &#8211; Formul\u00e1rios.<\/p>\n<p>No decorrer do Curso, de acordo com a Resolu\u00e7\u00e3o 003\/10 *, o aluno de Doutorado da UFSM dever\u00e1 realizar o Teste de Sufici\u00eancia em L\u00edngua Estrangeira &#8211; TESLLE. Para tanto o aluno dever\u00e1 fazer sua inscri\u00e7\u00e3o via web (<a href=\"http:\/\/www.ufsm.br\/\">www.ufsm.br<\/a>). O per\u00edodo para inscri\u00e7\u00e3o no 1\u00ba semestre 2017, de acordo com o calend\u00e1rio letivo da UFSM, ser\u00e1 de &#8211; ainda n\u00e3o definido &#8211; ver Calend\u00e1rio Acad\u00eamico 2018. O teste ser\u00e1 no dia &#8211; ainda n\u00e3o definido &#8211; ver Calend\u00e1rio Acad\u00eamico 2018.<\/p>\n<p>* I \u2013 Os alunos brasileiros e estrangeiros oriundos de pa\u00edses de l\u00edngua portuguesa poder\u00e3o escolher entre as l\u00ednguas estrangeiras oferecidas a cada edi\u00e7\u00e3o do teste.<\/p>\n<p>II \u2013 Os demais alunos estrangeiros dever\u00e3o submeter-se ao teste em l\u00edngua portuguesa.<\/p>\n<p>O calend\u00e1rio estudantil 2018 est\u00e1 dispon\u00edvel nos site\u00a0<a href=\"http:\/\/www.ufsm.br\/\">www.ufsm.br<\/a>\u00a0(no Portal do Aluno) e\u00a0<a href=\"http:\/\/www.ufsm.br\/ppgq\">www.ufsm.br\/ppgq<\/a>.<\/p>\n<p>* Eventuais mudan\u00e7as de datas (se houver) ser\u00e3o disponibilizadas no site da UFSM (www.ufsm.br) em Alunos- calend\u00e1rio letivo<\/p>\n","protected":false},"excerpt":{"rendered":"<p>QU\u00cdMICA ANAL\u00cdTICA Aprovados Candidato Nota Classifica\u00e7\u00e3o ALESSANDRO HERMANN 9,66 1\u00ba lugar GABRIEL SEVERO DE CARVALHO 7,66 2\u00ba lugar GRACIELA MARINI HEIDRICH 7,33 3\u00ba lugar VINICIUS MACHADO NEVES 7,23 4\u00ba lugar S\u00d3NIA MARIA VAZ SANCHES CARDOSO 7,20 5\u00ba lugar HERLIANA DAMELYS FLORES ABREU 7,15 6\u00ba lugar K\u00c9LLEN FRANCINE ANSCHAU 7,09 7\u00ba lugar KEITI OLIVEIRA ALESSIO 7,07 [&hellip;]<\/p>\n","protected":false},"author":115,"featured_media":0,"parent":0,"menu_order":0,"comment_status":"closed","ping_status":"closed","template":"","meta":{"footnotes":""},"categories":[],"tags":[],"class_list":["post-383","page","type-page","status-publish","hentry"],"acf":[],"_links":{"self":[{"href":"https:\/\/www.ufsm.br\/cursos\/pos-graduacao\/santa-maria\/ppgq\/wp-json\/wp\/v2\/pages\/383","targetHints":{"allow":["GET"]}}],"collection":[{"href":"https:\/\/www.ufsm.br\/cursos\/pos-graduacao\/santa-maria\/ppgq\/wp-json\/wp\/v2\/pages"}],"about":[{"href":"https:\/\/www.ufsm.br\/cursos\/pos-graduacao\/santa-maria\/ppgq\/wp-json\/wp\/v2\/types\/page"}],"author":[{"embeddable":true,"href":"https:\/\/www.ufsm.br\/cursos\/pos-graduacao\/santa-maria\/ppgq\/wp-json\/wp\/v2\/users\/115"}],"replies":[{"embeddable":true,"href":"https:\/\/www.ufsm.br\/cursos\/pos-graduacao\/santa-maria\/ppgq\/wp-json\/wp\/v2\/comments?post=383"}],"version-history":[{"count":0,"href":"https:\/\/www.ufsm.br\/cursos\/pos-graduacao\/santa-maria\/ppgq\/wp-json\/wp\/v2\/pages\/383\/revisions"}],"wp:attachment":[{"href":"https:\/\/www.ufsm.br\/cursos\/pos-graduacao\/santa-maria\/ppgq\/wp-json\/wp\/v2\/media?parent=383"}],"wp:term":[{"taxonomy":"category","embeddable":true,"href":"https:\/\/www.ufsm.br\/cursos\/pos-graduacao\/santa-maria\/ppgq\/wp-json\/wp\/v2\/categories?post=383"},{"taxonomy":"post_tag","embeddable":true,"href":"https:\/\/www.ufsm.br\/cursos\/pos-graduacao\/santa-maria\/ppgq\/wp-json\/wp\/v2\/tags?post=383"}],"curies":[{"name":"wp","href":"https:\/\/api.w.org\/{rel}","templated":true}]}}