{"id":385,"date":"2019-01-17T09:38:46","date_gmt":"2019-01-17T11:38:46","guid":{"rendered":"https:\/\/www.ufsm.br\/cursos\/pos-graduacao\/santa-maria\/ppgq\/?page_id=385"},"modified":"2019-01-17T09:38:48","modified_gmt":"2019-01-17T11:38:48","slug":"aprovados-doutorado-selecao-realizada-em-28-11-2016","status":"publish","type":"page","link":"https:\/\/www.ufsm.br\/cursos\/pos-graduacao\/santa-maria\/ppgq\/aprovados-doutorado-selecao-realizada-em-28-11-2016","title":{"rendered":"Aprovados doutorado sele\u00e7\u00e3o realizada em 28\/11\/2016"},"content":{"rendered":"\n<p style=\"font-weight: 400\"><b><strong>QU\u00cdMICA ANAL\u00cdTICA<\/strong><\/b><\/p>\n<p style=\"font-weight: 400\">\u00a0<b><strong>Aprovados<\/strong><\/b><\/p>\n<table width=\"577\">\n<tbody>\n<tr>\n<td width=\"79\">\n<p><b><strong>Inscri\u00e7\u00e3o<\/strong><\/b><\/p>\n<\/td>\n<td width=\"312\">\n<p><b><strong>Candidato<\/strong><\/b><\/p>\n<\/td>\n<td width=\"93\">\n<p><b><strong>NOTA<\/strong><\/b><\/p>\n<\/td>\n<td width=\"93\">\n<p><b><strong>Classifica\u00e7\u00e3o<\/strong><\/b><\/p>\n<\/td>\n<\/tr>\n<tr>\n<td width=\"79\">\n<p>1160<\/p>\n<\/td>\n<td width=\"312\">\n<p>HENRIQUE FACCIN<\/p>\n<\/td>\n<td width=\"93\">\n<p>8,53<\/p>\n<\/td>\n<td width=\"93\">\n<p>1\u00b0 lugar<\/p>\n<\/td>\n<\/tr>\n<tr>\n<td width=\"79\">\n<p>708<\/p>\n<\/td>\n<td width=\"312\">\n<p>EDUARD FERNEY VALENZUELA TOLEDO<\/p>\n<\/td>\n<td width=\"93\">\n<p>8,31<\/p>\n<\/td>\n<td width=\"93\">\n<p>2\u00b0 lugar<\/p>\n<\/td>\n<\/tr>\n<tr>\n<td width=\"79\">\n<p>127<\/p>\n<\/td>\n<td width=\"312\">\n<p>GABRIELLE DINECK IOP<\/p>\n<\/td>\n<td width=\"93\">\n<p>7,90<\/p>\n<\/td>\n<td width=\"93\">\n<p>3\u00b0 lugar<\/p>\n<\/td>\n<\/tr>\n<tr>\n<td width=\"79\">\n<p>800<\/p>\n<\/td>\n<td width=\"312\">\n<p>MAIARA PRISCILLA DE SOUZA<\/p>\n<\/td>\n<td width=\"93\">\n<p>7,00<\/p>\n<\/td>\n<td width=\"93\">\n<p>4\u00b0 lugar<\/p>\n<\/td>\n<\/tr>\n<\/tbody>\n<\/table>\n<p style=\"font-weight: 400\">\u00a0<\/p>\n<p style=\"font-weight: 400\"><b><strong>Suplentes<\/strong><\/b><\/p>\n<p style=\"font-weight: 400\">Nenhum candidato ficou como suplente, pois sobraram vagas nesta \u00e1rea para este n\u00edvel.<\/p>\n<p style=\"font-weight: 400\"><b><strong>Demais candidatos n\u00e3o classificados<\/strong><\/b><\/p>\n<p style=\"font-weight: 400\">\u00a0<\/p>\n<table width=\"484\">\n<tbody>\n<tr>\n<td width=\"79\">\n<p><b><strong>Inscri\u00e7\u00e3o<\/strong><\/b><\/p>\n<\/td>\n<td width=\"312\">\n<p><b><strong>Candidato<\/strong><\/b><\/p>\n<\/td>\n<td width=\"93\">\n<p><b><strong>NOTA<\/strong><\/b><\/p>\n<\/td>\n<\/tr>\n<tr>\n<td width=\"79\">\n<p>1614<\/p>\n<\/td>\n<td width=\"312\">\n<p>MARISA DEMARCO<\/p>\n<\/td>\n<td width=\"93\">\n<p>6,40<\/p>\n<\/td>\n<\/tr>\n<tr>\n<td width=\"79\">\n<p>649<\/p>\n<\/td>\n<td width=\"312\">\n<p>DAPHNE CHIARA ANT\u00d4NIO<\/p>\n<\/td>\n<td width=\"93\">\n<p>6,25<\/p>\n<\/td>\n<\/tr>\n<tr>\n<td width=\"79\">\n<p>224<\/p>\n<\/td>\n<td width=\"312\">\n<p>LUCILA CENDON RIBEIRO<\/p>\n<\/td>\n<td width=\"93\">\n<p>5,97<\/p>\n<\/td>\n<\/tr>\n<tr>\n<td width=\"79\">\n<p>1396<\/p>\n<\/td>\n<td width=\"312\">\n<p>REJANE SECRETTI CARGNIN<\/p>\n<\/td>\n<td width=\"93\">\n<p>5,97<\/p>\n<\/td>\n<\/tr>\n<tr>\n<td width=\"79\">\n<p>1003<\/p>\n<\/td>\n<td width=\"312\">\n<p>NATH\u00c1LIA SAIBT<\/p>\n<\/td>\n<td width=\"93\">\n<p>5,28<\/p>\n<\/td>\n<\/tr>\n<tr>\n<td width=\"79\">\n<p>2011<\/p>\n<\/td>\n<td width=\"312\">\n<p>AUGUSTO CEZAR DOTTA FILHO<\/p>\n<\/td>\n<td width=\"93\">\n<p>5,00<\/p>\n<\/td>\n<\/tr>\n<\/tbody>\n<\/table>\n<p style=\"font-weight: 400\">\u00a0<\/p>\n<p style=\"font-weight: 400\"><b><strong>QU\u00cdMICA ORG\u00c2NICA<\/strong><\/b><\/p>\n<p style=\"font-weight: 400\">\u00a0<b><strong>Aprovados<\/strong><\/b><\/p>\n<table width=\"577\">\n<tbody>\n<tr>\n<td width=\"79\">\n<p><b><strong>Inscri\u00e7\u00e3o<\/strong><\/b><\/p>\n<\/td>\n<td width=\"312\">\n<p><b><strong>Candidato<\/strong><\/b><\/p>\n<\/td>\n<td width=\"93\">\n<p><b><strong>NOTA<\/strong><\/b><\/p>\n<\/td>\n<td width=\"93\">\n<p><b><strong>Classifica\u00e7\u00e3o<\/strong><\/b><\/p>\n<\/td>\n<\/tr>\n<tr>\n<td width=\"79\">\n<p>760<\/p>\n<\/td>\n<td width=\"312\">\n<p>JO\u00c3O C\u00c2NDIDO PILAR MAYER<\/p>\n<\/td>\n<td width=\"93\">\n<p>9,63<\/p>\n<\/td>\n<td width=\"93\">\n<p>1\u00b0 lugar<\/p>\n<\/td>\n<\/tr>\n<tr>\n<td width=\"79\">\n<p>1575<\/p>\n<\/td>\n<td width=\"312\">\n<p>ALEX KETZER<\/p>\n<\/td>\n<td width=\"93\">\n<p>8,87<\/p>\n<\/td>\n<td width=\"93\">\n<p>2\u00b0 lugar<\/p>\n<\/td>\n<\/tr>\n<tr>\n<td width=\"79\">\n<p>2375<\/p>\n<\/td>\n<td width=\"312\">\n<p>ADRIANO FELIN CAMARGO<\/p>\n<\/td>\n<td width=\"93\">\n<p>7,73<\/p>\n<\/td>\n<td width=\"93\">\n<p>3\u00b0 lugar<\/p>\n<\/td>\n<\/tr>\n<\/tbody>\n<\/table>\n<p style=\"font-weight: 400\">\u00a0<\/p>\n<p style=\"font-weight: 400\"><b><strong>Suplentes<\/strong><\/b><\/p>\n<p style=\"font-weight: 400\">\u00a0Nenhum candidato ficou como suplente, pois sobraram vagas nesta \u00e1rea para este n\u00edvel.<\/p>\n<p style=\"font-weight: 400\">\u00a0<b><strong>Demais candidatos n\u00e3o classificados<\/strong><\/b><\/p>\n<p style=\"font-weight: 400\">\u00a0<\/p>\n<table width=\"484\">\n<tbody>\n<tr>\n<td width=\"79\">\n<p><b><strong>Inscri\u00e7\u00e3o<\/strong><\/b><\/p>\n<\/td>\n<td width=\"312\">\n<p><b><strong>Candidato<\/strong><\/b><\/p>\n<\/td>\n<td width=\"93\">\n<p><b><strong>NOTA<\/strong><\/b><\/p>\n<\/td>\n<\/tr>\n<tr>\n<td width=\"79\">\n<p>3881<\/p>\n<\/td>\n<td width=\"312\">\n<p>ANDERSON BERTI PAGLIARI<\/p>\n<\/td>\n<td width=\"93\">\n<p>6,69<\/p>\n<\/td>\n<\/tr>\n<tr>\n<td width=\"79\">\n<p>66<\/p>\n<\/td>\n<td width=\"312\">\n<p>SABRINA BASSALDUA DA CUNHA<\/p>\n<\/td>\n<td width=\"93\">\n<p>6,13<\/p>\n<\/td>\n<\/tr>\n<tr>\n<td width=\"79\">\n<p>3064<\/p>\n<\/td>\n<td width=\"312\">\n<p>RAQUEL MELLO DA ROSA<\/p>\n<\/td>\n<td width=\"93\">\n<p>6,10<\/p>\n<\/td>\n<\/tr>\n<tr>\n<td width=\"79\">\n<p>3879<\/p>\n<\/td>\n<td width=\"312\">\n<p>TAIN\u00c1RA ORLANDO<\/p>\n<\/td>\n<td width=\"93\">\n<p>5,45<\/p>\n<\/td>\n<\/tr>\n<tr>\n<td width=\"79\">\n<p>545<\/p>\n<\/td>\n<td width=\"312\">\n<p>ANA MARIA SPOHR RECCHI<\/p>\n<\/td>\n<td width=\"93\">\n<p>5,42<\/p>\n<\/td>\n<\/tr>\n<tr>\n<td width=\"79\">\n<p>889<\/p>\n<\/td>\n<td width=\"312\">\n<p>PAULO ALEXANDRE DE MORAES<\/p>\n<\/td>\n<td width=\"93\">\n<p>5,37<\/p>\n<\/td>\n<\/tr>\n<tr>\n<td width=\"79\">\n<p>2988<\/p>\n<\/td>\n<td width=\"312\">\n<p>FERNANDO JOS\u00c9 RIGHI<\/p>\n<\/td>\n<td width=\"93\">\n<p>5,13<\/p>\n<\/td>\n<\/tr>\n<\/tbody>\n<\/table>\n<p style=\"font-weight: 400\">\u00a0<\/p>\n<p style=\"font-weight: 400\">\u00a0<b><strong>QU\u00cdMICA INORG\u00c2NICA<\/strong><\/b><\/p>\n<p style=\"font-weight: 400\">\u00a0<b><strong>Aprovados<\/strong><\/b><\/p>\n<table width=\"577\">\n<tbody>\n<tr>\n<td width=\"79\">\n<p><b><strong>Inscri\u00e7\u00e3o<\/strong><\/b><\/p>\n<\/td>\n<td width=\"312\">\n<p><b><strong>Candidato<\/strong><\/b><\/p>\n<\/td>\n<td width=\"93\">\n<p><b><strong>NOTA<\/strong><\/b><\/p>\n<\/td>\n<td width=\"93\">\n<p><b><strong>Classifica\u00e7\u00e3o<\/strong><\/b><\/p>\n<\/td>\n<\/tr>\n<tr>\n<td width=\"79\">\n<p>1059<\/p>\n<\/td>\n<td width=\"312\">\n<p>LINIQUER ANDRE FONTANA<\/p>\n<\/td>\n<td width=\"93\">\n<p>9,26<\/p>\n<\/td>\n<td width=\"93\">\n<p>1\u00b0 lugar<\/p>\n<\/td>\n<\/tr>\n<tr>\n<td width=\"79\">\n<p>3359<\/p>\n<\/td>\n<td width=\"312\">\n<p>PATR\u00cdCIA REGINA EBANI<\/p>\n<\/td>\n<td width=\"93\">\n<p>7,85<\/p>\n<\/td>\n<td width=\"93\">\n<p>2\u00b0 lugar<\/p>\n<\/td>\n<\/tr>\n<\/tbody>\n<\/table>\n<p style=\"font-weight: 400\">\u00a0<\/p>\n<p style=\"font-weight: 400\">\u00a0<b><strong>Suplentes<\/strong><\/b><\/p>\n<p style=\"font-weight: 400\">\u00a0Nenhum candidato ficou como suplente, pois sobraram vagas nesta \u00e1rea para este n\u00edvel.<\/p>\n<p style=\"font-weight: 400\">\u00a0<b><strong>Demais candidatos n\u00e3o classificados<\/strong><\/b><\/p>\n<p style=\"font-weight: 400\">\u00a0<\/p>\n<table width=\"484\">\n<tbody>\n<tr>\n<td width=\"79\">\n<p><b><strong>Inscri\u00e7\u00e3o<\/strong><\/b><\/p>\n<\/td>\n<td width=\"312\">\n<p><b><strong>Candidato<\/strong><\/b><\/p>\n<\/td>\n<td width=\"93\">\n<p><b><strong>NOTA<\/strong><\/b><\/p>\n<\/td>\n<\/tr>\n<tr>\n<td width=\"79\">\n<p>1139<\/p>\n<\/td>\n<td width=\"312\">\n<p>LUCIELLE CODEIM DRESCH<\/p>\n<\/td>\n<td width=\"93\">\n<p>6,32<\/p>\n<\/td>\n<\/tr>\n<\/tbody>\n<\/table>\n<p style=\"font-weight: 400\">\u00a0<\/p>\n<p style=\"font-weight: 400\">\u00a0<\/p>\n<p style=\"font-weight: 400\">\u00a0<b><strong>F\u00cdSICO-QU\u00cdMICA<\/strong><\/b><\/p>\n<p style=\"font-weight: 400\">\u00a0<b><strong>Aprovados<\/strong><\/b><\/p>\n<p style=\"font-weight: 400\">\u00a0<\/p>\n<table width=\"577\">\n<tbody>\n<tr>\n<td width=\"79\">\n<p><b><strong>Inscri\u00e7\u00e3o<\/strong><\/b><\/p>\n<\/td>\n<td width=\"312\">\n<p><b><strong>Candidato<\/strong><\/b><\/p>\n<\/td>\n<td width=\"93\">\n<p><b><strong>NOTA<\/strong><\/b><\/p>\n<\/td>\n<td width=\"93\">\n<p><b><strong>Classifica\u00e7\u00e3o<\/strong><\/b><\/p>\n<\/td>\n<\/tr>\n<tr>\n<td width=\"79\">\n<p>709<\/p>\n<\/td>\n<td width=\"312\">\n<p>NAHUM RAMIREZ PINEDA<\/p>\n<\/td>\n<td width=\"93\">\n<p>7,00<\/p>\n<\/td>\n<td width=\"93\">\n<p>1\u00b0 lugar<\/p>\n<\/td>\n<\/tr>\n<\/tbody>\n<\/table>\n<p style=\"font-weight: 400\">\u00a0<\/p>\n<p style=\"font-weight: 400\">\u00a0<b><strong>Suplentes<\/strong><\/b><\/p>\n<p style=\"font-weight: 400\">Nenhum candidato ficou como suplente, pois sobraram vagas nesta \u00e1rea para este n\u00edvel.<\/p>\n<p style=\"font-weight: 400\">\u00a0<b><strong>Demais candidatos n\u00e3o classificados<\/strong><\/b><\/p>\n<p style=\"font-weight: 400\">\u00a0<\/p>\n<table width=\"484\">\n<tbody>\n<tr>\n<td width=\"79\">\n<p><b><strong>Inscri\u00e7\u00e3o<\/strong><\/b><\/p>\n<\/td>\n<td width=\"312\">\n<p><b><strong>Candidato<\/strong><\/b><\/p>\n<\/td>\n<td width=\"93\">\n<p><b><strong>NOTA<\/strong><\/b><\/p>\n<\/td>\n<\/tr>\n<tr>\n<td width=\"79\">\n<p>1619<\/p>\n<\/td>\n<td width=\"312\">\n<p>STHEFEN FERNANDO ANDRADE DA RONCH<\/p>\n<\/td>\n<td width=\"93\">\n<p>5,98<\/p>\n<\/td>\n<\/tr>\n<\/tbody>\n<\/table>\n<p style=\"font-weight: 400\">\u00a0<\/p>\n<p style=\"font-weight: 400\">&#8220;As quest\u00f5es de n\u00famero 1 da \u00e1rea de Qu\u00edmica Anal\u00edtica e n\u00famero 3 da \u00e1rea de Qu\u00edmica Org\u00e2nica foram anuladas. A pontua\u00e7\u00e3o referente a estas quest\u00f5es foi dada de forma integral para todos os candidatos, independente de ter feito ou acertado as referidas quest\u00f5es.&#8221;<\/p>\n<p style=\"font-weight: 400\"><b><strong><em>\u00a0<\/em><\/strong><\/b><\/p>\n<p style=\"font-weight: 400\"><b><strong><em>Confirma\u00e7\u00e3o da vaga<\/em><\/strong><\/b><\/p>\n<p style=\"font-weight: 400\">De acordo com o EDITAL N\u00ba 030\/UFSM\/PRPGP, DE 30 DE SETEMBRO DE 2016<\/p>\n<p style=\"font-weight: 400\">\u00a0<\/p>\n<p style=\"font-weight: 400\"><b><strong>Informa\u00e7\u00f5es Adicionais Doutorado:<\/strong><\/b><\/p>\n<p style=\"font-weight: 400\"><b><strong>C\u00f3digo do Curso: 907<\/strong><\/b><\/p>\n<p style=\"font-weight: 400\"><b><strong>\u00a0<\/strong><\/b><\/p>\n<p style=\"font-weight: 400\">Durante o doutorado o aluno dever\u00e1 realizar um m\u00ednimo de 36 cr\u00e9ditos, dos quais 30 cr\u00e9ditos em disciplinas e 06 em semin\u00e1rio. O aluno poder\u00e1 aproveitar 18 cr\u00e9ditos feitos durante o mestrado no PPGQ\/UFSM ou em outro PG. Tamb\u00e9m poder\u00e1 solicitar o aproveitamento da l\u00edngua inglesa feita no mestrado.<\/p>\n<p style=\"font-weight: 400\">Para solicitar a dispensa utilizar o formul\u00e1rio Dispensa de Disciplinas dispon\u00edvel em\u00a0<a href=\"http:\/\/www.ufsm.br\/ppgq\">www.ufsm.br\/ppgq<\/a>\u00a0&#8211; Alunos &#8211; Formul\u00e1rios e entregar na Coordena\u00e7\u00e3o at\u00e9 o dia 05\/03\/2017.<\/p>\n<p style=\"font-weight: 400\">\u00a0As disciplinas cursadas em outro PG devem ser encaminhadas \u00e0 Coordena\u00e7\u00e3o com hist\u00f3rico e ementa para an\u00e1lise e as cursadas no PPGQ s\u00e3o liberadas automaticamente.<\/p>\n<p style=\"font-weight: 400\">Obs.: as disciplinas cujas dispensas foram solicitadas devem constar do plano de estudos.<\/p>\n<p style=\"font-weight: 400\">A rela\u00e7\u00e3o das disciplinas do Programa est\u00e3o dispon\u00edveis em ufsm.br\/ppgq &#8211; O Programa \u2013 Disciplinas 2017<\/p>\n<p style=\"font-weight: 400\">\u00a0<\/p>\n<p style=\"font-weight: 400\">\u00a0<\/p>\n<p style=\"font-weight: 400\">A solicita\u00e7\u00e3o de matr\u00edcula deve ser efetuada atrav\u00e9s do site www.ufsm.br no Portal do Aluno no per\u00edodo 13 e 14\/02\/2017 usando login (n\u00ba matr\u00edcula) e senha fornecidos diretamente ao aluno pelo DERCA por e-mail.<\/p>\n<p style=\"font-weight: 400\">\u00a0<\/p>\n<p style=\"font-weight: 400\">No semestre que o aluno n\u00e3o tiver nenhuma disciplina do curr\u00edculo para cursar dever\u00e1 se matricular em EDD 00X \u2013 Elabora\u00e7\u00e3o Defesa Doutorado para manter o v\u00ednculo com a UFSM.<\/p>\n<p style=\"font-weight: 400\">\u00a0<\/p>\n<p style=\"font-weight: 400\">\u00c9 responsabilidade do aluno conferir no Portal do Aluno, ap\u00f3s o processamento pelo CPD, se as solicita\u00e7\u00f5es foram aceitas pelo sistema.<\/p>\n<p style=\"font-weight: 400\">\u00a0<\/p>\n<p style=\"font-weight: 400\">O atendimento aos alunos na Secretaria do PPGQu\u00edmica (esclarecimento de d\u00favidas, retirada de guia de matr\u00edcula, atestados, etc &#8230;) \u00e9 realizado\u00a0<b><strong>somente<\/strong><\/b>\u00a0no turno da manh\u00e3.<\/p>\n<p style=\"font-weight: 400\">\u00a0<\/p>\n<p style=\"font-weight: 400\">A ficha Identifica\u00e7\u00e3o do Aluno (com\u00a0<b><strong>ou sem*<\/strong><\/b>\u00a0a assinatura do Orientador) dever\u00e1 ser preenchida e entregue na Coordena\u00e7\u00e3o, impreterivelmente, at\u00e9 o dia 01\/03\/2017.\u00a0 Esta ficha, em Word (sem a assinatura do Orientador), tamb\u00e9m dever\u00e1 ser enviada por e-mail para o endere\u00e7o\u00a0<a href=\"mailto:ademir.s.sartori@ufsm.br\">ademir.s.sartori@ufsm.br<\/a>\u00a0at\u00e9 o dia 01\/03\/2017e encontra-se dispon\u00edvel para download em\u00a0<a href=\"http:\/\/www.ufsm.br\/ppgq\">www.ufsm.br\/ppgq<\/a>\u00a0no \u00edcone Alunos &#8211; Formul\u00e1rios.<\/p>\n<p style=\"font-weight: 400\">* Obs.: O aluno que entregar a ficha de Identifica\u00e7\u00e3o sem constar o nome do(a) Orientador(a) e assinatura n\u00e3o concorrer\u00e1 a bolsa.<\/p>\n<p style=\"font-weight: 400\">\u00a0<\/p>\n<p style=\"font-weight: 400\">Plano de estudos. No in\u00edcio do segundo semestre (at\u00e9 27\/03\/2017) os alunos dever\u00e3o acessar o Portal do Aluno abrir o plano de estudos, preencher e tramit\u00e1-lo para seu orientador.<\/p>\n<p style=\"font-weight: 400\">Os alunos somente poder\u00e3o realizar suas matr\u00edculas no semestre seguinte se tiverem preenchidos e aprovados seus planos de estudos on-line. Tutorial dispon\u00edvel em\u00a0<a href=\"http:\/\/www.ufsm.br\/pppg\">www.ufsm.br\/pppg<\/a>\u00a0 &#8211; Alunos &#8211; Formul\u00e1rios.<\/p>\n<p style=\"font-weight: 400\">\u00a0<\/p>\n<p style=\"font-weight: 400\">No decorrer do Curso, de acordo com a Resolu\u00e7\u00e3o 003\/10 *, o aluno de Doutorado da UFSM dever\u00e1 realizar o Teste de Sufici\u00eancia em L\u00edngua Estrangeira &#8211; TESLLE. Para tanto o aluno dever\u00e1 fazer sua inscri\u00e7\u00e3o via web (<a href=\"http:\/\/www.ufsm.br\/\">www.ufsm.br<\/a>). O per\u00edodo para inscri\u00e7\u00e3o no 1\u00ba semestre 2017, de acordo com o calend\u00e1rio letivo da UFSM, ser\u00e1 de 06\/03 a 31\/03\/2017. O teste ser\u00e1 no dia 09\/06\/2017.<\/p>\n<p style=\"font-weight: 400\">.<\/p>\n<p style=\"font-weight: 400\">* I \u2013 Os alunos brasileiros e estrangeiros oriundos de pa\u00edses de l\u00edngua portuguesa poder\u00e3o escolher entre as l\u00ednguas estrangeiras oferecidas a cada edi\u00e7\u00e3o do teste.<\/p>\n<p style=\"font-weight: 400\">II \u2013 Os demais alunos estrangeiros dever\u00e3o submeter-se ao teste em l\u00edngua portuguesa.<\/p>\n<p style=\"font-weight: 400\">\u00a0<\/p>\n<p style=\"font-weight: 400\">O calend\u00e1rio estudantil 2017 encontra-se estar\u00e1 dispon\u00edvel no site www.ufsm.br e www.ufsm.br\/ppgq e no Portal do Aluno em 2017.<\/p>\n<p style=\"font-weight: 400\">\u00a0<\/p>\n<p style=\"font-weight: 400\">O regulamento do PPGQ encontra-se dispon\u00edvel no site\u00a0<a href=\"http:\/\/www.ufsm.br\/ppgq\">www.ufsm.br\/ppgq<\/a>\u00a0&#8211; O Programa<\/p>\n<p style=\"font-weight: 400\">\u00a0<\/p>\n<p style=\"font-weight: 400\">* Eventuais mudan\u00e7as de datas (se houver) ser\u00e3o disponibilizadas no site da UFSM (www.ufsm.br) em Alunos- calend\u00e1rio letivo<\/p>\n","protected":false},"excerpt":{"rendered":"<p>QU\u00cdMICA ANAL\u00cdTICA \u00a0Aprovados Inscri\u00e7\u00e3o Candidato NOTA Classifica\u00e7\u00e3o 1160 HENRIQUE FACCIN 8,53 1\u00b0 lugar 708 EDUARD FERNEY VALENZUELA TOLEDO 8,31 2\u00b0 lugar 127 GABRIELLE DINECK IOP 7,90 3\u00b0 lugar 800 MAIARA PRISCILLA DE SOUZA 7,00 4\u00b0 lugar \u00a0 Suplentes Nenhum candidato ficou como suplente, pois sobraram vagas nesta \u00e1rea para este n\u00edvel. Demais candidatos n\u00e3o classificados [&hellip;]<\/p>\n","protected":false},"author":115,"featured_media":0,"parent":0,"menu_order":0,"comment_status":"closed","ping_status":"closed","template":"","meta":{"footnotes":""},"categories":[],"tags":[],"class_list":["post-385","page","type-page","status-publish","hentry"],"acf":[],"_links":{"self":[{"href":"https:\/\/www.ufsm.br\/cursos\/pos-graduacao\/santa-maria\/ppgq\/wp-json\/wp\/v2\/pages\/385","targetHints":{"allow":["GET"]}}],"collection":[{"href":"https:\/\/www.ufsm.br\/cursos\/pos-graduacao\/santa-maria\/ppgq\/wp-json\/wp\/v2\/pages"}],"about":[{"href":"https:\/\/www.ufsm.br\/cursos\/pos-graduacao\/santa-maria\/ppgq\/wp-json\/wp\/v2\/types\/page"}],"author":[{"embeddable":true,"href":"https:\/\/www.ufsm.br\/cursos\/pos-graduacao\/santa-maria\/ppgq\/wp-json\/wp\/v2\/users\/115"}],"replies":[{"embeddable":true,"href":"https:\/\/www.ufsm.br\/cursos\/pos-graduacao\/santa-maria\/ppgq\/wp-json\/wp\/v2\/comments?post=385"}],"version-history":[{"count":0,"href":"https:\/\/www.ufsm.br\/cursos\/pos-graduacao\/santa-maria\/ppgq\/wp-json\/wp\/v2\/pages\/385\/revisions"}],"wp:attachment":[{"href":"https:\/\/www.ufsm.br\/cursos\/pos-graduacao\/santa-maria\/ppgq\/wp-json\/wp\/v2\/media?parent=385"}],"wp:term":[{"taxonomy":"category","embeddable":true,"href":"https:\/\/www.ufsm.br\/cursos\/pos-graduacao\/santa-maria\/ppgq\/wp-json\/wp\/v2\/categories?post=385"},{"taxonomy":"post_tag","embeddable":true,"href":"https:\/\/www.ufsm.br\/cursos\/pos-graduacao\/santa-maria\/ppgq\/wp-json\/wp\/v2\/tags?post=385"}],"curies":[{"name":"wp","href":"https:\/\/api.w.org\/{rel}","templated":true}]}}