{"id":387,"date":"2019-01-17T09:41:44","date_gmt":"2019-01-17T11:41:44","guid":{"rendered":"https:\/\/www.ufsm.br\/cursos\/pos-graduacao\/santa-maria\/ppgq\/?page_id=387"},"modified":"2019-01-17T09:41:47","modified_gmt":"2019-01-17T11:41:47","slug":"aprovados-doutorado-prova-selecao-realizada-em-30-11-2015","status":"publish","type":"page","link":"https:\/\/www.ufsm.br\/cursos\/pos-graduacao\/santa-maria\/ppgq\/aprovados-doutorado-prova-selecao-realizada-em-30-11-2015","title":{"rendered":"Aprovados doutorado prova sele\u00e7\u00e3o realizada em 30\/11\/2015"},"content":{"rendered":"\n<p><strong>QU\u00cdMICA ANAL\u00cdTICA &#8211; NOTA<\/strong><br \/>MARIELE SAMUEL DO NASCIMENTO &#8211; 7,02<br \/>MORGANA DONEDA &#8211; 9,20<br \/>PAULA DALLA VECCHIA &#8211; 7,00<br \/>SINDY RAQUEL KRZYZANIAK &#8211; 7,75<br \/><br \/><strong>QU\u00cdMICA ORG\u00c2NICA &#8211; NOTA<\/strong><br \/>ADRIANA ZAMBENEDETTI GEHM &#8211; 7,38<br \/>BRUNA LUIZA KUHN &#8211; 7,09<br \/>THA\u00cdS PROCHNOW &#8211; 7,15<br \/>WILIAN CARVALHO DA ROSA &#8211; 7,83<br \/><br \/><strong>QU\u00cdMICA INORG\u00c2NICA &#8211; NOTA<\/strong><br \/>CAMILA NUNES CECHIN &#8211; 8,02<br \/>GUSTAVO RONI BOLZAN &#8211; 7,45<br \/><br \/>Confirma\u00e7\u00e3o da vaga<br \/>De acordo com o <a href=\"https:\/\/www.ufsm.br\/cursos\/pos-graduacao\/santa-maria\/ppgq\/wp-content\/uploads\/sites\/509\/2019\/01\/Edital-033-1.pdf\">EDITAL N\u00ba 033\/PRPGP\/UFSM,<\/a>\u00a0de 28 de setembro de 2015:<br \/><br \/><br \/>Informa\u00e7\u00f5es Adicionais Doutorado:<br \/>C\u00f3digo do Curso: 907<br \/><br \/>Durante o doutorado o aluno dever\u00e1 realizar um m\u00ednimo de 36 cr\u00e9ditos, dos quais 30 cr\u00e9ditos em disciplinas e 06 em semin\u00e1rio. O aluno poder\u00e1 aproveitar 18 cr\u00e9ditos feitos durante o mestrado no PPGQ\/UFSM ou fora dele. Tamb\u00e9m poder\u00e1 solicitar o aproveitamento da l\u00edngua inglesa feita no mestrado.\u00a0<br \/>Para tal solicitar a dispensa utilizar o formul\u00e1rio Dispensa de Disciplinas dispon\u00edvel em www.ufsm.br\/ppgq &#8211; Alunos &#8211; Formul\u00e1rios.<br \/>\u00a0As disciplinas cursadas em outro PG devem ser encaminhadas \u00e0 Coordena\u00e7\u00e3o com hist\u00f3rico e ementa para an\u00e1lise e as cursadas no PPGQ s\u00e3o liberadas automaticamente.<br \/>Obs.: as disciplinas cujas dispensas foram solicitadas devem constar do plano de estudos.<br \/><br \/>A solicita\u00e7\u00e3o de matr\u00edcula deve ser efetuada atrav\u00e9s do site www.ufsm.br no Portal do Aluno no per\u00edodo 25 a 26\/02\/2016 usando login (n\u00ba matr\u00edcula) e senha fornecidos diretamente ao aluno pelo DERCA por e-mail.<br \/><br \/>No semestre que o aluno n\u00e3o tiver nenhuma disciplina do curr\u00edculo para cursar dever\u00e1 se matricular em EDD 00X \u2013 Elabora\u00e7\u00e3o Defesa Doutorado para manter o v\u00ednculo com a UFSM.<br \/><br \/>O atendimento aos alunos na Secretaria do PPGQu\u00edmica (esclarecimento de d\u00favidas, retirada de guia de matr\u00edcula, atestados, etc &#8230;) \u00e9 realizado somente no turno da manh\u00e3.<br \/><br \/>A ficha Identifica\u00e7\u00e3o do Aluno (com ou sem* a assinatura do Orientador) dever\u00e1 ser preenchida e entregue na Coordena\u00e7\u00e3o, impreterivelmente, at\u00e9 o dia 01\/03\/2016.\u00a0 Esta ficha, em Word (sem a assinatura do Orientador), tamb\u00e9m dever\u00e1 ser enviada por e-mail para o endere\u00e7o ademir.s.sartori@ufsm.br at\u00e9 o dia 01\/03\/2016 e encontra-se dispon\u00edvel para download em www.ufsm.br\/ppgq no \u00edcone Alunos &#8211; Formul\u00e1rios.<br \/>* Obs.: O aluno que entregar a ficha de Identifica\u00e7\u00e3o sem constar o nome do(a) Orientador(a) e assinatura n\u00e3o concorrer\u00e1 a bolsa.<br \/><br \/>Plano de estudos. No in\u00edcio do segundo semestre (at\u00e9 26\/03\/2016) os alunos dever\u00e3o acessar o Portal do Aluno abrir o plano de estudos, preencher e tramit\u00e1-lo para seu orientador.\u00a0<br \/>Os alunos somente poder\u00e3o realizar suas matr\u00edculas no semestre seguinte se tiverem preenchidos e aprovados seus planos de estudos on-line. Tutorial dispon\u00edvel em www.ufsm.br\/pppg\u00a0 &#8211; Alunos &#8211; Formul\u00e1rios.<br \/><br \/>No decorrer do Curso, de acordo com a Resolu\u00e7\u00e3o 003\/10 *, o aluno de Doutorado da UFSM dever\u00e1 realizar o Teste de Sufici\u00eancia em L\u00edngua Estrangeira. Para tanto o aluno dever\u00e1 fazer sua inscri\u00e7\u00e3o via web (www.ufsm.br). O per\u00edodo para inscri\u00e7\u00e3o no 1\u00ba semestre 2016 ser\u00e1 de 14\/03 a 29\/x04\/2016. O teste ser\u00e1 no dia 03\/06\/2016. Ver calend\u00e1rio acad\u00eamico\u00a0\u00a0<br \/>* I \u2013 Os alunos brasileiros e estrangeiros oriundos de pa\u00edses de l\u00edngua portuguesa poder\u00e3o escolher entre as l\u00ednguas estrangeiras oferecidas a cada edi\u00e7\u00e3o do teste.\u00a0<br \/>II \u2013 Os demais alunos estrangeiros dever\u00e3o submeter-se ao teste em l\u00edngua portuguesa.\u00a0<br \/><br \/>O calend\u00e1rio estudantil 2016 encontra-se dispon\u00edvel no site www.ufsm.br e www.ufsm.br\/ppgq<br \/><br \/>O regulamento do PPGQ encontra-se dispon\u00edvel no site www.ufsm.br\/ppgq &#8211; O Programa<br \/><br \/>* Eventuais mudan\u00e7as de datas (se houver) ser\u00e3o disponibilizadas no site da UFSM (www.ufsm.br) em Alunos- calend\u00e1rio letiv<\/p>\n","protected":false},"excerpt":{"rendered":"<p>QU\u00cdMICA ANAL\u00cdTICA &#8211; NOTAMARIELE SAMUEL DO NASCIMENTO &#8211; 7,02MORGANA DONEDA &#8211; 9,20PAULA DALLA VECCHIA &#8211; 7,00SINDY RAQUEL KRZYZANIAK &#8211; 7,75 QU\u00cdMICA ORG\u00c2NICA &#8211; NOTAADRIANA ZAMBENEDETTI GEHM &#8211; 7,38BRUNA LUIZA KUHN &#8211; 7,09THA\u00cdS PROCHNOW &#8211; 7,15WILIAN CARVALHO DA ROSA &#8211; 7,83 QU\u00cdMICA INORG\u00c2NICA &#8211; NOTACAMILA NUNES CECHIN &#8211; 8,02GUSTAVO RONI BOLZAN &#8211; 7,45 Confirma\u00e7\u00e3o da vagaDe [&hellip;]<\/p>\n","protected":false},"author":115,"featured_media":0,"parent":0,"menu_order":0,"comment_status":"closed","ping_status":"closed","template":"","meta":{"footnotes":""},"categories":[],"tags":[],"class_list":["post-387","page","type-page","status-publish","hentry"],"acf":[],"_links":{"self":[{"href":"https:\/\/www.ufsm.br\/cursos\/pos-graduacao\/santa-maria\/ppgq\/wp-json\/wp\/v2\/pages\/387","targetHints":{"allow":["GET"]}}],"collection":[{"href":"https:\/\/www.ufsm.br\/cursos\/pos-graduacao\/santa-maria\/ppgq\/wp-json\/wp\/v2\/pages"}],"about":[{"href":"https:\/\/www.ufsm.br\/cursos\/pos-graduacao\/santa-maria\/ppgq\/wp-json\/wp\/v2\/types\/page"}],"author":[{"embeddable":true,"href":"https:\/\/www.ufsm.br\/cursos\/pos-graduacao\/santa-maria\/ppgq\/wp-json\/wp\/v2\/users\/115"}],"replies":[{"embeddable":true,"href":"https:\/\/www.ufsm.br\/cursos\/pos-graduacao\/santa-maria\/ppgq\/wp-json\/wp\/v2\/comments?post=387"}],"version-history":[{"count":0,"href":"https:\/\/www.ufsm.br\/cursos\/pos-graduacao\/santa-maria\/ppgq\/wp-json\/wp\/v2\/pages\/387\/revisions"}],"wp:attachment":[{"href":"https:\/\/www.ufsm.br\/cursos\/pos-graduacao\/santa-maria\/ppgq\/wp-json\/wp\/v2\/media?parent=387"}],"wp:term":[{"taxonomy":"category","embeddable":true,"href":"https:\/\/www.ufsm.br\/cursos\/pos-graduacao\/santa-maria\/ppgq\/wp-json\/wp\/v2\/categories?post=387"},{"taxonomy":"post_tag","embeddable":true,"href":"https:\/\/www.ufsm.br\/cursos\/pos-graduacao\/santa-maria\/ppgq\/wp-json\/wp\/v2\/tags?post=387"}],"curies":[{"name":"wp","href":"https:\/\/api.w.org\/{rel}","templated":true}]}}