{"id":396,"date":"2019-01-17T09:51:17","date_gmt":"2019-01-17T11:51:17","guid":{"rendered":"https:\/\/www.ufsm.br\/cursos\/pos-graduacao\/santa-maria\/ppgq\/?page_id=396"},"modified":"2024-04-18T10:24:27","modified_gmt":"2024-04-18T13:24:27","slug":"qualificacao-e-defesa-mestrado","status":"publish","type":"page","link":"https:\/\/www.ufsm.br\/cursos\/pos-graduacao\/santa-maria\/ppgq\/qualificacao-e-defesa-mestrado","title":{"rendered":"Qualifica\u00e7\u00e3o e Defesa &#8211;  Mestrado"},"content":{"rendered":"\n<header class=\"article-header clearfix\">\n<h2 class=\"article-title\">Procedimentos para Qualifica\u00e7\u00e3o e Defesa &#8211; Mestrado<\/h2>\n<\/header>\n<aside class=\"article-aside clearfix\">\n<div class=\"btn-group pull-right\"><a class=\"btn dropdown-toggle\" href=\"http:\/\/w3.ufsm.br\/ppgq\/index.php\/pt\/alunos\/qualificacao-e-defesa#\" data-toggle=\"dropdown\">\u00a0<\/a><\/div>\n<\/aside>\n<section class=\"article-intro clearfix\">\n<p><strong>QUALIFICA\u00c7\u00c3O:<\/strong> <a href=\"https:\/\/www.ufsm.br\/app\/uploads\/sites\/509\/2021\/12\/ataqualificacaomestrado.docx\">Ata de qualifica\u00e7\u00e3o<\/a>.<\/p>\n<p>\u00a0<\/p>\n<p><strong>DEFESA DA DISSERTA\u00c7\u00c3O:<\/strong> <a href=\"https:\/\/www.ufsm.br\/pro-reitorias\/prpgp\/servicos\/procedimentos-para-o-processo-de-defesa-de-mdt-online\">Tutorial de Solicita\u00e7\u00e3o de Defesa de MDT.<\/a><\/p>\n<p>Para solicitar a defesa, acessar o Portal do Aluno.<\/p>\n<p><strong>Observa\u00e7\u00f5es importantes:<\/strong><\/p>\n<p>Enviar pdf de no m\u00ednimo 01 (um) artigo cient\u00edfico submetido, aceito ou publicado em forma definitiva, em revistas indexadas no Science Citation Index para <a href=\"mailto:ppgq.coord@ufsm.br?subject=Artigos%20para%20pedido%20de%20defesa&amp;body=Prezado%20Prof.%20F%C3%A1bio,%0A%0AAnexei%20uma%20c%C3%B3pia%20em%20formato%20PDF%20do%20artigo%20public%C3%A1vel,%20submetido%20ou%20publicado,%20conforme%20o%20Artigo%2038%C2%BA%20do%20Regulamento%20do%20PPG%20em%20Qu%C3%ADmica,%20para%20completar%20meu%20pedido%20de%20defesa%20de%20disserta%C3%A7%C3%A3o.%0A%0AAtenciosamente,%0A\">ppgq.coord@ufsm.br<\/a>\u00a0.<\/p>\n<p>Os Professores do Comit\u00ea de Orienta\u00e7\u00e3o (co-orientadores) do Plano de Estudos n\u00e3o podem fazer parte da Comiss\u00e3o Examinadora da Disserta\u00e7\u00e3o.<\/p>\n<p>Verifique que todas as disciplinas no plano de estudos aparecem no hist\u00f3rico escolar e est\u00e3o com nota final.<\/p>\n<p>Carta convite: <a href=\"https:\/\/www.ufsm.br\/cursos\/pos-graduacao\/santa-maria\/ppgq\/wp-content\/uploads\/sites\/509\/2019\/01\/cartaconvitemestrado.doc\">Convite Prof. externo participa\u00e7\u00e3o em banca.<\/a>\u00a0(para os que necessitarem enviar)<\/p>\n<\/section>\n","protected":false},"excerpt":{"rendered":"<p>Procedimentos para Qualifica\u00e7\u00e3o e Defesa &#8211; Mestrado \u00a0 QUALIFICA\u00c7\u00c3O: Ata de qualifica\u00e7\u00e3o. \u00a0 DEFESA DA DISSERTA\u00c7\u00c3O: Tutorial de Solicita\u00e7\u00e3o de Defesa de MDT. Para solicitar a defesa, acessar o Portal do Aluno. Observa\u00e7\u00f5es importantes: Enviar pdf de no m\u00ednimo 01 (um) artigo cient\u00edfico submetido, aceito ou publicado em forma definitiva, em revistas indexadas no Science [&hellip;]<\/p>\n","protected":false},"author":115,"featured_media":0,"parent":0,"menu_order":0,"comment_status":"closed","ping_status":"closed","template":"","meta":{"footnotes":""},"categories":[],"tags":[],"class_list":["post-396","page","type-page","status-publish","hentry"],"acf":[],"_links":{"self":[{"href":"https:\/\/www.ufsm.br\/cursos\/pos-graduacao\/santa-maria\/ppgq\/wp-json\/wp\/v2\/pages\/396","targetHints":{"allow":["GET"]}}],"collection":[{"href":"https:\/\/www.ufsm.br\/cursos\/pos-graduacao\/santa-maria\/ppgq\/wp-json\/wp\/v2\/pages"}],"about":[{"href":"https:\/\/www.ufsm.br\/cursos\/pos-graduacao\/santa-maria\/ppgq\/wp-json\/wp\/v2\/types\/page"}],"author":[{"embeddable":true,"href":"https:\/\/www.ufsm.br\/cursos\/pos-graduacao\/santa-maria\/ppgq\/wp-json\/wp\/v2\/users\/115"}],"replies":[{"embeddable":true,"href":"https:\/\/www.ufsm.br\/cursos\/pos-graduacao\/santa-maria\/ppgq\/wp-json\/wp\/v2\/comments?post=396"}],"version-history":[{"count":0,"href":"https:\/\/www.ufsm.br\/cursos\/pos-graduacao\/santa-maria\/ppgq\/wp-json\/wp\/v2\/pages\/396\/revisions"}],"wp:attachment":[{"href":"https:\/\/www.ufsm.br\/cursos\/pos-graduacao\/santa-maria\/ppgq\/wp-json\/wp\/v2\/media?parent=396"}],"wp:term":[{"taxonomy":"category","embeddable":true,"href":"https:\/\/www.ufsm.br\/cursos\/pos-graduacao\/santa-maria\/ppgq\/wp-json\/wp\/v2\/categories?post=396"},{"taxonomy":"post_tag","embeddable":true,"href":"https:\/\/www.ufsm.br\/cursos\/pos-graduacao\/santa-maria\/ppgq\/wp-json\/wp\/v2\/tags?post=396"}],"curies":[{"name":"wp","href":"https:\/\/api.w.org\/{rel}","templated":true}]}}