{"id":471,"date":"2019-01-21T08:14:48","date_gmt":"2019-01-21T10:14:48","guid":{"rendered":"https:\/\/www.ufsm.br\/cursos\/pos-graduacao\/santa-maria\/ppgq\/?page_id=471"},"modified":"2019-01-21T08:14:50","modified_gmt":"2019-01-21T10:14:50","slug":"palestras-2011","status":"publish","type":"page","link":"https:\/\/www.ufsm.br\/cursos\/pos-graduacao\/santa-maria\/ppgq\/palestras-2011","title":{"rendered":"Palestras 2011"},"content":{"rendered":"\n<h3>Explotando el movimiento submolecular en [2]rotaxanos y lanzaderas moleculares derivadas de azo e hidrazo compuestos<\/h3>\n<p>Prof. Jos\u00e9 Bern\u00e1<br \/>Professor<br \/>Departamento de Qu\u00edmica Org\u00e1nica, Facultad de Qu\u00edmica, Universidad de Murcia, Murcia, Espanha<\/p>\n<p>Local: Anfiteatro C (Pr\u00e9dio 18)<br \/>Data: Ter\u00e7a-feira, 08 de novembro de 2011<br \/>Horas: 14:30\u00a0<\/p>\n<p>Jos\u00e9 Bern\u00e1 se licenci\u00f3 en Ciencias Qu\u00edmicas en la Universidad de Murcia (1997). Entre los a\u00f1os 1998 y 2003 realiz\u00f3 su Tesis Doctoral trabajando en la s\u00edntesis y estudio de tris(fosfazidas) y tris(iminofosforanos) macrobic\u00edclicos quirales. Durante su periodo predoctoral realiz\u00f3 un par de estancias en el extranjero: una en el King\u00b4s College London, en Londres (Reino Unido), y otra en el Kemiska Institutionen, en Uppsala (Suecia). As\u00ed mismo, ha tenido diversos contactos con la industria qu\u00edmica de la Regi\u00f3n de Murcia; concretamente, con la qu\u00edmica de sustancias arom\u00e1ticas y de inter\u00e9s farmacol\u00f3gico. En 2004 retorn\u00f3 al Reino Unido para realizar su postdoc en el grupo del Prof. David A. Leigh en la Universidad de Edimburgo d\u00f3nde trabaj\u00f3 en la s\u00edntesis de mol\u00e9culas mec\u00e1nicamente enlazadas.<\/p>\n<p>En 2007 regres\u00f3 al grupo de Qu\u00edmica Org\u00e1nica Sint\u00e9tica del Prof. Mateo Alajar\u00edn de la Universidad de Murcia gracias a su programa de reincorporaci\u00f3n para doctores y actualmente trabaja en esa misma instituci\u00f3n como investigador del Programa Ram\u00f3n y Cajal.<\/p>\n<p>Resumen:<\/p>\n<p>Estudios precedentes han demostrado que los rotaxanos ensamblados mediante puentes de hidr\u00f3geno ofrecen una combinaci\u00f3n excelente de simplicidad sint\u00e9tica y diversidad estructural que sugieren que su empleo podr\u00eda proporcionar un control preciso sobre sus movimientos submoleculares.<\/p>\n<p>En esta ponencia se describir\u00e1 como compuestos portadores de agrupaciones de azodicarboxamida pueden emplearse como moldes sint\u00e9ticos para el autoensamblaje eficiente de [2]-rotaxanos amidobenc\u00edlicos.\u00a0Este estudio ha permitido desarrollar un m\u00e9todo qu\u00edmico para controlar la velocidad de giro del anillo macroc\u00edclico alrededor de funcionalidades azodicarboxamida que involucra la reducci\u00f3n del enlace doble nitr\u00f3geno-nitr\u00f3geno. Adem\u00e1s, se discutir\u00e1 sobre el control del movimiento traslacional del anillo en diferentes lanzaderas moleculares, conteniendo grupos azo o hidrazo, empleando diferentes est\u00edmulos qu\u00edmicos.<\/p>\n<p>\u00a0<\/p>\n<h3>Alc\u00f3xidos de van\u00e1dio(IV) n\u00e3o-oxo: rotas sint\u00e9ticas e caracter\u00edsticas estruturais, espectrosc\u00f3picas e magn\u00e9ticas<\/h3>\n<p>Profa. Dra. Ja\u00edsa F. Soares<br \/>Professora Associado<br \/>Departamento de Qu\u00edmica, UFPR, Curitiba, Paran\u00e1, Brasil<\/p>\n<p>Local: Anfiteatro C (Pr\u00e9dio 18)<br \/>Data: Segunda-feira, 24 de outubro de 2011<br \/>Horas: 14:30\u00a0<\/p>\n<p>Profa. Ja\u00edsa \u00e9 graduada em Licenciatura Plena e Bacharelado em Qu\u00edmica pela Universidade Federal de Vi\u00e7osa (1984), com mestrado em Bioqu\u00edmica pela Universidade Federal do Paran\u00e1 (1990), doutorado em Qu\u00edmica de Metais de Transi\u00e7\u00e3o pela Universidade de Sussex (UK, 1995) e p\u00f3s-doutorado em Magnetismo Molecular pela Universidade de Floren\u00e7a (It\u00e1lia, 2010-2011). \u00c9 professora da Universidade Federal do Paran\u00e1 desde 1986. Atua na \u00e1rea de Qu\u00edmica Inorg\u00e2nica, com \u00eanfase em S\u00edntese de Compostos de Coordena\u00e7\u00e3o e F\u00edsico-Qu\u00edmica Inorg\u00e2nica, na interface com a Qu\u00edmica de Materiais.<\/p>\n<h3>Inibidores semissint\u00e9ticos do complemento humano inspirados no produto natural K76<\/h3>\n<p>Prof. Dr. Enrique L. Larghi<br \/>Pesquisador Adjunto do Consejo Nacional de Investigaciones Cient\u00edficas y T\u00e9cnicas (CONICET) no Instituto de Qu\u00edmica, Rosario, Argentina e Professor do Departamento de Qu\u00edmica Org\u00e1nica da Faculdade de Farm\u00e1cia e Bioqu\u00edmica na Universidade Nacional de Rosario, Rosario, Argentina.<br \/><br \/>Local: Audit\u00f3rio do Departamento de Qu\u00edmica (Sala 2026, Pr\u00e9dio 18)<br \/>Data: quinta-feira, 15 de setembro de 2011<br \/>Horas: 14:00 h<\/p>\n<p>O Prof. Enrique completou seu doutorado no Programa de P\u00f3s-Gradua\u00e7\u00e3o em Qu\u00edmica da Universidade Federal de Santa Maria em 2003 e atualmente trabalha com s\u00edntese total de produtos naturais e na \u00e1rea de qu\u00edmica medicinal envolvendo inibidores do complemento humano e antibacterianos.<br \/>Resumo:<br \/>O sistema do Complemento \u00e9 uma parte essencial do sistema imune inato do corpo humano. A ativa\u00e7\u00e3o inapropriada (ou excessiva) do Complemento pode ocasionar transtornos org\u00e2nicos de natureza imune (permeabilidade a pat\u00f3genos, rejei\u00e7\u00e3o de transplantes) ou autoimune (l\u00fapus, artrite reumatoide, psor\u00edase).<br \/>Neste semin\u00e1rio ser\u00e3o apresentados os resultados obtidos na busca de novos agentes moduladores do Complemento, com potencial uso oral, inspirados no reconhecido inibidor K76 um produto natural.<\/p>\n<p>\u00a0<\/p>\n<h3>Development of a Carbon Nanotube reference material to support material characterization and environmental health and safety concerns<\/h3>\n<p>Dr. Ralph E. Sturgeon<br \/>Principal Research Officer and Group Leader for Chemical Metrology<br \/>Institute for National Measurement Standards, National Research Council Canada (NRCC).<br \/><br \/>Local: Anfiteatro C (Pr\u00e9dio 18)<br \/>Data: Segunda-feira, 05 de setembro de 2011<br \/>Horas: 15:30<\/p>\n<p>Ter\u00e1 in\u00edcio, nesta segunda-feira (5\/9\/2011), \u00e0s 15:30 horas no Anfiteatro C (Pr\u00e9dio 18),o ciclo de palestras do Programa de P\u00f3s-Gradua\u00e7\u00e3o em Qu\u00edmica, com o Prof. Ralph E. Sturgeon, Principal Research Officer and Group Leader for Chemical Metrology, do Institute for National Measurement Standards, National Research Council Canada (NRCC) que proferir\u00e1 a palestra &#8220;Development of a Carbon Nanotube reference material to support material characterization and environmental health and safety concerns&#8221;.<br \/><br \/>Prof. Sturgeon publicou mais de 280 artigos e v\u00e1rios cap\u00edtulos de livros na \u00e1rea de Qu\u00edmica Anal\u00edtica e participa no conselho consultivo de oito revistas internacionais de qu\u00edmica anal\u00edtica. Suas contribui\u00e7\u00f5es na \u00e1rea de espectroscopia at\u00f4mica anal\u00edtica foram reconhecidas por uma s\u00e9rie de pr\u00eamios, incluindo Fellowship no Instituto de Qu\u00edmica do Canad\u00e1 (1990), os Pr\u00eamios Barringer (1986) e Herzberg (2002) da Sociedade de Espectroscopia do Canad\u00e1, a Medalha McBryde (1990 ) e o Pr\u00eamio Maxxam (2007) do Instituto de Qu\u00edmica do Canad\u00e1 e o Pr\u00eamio Ioannes Marcus Marci (1998) da Sociedade Checa espectrosc\u00f3pica.<br \/><br \/>Convidamos todos interessados a assistir.<\/p>\n<p>\u00a0<\/p>\n","protected":false},"excerpt":{"rendered":"<p>Explotando el movimiento submolecular en [2]rotaxanos y lanzaderas moleculares derivadas de azo e hidrazo compuestos Prof. Jos\u00e9 Bern\u00e1ProfessorDepartamento de Qu\u00edmica Org\u00e1nica, Facultad de Qu\u00edmica, Universidad de Murcia, Murcia, Espanha Local: Anfiteatro C (Pr\u00e9dio 18)Data: Ter\u00e7a-feira, 08 de novembro de 2011Horas: 14:30\u00a0 Jos\u00e9 Bern\u00e1 se licenci\u00f3 en Ciencias Qu\u00edmicas en la Universidad de Murcia (1997). Entre [&hellip;]<\/p>\n","protected":false},"author":115,"featured_media":0,"parent":0,"menu_order":0,"comment_status":"closed","ping_status":"closed","template":"","meta":{"footnotes":""},"categories":[],"tags":[],"class_list":["post-471","page","type-page","status-publish","hentry"],"acf":[],"_links":{"self":[{"href":"https:\/\/www.ufsm.br\/cursos\/pos-graduacao\/santa-maria\/ppgq\/wp-json\/wp\/v2\/pages\/471","targetHints":{"allow":["GET"]}}],"collection":[{"href":"https:\/\/www.ufsm.br\/cursos\/pos-graduacao\/santa-maria\/ppgq\/wp-json\/wp\/v2\/pages"}],"about":[{"href":"https:\/\/www.ufsm.br\/cursos\/pos-graduacao\/santa-maria\/ppgq\/wp-json\/wp\/v2\/types\/page"}],"author":[{"embeddable":true,"href":"https:\/\/www.ufsm.br\/cursos\/pos-graduacao\/santa-maria\/ppgq\/wp-json\/wp\/v2\/users\/115"}],"replies":[{"embeddable":true,"href":"https:\/\/www.ufsm.br\/cursos\/pos-graduacao\/santa-maria\/ppgq\/wp-json\/wp\/v2\/comments?post=471"}],"version-history":[{"count":0,"href":"https:\/\/www.ufsm.br\/cursos\/pos-graduacao\/santa-maria\/ppgq\/wp-json\/wp\/v2\/pages\/471\/revisions"}],"wp:attachment":[{"href":"https:\/\/www.ufsm.br\/cursos\/pos-graduacao\/santa-maria\/ppgq\/wp-json\/wp\/v2\/media?parent=471"}],"wp:term":[{"taxonomy":"category","embeddable":true,"href":"https:\/\/www.ufsm.br\/cursos\/pos-graduacao\/santa-maria\/ppgq\/wp-json\/wp\/v2\/categories?post=471"},{"taxonomy":"post_tag","embeddable":true,"href":"https:\/\/www.ufsm.br\/cursos\/pos-graduacao\/santa-maria\/ppgq\/wp-json\/wp\/v2\/tags?post=471"}],"curies":[{"name":"wp","href":"https:\/\/api.w.org\/{rel}","templated":true}]}}