{"id":473,"date":"2019-01-21T08:31:51","date_gmt":"2019-01-21T10:31:51","guid":{"rendered":"https:\/\/www.ufsm.br\/cursos\/pos-graduacao\/santa-maria\/ppgq\/?page_id=473"},"modified":"2019-01-21T08:31:54","modified_gmt":"2019-01-21T10:31:54","slug":"palestras-2013","status":"publish","type":"page","link":"https:\/\/www.ufsm.br\/cursos\/pos-graduacao\/santa-maria\/ppgq\/palestras-2013","title":{"rendered":"Palestras 2013"},"content":{"rendered":"\n<h3>Nanotecnologias: desenvolvimento, oportunidades e desafios<\/h3>\n<p>Prof. Dr.\u00a0Oswaldo Luiz Alves<\/p>\n<p>Professor<br \/>Coordenador cient\u00edfico do Laborat\u00f3rio de Qu\u00edmica do Estado S\u00f3lido (LQES).<\/p>\n<p>Membro da Academia de Ci\u00eancias do Estado de S\u00e3o Paulo e Membro Titular da Academia Brasileira de Ci\u00eancias<br \/><br \/><\/p>\n<p>Local: Anfiteatro C (Anexo ao Pr\u00e9dio 18)<br \/>Data: segunda-feira, 16 de dezembro de 2013<br \/>Horas: 16h00<\/p>\n<p>Resumo:<\/p>\n<p>(N\u00e3o fornecido)<\/p>\n<h3>Molecular Recognition at Protein Surfaces<\/h3>\n<p>Prof Dr Ernest Giralt<br \/>Professor da Universitat de Barcelona e\u00a0group leader no\u00a0Institute for Research in Biomedicine, Barcelona\u00a0(IRB)- Espanha.<br \/><br \/>Local: Anfiteatro C (Anexo ao Pr\u00e9dio 18)<br \/>Data: ter\u00e7a-feira, 03 de dezembro de 2013<br \/>Horas: 09h30<\/p>\n<p>Resumo:<\/p>\n<p>(N\u00e3o fornecido)<\/p>\n<p>\u00a0<\/p>\n<h3>Emergent properties of carbon-based nanomaterials<\/h3>\n<p>Prof. Dr. Eduardo Costa Gir\u00e3o<br \/>Professor\u00a0<br \/>Universidade Federal do Piau\u00ed<br \/><br \/>Local: Anfiteatro C (Anexo ao Pr\u00e9dio 18)<br \/>Data: segunda-feira, 18 de novembro de 2013<br \/>Horas: 14:00<\/p>\n<p>Prof. Eduardo Costa Gir\u00e3o \u00e9 f\u00edsico computacional com Doutorado em F\u00edsica pela Universidade Federal do Cear\u00e1, com Doutorado-Sandu\u00edche no Rensselaer Polytechnic Institute. Sua pesquisa se concentra em c\u00e1lculos de transporte e estrutura eletr\u00f4nica em nanoestruturas de carbono. Tamb\u00e9m tem interesse no desenvolvimento de algor\u00edtmos e c\u00f3digos computacionais dirigidos ao estudo de sistemas em nanoescala.<br \/>(Informa\u00e7\u00f5es obtidas do sistema Lattes\/CNpq.)<\/p>\n<h4>Resumo:<\/h4>\n<p>Carbon nanostructures are regarded as front runner candidates to substitute silicon in the further miniaturization and performance improvement of electronic devices toward the nanoscale [1]. Despite being an intense\u00a0 research field due to studies on carbon nanotubes, the investigation of carbon nanostructures experienced a\u00a0 boom after the first isolation and measurement of a graphene sheet, in 2004 [2]. While theoretical methods\u00a0 predict several new and interesting behaviors for such systems, lack of control on synthesis and large scale\u00a0 reproducibility are the main challenges for experimentalists to transform the science of carbon into real-world\u00a0 technology. However, bottom-up pre-programmed routes for the production of narrow and pristine systems\u00a0 have been shown to be possible [3] and the establishment of a theory-based library of carbon nanostructures\u00a0 properties is fundamental to help experimentalists in the search for systems aiming targeted applications. Here\u00a0 we will show examples our group produced for such library, with emphasis on the theoretical study of two classes of\u00a0 carbon nanoribbons build up from molecular building blocks. Our computational studies are focused\u00a0 on electronic structure and transport [4], with models including spin-polarized tight-binding and density functional theory for electronic structure, and a combination of Landauer formalism and Green\u2019s function, as well\u00a0 as efficient algorithms [5], for transport. We highlight how different assemblies result in dramatic changes in\u00a0 the physical properties of these carbon nanostructures, allowing the use of their atomic structure and magnetic\u00a0 properties to fine tune the electronic and transport properties of these systems.\u00a0<br \/><br \/>[1] R. Van Noorden, Nature 469, 14 (2011).\u00a0<br \/>[2] K. Novoselov et al., Science 306, 666 (2004);\u00a0<br \/>[3] J. Cai et al., Nature 466, 470 (2010); A. V. Talyzinet al., Nano Letters 11, 4352 (2011); M. Fujihara et al.,\u00a0 The Journal of Physical Chemistry C 116, 15141 (2012).\u00a0<br \/>[4] E. C. Gir\u00e3o et al., Physical Review Letters 107, 135501 (2011); E. C. Gir\u00e3o et al., ACS Nano 6, 6483 (2012); A. L. Aguiar et al., PCCP to be published (2012).\u00a0<br \/>[5] K. Kazymyrenko and X. Waintal , Physical Review B 77, 115119 (2008); E. C. Gir\u00e3o and V. Meunier, Journal of Computational Electronics 12, 123 (2013).\u00a0<\/p>\n<p>\u00a0<\/p>\n<h3>O processo de inova\u00e7\u00e3o na ind\u00fastria farmac\u00eautica<\/h3>\n<p>Carlos Eduardo Vitor<br \/>Coordenador de Pesquisa, Desenvolvimento e Inova\u00e7\u00e3o<br \/>Ach\u00e9 Laborat\u00f3rios Farmac\u00eauticos S.A.<br \/><br \/>Local: Anfiteatro C (Anexo ao Pr\u00e9dio 18)<br \/>Data: segunda-feira, 11 de novembro de 2013<br \/>Horas: 09:00<\/p>\n<p>Sobre o Ach\u00e9 Laborat\u00f3rios<\/p>\n<p>O Ach\u00e9 Laborat\u00f3rios \u00e9 uma empresa 100% brasileira, com mais de 45 anos de atua\u00e7\u00e3o no mercado farmac\u00eautico. Conta com tr\u00eas complexos industriais, um em sua sede, em Guarulhos (SP), e outro na capital em S\u00e3o Paulo, e participa\u00e7\u00e3o acion\u00e1ria de 50% na Melcon, em An\u00e1polis (GO), cerca de 3900 colaboradores e uma das maiores for\u00e7as de vendas do segmento no Brasil. Para atender \u00e0s necessidades dos profissionais de sa\u00fade e consumidores, o Ach\u00e9 oferece um portf\u00f3lio abrangente com mais de 280 marcas em 695 apresenta\u00e7\u00f5es de medicamentos sob prescri\u00e7\u00e3o, gen\u00e9ricos e MIP (isentos de prescri\u00e7\u00e3o), al\u00e9m de atuar tamb\u00e9m nos segmentos de dermatologia e nutrac\u00eauticos. Ao todo, s\u00e3o 132 classes terap\u00eauticas e 17 especialidades m\u00e9dicas atendidas.\u00a0<br \/>(Informa\u00e7\u00f5es obtidas do s\u00edtio do Ach\u00e9)<\/p>\n<h4>Resumo: (N\u00e3o fornecido)<\/h4>\n<h3>Anticancer compounds from nature and synthesis<\/h3>\n<p>Prof. Dr. Ludger Wessjohann<br \/>Director\u00a0<br \/>Institute of Plant Biochemistry, Halle-Saale, Germany<br \/><br \/>Local: Anfiteatro C (Anexo ao Pr\u00e9dio 18)<br \/>Data: sexta-feira, 8 de novembro de 2013<br \/>Horas: 09:00<\/p>\n<p>Prof. Ludger Wessjohann received his Ph.D. in 1990 from the University of Hamburg for work on cyclopropanes after a sandwich period in Oslo (Norway).\u00a0 In 2000, he accepted the position as head of the Department of Bioorganic Chemistry at the the Institute of Plant Biochemistry. His research focus is on secondary metabolites, their identification, modification and synthesis. The work areas include mechanistic, (bio-)synthetic and biotransformation aspects of enzymes, bio- and chemoinformatics, metabolic profiling and chemical analysis, and target and diversity oriented synthesis of small molecules, probes and peptide mimics for recognition and medicinal chemistry. He has published over 200 scientific contributions (peer reviewed papers, some bookchapters etc.) and &gt; 15 patents and patent applications. Among other things, he is the (co-)founder of three companies.\u00a0<br \/>(Informa\u00e7\u00f5es obitidas do BioTrends 2010)\u00a0<\/p>\n<p>Resumo:<\/p>\n<p>(N\u00e3o fornecido)\u00a0<\/p>\n<p>\u00a0<\/p>\n<h3>Microextra\u00e7\u00f5es e cromatografia l\u00edquida capilar: miniaturiza\u00e7\u00e3o para a an\u00e1lise de amostras complexas<\/h3>\n<p>Prof. Dr. \u00c1lvaro J. Santos Neto<\/p>\n<p>Universidade de S\u00e3o Paulo, Instituto de Qu\u00edmica de S\u00e3o Carlos<\/p>\n<p>Local: Sala 2026, Pr\u00e9dio 18<\/p>\n<p>Data: Quinta-feira, 30 de outubro de 2014<\/p>\n<p>Horas: 10h00<\/p>\n<p>Prof. \u00c1lvaro J. Santos Neto \u00e9 formado em Farm\u00e1cia com doutorado em Ci\u00eancias (Qu\u00edmica Anal\u00edtica) pelo Instituto de Qu\u00edmica de S\u00e3o Carlos &#8211; Universidade de S\u00e3o Paulo (IQSC-USP) com est\u00e1gio sandu\u00edche na Universidade de Uppsala, Su\u00e9cia e p\u00f3s-doutorado pela USP-IQSC. Atualmente \u00e9 docente da USP-IQSC atuando na \u00e1rea de Cromatografia e T\u00e9cnicas Relacionadas, com \u00eanfase no Desenvolvimento e Utiliza\u00e7\u00e3o de Estrat\u00e9gias Modernas para o Preparo e An\u00e1lise de Amostras Ambientais, Biol\u00f3gicas, Farmac\u00eauticas, e de Alimentos contendo F\u00e1rmacos, Toxicantes e seus Produtos de Degrada\u00e7\u00e3o\/Transforma\u00e7\u00e3o.<\/p>\n<p>Resumo:<\/p>\n<p>Diversas aplica\u00e7\u00f5es podem requerer o uso de algum tipo de extra\u00e7\u00e3o como etapa de preparo de amostra. Alguns exemplos s\u00e3o o preparo de amostras de fluidos biol\u00f3gicos, assim como aplica\u00e7\u00f5es em amostras ambientais tais como efluentes industriais, \u00e1guas residu\u00e1rias, \u00e1guas superficiais, e \u00e1guas de consumo e abastecimento, entre outras. Dadas as suas caracter\u00edsticas, as diversas formas de extra\u00e7\u00e3o em fase s\u00f3lida miniaturizadas (\u00b5SPE) s\u00e3o bastante compat\u00edveis com a cromatografia l\u00edquida de alta efici\u00eancia em escala capilar (cLC), possibilitando o acoplamento sequencial entre ambas. Nesse contexto, a utiliza\u00e7\u00e3o da \u00b5SPE tem como objetivos principais a extra\u00e7\u00e3o dos compostos de interesse presentes na matriz, por meio de ampla possibilidade de escolha de materiais seletivos; al\u00e9m de oferecer a pr\u00e9-concentra\u00e7\u00e3o dos analitos aos n\u00edveis detect\u00e1veis de interesse. Para atingir esses objetivos em um acoplamento sequencial, existem diversas possibilidade da integra\u00e7\u00e3o, inclusive a configura\u00e7\u00e3o totalmente\u00a0online\u00a0desde o preparo da amostra at\u00e9 a separa\u00e7\u00e3o cromatogr\u00e1fica e detec\u00e7\u00e3o dos analitos. Essa abordagem automatizada de \u00b5SPE-cLC\u00a0online\u00a0enquadra-se aos preceitos da Qu\u00edmica Verde que preconizam a explora\u00e7\u00e3o de uma vertente miniaturizada para o preparo de amostras e an\u00e1lise. Dentro desse contexto, ser\u00e1 apresentado o potencial da miniaturiza\u00e7\u00e3o da SPE online, com a utiliza\u00e7\u00e3o de microcolunas extratoras seguidas do acoplamento \u00e0 HPLC em escala capilar, bem como outras formar de miniaturiza\u00e7\u00e3o do preparo de amostras e suas aplica\u00e7\u00f5es a amostras complexas ambientais e de fluidos biol\u00f3gicos.<\/p>\n<p>\u00a0<\/p>\n<h3>Generation of volatile species for atomic spectrometry: present state and perspectives<\/h3>\n<p>Dr. Ji\u0159\u00ed D\u011bdina<br \/>Head \u2212 Department of Trace Analysis<br \/>Institute of Analytical Chemistry of the AS CR, v.v.i., Brno, Czech Republic<\/p>\n<p>Local: Audit\u00f3rio da FATEC (Pr\u00e9dio 67)<br \/>Data: segunda-feira, 18 de mar\u00e7o de 2013<br \/>Horas: 14:00<\/p>\n<p>Dr. Ji\u0159\u00ed D\u011bdina \u00e9 chefe do Departamento de Analises Tra\u00e7as do Instituto de Qu\u00edmica Anal\u00edtica da Academia de Ci\u00eancias da Republica Checa,\u00a0 Brno, Czech Republic. Ele trabalhou desde 1980 na \u00e1rea de gera\u00e7\u00e3o e atomiza\u00e7\u00e3o de hidretos e \u00e9 autor de um livro sobre o assunto. Ele foi autor de mais de 63 artigos e\u00a0reviews,e\u00a07 patentes; o \u00edndice\u00a0h\u00a0dele \u00e9 22. O Dr. Ji\u0159\u00ed atua no Comiss\u00e3o Editorial do &#8220;ISRN Analytical Chemistry&#8221; e, em 2011, foi nomeado IUPAC Fellow.<\/p>\n<p>Resumo:<br \/>Generation of volatile compounds offers a potential of superior sensitivity even when using relatively simple and cheap instrumentation. The main reason for the popularity of volatile compound generation lies in the principle of the method. It involves separation from the sample matrix offering considerable suppression of matrix effects. Further, high efficiency of transport of gaseous analyte to the detector and simple analyte preconcentration provide exceptional detection power. By far the most popular volatile compounds are hydrides of As, Sb, Bi, Ge, Pb, Se, Te and Sn. Besides hydrides and &#8220;cold&#8221; Hg vapor, there are also other analytically useful volatile compounds namely alkyl derivatives and volatile forms of Cd. Generation of volatile species of transition and noble metal has also been introduced.<br \/>An assessment of current experimental approaches to generation of volatile compounds as well as an outlook on future developments will be presented. Also analyte preconcentration in quartz atomizers (QTA) with subsequent detection by atomic absorption spectrometry will be treated. Finally, the current knowledge of processes involved in hydride atomization and in the whole analytical procedure employing hydride trapping in various modifications of QTA will be outlined. Emerging approaches to the improvement of QTA for on-line atomization as well as for analyte preconcentration will be discussed and possible solutions will be proposed.\u00a0<\/p>\n<p>\u00a0<\/p>\n<h3>Multicomponent Ligation Strategies to Natural Product Hybrids<\/h3>\n<p>Prof. Dr. Daniel Garc\u00eda Rivera<br \/><em>Professor<\/em><br \/><em>Center for Natural Products Study, Faculty of Chemistry, University of Havana, Cuba.<\/em><br \/>Local: Anfiteatro L\u00f3i Berneira (Anexo ao Pr\u00e9dio 18)<br \/>Data: segunda-feira, 28 de janeiro de 2013<br \/>Horas: 14:00<\/p>\n<p>O Prof. Daniel Garcia Rivera \u00e9 Chefe do Laborat\u00f3rio de S\u00edntese Bioorg\u00e2nica e Vice-diretor do Cento para Pes-quisa em Produtos Naturais na Universidade da Havana, Cuba. Ele foi prestigiado com o Melhor Pesquisador Jovem da Sociedade Cubana de Qu\u00edmica em 2011 e o Melhor Pesquisador Jovem da Academia de Ci\u00eancias da Cuba na \u00e1rea de Ci\u00eancias de Vida e Exatas em 2010.\u00a0<\/p>\n<p>Resumo:<a href=\"http:\/\/www.nrc-cnrc.gc.ca\/inms-ienm\/index.html\" target=\"_blank\" rel=\"noopener\"><br \/><\/a>Natural product hybrids are defined as molecules incorporating structural fragments of different biosynthetic origin. Well known examples are the saponins, the glyco- and lipopeptides, the glycolipids, the macroclides and several other types of macrocycles based on hybrid peptides and polyketide skeletons. The under-lying idea behind this Nature approach is that combination of diverse structural features from two or more functionally active substances into one new product may either enhance or alter the desired characteristic of individual components, thus leading to new types of properties or recognition profile by biological tar-gets. For the assembly of such hybrid molecules, Nature\u00b4s use a sequential ligation strategy wherein all individual molecular fragments are consecutively in-corporated by biosynthetically different molecular machineries.<\/p>\n<p>Can modern synthetic chemistry approach such structures with a different assembly concept? The answer for this is Multicomponent Reactions: one-pot pro-cesses wherein three or more substrates react to assemble a molecule containing structural fragments from all the different starting materials. This lecture pro-vides an insightful perspective of the development of multicomponent approaches for the ligation of dissimilar natural product fragments, thus leading to unique hybrid compounds in one step. Examples of the syntheses of lipopeptide, glycolipid, bis-steroid and saponin analogs will be shown, along with the latest entries to the one-pot synthesis of hybrid macrocycles.<\/p>\n<p>\u00a0<\/p>\n","protected":false},"excerpt":{"rendered":"<p>Nanotecnologias: desenvolvimento, oportunidades e desafios Prof. Dr.\u00a0Oswaldo Luiz Alves ProfessorCoordenador cient\u00edfico do Laborat\u00f3rio de Qu\u00edmica do Estado S\u00f3lido (LQES). Membro da Academia de Ci\u00eancias do Estado de S\u00e3o Paulo e Membro Titular da Academia Brasileira de Ci\u00eancias Local: Anfiteatro C (Anexo ao Pr\u00e9dio 18)Data: segunda-feira, 16 de dezembro de 2013Horas: 16h00 Resumo: (N\u00e3o fornecido) Molecular [&hellip;]<\/p>\n","protected":false},"author":115,"featured_media":0,"parent":0,"menu_order":0,"comment_status":"closed","ping_status":"closed","template":"","meta":{"footnotes":""},"categories":[],"tags":[],"class_list":["post-473","page","type-page","status-publish","hentry"],"acf":[],"_links":{"self":[{"href":"https:\/\/www.ufsm.br\/cursos\/pos-graduacao\/santa-maria\/ppgq\/wp-json\/wp\/v2\/pages\/473","targetHints":{"allow":["GET"]}}],"collection":[{"href":"https:\/\/www.ufsm.br\/cursos\/pos-graduacao\/santa-maria\/ppgq\/wp-json\/wp\/v2\/pages"}],"about":[{"href":"https:\/\/www.ufsm.br\/cursos\/pos-graduacao\/santa-maria\/ppgq\/wp-json\/wp\/v2\/types\/page"}],"author":[{"embeddable":true,"href":"https:\/\/www.ufsm.br\/cursos\/pos-graduacao\/santa-maria\/ppgq\/wp-json\/wp\/v2\/users\/115"}],"replies":[{"embeddable":true,"href":"https:\/\/www.ufsm.br\/cursos\/pos-graduacao\/santa-maria\/ppgq\/wp-json\/wp\/v2\/comments?post=473"}],"version-history":[{"count":0,"href":"https:\/\/www.ufsm.br\/cursos\/pos-graduacao\/santa-maria\/ppgq\/wp-json\/wp\/v2\/pages\/473\/revisions"}],"wp:attachment":[{"href":"https:\/\/www.ufsm.br\/cursos\/pos-graduacao\/santa-maria\/ppgq\/wp-json\/wp\/v2\/media?parent=473"}],"wp:term":[{"taxonomy":"category","embeddable":true,"href":"https:\/\/www.ufsm.br\/cursos\/pos-graduacao\/santa-maria\/ppgq\/wp-json\/wp\/v2\/categories?post=473"},{"taxonomy":"post_tag","embeddable":true,"href":"https:\/\/www.ufsm.br\/cursos\/pos-graduacao\/santa-maria\/ppgq\/wp-json\/wp\/v2\/tags?post=473"}],"curies":[{"name":"wp","href":"https:\/\/api.w.org\/{rel}","templated":true}]}}