{"id":499,"date":"2019-01-21T09:56:35","date_gmt":"2019-01-21T11:56:35","guid":{"rendered":"https:\/\/www.ufsm.br\/cursos\/pos-graduacao\/santa-maria\/ppgq\/?page_id=499"},"modified":"2019-01-21T09:56:38","modified_gmt":"2019-01-21T11:56:38","slug":"editoriais-sobre-etica","status":"publish","type":"page","link":"https:\/\/www.ufsm.br\/cursos\/pos-graduacao\/santa-maria\/ppgq\/editoriais-sobre-etica","title":{"rendered":"Editoriais sobre \u00c9tica"},"content":{"rendered":"\n<p>Todos os autores de publica\u00e7\u00f5es &#8212; orientadores e alunos &#8212; devem\u00a0familiarizar-se com as debates atuais sobre \u00e9tica em publica\u00e7\u00f5es e pesquisa. Algumas editoriais encontram-se aqui. O leitores desta p\u00e1gina podem enviar sugest\u00f5es \u00e0 Coordena\u00e7\u00e3o do Programa de P\u00f3s-gradua\u00e7\u00e3o em Qu\u00edmica.<\/p>\n<p>Science,\u00a0 31 de agosto de 2012, vol. 339, p 1019: <a href=\"https:\/\/www.ufsm.br\/cursos\/pos-graduacao\/santa-maria\/ppgq\/wp-content\/uploads\/sites\/509\/2019\/01\/1019.full_.pdf\">Ending Honorary Authorship.<\/a><\/p>\n<p>\u00a0<\/p>\n<p>\u00a0<\/p>\n","protected":false},"excerpt":{"rendered":"<p>Todos os autores de publica\u00e7\u00f5es &#8212; orientadores e alunos &#8212; devem\u00a0familiarizar-se com as debates atuais sobre \u00e9tica em publica\u00e7\u00f5es e pesquisa. Algumas editoriais encontram-se aqui. O leitores desta p\u00e1gina podem enviar sugest\u00f5es \u00e0 Coordena\u00e7\u00e3o do Programa de P\u00f3s-gradua\u00e7\u00e3o em Qu\u00edmica. Science,\u00a0 31 de agosto de 2012, vol. 339, p 1019: Ending Honorary Authorship. \u00a0 \u00a0<\/p>\n","protected":false},"author":115,"featured_media":0,"parent":0,"menu_order":0,"comment_status":"closed","ping_status":"closed","template":"","meta":{"footnotes":""},"categories":[],"tags":[],"class_list":["post-499","page","type-page","status-publish","hentry"],"acf":[],"_links":{"self":[{"href":"https:\/\/www.ufsm.br\/cursos\/pos-graduacao\/santa-maria\/ppgq\/wp-json\/wp\/v2\/pages\/499","targetHints":{"allow":["GET"]}}],"collection":[{"href":"https:\/\/www.ufsm.br\/cursos\/pos-graduacao\/santa-maria\/ppgq\/wp-json\/wp\/v2\/pages"}],"about":[{"href":"https:\/\/www.ufsm.br\/cursos\/pos-graduacao\/santa-maria\/ppgq\/wp-json\/wp\/v2\/types\/page"}],"author":[{"embeddable":true,"href":"https:\/\/www.ufsm.br\/cursos\/pos-graduacao\/santa-maria\/ppgq\/wp-json\/wp\/v2\/users\/115"}],"replies":[{"embeddable":true,"href":"https:\/\/www.ufsm.br\/cursos\/pos-graduacao\/santa-maria\/ppgq\/wp-json\/wp\/v2\/comments?post=499"}],"version-history":[{"count":0,"href":"https:\/\/www.ufsm.br\/cursos\/pos-graduacao\/santa-maria\/ppgq\/wp-json\/wp\/v2\/pages\/499\/revisions"}],"wp:attachment":[{"href":"https:\/\/www.ufsm.br\/cursos\/pos-graduacao\/santa-maria\/ppgq\/wp-json\/wp\/v2\/media?parent=499"}],"wp:term":[{"taxonomy":"category","embeddable":true,"href":"https:\/\/www.ufsm.br\/cursos\/pos-graduacao\/santa-maria\/ppgq\/wp-json\/wp\/v2\/categories?post=499"},{"taxonomy":"post_tag","embeddable":true,"href":"https:\/\/www.ufsm.br\/cursos\/pos-graduacao\/santa-maria\/ppgq\/wp-json\/wp\/v2\/tags?post=499"}],"curies":[{"name":"wp","href":"https:\/\/api.w.org\/{rel}","templated":true}]}}