{"id":1193,"date":"2022-05-02T09:25:55","date_gmt":"2022-05-02T12:25:55","guid":{"rendered":"https:\/\/www.ufsm.br\/cursos\/pos-graduacao\/santa-maria\/ppgri\/?page_id=1193"},"modified":"2023-09-15T16:05:11","modified_gmt":"2023-09-15T19:05:11","slug":"seminarios-de-pesquisa","status":"publish","type":"page","link":"https:\/\/www.ufsm.br\/cursos\/pos-graduacao\/santa-maria\/ppgri\/seminarios-de-pesquisa","title":{"rendered":"Semin\u00e1rios de Pesquisa do PPGRI"},"content":{"rendered":"\n<p style=\"text-align: justify\">Inaugurados em 2022, os Semin\u00e1rios de Pesquisa do PPGRI possuem os objetivos de debater estrat\u00e9gias de pesquisas cient\u00edficas nas Rela\u00e7\u00f5es Internacionais e difundir os resultados dessas pesquisas \u00e0 sociedade, para al\u00e9m dos muros da Universidade.<\/p>\n<p style=\"text-align: justify\">Os Semin\u00e1rios ocorrem mensalmente e s\u00e3o transmitidos gratuitamente ao p\u00fablico amplo, pelo <a href=\"https:\/\/www.youtube.com\/channel\/UCLnFInYU9F7rMwlRf2o4tbQ\">canal do PPGRI\/UFSM no YouTube<\/a>. S\u00e3o emitidos certificados de participa\u00e7\u00e3o a todos que preencherem o formul\u00e1rio a ser disponibilizado via chat da transmiss\u00e3o no momento do evento.<\/p>\n<h5 style=\"text-align: justify\"><strong>Edi\u00e7\u00f5es realizadas:<\/strong><\/h5>\n<ul>\n<li><strong>SET\/2023<\/strong> &#8211; A Geopol\u00edtica do Hidrog\u00eanio &#8211; Prof. Dr. Fl\u00e1vio Augusto Lira Nascimento (PPGRI\/UFSM e UNIPAMPA);<\/li>\n<li><strong>AGO\/2023<\/strong> &#8211; <em>Passado e Presente nos Debates sobre Imperialismo<\/em> &#8211; Ma. Gabriela Tamiris Rosa Corr\u00eaa e Me. Henrique Jorgielewicz Rogovschi (Mestres pelo PPGRI\/UFSM e Doutorandos pelo PEPI\/UFRJ) &#8211; <a href=\"https:\/\/www.youtube.com\/live\/MEmUmdDiTfA?si=JQZEzM8SjZ0saKzb\" target=\"_blank\" rel=\"noopener\">V\u00eddeo YouTube<\/a><\/li>\n<li><strong>JUN\/2023<\/strong> &#8211; <em>O Estado Desenvolvimentista Chin\u00eas: Mudan\u00e7as Pol\u00edticas e Institucionais<\/em> &#8211; Prof. Dr. Antonio Carlos Diegues (Instituto de Economia\/UNICAMP) &#8211; <a href=\"https:\/\/www.youtube.com\/live\/TG7Vfjn0dug?feature=share\">V\u00eddeo YouTube<\/a><\/li>\n<li><strong>MAI\/2023<\/strong> &#8211; <em>Sistema Moderno\/Colonial de G\u00eanero e Securitiza\u00e7\u00e3o<\/em> &#8211; Ma. Renata Rodrigues Marques (egressa PPGRI\/UFSM) &#8211; <a href=\"https:\/\/www.youtube.com\/live\/DteQo4YCKRA?feature=share\">V\u00eddeo YouTube<\/a><\/li>\n<li><strong>ABR\/2023<\/strong> &#8211; <em>Do Direito Internacional Ambiental \u00e0 Coopera\u00e7\u00e3o Regional para o Desenvolvimento Sustent\u00e1vel<\/em> &#8211; Prof. Dr. Ademar Pozzatti J\u00fanior (PPGRI\/UFSM e PPGD\/UFSM) &#8211; Evento presencial<\/li>\n<li><strong>ABR\/2023<\/strong> &#8211; <em>Minicurso: Mudan\u00e7a Estrutural na Economia Brasileira: Dos Ciclos End\u00f3genos \u00e0 Estagna\u00e7\u00e3o<\/em> &#8211; Prof. Dr. Marcelo Arend (PPGE\/UFSC) &#8211; Evento presencial<\/li>\n<li><strong>JAN\/2023<\/strong> &#8211; <em>Aula Aberta: Water and Global Security<\/em>\u00a0&#8211; Prof. Dr. Larry Swatuk (University of Waterloo) &#8211; <a href=\"https:\/\/www.youtube.com\/live\/du2bCeq7scU?feature=share\">V\u00eddeo YouTube<\/a><\/li>\n<li><strong>JAN\/2023<\/strong> &#8211; <em>Lan\u00e7amento do livro: Institucionalismo, Desenvolvimentismo e a Economia Brasileira<\/em> &#8211; Prof. Dr. Adriano Jos\u00e9 Pereira (PPGRI\/UFSM e PPGE&amp;D\/UFSM) &#8211; <a href=\"https:\/\/www.youtube.com\/live\/43OO6BgEWbk?feature=share\">V\u00eddeo YouTube<\/a><\/li>\n<li><strong>DEZ\/2022<\/strong> &#8211; <em>Aula Aberta: Thinking About Intelligence and Security in a Changing World<\/em> &#8211; Prof. Dr. Gregory F. Treverton (University os Southern California) &#8211; <a href=\"https:\/\/www.youtube.com\/live\/Ico2BG2JfQ8?feature=share\">V\u00eddeo YouTube<\/a><\/li>\n<li><strong>NOV\/2022<\/strong> &#8211; <em>Entre a Teoria e a Pr\u00e1tica&#8230; O Caminho da Ci\u00eancia<\/em> &#8211; Prof. Cel. Lu\u00eds Manuel Br\u00e1s Bernardino (IUM\/Portugal e CAE\/CPLP) &#8211; <a href=\"https:\/\/www.youtube.com\/live\/Yr6K7AK4myE?feature=share\">V\u00eddeo YouTube<\/a><\/li>\n<li><strong>OUT\/2022<\/strong> &#8211; <em>Aula Aberta: Decolonizing IR and Race<\/em> &#8211; Prof. Dr. Vineet Thakur (Leiden University) &#8211; <a href=\"https:\/\/www.youtube.com\/live\/ObpCuBYnnH0?feature=share\">V\u00eddeo YouTube<\/a><\/li>\n<li><strong>OUT\/2022<\/strong> &#8211; <em>50 Years On: A life in International Relation<\/em>s &#8211; Prof. Dr. Peter Vale (University of Pretoria e PPGRI\/UFSM) &#8211; <a href=\"https:\/\/www.youtube.com\/live\/PXdkhVxNFto?feature=share\">V\u00eddeo YouTube<\/a><\/li>\n<li style=\"text-align: justify\"><strong>JUL\/2022<\/strong> &#8211; <em>Relatos de Pesquisa e Extens\u00e3o em Defesa Nacional no PPGRI<\/em>\u00a0&#8211; Me. Julio Werle Berwaldt (egresso PPGRI\/UFSM) &#8211; <a href=\"https:\/\/youtu.be\/iHTVkbddFtI\">V\u00eddeo YouTube<\/a>\u00a0<\/li>\n<li style=\"text-align: justify\"><strong>JUN\/2022<\/strong> &#8211; <em>Argentina y Africa: Perspectivas acad\u00e9micas y acciones de pol exterior<\/em> &#8211; Profa. Dra. Gladys Lechini (UNR e PPGRI\/UFSM) &#8211; <a href=\"https:\/\/youtu.be\/QYORBkZiZ4U\">V\u00eddeo YouTube<\/a><\/li>\n<li style=\"text-align: justify\"><strong>MAI\/2022<\/strong> &#8211; <em>Coopera\u00e7\u00e3o em Defesa na CPLP: Das potencialidades aos desafios crescentes<\/em> &#8211; Profa. Dra. Kamilla Rizzi (UNIPAMPA e PPGRI\/UFSM) &#8211; <a href=\"https:\/\/youtu.be\/yi1OAbbk3Mw\">V\u00eddeo YouTube<\/a><\/li>\n<\/ul>\n<p><iframe title=\"Passado e Presente nos Debates sobre Imperialismo - 10\u00ba Encontro dos Semin\u00e1rios de Pesquisa\" width=\"500\" height=\"281\" src=\"https:\/\/www.youtube.com\/embed\/MEmUmdDiTfA?feature=oembed\" frameborder=\"0\" allow=\"accelerometer; autoplay; clipboard-write; encrypted-media; gyroscope; picture-in-picture; web-share\" referrerpolicy=\"strict-origin-when-cross-origin\" allowfullscreen><\/iframe><\/p>\n<p><iframe src=\"\/\/www.youtube.com\/embed\/TG7Vfjn0dug\" width=\"560\" height=\"315\" frameborder=\"0\" allowfullscreen=\"allowfullscreen\"><\/iframe> <iframe src=\"\/\/www.youtube.com\/embed\/DteQo4YCKRA\" width=\"560\" height=\"315\" frameborder=\"0\" allowfullscreen=\"allowfullscreen\"><\/iframe><\/p>\n<p><iframe src=\"\/\/www.youtube.com\/embed\/du2bCeq7scU\" width=\"560\" height=\"315\" frameborder=\"0\" allowfullscreen=\"allowfullscreen\"><\/iframe> <iframe src=\"\/\/www.youtube.com\/embed\/43OO6BgEWbk\" width=\"560\" height=\"315\" frameborder=\"0\" allowfullscreen=\"allowfullscreen\"><\/iframe><\/p>\n<p><iframe src=\"\/\/www.youtube.com\/embed\/Ico2BG2JfQ8\" width=\"560\" height=\"315\" frameborder=\"0\" allowfullscreen=\"allowfullscreen\"><\/iframe> <iframe src=\"\/\/www.youtube.com\/embed\/Yr6K7AK4myE\" width=\"560\" height=\"315\" frameborder=\"0\" allowfullscreen=\"allowfullscreen\"><\/iframe><\/p>\n<p><iframe src=\"\/\/www.youtube.com\/embed\/ObpCuBYnnH0\" width=\"560\" height=\"315\" frameborder=\"0\" allowfullscreen=\"allowfullscreen\"><\/iframe> <iframe src=\"\/\/www.youtube.com\/embed\/PXdkhVxNFto\" width=\"560\" height=\"315\" frameborder=\"0\" allowfullscreen=\"allowfullscreen\"><\/iframe><\/p>\n<p style=\"text-align: left\"><iframe src=\"\/\/www.youtube.com\/embed\/iHTVkbddFtI\" width=\"560\" height=\"314\" allowfullscreen=\"allowfullscreen\"><\/iframe> <iframe src=\"\/\/www.youtube.com\/embed\/QYORBkZiZ4U\" width=\"560\" height=\"314\" allowfullscreen=\"allowfullscreen\"><\/iframe> <iframe src=\"\/\/www.youtube.com\/embed\/yi1OAbbk3Mw\" width=\"560\" height=\"314\" allowfullscreen=\"allowfullscreen\"><\/iframe><\/p>\n<p>\u00a0<\/p>\n<p style=\"text-align: left\">\u00a0<\/p>\n","protected":false},"excerpt":{"rendered":"<p>Inaugurados em 2022, os Semin\u00e1rios de Pesquisa do PPGRI possuem os objetivos de debater estrat\u00e9gias de pesquisas cient\u00edficas nas Rela\u00e7\u00f5es Internacionais e difundir os resultados dessas pesquisas \u00e0 sociedade, para al\u00e9m dos muros da Universidade. Os Semin\u00e1rios ocorrem mensalmente e s\u00e3o transmitidos gratuitamente ao p\u00fablico amplo, pelo canal do PPGRI\/UFSM no YouTube. S\u00e3o emitidos certificados [&hellip;]<\/p>\n","protected":false},"author":4815,"featured_media":0,"parent":0,"menu_order":0,"comment_status":"closed","ping_status":"closed","template":"","meta":{"footnotes":""},"categories":[],"tags":[],"class_list":["post-1193","page","type-page","status-publish","hentry"],"acf":[],"_links":{"self":[{"href":"https:\/\/www.ufsm.br\/cursos\/pos-graduacao\/santa-maria\/ppgri\/wp-json\/wp\/v2\/pages\/1193","targetHints":{"allow":["GET"]}}],"collection":[{"href":"https:\/\/www.ufsm.br\/cursos\/pos-graduacao\/santa-maria\/ppgri\/wp-json\/wp\/v2\/pages"}],"about":[{"href":"https:\/\/www.ufsm.br\/cursos\/pos-graduacao\/santa-maria\/ppgri\/wp-json\/wp\/v2\/types\/page"}],"author":[{"embeddable":true,"href":"https:\/\/www.ufsm.br\/cursos\/pos-graduacao\/santa-maria\/ppgri\/wp-json\/wp\/v2\/users\/4815"}],"replies":[{"embeddable":true,"href":"https:\/\/www.ufsm.br\/cursos\/pos-graduacao\/santa-maria\/ppgri\/wp-json\/wp\/v2\/comments?post=1193"}],"version-history":[{"count":0,"href":"https:\/\/www.ufsm.br\/cursos\/pos-graduacao\/santa-maria\/ppgri\/wp-json\/wp\/v2\/pages\/1193\/revisions"}],"wp:attachment":[{"href":"https:\/\/www.ufsm.br\/cursos\/pos-graduacao\/santa-maria\/ppgri\/wp-json\/wp\/v2\/media?parent=1193"}],"wp:term":[{"taxonomy":"category","embeddable":true,"href":"https:\/\/www.ufsm.br\/cursos\/pos-graduacao\/santa-maria\/ppgri\/wp-json\/wp\/v2\/categories?post=1193"},{"taxonomy":"post_tag","embeddable":true,"href":"https:\/\/www.ufsm.br\/cursos\/pos-graduacao\/santa-maria\/ppgri\/wp-json\/wp\/v2\/tags?post=1193"}],"curies":[{"name":"wp","href":"https:\/\/api.w.org\/{rel}","templated":true}]}}