{"id":1194,"date":"2022-05-02T09:26:31","date_gmt":"2022-05-02T12:26:31","guid":{"rendered":"https:\/\/www.ufsm.br\/cursos\/pos-graduacao\/santa-maria\/ppgri\/?page_id=1194"},"modified":"2022-08-05T10:52:55","modified_gmt":"2022-08-05T13:52:55","slug":"paralelo-33","status":"publish","type":"page","link":"https:\/\/www.ufsm.br\/cursos\/pos-graduacao\/santa-maria\/ppgri\/paralelo-33","title":{"rendered":"Paralelo 33"},"content":{"rendered":"\n<p><img fetchpriority=\"high\" decoding=\"async\" class=\"wp-image-1218 aligncenter\" src=\"https:\/\/www.ufsm.br\/app\/uploads\/sites\/497\/2022\/05\/Paralelo-33-300x100.jpg\" alt=\"\" width=\"884\" height=\"295\" srcset=\"https:\/\/www.ufsm.br\/app\/uploads\/sites\/497\/2022\/05\/Paralelo-33-300x100.jpg 300w, https:\/\/www.ufsm.br\/app\/uploads\/sites\/497\/2022\/05\/Paralelo-33-1024x341.jpg 1024w, https:\/\/www.ufsm.br\/app\/uploads\/sites\/497\/2022\/05\/Paralelo-33-768x256.jpg 768w, https:\/\/www.ufsm.br\/app\/uploads\/sites\/497\/2022\/05\/Paralelo-33.jpg 1500w\" sizes=\"(max-width: 884px) 100vw, 884px\" \/><\/p>\n<p>\u00a0<\/p>\n<p>\u00a0<\/p>\n<p style=\"text-align: center\"><strong>O QUE \u00c9 O PARALELO 33<\/strong><\/p>\n<p style=\"text-align: justify\">O Paralelo 33 \u00e9 um projeto de extens\u00e3o, no formato de programa de r\u00e1dio e <em>podcast<\/em>, vinculado ao curso de gradua\u00e7\u00e3o e ao Programa de P\u00f3s-Gradua\u00e7\u00e3o em Rela\u00e7\u00f5es Internacionais (RI) da Universidade Federal de Santa Maria (UFSM), sendo composto por alunos e egressos da institui\u00e7\u00e3o.<\/p>\n<p style=\"text-align: center\">\u00a0<\/p>\n<p style=\"text-align: center\"><strong>NOSSOS OBJETIVOS<\/strong><\/p>\n<p style=\"text-align: justify\">O Projeto de Extens\u00e3o Paralelo 33 foi criado com o objetivo de promover e disseminar o conhecimento e o debate sobre temas relacionados \u00e0s rela\u00e7\u00f5es internacionais envolvendo o Sul Global, atrav\u00e9s das plataformas de r\u00e1dio UniFM e R\u00e1dio universidade AM da Universidade Federal de Santa Maria e, tamb\u00e9m, com reprodu\u00e7\u00e3o dos mesmos programas em formato de podcast online (Spotify e Cast Box). Desse modo, procura-se instigar esses debates por meio de elementos l\u00fadicos como m\u00fasica, entrevistas e cinema, no intuito de aproximar a comunidade de pesquisas produzidas na \u00e1rea de Rela\u00e7\u00f5es Internacionais sobre as regi\u00f5es do Sul Global. Da mesma forma, cria-se um espa\u00e7o de di\u00e1logo entre a comunidade, alunos, professores e pesquisadores, para repensar as din\u00e2micas dessas regi\u00f5es.<\/p>\n<p style=\"text-align: center\">\u00a0<\/p>\n<p style=\"text-align: center\"><strong>A QUEM NOS DIRIGIMOS<\/strong><\/p>\n<p style=\"text-align: justify\">Nossas atividades destinam-se \u00e0 comunidade local, a alunas e alunos de cursos de gradua\u00e7\u00e3o e p\u00f3s-gradua\u00e7\u00e3o, a pesquisadores, professores, e ativistas sociais, os quais tenham interesses espec\u00edficos nas rela\u00e7\u00f5es internacionais do Sul Global &#8211; incluindo temas afins como hist\u00f3ria, cultura, pol\u00edtica, economia, seguran\u00e7a, sociedade, entre outras.<\/p>\n<p style=\"text-align: center\">\u00a0<\/p>\n<p style=\"text-align: center\"><strong>SOBRE O QUE DISCUTIMOS<\/strong><\/p>\n<p style=\"text-align: justify\">As din\u00e2micas do Paralelo 33 s\u00e3o pautadas pela (I) interdisciplinaridade &#8211; atrav\u00e9s da valoriza\u00e7\u00e3o de m\u00faltiplas \u00e1reas de conhecimento como Rela\u00e7\u00f5es Internacionais, Economia, Ci\u00eancia Pol\u00edtica, Sociologia, Comunica\u00e7\u00e3o Social, Ci\u00eancias Jur\u00eddicas, Geografia, Hist\u00f3ria e Engenharias; e pela (II) indissociabilidade entre Ensino, Pesquisa e Extens\u00e3o.<\/p>\n<p style=\"text-align: center\">\u00a0<\/p>\n<p style=\"text-align: center\"><strong>QUAL A NOSSA ABORDAGEM<\/strong><\/p>\n<p style=\"text-align: justify\">Nos direcionamos por abordagens te\u00f3ricas que permitem uma base s\u00f3lida para o pensamento cr\u00edtico e produ\u00e7\u00e3o de conhecimento a partir do Sul Global, atendendo \u00e0s complexidades dessas regi\u00f5es e exaltando as multiplicidades de suas respectivas popula\u00e7\u00f5es. Ressalta-se que essas perspectivas s\u00e3o as principais delineadoras da forma como abordamos as tem\u00e1ticas retratadas nos programas (como seguran\u00e7a, capacidade estatal, economia pol\u00edtica, meio ambiente, g\u00eanero, entre outras), servindo como ponto de partida para as pesquisas realizadas no \u00e2mbito do projeto &#8211; o que n\u00e3o impede que demais abordagens te\u00f3ricas, as quais promovam um di\u00e1logo te\u00f3rico promissor, sejam inclu\u00eddas.<\/p>\n<p style=\"text-align: center\">\u00a0<\/p>\n<p style=\"text-align: center\"><strong>COMO FAZER PARTE DO PARALELO 33<\/strong><\/p>\n<p style=\"text-align: justify\">Para participar do projeto \u00e9 preciso se inscrever no Processo Seletivo, que tem abertura anual. <span style=\"font-weight: 400\">O Processo Seletivo ocorre em 3 etapas, sendo a primeira a Inscri\u00e7\u00e3o atrav\u00e9s de formul\u00e1rio Google. Posteriormente, assim que confirmadas as inscri\u00e7\u00f5es, \u00e9 encaminhada uma atividade individual para cada candidato, a qual \u00e9 espec\u00edfica sobre a Coordena\u00e7\u00e3o que o inscrito escolheu no ato da inscri\u00e7\u00e3o.\u00a0 Por fim, \u00e9 realizada uma entrevista com cada candidato, com o objetivo de aproxim\u00e1-los dos objetivos do projeto e tamb\u00e9m da equipe.\u00a0<\/span><\/p>\n<p style=\"text-align: justify\">As inscri\u00e7\u00f5es para o Processo Seletivo de 2022 abrem no dia 06 de maio de 2022.<\/p>\n<p style=\"text-align: center\">\u00a0<\/p>\n<p style=\"text-align: center\"><strong>NOSSAS REDES SOCIAIS E CONTATO<\/strong><\/p>\n<p style=\"text-align: center\"><em>paralelo33@ufsm.br<\/em><\/p>\n<p style=\"text-align: center\"><a href=\"https:\/\/www.instagram.com\/paralelotrintaetres\/\">Instagram<\/a> | <a href=\"https:\/\/open.spotify.com\/show\/31xGFrOw17xNAwPbUEtAAl?si=2501879f5f634f5d\">Spotify<\/a> | <a href=\"https:\/\/castbox.fm\/channel\/Paralelo-33-id2086663?country=br\">Castbox\u00a0<\/a><\/p>\n","protected":false},"excerpt":{"rendered":"<p>\u00a0 \u00a0 O QUE \u00c9 O PARALELO 33 O Paralelo 33 \u00e9 um projeto de extens\u00e3o, no formato de programa de r\u00e1dio e podcast, vinculado ao curso de gradua\u00e7\u00e3o e ao Programa de P\u00f3s-Gradua\u00e7\u00e3o em Rela\u00e7\u00f5es Internacionais (RI) da Universidade Federal de Santa Maria (UFSM), sendo composto por alunos e egressos da institui\u00e7\u00e3o. \u00a0 NOSSOS [&hellip;]<\/p>\n","protected":false},"author":4815,"featured_media":0,"parent":0,"menu_order":0,"comment_status":"closed","ping_status":"closed","template":"","meta":{"footnotes":""},"categories":[],"tags":[],"class_list":["post-1194","page","type-page","status-publish","hentry"],"acf":[],"_links":{"self":[{"href":"https:\/\/www.ufsm.br\/cursos\/pos-graduacao\/santa-maria\/ppgri\/wp-json\/wp\/v2\/pages\/1194","targetHints":{"allow":["GET"]}}],"collection":[{"href":"https:\/\/www.ufsm.br\/cursos\/pos-graduacao\/santa-maria\/ppgri\/wp-json\/wp\/v2\/pages"}],"about":[{"href":"https:\/\/www.ufsm.br\/cursos\/pos-graduacao\/santa-maria\/ppgri\/wp-json\/wp\/v2\/types\/page"}],"author":[{"embeddable":true,"href":"https:\/\/www.ufsm.br\/cursos\/pos-graduacao\/santa-maria\/ppgri\/wp-json\/wp\/v2\/users\/4815"}],"replies":[{"embeddable":true,"href":"https:\/\/www.ufsm.br\/cursos\/pos-graduacao\/santa-maria\/ppgri\/wp-json\/wp\/v2\/comments?post=1194"}],"version-history":[{"count":0,"href":"https:\/\/www.ufsm.br\/cursos\/pos-graduacao\/santa-maria\/ppgri\/wp-json\/wp\/v2\/pages\/1194\/revisions"}],"wp:attachment":[{"href":"https:\/\/www.ufsm.br\/cursos\/pos-graduacao\/santa-maria\/ppgri\/wp-json\/wp\/v2\/media?parent=1194"}],"wp:term":[{"taxonomy":"category","embeddable":true,"href":"https:\/\/www.ufsm.br\/cursos\/pos-graduacao\/santa-maria\/ppgri\/wp-json\/wp\/v2\/categories?post=1194"},{"taxonomy":"post_tag","embeddable":true,"href":"https:\/\/www.ufsm.br\/cursos\/pos-graduacao\/santa-maria\/ppgri\/wp-json\/wp\/v2\/tags?post=1194"}],"curies":[{"name":"wp","href":"https:\/\/api.w.org\/{rel}","templated":true}]}}