{"id":1224,"date":"2022-05-18T14:24:23","date_gmt":"2022-05-18T17:24:23","guid":{"rendered":"https:\/\/www.ufsm.br\/cursos\/pos-graduacao\/santa-maria\/ppgri\/?page_id=1224"},"modified":"2024-09-23T11:38:02","modified_gmt":"2024-09-23T14:38:02","slug":"internacionalizacao","status":"publish","type":"page","link":"https:\/\/www.ufsm.br\/cursos\/pos-graduacao\/santa-maria\/ppgri\/internacionalizacao","title":{"rendered":"Internacionaliza\u00e7\u00e3o"},"content":{"rendered":"\n<p style=\"margin-top: 0cm;background: white;text-align: justify\"><span style=\"font-family: 'Arial',sans-serif;color: black\">\u00a0 \u00a0 \u00a0 \u00a0 \u00a0 A UFSM mant\u00e9m em sua estrutura administrativa a <a href=\"https:\/\/www.ufsm.br\/orgaos-de-apoio\/sai\" target=\"_blank\" rel=\"noopener\">Secretaria de Apoio Internacional (SAI)<\/a>, \u00f3rg\u00e3o vinculado ao Gabinete do Reitor que tem a fun\u00e7\u00e3o de assessor\u00e1-lo, cumprindo esse mesmo papel em rela\u00e7\u00e3o \u00e0s Pr\u00f3-Reitorias e demais \u00f3rg\u00e3os da universidade nas suas rela\u00e7\u00f5es com institui\u00e7\u00f5es estrangeiras. A SAI busca promover e apoiar a\u00e7\u00f5es que desenvolvam a cultura da internacionaliza\u00e7\u00e3o, objetivando o fortalecimento da imagem e a inser\u00e7\u00e3o da institui\u00e7\u00e3o no cen\u00e1rio mundial, por meio de <a href=\"https:\/\/www.ufsm.br\/orgaos-de-apoio\/sai\/programas-multilaterais\/\" target=\"_blank\" rel=\"noopener\">programas multilaterais<\/a> e <a href=\"https:\/\/www.ufsm.br\/orgaos-de-apoio\/sai\/convenios-bilaterais-ativos\/\" target=\"_blank\" rel=\"noopener\">conv\u00eanios bilaterais<\/a>\u00a0<\/span><span style=\"font-family: 'Arial',sans-serif;color: black\">Por meio desses conv\u00eanios, alunos da UFSM t\u00eam a possibilidade de realizar disciplinas e outras atividades acad\u00eamicas (mobilidade acad\u00eamica internacional bilateral), durante o per\u00edodo da gradua\u00e7\u00e3o ou da p\u00f3s-gradua\u00e7\u00e3o.\u00a0<\/span><\/p>\n<p style=\"margin-top: 0cm;text-align: justify;background: white;margin-bottom: 1rem\"><span style=\"font-family: 'Arial',sans-serif;color: black\">\u00a0 \u00a0 \u00a0 \u00a0 \u00a0 Recentemente, um conv\u00eanio entre o<span style=\"background: white\"> Programa de P\u00f3s-gradua\u00e7\u00e3o em Rela\u00e7\u00f5es Internacionais da Universidade Federal de Santa Maria<\/span><\/span><span style=\"font-family: 'Arial',sans-serif;color: #222222;background: white\"> e<span class=\"il\"> a <\/span>Universidad Nacional del Rosario foi aprovado pelo CCSH e est\u00e1 em tr\u00e2mite para que seja efetivado. Al\u00e9m disso, o PPGRI tem parcerias com professores das Universidades de Lisboa e de Pret\u00f3ria, os quais s\u00e3o professores colaboradores do programa.<\/span><\/p>\n<table style=\"width: 100.107%;border-collapse: collapse;border-style: solid;border-color: #120101;height: 963px\">\n<tbody>\n<tr style=\"height: 79px\">\n<td style=\"width: 104.457%;border-style: solid;border-color: #120101;height: 79px;background-color: #7bc466\" colspan=\"2\">\n<h2 style=\"text-align: center\"><img decoding=\"async\" class=\"wp-image-2286 size-thumbnail alignleft\" src=\"https:\/\/www.ufsm.br\/app\/uploads\/sites\/497\/2024\/09\/PPGRI-Fundo-Transparente-150x150.png\" alt=\"\" width=\"150\" height=\"150\" srcset=\"https:\/\/www.ufsm.br\/app\/uploads\/sites\/497\/2024\/09\/PPGRI-Fundo-Transparente-150x150.png 150w, https:\/\/www.ufsm.br\/app\/uploads\/sites\/497\/2024\/09\/PPGRI-Fundo-Transparente-300x300.png 300w, https:\/\/www.ufsm.br\/app\/uploads\/sites\/497\/2024\/09\/PPGRI-Fundo-Transparente.png 500w\" sizes=\"(max-width: 150px) 100vw, 150px\" \/><\/h2>\n<h2 style=\"text-align: center\">Coopera\u00e7\u00e3o Institucional \u2013 Internacional\u00a0<\/h2>\n<\/td>\n<\/tr>\n<tr>\n<td style=\"width: 104.457%;border-style: solid;border-color: #120101;background-color: #f7f7f7;text-align: center\" colspan=\"2\">\n<p style=\"text-align: justify\"><span style=\"font-family: inherit;font-size: inherit;font-weight: inherit;color: initial\">\u00a0 \u00a0 \u00a0 O Programa de P\u00f3s-Gradua\u00e7\u00e3o em Gest\u00e3o de Organiza\u00e7\u00f5es P\u00fablicas da UFSM mant\u00e9m atividades voltadas \u00e0 <\/span><strong style=\"font-family: inherit;font-size: inherit;color: initial\">internacionaliza\u00e7\u00e3o<\/strong><span style=\"font-family: inherit;font-size: inherit;font-weight: inherit;color: initial\">, por meio de conv\u00eanios, parcerias e de pesquisas em conjunto com pesquisadores de outros pa\u00edses, produ\u00e7\u00e3o bibliogr\u00e1fica, interc\u00e2mbio docente, palestras e congressos. O PPGOP \u2013 UFSM tem desenvolvido a\u00e7\u00f5es de internacionaliza\u00e7\u00e3o junto a programas e institui\u00e7\u00f5es de de ensino de v\u00e1rios pa\u00edses.<\/span><\/p>\n<\/td>\n<\/tr>\n<tr style=\"height: 23px\">\n<td style=\"width: 21.0445%;border-style: solid;border-color: #120101;height: 23px;text-align: center;background-color: #ecfae3\">\n<h3>Universidade de Lisboa\/Portugal<\/h3>\n<\/td>\n<td style=\"width: 83.4126%;border-style: solid;border-color: #120101;height: 23px;background-color: #ecfae3\">\n<ul>\n<li>Professor visitante Andr\u00e9s Malamud da Universidade de Lisboa\/Portugal<\/li>\n<\/ul>\n<\/td>\n<\/tr>\n<tr style=\"height: 23px\">\n<td style=\"width: 21.0445%;border-style: solid;border-color: #120101;height: 23px;text-align: center\">\n<h3>Universidade Nacional de Ros\u00e1rio\/Argentina<\/h3>\n<\/td>\n<td style=\"width: 83.4126%;border-style: solid;border-color: #120101;height: 23px\">\n<ul>\n<li>Professora visitante GLADYS TERESITA LECHINI\u00a0 da Universidade Nacional de Ros\u00e1rio\/Argentina;<\/li>\n<li style=\"text-align: justify\">O Prof. Igor Castellano da Silva (2023- 2023 P\u00f3s-Doutorado na Universidad Nacional de Rosario, UNR, Argentina. Bolsista do(a): Asociaci\u00f3n de Universidades Grupo Montevideo, AUGM, Uruguai.Universidad Nacional de Rosario, UNR, Argentina.<\/li>\n<\/ul>\n<\/td>\n<\/tr>\n<tr style=\"height: 23px\">\n<td style=\"width: 21.0445%;border-style: solid;border-color: #120101;height: 23px;text-align: center;background-color: #ebfaeb\">\n<h3>Universidade de Joanesburgo \/ \u00c1frica do Sul<\/h3>\n<\/td>\n<td style=\"width: 83.4126%;border-style: solid;border-color: #120101;height: 23px;background-color: #ebfaeb\">\n<ul>\n<li>Professor Visitante Peter Cristopher Julius Vale da Universidade de Joanesburgo \/ \u00c1frica do Sul<\/li>\n<\/ul>\n<\/td>\n<\/tr>\n<tr style=\"height: 23px\">\n<td style=\"width: 21.0445%;border-style: solid;border-color: #120101;height: 23px;text-align: center\">\n<h3>Universidad de la Republica Uruguay, UDELAR, Uruguai.<\/h3>\n<\/td>\n<td style=\"width: 83.4126%;border-style: solid;border-color: #120101;height: 23px;text-align: justify\">\n<ul>\n<li>\u00a0Por interm\u00e9dio da Professora Nathaly Silva Xavier Sch\u00fctz que participa na qualidade de Professora convidada na disciplina Africa en el Sistema Internacional do Diploma de Posgrado en Estudios Internacionales da Facultad de Ciencias Sociales da Universidad de la Republica (Uruguai).<\/li>\n<li>Por interm\u00e9dio da Profaessora Kamilla Raquel Rizzi, professora convidada na disciplina Pol\u00edticas Exteriores Sub-regionales do Diploma de Posgrado en Estudios Internacionales da Facultad de Ciencias Sociales da Universidad de la Republica (Uruguai).<\/li>\n<\/ul>\n<\/td>\n<\/tr>\n<tr style=\"height: 23px\">\n<td style=\"width: 21.0445%;border-style: solid;border-color: #120101;height: 23px;text-align: center;background-color: #e6f5df\">\n<h3>Institut d&#8217;\u00c9tudes Politiques de Paris, SciencesPo, Fran\u00e7a<\/h3>\n<\/td>\n<td style=\"width: 83.4126%;border-style: solid;border-color: #120101;text-align: justify;height: 23px;background-color: #e6f5df\">\u00a0Por interm\u00e9dio do Prof.\u00a0 Ademar Pozzatti Junior com \u00a0Professor e Pesquisador Visitante no Institut d&#8217;\u00c9tudes Politiques de Paris, SciencesPo, Fran\u00e7a<\/td>\n<\/tr>\n<\/tbody>\n<\/table>\n","protected":false},"excerpt":{"rendered":"<p>\u00a0 \u00a0 \u00a0 \u00a0 \u00a0 A UFSM mant\u00e9m em sua estrutura administrativa a Secretaria de Apoio Internacional (SAI), \u00f3rg\u00e3o vinculado ao Gabinete do Reitor que tem a fun\u00e7\u00e3o de assessor\u00e1-lo, cumprindo esse mesmo papel em rela\u00e7\u00e3o \u00e0s Pr\u00f3-Reitorias e demais \u00f3rg\u00e3os da universidade nas suas rela\u00e7\u00f5es com institui\u00e7\u00f5es estrangeiras. A SAI busca promover e apoiar [&hellip;]<\/p>\n","protected":false},"author":4815,"featured_media":0,"parent":0,"menu_order":0,"comment_status":"closed","ping_status":"closed","template":"","meta":{"footnotes":""},"categories":[],"tags":[],"class_list":["post-1224","page","type-page","status-publish","hentry"],"acf":[],"_links":{"self":[{"href":"https:\/\/www.ufsm.br\/cursos\/pos-graduacao\/santa-maria\/ppgri\/wp-json\/wp\/v2\/pages\/1224","targetHints":{"allow":["GET"]}}],"collection":[{"href":"https:\/\/www.ufsm.br\/cursos\/pos-graduacao\/santa-maria\/ppgri\/wp-json\/wp\/v2\/pages"}],"about":[{"href":"https:\/\/www.ufsm.br\/cursos\/pos-graduacao\/santa-maria\/ppgri\/wp-json\/wp\/v2\/types\/page"}],"author":[{"embeddable":true,"href":"https:\/\/www.ufsm.br\/cursos\/pos-graduacao\/santa-maria\/ppgri\/wp-json\/wp\/v2\/users\/4815"}],"replies":[{"embeddable":true,"href":"https:\/\/www.ufsm.br\/cursos\/pos-graduacao\/santa-maria\/ppgri\/wp-json\/wp\/v2\/comments?post=1224"}],"version-history":[{"count":0,"href":"https:\/\/www.ufsm.br\/cursos\/pos-graduacao\/santa-maria\/ppgri\/wp-json\/wp\/v2\/pages\/1224\/revisions"}],"wp:attachment":[{"href":"https:\/\/www.ufsm.br\/cursos\/pos-graduacao\/santa-maria\/ppgri\/wp-json\/wp\/v2\/media?parent=1224"}],"wp:term":[{"taxonomy":"category","embeddable":true,"href":"https:\/\/www.ufsm.br\/cursos\/pos-graduacao\/santa-maria\/ppgri\/wp-json\/wp\/v2\/categories?post=1224"},{"taxonomy":"post_tag","embeddable":true,"href":"https:\/\/www.ufsm.br\/cursos\/pos-graduacao\/santa-maria\/ppgri\/wp-json\/wp\/v2\/tags?post=1224"}],"curies":[{"name":"wp","href":"https:\/\/api.w.org\/{rel}","templated":true}]}}