{"id":161,"date":"2019-02-18T12:14:13","date_gmt":"2019-02-18T15:14:13","guid":{"rendered":"https:\/\/www.ufsm.br\/cursos\/pos-graduacao\/santa-maria\/ppgri\/?page_id=161"},"modified":"2026-03-05T13:22:39","modified_gmt":"2026-03-05T16:22:39","slug":"secretaria","status":"publish","type":"page","link":"https:\/\/www.ufsm.br\/cursos\/pos-graduacao\/santa-maria\/ppgri\/secretaria","title":{"rendered":"Estrutura Administrativa &#8211; Comiss\u00f5es Acad\u00eamicas"},"content":{"rendered":"<table style=\"border-collapse: collapse;width: 100%;height: 50px\">\n<tbody>\n<tr style=\"height: 50px\">\n<td style=\"width: 100%;height: 50px;background-color: #edf2f1\">\n<h2><b>\u00d3rg\u00e3os Executivos<\/b><\/h2>\n<\/td>\n<\/tr>\n<\/tbody>\n<\/table>\n<h3><\/h3>\n<table style=\"border-collapse: collapse;width: 100%\">\n<tbody>\n<tr>\n<td style=\"width: 100%;background-color: #e6e3e3\">\n<h3><span style=\"color: #000000\"><strong><a style=\"color: #000000\">Coordena\u00e7\u00e3o de Curso<\/a><\/strong><\/span><\/h3>\n<\/td>\n<\/tr>\n<\/tbody>\n<\/table>\n<h3><\/h3>\n<h2 style=\"font-size: 1rem\"><b><u>Mandato ATUAL 2026<\/u><\/b><b><br \/>\n<\/b><\/h2>\n<h2 style=\"font-size: 1rem\"><b>Coordenadora:<\/b><\/h2>\n<ul>\n<li>Profa. Dra. Mariana Selister Gomes<\/li>\n<\/ul>\n<pre style=\"font-size: 1rem\"><b>Coordenadora Substituta:<\/b><b>\n<\/b><\/pre>\n<ul>\n<li>Profa. Dra. Adriana Kirchof de Brum<\/li>\n<\/ul>\n<h2 style=\"font-size: 1rem\"><b><u>Mandato 2025<\/u><\/b><b><br \/>\n<\/b><\/h2>\n<h2 style=\"font-size: 1rem\"><b>Coordenador:<\/b><\/h2>\n<ul>\n<li>Prof. Dr. Jos\u00e9 Luiz de Moura Filho<\/li>\n<\/ul>\n<pre style=\"font-size: 1rem\"><b>Coordenador Substituta:<\/b><b>\n<\/b><\/pre>\n<ul>\n<li>Profa. Dra. Jos\u00e9li Fiorin Gomes<\/li>\n<\/ul>\n<pre style=\"font-size: 1rem\"><b><u>\n\nMandato 2023-2025\n<\/u><\/b><b>Coordenador:<\/b><\/pre>\n<ul>\n<li>Prof. Dr. Bruno Hendler<\/li>\n<\/ul>\n<pre style=\"font-size: 1rem\"><b>Coordenador Substituto:<\/b><b>\n<\/b><\/pre>\n<ul>\n<li>Prof. Dr. Jos\u00e9 Luiz de Moura Filho<\/li>\n<\/ul>\n<h4><b><u>Mandato 2021-2023<\/u><\/b><\/h4>\n<p style=\"font-size: 16px\">Coordenador:<\/p>\n<ul>\n<li>Prof. Dr. Igor Castellano da Silva<\/li>\n<\/ul>\n<p style=\"font-size: 16px\">Coordenadores Substitutos:<\/p>\n<ul>\n<li>Prof. Dr. Adriano Jos\u00e9 Pereira (2022-2023)<\/li>\n<li>Prof. Dr.\u00a0J\u00falio C\u00e9sar Cossio Rodriguez (2021-2022)<\/li>\n<\/ul>\n<h6 style=\"font-size: 1rem\"><strong><u>Mandato 2019-2021<\/u><\/strong><\/h6>\n<p style=\"font-size: 16px\">Coordenador:<\/p>\n<ul>\n<li>Prof. Dr. J\u00falio C\u00e9sar Cossio Rodriguez<\/li>\n<\/ul>\n<p style=\"font-size: 16px\">Coordenadores Substitutos:<\/p>\n<ul>\n<li>Prof. Dr. Igor Castellano da Silva (2020-2021)<\/li>\n<li>Profa. Dra. Mariana Selister Gomes (2019-2020)<\/li>\n<\/ul>\n<table style=\"border-collapse: collapse;width: 100%\">\n<tbody>\n<tr>\n<td style=\"width: 100%;background-color: #f0eded\">\n<h3><strong>Secretaria de Apoio Administrativo<\/strong><\/h3>\n<\/td>\n<\/tr>\n<\/tbody>\n<\/table>\n<h6 style=\"font-size: 1rem\"><u>Chefe Respons\u00e1vel 2022-XXXX [ATUAL]<\/u><\/h6>\n<p style=\"font-size: 16px\">Secretaria Integrada da P\u00f3s-Gradua\u00e7\u00e3o do CCSH:<\/p>\n<ul>\n<li>TAE Rube Afonso Rodrigues Neto<\/li>\n<\/ul>\n<h2><\/h2>\n<table style=\"border-collapse: collapse;width: 100%\">\n<tbody>\n<tr>\n<td style=\"width: 100%;background-color: #e0f2dc\">\n<h2><b>\u00d3rg\u00e3os Deliberativos<\/b><\/h2>\n<\/td>\n<\/tr>\n<\/tbody>\n<\/table>\n<h2><\/h2>\n<table style=\"border-collapse: collapse;width: 100%\">\n<tbody>\n<tr>\n<td style=\"width: 100%;background-color: #ededed\">\n<h3><span style=\"color: #000000\"><strong><a style=\"color: #000000\">Colegiado do Curso<\/a><\/strong><\/span><\/h3>\n<\/td>\n<\/tr>\n<\/tbody>\n<\/table>\n<h6 style=\"font-size: 1rem;color: #000000\"><u>Mandato ATUAL <a href=\"https:\/\/www.ufsm.br\/app\/uploads\/sites\/497\/2026\/02\/PORT_CCSH_2026_034.pdf\">PORT_CCSH_2026_034<\/a><\/u><\/h6>\n<p style=\"color: #000000;font-size: 16px\">Docentes:<\/p>\n<ul>\n<li>Mariana Selister Gomes &#8211; Presidente<\/li>\n<li>Adriana Kirchof de Brum &#8211; Coordenadora Substituta<\/li>\n<li>J\u00falio C\u00e9sar Cossio Rodriguez<\/li>\n<li>Ademar Pozzatti J\u00fanior &#8211; Suplente<\/li>\n<\/ul>\n<p>Discentes:<\/p>\n<ul>\n<li>Jo\u00e3o Pedro Matzenbacher Pinton<\/li>\n<li><span style=\"color: #000000\">Mariane Martins Francesquetto &#8211; Suplente<\/span><\/li>\n<\/ul>\n<h6 style=\"font-size: 1rem;color: #000000\"><u>Mandato 2023-2025<\/u><\/h6>\n<p style=\"color: #000000;font-size: 16px\">Docentes:<\/p>\n<ul>\n<li>Jos\u00e9 Luiz de Moura Filho \u2013 Presidente<\/li>\n<li>Jos\u00e9li Fiorin Gomes\u00a0 &#8211; Coordenadora Substituta<\/li>\n<li>Ademar Pozzatti J\u00fanior<\/li>\n<li>J\u00falio C\u00e9sar Cossio Rodriguez<\/li>\n<li>Igor Castellano da Silva \u2013 Suplente<\/li>\n<\/ul>\n<p>Discentes:<\/p>\n<ul>\n<li>Mayara de Carvalho Puhle (2024 \u2013 2025)<\/li>\n<li><span style=\"color: #000000\">Eduarda Magagnin de Conto (2024 \u2013 2025) &#8211; Suplente<\/span><\/li>\n<\/ul>\n<table style=\"border-collapse: collapse;width: 100%\">\n<tbody>\n<tr>\n<td style=\"width: 100%;background-color: #ede8e8\">\n<h3><span style=\"color: #000000\"><strong><a style=\"color: #000000\">Comiss\u00e3o de Bolsas<\/a><\/strong><\/span><\/h3>\n<\/td>\n<\/tr>\n<\/tbody>\n<\/table>\n<p><b><u>Mandato 2026-2027 [ATUAL]<\/u><\/b><\/p>\n<p>Docentes:<\/p>\n<ul>\n<li>Mariana Selister Gomes \u2013 Presidente<\/li>\n<li>Adriana Kirchof de Brum<\/li>\n<li>J\u00falio C\u00e9sar Cossio Rodriguez<\/li>\n<li>Ademar Pozzatti J\u00fanior &#8211; Suplente<\/li>\n<\/ul>\n<p>Discentes:<\/p>\n<ul>\n<li>Mariane Martins Francesquetto &#8211; Titular<\/li>\n<li>Jo\u00e3o Pedro Matzenbacher Pinton &#8211; Suplente<\/li>\n<\/ul>\n<p>Base legal portaria Pessoal <a href=\"https:\/\/www.ufsm.br\/app\/uploads\/sites\/497\/2026\/03\/PORTARIA-DE-PESSOAL-CCSHUFSM-N.-033-comissao-de-bolsas-PPGRI.pdf\">PORT_CCSH_2026_033_PPGRI<\/a><\/p>\n<p><b><u>Mandato 2025-2026<\/u><\/b><\/p>\n<p>Docentes:<\/p>\n<ul>\n<li>Jos\u00e9 Luiz de Moura Filho \u2013 Presidente<\/li>\n<li>Josieli Fiorin Gomes<\/li>\n<li>Ademar Pozzatti J\u00fanior<\/li>\n<li>J\u00falio C\u00e9sar Cossio Rodriguez<\/li>\n<\/ul>\n<p>Discentes:<\/p>\n<ul>\n<li>Amanda ribeiro Lopes &#8211; Titular<\/li>\n<li>Giovana Angeloti &#8211; Suplente<\/li>\n<\/ul>\n<p>Base legal portaria Pessoal <a href=\"https:\/\/www.ufsm.br\/app\/uploads\/sites\/497\/2025\/04\/PORT_CCSH_2025_142-PPGRI.pdf\">PORT_CCSH_2025_142 PPGRI<\/a><\/p>\n<h6 style=\"font-size: 1rem;color: #000000\"><u>Mandato 2023-2025<\/u><\/h6>\n<p>Docentes:<\/p>\n<ul>\n<li>Bruno Hendler \u2013 presidente<\/li>\n<li>Igor Castellano da Silva<\/li>\n<li>Jos\u00e9 Luiz de Moura Filho<\/li>\n<li>Josieli Fiorin Gomes<\/li>\n<li>Ademar Pozzatti J\u00fanior \u2013 suplente<\/li>\n<\/ul>\n<p>Discentes:<\/p>\n<ul>\n<li>Guilherme dos Santos Schmeling \u2013 titular<\/li>\n<li>Cristiane Barboza Lopes da Silva \u2013 suplente<\/li>\n<\/ul>\n<p>Base legal: Portaria Pessoal CCSH\/UFSM <a href=\"https:\/\/www.ufsm.br\/app\/uploads\/sites\/497\/2024\/08\/PORT_CCSH_2024_187-PPGRI.pdf\">2024_187 PPGRI<\/a><\/p>\n<table style=\"border-collapse: collapse;width: 100%\">\n<tbody>\n<tr>\n<td style=\"width: 100%;background-color: #e6f5e9\">\n<h2><b>\u00d3rg\u00e3os Consultivos<\/b><\/h2>\n<\/td>\n<\/tr>\n<\/tbody>\n<\/table>\n<h5><\/h5>\n<table style=\"border-collapse: collapse;width: 100%\">\n<tbody>\n<tr>\n<td style=\"width: 100%;background-color: #ededed\">\n<h3><span style=\"color: #000000\"><strong><a style=\"color: #000000\">Comit\u00ea Cient\u00edfico<\/a><\/strong><\/span><\/h3>\n<\/td>\n<\/tr>\n<\/tbody>\n<\/table>\n<h6 style=\"font-size: 1rem;color: #000000\"><u>Mandato 2021-2023 [ATUAL]<\/u><\/h6>\n<p style=\"color: #000000;font-size: 16px\">Docentes:<\/p>\n<ul>\n<li>Igor Castellano da Silva\u00a0(Presidente)<\/li>\n<li>Bruno Hendler<\/li>\n<li>Jos\u00e9li Fiorin Gomes<\/li>\n<\/ul>\n<table style=\"border-collapse: collapse;width: 100%\">\n<tbody>\n<tr>\n<td style=\"width: 100%;background-color: #e6e3e3\">\n<h3><span style=\"color: #000000\"><strong><a style=\"color: #000000\">Comiss\u00e3o de Autoavalia\u00e7\u00e3o<\/a><\/strong><\/span><\/h3>\n<\/td>\n<\/tr>\n<\/tbody>\n<\/table>\n<h3><\/h3>\n<h6 style=\"font-size: 1rem;color: #000000\"><u>Mandato 2021-2023 [ATUAL]<\/u><\/h6>\n<p style=\"color: #000000;font-size: 16px\">Docentes:<\/p>\n<ul>\n<li>Profa. Dra. Mariana Selister Gomes (Presidente)<\/li>\n<li>Prof. Dr. Ademar Pozzati Junior<\/li>\n<li>Prof. Dr.\u00a0Bruno Hendler<\/li>\n<li>Prof. Dr. Adriano Jos\u00e9 Pereira (Suplente)<\/li>\n<\/ul>\n<p>Discentes:<\/p>\n<ul>\n<li>Acad.\u00a0Luiza Witzel Farias (Representante)<\/li>\n<li>Acad.\u00a0Valentina T\u00e2mara Haag (Suplente)<\/li>\n<\/ul>\n<table style=\"border-collapse: collapse;width: 100%\">\n<tbody>\n<tr>\n<td style=\"width: 100%;background-color: #f0ebeb\">\n<h3><span style=\"color: #000000\"><strong><a style=\"color: #000000\">GT Internacionaliza\u00e7\u00e3o<\/a><\/strong><\/span><\/h3>\n<\/td>\n<\/tr>\n<\/tbody>\n<\/table>\n<h6 style=\"font-size: 1rem;color: #000000\"><u>Mandato 2021-2023 [ATUAL]<\/u><\/h6>\n<p style=\"color: #000000;font-size: 16px\">Docentes:<\/p>\n<ul>\n<li>Profa. Dra.\u00a0Jos\u00e9li Fiorin Gomes\u00a0(Presidente)<\/li>\n<li>Prof. Dr. Ademar Pozzati Junior<\/li>\n<li>Prof. Dr. Igor Castellano da Silva<\/li>\n<li>Prof. Dr.\u00a0J\u00falio C\u00e9sar Cossio Rodriguez<\/li>\n<li>Profa. Dra. Mariana Selister Gomes<\/li>\n<\/ul>\n<p style=\"color: #000000;font-size: 16px\">Discentes:<\/p>\n<ul>\n<li>Acad.\u00a0Fernanda da Silva<\/li>\n<\/ul>\n","protected":false},"excerpt":{"rendered":"<p>\u00d3rg\u00e3os Executivos Coordena\u00e7\u00e3o de Curso Mandato ATUAL 2026 Coordenadora: Profa. Dra. Mariana Selister Gomes Coordenadora Substituta: Profa. Dra. Adriana Kirchof de Brum Mandato 2025 Coordenador: Prof. Dr. Jos\u00e9 Luiz de Moura Filho Coordenador Substituta: Profa. Dra. Jos\u00e9li Fiorin Gomes Mandato 2023-2025 Coordenador: Prof. Dr. Bruno Hendler Coordenador Substituto: Prof. Dr. Jos\u00e9 Luiz de Moura Filho [&hellip;]<\/p>\n","protected":false},"author":118,"featured_media":0,"parent":0,"menu_order":0,"comment_status":"closed","ping_status":"closed","template":"","meta":{"footnotes":""},"categories":[],"tags":[],"class_list":["post-161","page","type-page","status-publish","hentry"],"acf":[],"_links":{"self":[{"href":"https:\/\/www.ufsm.br\/cursos\/pos-graduacao\/santa-maria\/ppgri\/wp-json\/wp\/v2\/pages\/161","targetHints":{"allow":["GET"]}}],"collection":[{"href":"https:\/\/www.ufsm.br\/cursos\/pos-graduacao\/santa-maria\/ppgri\/wp-json\/wp\/v2\/pages"}],"about":[{"href":"https:\/\/www.ufsm.br\/cursos\/pos-graduacao\/santa-maria\/ppgri\/wp-json\/wp\/v2\/types\/page"}],"author":[{"embeddable":true,"href":"https:\/\/www.ufsm.br\/cursos\/pos-graduacao\/santa-maria\/ppgri\/wp-json\/wp\/v2\/users\/118"}],"replies":[{"embeddable":true,"href":"https:\/\/www.ufsm.br\/cursos\/pos-graduacao\/santa-maria\/ppgri\/wp-json\/wp\/v2\/comments?post=161"}],"version-history":[{"count":0,"href":"https:\/\/www.ufsm.br\/cursos\/pos-graduacao\/santa-maria\/ppgri\/wp-json\/wp\/v2\/pages\/161\/revisions"}],"wp:attachment":[{"href":"https:\/\/www.ufsm.br\/cursos\/pos-graduacao\/santa-maria\/ppgri\/wp-json\/wp\/v2\/media?parent=161"}],"wp:term":[{"taxonomy":"category","embeddable":true,"href":"https:\/\/www.ufsm.br\/cursos\/pos-graduacao\/santa-maria\/ppgri\/wp-json\/wp\/v2\/categories?post=161"},{"taxonomy":"post_tag","embeddable":true,"href":"https:\/\/www.ufsm.br\/cursos\/pos-graduacao\/santa-maria\/ppgri\/wp-json\/wp\/v2\/tags?post=161"}],"curies":[{"name":"wp","href":"https:\/\/api.w.org\/{rel}","templated":true}]}}