{"id":175,"date":"2019-04-01T09:01:28","date_gmt":"2019-04-01T12:01:28","guid":{"rendered":"https:\/\/www.ufsm.br\/cursos\/pos-graduacao\/santa-maria\/ppgri\/?page_id=175"},"modified":"2025-08-20T12:39:04","modified_gmt":"2025-08-20T15:39:04","slug":"discentes","status":"publish","type":"page","link":"https:\/\/www.ufsm.br\/cursos\/pos-graduacao\/santa-maria\/ppgri\/discentes","title":{"rendered":"Discentes"},"content":{"rendered":"<h3><strong>Rela\u00e7\u00e3o de Discentes do Mestrado Acad\u00eamico com Matr\u00edcula Ativa<\/strong><\/h3>\n<ul>\n<li><a href=\"https:\/\/www.ufsm.br\/app\/uploads\/sites\/497\/2022\/02\/PPGRI-Turma_001.pdf\">Turma 001\/2019<\/a><\/li>\n<li><a href=\"https:\/\/www.ufsm.br\/app\/uploads\/sites\/497\/2022\/02\/PPGRI-Turma_002.pdf\">Turma 002\/2020<\/a><\/li>\n<li><a href=\"https:\/\/www.ufsm.br\/app\/uploads\/sites\/497\/2022\/02\/PPGRI-Turma_003.pdf\">Turma 003\/2021<\/a><\/li>\n<li><a href=\"https:\/\/www.ufsm.br\/app\/uploads\/sites\/497\/2023\/04\/PPGRI-Turma_004-1.pdf\" target=\"_blank\" rel=\"noopener\">Turma 004\/2022<\/a><\/li>\n<li><a href=\"https:\/\/www.ufsm.br\/app\/uploads\/sites\/497\/2023\/04\/PPGRI-Turma_005.pdf\" target=\"_blank\" rel=\"noopener\">Turma 005\/2023<\/a><\/li>\n<li><a href=\"https:\/\/www.ufsm.br\/app\/uploads\/sites\/497\/2025\/08\/TURMA-006-INGRESSO-2024.pdf\">Turma 006\/2024<\/a><\/li>\n<li><a href=\"https:\/\/www.ufsm.br\/app\/uploads\/sites\/497\/2025\/08\/Turma-007-INGRESSO-2025.pdf\">Turma 007\/2025<\/a><\/li>\n<\/ul>\n\n","protected":false},"excerpt":{"rendered":"<p>Rela\u00e7\u00e3o de Discentes do Mestrado Acad\u00eamico com Matr\u00edcula Ativa Turma 001\/2019 Turma 002\/2020 Turma 003\/2021 Turma 004\/2022 Turma 005\/2023 Turma 006\/2024 Turma 007\/2025<\/p>\n","protected":false},"author":615,"featured_media":0,"parent":0,"menu_order":0,"comment_status":"closed","ping_status":"closed","template":"","meta":{"footnotes":""},"categories":[],"tags":[],"class_list":["post-175","page","type-page","status-publish","hentry"],"acf":[],"_links":{"self":[{"href":"https:\/\/www.ufsm.br\/cursos\/pos-graduacao\/santa-maria\/ppgri\/wp-json\/wp\/v2\/pages\/175","targetHints":{"allow":["GET"]}}],"collection":[{"href":"https:\/\/www.ufsm.br\/cursos\/pos-graduacao\/santa-maria\/ppgri\/wp-json\/wp\/v2\/pages"}],"about":[{"href":"https:\/\/www.ufsm.br\/cursos\/pos-graduacao\/santa-maria\/ppgri\/wp-json\/wp\/v2\/types\/page"}],"author":[{"embeddable":true,"href":"https:\/\/www.ufsm.br\/cursos\/pos-graduacao\/santa-maria\/ppgri\/wp-json\/wp\/v2\/users\/615"}],"replies":[{"embeddable":true,"href":"https:\/\/www.ufsm.br\/cursos\/pos-graduacao\/santa-maria\/ppgri\/wp-json\/wp\/v2\/comments?post=175"}],"version-history":[{"count":0,"href":"https:\/\/www.ufsm.br\/cursos\/pos-graduacao\/santa-maria\/ppgri\/wp-json\/wp\/v2\/pages\/175\/revisions"}],"wp:attachment":[{"href":"https:\/\/www.ufsm.br\/cursos\/pos-graduacao\/santa-maria\/ppgri\/wp-json\/wp\/v2\/media?parent=175"}],"wp:term":[{"taxonomy":"category","embeddable":true,"href":"https:\/\/www.ufsm.br\/cursos\/pos-graduacao\/santa-maria\/ppgri\/wp-json\/wp\/v2\/categories?post=175"},{"taxonomy":"post_tag","embeddable":true,"href":"https:\/\/www.ufsm.br\/cursos\/pos-graduacao\/santa-maria\/ppgri\/wp-json\/wp\/v2\/tags?post=175"}],"curies":[{"name":"wp","href":"https:\/\/api.w.org\/{rel}","templated":true}]}}