{"id":2068,"date":"2024-03-01T08:18:19","date_gmt":"2024-03-01T11:18:19","guid":{"rendered":"https:\/\/www.ufsm.br\/cursos\/pos-graduacao\/santa-maria\/ppgri\/?page_id=2068"},"modified":"2024-03-08T13:01:25","modified_gmt":"2024-03-08T16:01:25","slug":"oferta-de-disciplinas-2024-1","status":"publish","type":"page","link":"https:\/\/www.ufsm.br\/cursos\/pos-graduacao\/santa-maria\/ppgri\/oferta-de-disciplinas-2024-1","title":{"rendered":"Oferta de Disciplinas \u2013 2024\/1"},"content":{"rendered":"\n<p><\/p>\n\n\n\n\n\n<p style=\"text-align: justify\">O Programa de P\u00f3s-Gradua\u00e7\u00e3o em Rela\u00e7\u00f5es Internacionais da UFSM informa a abaixo a lista de disciplinas a serem ofertadas no primeiro semestre de 2024, conforme <a href=\"https:\/\/www.ufsm.br\/calendario\/2024-64678\">calend\u00e1rio acad\u00eamico da Universidade<\/a>.<\/p>\n<p>\u00a0<\/p>\n<p>\u00a0<\/p>\n<p><img fetchpriority=\"high\" decoding=\"async\" class=\"aligncenter size-full wp-image-2081\" src=\"https:\/\/www.ufsm.br\/app\/uploads\/sites\/497\/2024\/03\/Disciplinas-Ofertadas-PPGRI-2024-1-versao-08-marco.jpg\" alt=\"\" width=\"1122\" height=\"439\" srcset=\"https:\/\/www.ufsm.br\/app\/uploads\/sites\/497\/2024\/03\/Disciplinas-Ofertadas-PPGRI-2024-1-versao-08-marco.jpg 1122w, https:\/\/www.ufsm.br\/app\/uploads\/sites\/497\/2024\/03\/Disciplinas-Ofertadas-PPGRI-2024-1-versao-08-marco-300x117.jpg 300w, https:\/\/www.ufsm.br\/app\/uploads\/sites\/497\/2024\/03\/Disciplinas-Ofertadas-PPGRI-2024-1-versao-08-marco-1024x401.jpg 1024w, https:\/\/www.ufsm.br\/app\/uploads\/sites\/497\/2024\/03\/Disciplinas-Ofertadas-PPGRI-2024-1-versao-08-marco-768x300.jpg 768w\" sizes=\"(max-width: 1122px) 100vw, 1122px\" \/><\/p>\n<ul>\n<li style=\"text-align: justify\"><strong>Disciplinas de orienta\u00e7\u00e3o:<\/strong> J\u00e1 a partir do primeiro semestre do curso, o discente deve se matricular na turma do docente orientador, com base no ano de ingresso. Neste semestre: EDT001 (ingresso 2024), EDT003 (ingresso 2023) e EDT004 (ingresso 2021 e 2022).<\/li>\n<li style=\"text-align: justify\"><strong>Doc\u00eancia orientada<\/strong>: O discente deve consultar o docente orientador para realizar est\u00e1gio de doc\u00eancia em disciplina de curso de gradua\u00e7\u00e3o em at\u00e9 duas oportunidades (APG303 \u2013 Doc\u00eancia Orientada I e APG304 \u2013 Doc\u00eancia Orientada II). Para mais informa\u00e7\u00f5es sobre doc\u00eancia orientada no PPGRI\/UFSM,\u00a0<strong><a href=\"https:\/\/www.ufsm.br\/cursos\/pos-graduacao\/santa-maria\/ppgri\/docencia-orientada\/\" target=\"_blank\" rel=\"noreferrer noopener\">clique aqui<\/a><\/strong>.<\/li>\n<li style=\"text-align: justify\"><strong>Ementas:\u00a0<\/strong>Consulte as ementas oficiais das disciplinas do PPGRI\/UFSM\u00a0<strong><a href=\"https:\/\/www.ufsm.br\/cursos\/pos-graduacao\/santa-maria\/ppgri\/ementas-das-disciplinas\/\" target=\"_blank\" rel=\"noreferrer noopener\">aqui<\/a>.<\/strong><\/li>\n<\/ul>\n","protected":false},"excerpt":{"rendered":"<p>O Programa de P\u00f3s-Gradua\u00e7\u00e3o em Rela\u00e7\u00f5es Internacionais da UFSM informa a abaixo a lista de disciplinas a serem ofertadas no primeiro semestre de 2024, conforme calend\u00e1rio acad\u00eamico da Universidade. \u00a0 \u00a0 Disciplinas de orienta\u00e7\u00e3o: J\u00e1 a partir do primeiro semestre do curso, o discente deve se matricular na turma do docente orientador, com base no [&hellip;]<\/p>\n","protected":false},"author":905,"featured_media":0,"parent":0,"menu_order":0,"comment_status":"closed","ping_status":"closed","template":"","meta":{"footnotes":""},"categories":[104,167],"tags":[],"class_list":["post-2068","page","type-page","status-publish","hentry","category-boletim-informativo","category-oferta-disciplinas-horarios"],"acf":[],"_links":{"self":[{"href":"https:\/\/www.ufsm.br\/cursos\/pos-graduacao\/santa-maria\/ppgri\/wp-json\/wp\/v2\/pages\/2068","targetHints":{"allow":["GET"]}}],"collection":[{"href":"https:\/\/www.ufsm.br\/cursos\/pos-graduacao\/santa-maria\/ppgri\/wp-json\/wp\/v2\/pages"}],"about":[{"href":"https:\/\/www.ufsm.br\/cursos\/pos-graduacao\/santa-maria\/ppgri\/wp-json\/wp\/v2\/types\/page"}],"author":[{"embeddable":true,"href":"https:\/\/www.ufsm.br\/cursos\/pos-graduacao\/santa-maria\/ppgri\/wp-json\/wp\/v2\/users\/905"}],"replies":[{"embeddable":true,"href":"https:\/\/www.ufsm.br\/cursos\/pos-graduacao\/santa-maria\/ppgri\/wp-json\/wp\/v2\/comments?post=2068"}],"version-history":[{"count":0,"href":"https:\/\/www.ufsm.br\/cursos\/pos-graduacao\/santa-maria\/ppgri\/wp-json\/wp\/v2\/pages\/2068\/revisions"}],"wp:attachment":[{"href":"https:\/\/www.ufsm.br\/cursos\/pos-graduacao\/santa-maria\/ppgri\/wp-json\/wp\/v2\/media?parent=2068"}],"wp:term":[{"taxonomy":"category","embeddable":true,"href":"https:\/\/www.ufsm.br\/cursos\/pos-graduacao\/santa-maria\/ppgri\/wp-json\/wp\/v2\/categories?post=2068"},{"taxonomy":"post_tag","embeddable":true,"href":"https:\/\/www.ufsm.br\/cursos\/pos-graduacao\/santa-maria\/ppgri\/wp-json\/wp\/v2\/tags?post=2068"}],"curies":[{"name":"wp","href":"https:\/\/api.w.org\/{rel}","templated":true}]}}