{"id":2208,"date":"2024-08-01T09:22:16","date_gmt":"2024-08-01T12:22:16","guid":{"rendered":"https:\/\/www.ufsm.br\/cursos\/pos-graduacao\/santa-maria\/ppgri\/?page_id=2208"},"modified":"2024-09-23T15:09:40","modified_gmt":"2024-09-23T18:09:40","slug":"cooperacao-institucional","status":"publish","type":"page","link":"https:\/\/www.ufsm.br\/cursos\/pos-graduacao\/santa-maria\/ppgri\/cooperacao-institucional","title":{"rendered":"Coopera\u00e7\u00e3o Institucional"},"content":{"rendered":"\n<p>Em edi\u00e7\u00e3o:<\/p>\n<table style=\"width: 97.8958%;border-collapse: collapse;border-style: solid;border-color: #120101;height: 963px\">\n<tbody>\n<tr style=\"height: 168px\">\n<td style=\"width: 100%;border-style: solid;border-color: #120101;background-color: #78b2f0;height: 168px\" colspan=\"2\"><img decoding=\"async\" class=\"wp-image-2286 size-thumbnail alignleft\" src=\"https:\/\/www.ufsm.br\/app\/uploads\/sites\/497\/2024\/09\/PPGRI-Fundo-Transparente-150x150.png\" alt=\"\" width=\"150\" height=\"150\" srcset=\"https:\/\/www.ufsm.br\/app\/uploads\/sites\/497\/2024\/09\/PPGRI-Fundo-Transparente-150x150.png 150w, https:\/\/www.ufsm.br\/app\/uploads\/sites\/497\/2024\/09\/PPGRI-Fundo-Transparente-300x300.png 300w, https:\/\/www.ufsm.br\/app\/uploads\/sites\/497\/2024\/09\/PPGRI-Fundo-Transparente.png 500w\" sizes=\"(max-width: 150px) 100vw, 150px\" \/><br \/>\n<h1 style=\"text-align: center\">Coopera\u00e7\u00e3o Institucional<\/h1>\n<\/td>\n<\/tr>\n<tr style=\"height: 133px\">\n<td style=\"width: 100%;border-style: solid;border-color: #120101;text-align: justify;height: 133px\" colspan=\"2\">\n<p>\u00a0 \u00a0 \u00a0O Programa de P\u00f3s-Gradua\u00e7\u00e3o em Rela\u00e7\u00f5es Internacionais tem implementado uma diversidade de a\u00e7\u00f5es, conv\u00eanios, programas e projetos relevantes de coopera\u00e7\u00e3o, interc\u00e2mbio e\/ou parceria. Os esfor\u00e7os de coopera\u00e7\u00e3o e interc\u00e2mbio, tanto com institui\u00e7\u00f5es nacionais quanto internacionais, traduzem-se na qualifica\u00e7\u00e3o das atividades de ensino, extens\u00e3o e pesquisa do Programa.\u00a0<\/p>\n<\/td>\n<\/tr>\n<tr style=\"height: 103px\">\n<td style=\"width: 100%;border-style: solid;border-color: #120101;height: 103px;background-color: #d0abf5\" colspan=\"2\">\n<h2 style=\"text-align: center\">Coopera\u00e7\u00e3o Institucional \u2013 PPGRI\/UFSM<\/h2>\n<\/td>\n<\/tr>\n<tr style=\"height: 79px\">\n<td style=\"width: 21.0445%;border-style: solid;border-color: #120101;text-align: center;height: 79px;background-color: #f4edfa\">\n<h2>PPGE&amp;D<\/h2>\n<\/td>\n<td style=\"width: 78.9555%;border-style: solid;border-color: #120101;text-align: justify;height: 79px;background-color: #f4edfa\">\n<ul>\n<li>O PPGRI possui estreita rela\u00e7\u00e3o de parceria com diversos Programas de P\u00f3s-Gradua\u00e7\u00e3o da UFSM, incluindo a\u00e7\u00f5es cooperadas com o PPG em Economia e Desenvolvimento (PPGE&amp;D)<\/li>\n<\/ul>\n<\/td>\n<\/tr>\n<tr style=\"height: 23px\">\n<td style=\"width: 21.0445%;border-style: solid;border-color: #120101;height: 23px\">\n<h2 style=\"text-align: center\">CCSH\/UFSM<\/h2>\n<\/td>\n<td style=\"width: 78.9555%;border-style: solid;border-color: #120101;height: 23px;text-align: justify\">\u00a0Por interm\u00e9dio do Prof. Igor Castellano da Silva que participou da Dire\u00e7\u00e3o e administra\u00e7\u00e3o, Grupo de Estudos em Capacidade Estatal, Seguran\u00e7a e Defesa &#8211; GECAP do CCSH at\u00e9 2021.<\/td>\n<\/tr>\n<tr style=\"height: 79px\">\n<td style=\"width: 100%;border-style: solid;border-color: #120101;height: 79px;background-color: #accbfa\" colspan=\"2\">\n<h2 style=\"text-align: center\">Coopera\u00e7\u00e3o Institucional \u2013 Nacional<\/h2>\n<\/td>\n<\/tr>\n<tr style=\"height: 23px\">\n<td style=\"width: 21.0445%;border-style: solid;border-color: #120101;height: 23px;text-align: center;background-color: #daf2f5\">\n<h3>UFRGS<\/h3>\n<\/td>\n<td style=\"width: 78.9555%;border-style: solid;border-color: #120101;height: 23px;background-color: #daf2f5\">\n<ul>\n<li style=\"text-align: justify\">\u00a0Por interm\u00e9dio da Professora\u00a0 Tatiana de Almeida Freitas Rodrigues Cardoso Squeff (docente adjunta de Direito Internacional, Consumidor e Ambiental da Faculdade de Direito da Universidade Federal do Rio Grande do Sul).<\/li>\n<li style=\"text-align: justify\">Por interm\u00e9dio do Prof. Dr. Marco Aur\u00e9lio Chaves Cepik &#8211; CEGOV &#8211; Centro de Estudos Internacionais sobre Governo da UFRGS.<\/li>\n<li style=\"text-align: justify\">Por interm\u00e9dio das Professoras Nathaly Silva Xavier Sch\u00fctz\u00a0 e\u00a0 Kamilla Raquel Rizzi &#8211; Pesquisadoras Associadas do Centro Brasileiro de Estudos Africanos &#8211; CEBRAFRICA\/UFRGS.<\/li>\n<li style=\"text-align: justify\">Por interm\u00e9dio da Profa. Mariana Selister Gomes que \u00e9 Pesquisadora Associada, do N\u00facleo Interdisciplinar de Estudos sobre Mulheres e G\u00eanero. www.ufrgs.br\/nucleomulher<\/li>\n<\/ul>\n<\/td>\n<\/tr>\n<tr style=\"height: 23px\">\n<td style=\"width: 21.0445%;border-style: solid;border-color: #120101;height: 23px;text-align: center\">\n<h3>UFU<\/h3>\n<\/td>\n<td style=\"width: 78.9555%;border-style: solid;border-color: #120101;height: 23px\">\n<ul>\n<li style=\"text-align: justify\">Por interm\u00e9dio da Professora\u00a0 Tatiana de Almeida Freitas Rodrigues Cardoso Squeff &#8211;\u00a0 Professora visitante na Universidade Federal de Uberl\u00e2ndia, UFU, Brasil.<\/li>\n<\/ul>\n<\/td>\n<\/tr>\n<tr style=\"height: 23px\">\n<td style=\"width: 21.0445%;border-style: solid;border-color: #120101;height: 23px;text-align: center;background-color: #dcf7f7\">\n<h3>UNIPAMPA<\/h3>\n<\/td>\n<td style=\"width: 78.9555%;border-style: solid;border-color: #120101;height: 23px;background-color: #dcf7f7\">\n<ul>\n<li style=\"text-align: justify\">\u00a0Por interm\u00e9dio do (as) Professores (as): Fl\u00e1vio Augusto Lira Nascimento<span style=\"font-family: inherit;font-size: inherit;font-weight: inherit;color: initial\">; <\/span><span style=\"font-family: inherit;font-size: inherit;font-weight: inherit;color: initial\">Kamilla Raquel Rizzi<\/span><span style=\"font-family: inherit;font-size: inherit;font-weight: inherit;color: initial\"> e <\/span><span style=\"font-family: inherit;font-size: inherit;font-weight: inherit;color: initial\">Nathaly Silva Xavier Schutz<\/span><span style=\"font-family: inherit;font-size: inherit;font-weight: inherit;color: initial\">.<\/span><\/li>\n<\/ul>\n<\/td>\n<\/tr>\n<tr style=\"height: 23px\">\n<td style=\"width: 21.0445%;border-style: solid;border-color: #120101;height: 23px;text-align: center\">\n<h3>Universidade Federal do ABC, UFABC, Brasil<\/h3>\n<\/td>\n<td style=\"width: 78.9555%;border-style: solid;border-color: #120101;height: 23px\">\n<ul>\n<li style=\"text-align: justify\">Por interm\u00e9dio da Profa. Jos\u00e9li Fiorin Gomes que possui\u00a0 v<span style=\"font-family: inherit;font-size: inherit;font-weight: inherit;color: initial\">\u00ednculo de docente colaboradora e Pesquisadora, na Universidade Federal do ABC, UFABC, Brasil<\/span><\/li>\n<\/ul>\n<\/td>\n<\/tr>\n<tr style=\"height: 23px\">\n<td style=\"width: 21.0445%;border-style: solid;border-color: #120101;height: 23px;text-align: center;background-color: #dcfcfa\">\n<h3>Associa\u00e7\u00e3o Brasileira de Rela\u00e7\u00f5es Internacionais, ABRI, Brasil.<\/h3>\n<\/td>\n<td style=\"width: 78.9555%;border-style: solid;border-color: #120101;height: 23px;background-color: #dcfcfa\">\n<ul>\n<li style=\"text-align: justify\">Por interm\u00e9dio da Profa. Jos\u00e9li Fiorin Gomes que atualmente faz parte da Dire\u00e7\u00e3o e administra\u00e7\u00e3o, Secretaria Executiva.\u00a0\u00a0Cargo ou fun\u00e7\u00e3o de Secret\u00e1ria Executiva da Gest\u00e3o 2023-2025 da Associa\u00e7\u00e3o Brasileira de Rela\u00e7\u00f5es Internacionais (ABRI).<\/li>\n<\/ul>\n<\/td>\n<\/tr>\n<tr>\n<td style=\"width: 21.0445%;border-style: solid;border-color: #120101;text-align: center\">\n<h3>Instituto Sul-Americano de Pol\u00edtica e Estrat\u00e9gia, ISAPE, Brasil.<\/h3>\n<\/td>\n<td style=\"width: 78.9555%;border-style: solid;border-color: #120101;text-align: justify\">\n<ul>\n<li>Por interm\u00e9dio do Prof. Igor Castellano da Silva que\u00a0 participa como Associado Fundador e Pesquisador Associado no <b>Instituto Sul-Americano de Pol\u00edtica e Estrat\u00e9gia, ISAPE, Brasil.<\/b><\/li>\n<\/ul>\n<\/td>\n<\/tr>\n<tr style=\"height: 79px\">\n<td style=\"width: 100%;border-style: solid;border-color: #120101;height: 79px;background-color: #7bc466\" colspan=\"2\">\n<h2 style=\"text-align: center\">Coopera\u00e7\u00e3o Institucional \u2013 Internacional\u00a0<\/h2>\n<\/td>\n<\/tr>\n<tr style=\"height: 23px\">\n<td style=\"width: 21.0445%;border-style: solid;border-color: #120101;height: 23px;text-align: center;background-color: #ecfae3\">\n<h3>Universidade de Lisboa\/Portugal<\/h3>\n<\/td>\n<td style=\"width: 78.9555%;border-style: solid;border-color: #120101;height: 23px;background-color: #ecfae3\">\n<ul>\n<li>Professor visitante Andr\u00e9s Malamud da Universidade de Lisboa\/Portugal<\/li>\n<\/ul>\n<\/td>\n<\/tr>\n<tr style=\"height: 23px\">\n<td style=\"width: 21.0445%;border-style: solid;border-color: #120101;height: 23px;text-align: center\">\n<h3>Universidade Nacional de Ros\u00e1rio\/Argentina<\/h3>\n<\/td>\n<td style=\"width: 78.9555%;border-style: solid;border-color: #120101;height: 23px\">\n<ul>\n<li>Professora visitante GLADYS TERESITA LECHINI\u00a0 da Universidade Nacional de Ros\u00e1rio\/Argentina;<\/li>\n<li style=\"text-align: justify\">O Prof. Igor Castellano da Silva (2023- 2023 P\u00f3s-Doutorado na Universidad Nacional de Rosario, UNR, Argentina. Bolsista do(a): Asociaci\u00f3n de Universidades Grupo Montevideo, AUGM, Uruguai.Universidad Nacional de Rosario, UNR, Argentina.<\/li>\n<\/ul>\n<\/td>\n<\/tr>\n<tr style=\"height: 23px\">\n<td style=\"width: 21.0445%;border-style: solid;border-color: #120101;height: 23px;text-align: center;background-color: #ebfaeb\">\n<h3>Universidade de Joanesburgo \/ \u00c1frica do Sul<\/h3>\n<\/td>\n<td style=\"width: 78.9555%;border-style: solid;border-color: #120101;height: 23px;background-color: #ebfaeb\">\n<ul>\n<li>Professor Visitante Peter Cristopher Julius Vale da Universidade de Joanesburgo \/ \u00c1frica do Sul<\/li>\n<\/ul>\n<\/td>\n<\/tr>\n<tr style=\"height: 23px\">\n<td style=\"width: 21.0445%;border-style: solid;border-color: #120101;height: 23px;text-align: center\">\n<h3>Universidad de la Republica Uruguay, UDELAR, Uruguai.<\/h3>\n<\/td>\n<td style=\"width: 78.9555%;border-style: solid;border-color: #120101;height: 23px;text-align: justify\">\n<ul>\n<li>\u00a0Por interm\u00e9dio da Professora Nathaly Silva Xavier Sch\u00fctz que participa na qualidade de Professora convidada na disciplina Africa en el Sistema Internacional do Diploma de Posgrado en Estudios Internacionales da Facultad de Ciencias Sociales da Universidad de la Republica (Uruguai).<\/li>\n<li>Por interm\u00e9dio da Profaessora Kamilla Raquel Rizzi, professora convidada na disciplina Pol\u00edticas Exteriores Sub-regionales do Diploma de Posgrado en Estudios Internacionales da Facultad de Ciencias Sociales da Universidad de la Republica (Uruguai).<\/li>\n<\/ul>\n<\/td>\n<\/tr>\n<tr style=\"height: 23px\">\n<td style=\"width: 21.0445%;border-style: solid;border-color: #120101;height: 23px;text-align: center;background-color: #e6f5df\">\n<h3>Institut d&#8217;\u00c9tudes Politiques de Paris, SciencesPo, Fran\u00e7a<\/h3>\n<\/td>\n<td style=\"width: 78.9555%;border-style: solid;border-color: #120101;text-align: justify;height: 23px;background-color: #e6f5df\">\u00a0Por interm\u00e9dio do Prof.\u00a0 Ademar Pozzatti Junior com \u00a0Professor e Pesquisador Visitante no Institut d&#8217;\u00c9tudes Politiques de Paris, SciencesPo, Fran\u00e7a<\/td>\n<\/tr>\n<\/tbody>\n<\/table>\n\n\n","protected":false},"excerpt":{"rendered":"<p>Em edi\u00e7\u00e3o: Coopera\u00e7\u00e3o Institucional \u00a0 \u00a0 \u00a0O Programa de P\u00f3s-Gradua\u00e7\u00e3o em Rela\u00e7\u00f5es Internacionais tem implementado uma diversidade de a\u00e7\u00f5es, conv\u00eanios, programas e projetos relevantes de coopera\u00e7\u00e3o, interc\u00e2mbio e\/ou parceria. Os esfor\u00e7os de coopera\u00e7\u00e3o e interc\u00e2mbio, tanto com institui\u00e7\u00f5es nacionais quanto internacionais, traduzem-se na qualifica\u00e7\u00e3o das atividades de ensino, extens\u00e3o e pesquisa do Programa.\u00a0 Coopera\u00e7\u00e3o Institucional [&hellip;]<\/p>\n","protected":false},"author":905,"featured_media":0,"parent":0,"menu_order":0,"comment_status":"closed","ping_status":"closed","template":"","meta":{"footnotes":""},"categories":[],"tags":[],"class_list":["post-2208","page","type-page","status-publish","hentry"],"acf":[],"_links":{"self":[{"href":"https:\/\/www.ufsm.br\/cursos\/pos-graduacao\/santa-maria\/ppgri\/wp-json\/wp\/v2\/pages\/2208","targetHints":{"allow":["GET"]}}],"collection":[{"href":"https:\/\/www.ufsm.br\/cursos\/pos-graduacao\/santa-maria\/ppgri\/wp-json\/wp\/v2\/pages"}],"about":[{"href":"https:\/\/www.ufsm.br\/cursos\/pos-graduacao\/santa-maria\/ppgri\/wp-json\/wp\/v2\/types\/page"}],"author":[{"embeddable":true,"href":"https:\/\/www.ufsm.br\/cursos\/pos-graduacao\/santa-maria\/ppgri\/wp-json\/wp\/v2\/users\/905"}],"replies":[{"embeddable":true,"href":"https:\/\/www.ufsm.br\/cursos\/pos-graduacao\/santa-maria\/ppgri\/wp-json\/wp\/v2\/comments?post=2208"}],"version-history":[{"count":0,"href":"https:\/\/www.ufsm.br\/cursos\/pos-graduacao\/santa-maria\/ppgri\/wp-json\/wp\/v2\/pages\/2208\/revisions"}],"wp:attachment":[{"href":"https:\/\/www.ufsm.br\/cursos\/pos-graduacao\/santa-maria\/ppgri\/wp-json\/wp\/v2\/media?parent=2208"}],"wp:term":[{"taxonomy":"category","embeddable":true,"href":"https:\/\/www.ufsm.br\/cursos\/pos-graduacao\/santa-maria\/ppgri\/wp-json\/wp\/v2\/categories?post=2208"},{"taxonomy":"post_tag","embeddable":true,"href":"https:\/\/www.ufsm.br\/cursos\/pos-graduacao\/santa-maria\/ppgri\/wp-json\/wp\/v2\/tags?post=2208"}],"curies":[{"name":"wp","href":"https:\/\/api.w.org\/{rel}","templated":true}]}}