{"id":2212,"date":"2024-08-01T09:23:23","date_gmt":"2024-08-01T12:23:23","guid":{"rendered":"https:\/\/www.ufsm.br\/cursos\/pos-graduacao\/santa-maria\/ppgri\/?page_id=2212"},"modified":"2024-09-24T09:13:18","modified_gmt":"2024-09-24T12:13:18","slug":"mobilidade-academica","status":"publish","type":"page","link":"https:\/\/www.ufsm.br\/cursos\/pos-graduacao\/santa-maria\/ppgri\/mobilidade-academica","title":{"rendered":"Mobilidade Acad\u00eamica"},"content":{"rendered":"\n<p>Em edi\u00e7\u00e3o:<\/p>\n<table style=\"width: 100%;border-collapse: collapse;border-style: solid;border-color: #0d0101;height: 191px\">\n<tbody>\n<tr style=\"height: 168px\">\n<td style=\"width: 50%;border-style: solid;border-color: #140202;background-color: #87b0c4;height: 168px\" colspan=\"2\"><img decoding=\"async\" class=\"wp-image-2286 size-thumbnail alignleft\" src=\"https:\/\/www.ufsm.br\/app\/uploads\/sites\/497\/2024\/09\/PPGRI-Fundo-Transparente-150x150.png\" alt=\"\" width=\"150\" height=\"150\" srcset=\"https:\/\/www.ufsm.br\/app\/uploads\/sites\/497\/2024\/09\/PPGRI-Fundo-Transparente-150x150.png 150w, https:\/\/www.ufsm.br\/app\/uploads\/sites\/497\/2024\/09\/PPGRI-Fundo-Transparente-300x300.png 300w, https:\/\/www.ufsm.br\/app\/uploads\/sites\/497\/2024\/09\/PPGRI-Fundo-Transparente.png 500w\" sizes=\"(max-width: 150px) 100vw, 150px\" \/><br \/>\n<h1 class=\"entry-title\" style=\"text-align: center\">Mobilidade Acad\u00eamica<\/h1>\n<\/td>\n<\/tr>\n<tr style=\"height: 23px\">\n<td style=\"width: 50%;border-style: solid;border-color: #080101;height: 23px;background-color: #e1f7df\" colspan=\"2\"><header class=\"entry-header\">\n<p class=\"entry-title\" style=\"text-align: justify\">\u00a0 \u00a0 \u00a0O Programa de P\u00f3s-gradua\u00e7\u00e3o em Rela\u00e7\u00f5es internacionais da Universidade Federal de Santa Maria incentiva seus\/suas discentes a participarem da mobilidade acad\u00eamica em IES nacionais ou internacionais, haja visto que contribui para forma\u00e7\u00e3o acad\u00eamica de p\u00f3s-gradua\u00e7\u00e3o, bem como busca receber estudantes de outras Institui\u00e7\u00f5es sejam nacionais ou internacionais, atrav\u00e9s dos diversos Acordos de Coopera\u00e7\u00e3o firmados com Programas de P\u00f3s-gradua\u00e7\u00e3o em Rela\u00e7\u00f5es Internacionais de outras institui\u00e7\u00f5es de ensino no Pa\u00eds e no exterior (via UFSM), que oportunizam aos discentes do Programa realizarem atividades de ensino e pesquisa nos Programas e\/ou Institui\u00e7\u00f5es Conveniado (a)s, ao mesmo tempo que permite aos (as) estudantes dos Programas Conveniados ou IES nacionais e internacionais, a participa\u00e7\u00e3o em atividades de ensino e pesquisa no PPGRI.\u00a0<\/p>\n<\/header>\n<div class=\"entry-content\">\n<p style=\"text-align: justify\">\u00a0 \u00a0 \u00a0Estando aberto a realiza\u00e7\u00e3o de novas parcerias e ao estabelecimento de novos Acordos de Coopera\u00e7\u00e3o, nacionais e internacionais, de modo a viabilizar a mobilidade acad\u00eamica de seus discentes e a promo\u00e7\u00e3o de atividades de ensino e pesquisa junto a discentes e docentes do PPGRI com Programas parceiros nacionais e internacionais.<\/p>\n<p style=\"text-align: justify\">\u00a0 \u00a0 \u00a0Destaque-se que os Conv\u00eanios estabelecidos via UFSM\u00a0 promovem a integra\u00e7\u00e3o e desenvolvimento do PPGRI como integrante da Universidade Federal de Santa Maria, favorecendo que tanto o PPGRI quanto\u00a0 a UFSM o alcance de objetivos comuns \u00e0 sociedade a qual est\u00e3o inseridos.\u00a0 Portanto os Conv\u00eanios e Acordos de Coopera\u00e7\u00e3o firmados entre a UFSM e as institui\u00e7\u00f5es parceiras t\u00eam proporcionado \u00e0 comunidade acad\u00eamica do PPGRI oportunidades de interc\u00e2mbio, o desenvolvimento de projetos de ensino, pesquisa, extens\u00e3o e o desenvolvimento institucional, a partir de a\u00e7\u00f5es colaborativas.<\/p>\n<p style=\"text-align: justify\">\u00a0 \u00a0 \u00a0 Atualmente o Programa de P\u00f3s-gradua\u00e7\u00e3o em Rela\u00e7\u00f5es Internacionais da UFSM conta com o professor visitante Andr\u00e9s Malamud da Universidade de Lisboa\/Portugal, com a Professora visitante GLADYS TERESITA LECHINI\u00a0 da Universidade Nacional de Ros\u00e1rio\/Argentina, com o Professor Peter Cristopher Julius Vale da Universidade de Joanesburgo \/ \u00c1frica do Sul. Um discente Angolano e um discente da Guin\u00e9-Bissau cursando o mestrado em Rela\u00e7\u00f5es Internacionais.\u00a0<\/p>\n<p style=\"text-align: justify\">\u00a0 \u00a0 \u00a0<span style=\"font-family: inherit;font-size: inherit;font-weight: inherit;color: initial\">O Prof. Igor Castellano da Silva (2023- 2023 P\u00f3s-Doutorado na Universidad Nacional de Rosario, UNR, Argentina). Asociaci\u00f3n de Universidades Grupo Montevideo, AUGM, Uruguai.Universidad Nacional de Rosario, UNR, Argentina.<\/span><\/p>\n<p>\u00a0 \u00a0 \u00a0 \u00a0Na UFSM os \u00f3rg\u00e3os de apoio ao estabelecimento de Conv\u00eanios e Acordos de Coopera\u00e7\u00e3o e de orienta\u00e7\u00e3o para a realiza\u00e7\u00e3o de interc\u00e2mbios internacionais s\u00e3o:<\/p>\n<ul>\n<li>Coordenadoria de Projetos e Conv\u00eanios (COPROC);\u00a0<\/li>\n<li>Secretaria de Apoio Internacional (SAI)<\/li>\n<li>A lista de Conv\u00eanios vigentes com a UFSM pode ser acessada\u00a0<a href=\"https:\/\/www.ufsm.br\/pro-reitorias\/proplan\/coproc\/\">clicando aqui<\/a>.<\/li>\n<li>A lista de Acordos Bilaterais firmados entre a UFSM e institui\u00e7\u00f5es de ensino estrangeiras pode ser acessada\u00a0<a href=\"https:\/\/www.ufsm.br\/orgaos-de-apoio\/sai\/\">clicando aqui<\/a>.<\/li>\n<\/ul>\n<h5>\u00a0 \u00a0 \u00a0\u00a0 \u00a0\u00a0<a href=\"https:\/\/www.ufsm.br\/pro-reitorias\/prpgp\/servicos\/mobilidade-academica-e-intercambio-de-alunos-de-pos-graduacao\">Procedimento para Mobilidade Acad\u00eamica e Interc\u00e2mbio de alunos de P\u00f3s-Gradua\u00e7\u00e3o na UFSM<\/a><\/h5>\n<\/div>\n<\/td>\n<\/tr>\n<\/tbody>\n<\/table>\n","protected":false},"excerpt":{"rendered":"<p>Em edi\u00e7\u00e3o: Mobilidade Acad\u00eamica \u00a0 \u00a0 \u00a0O Programa de P\u00f3s-gradua\u00e7\u00e3o em Rela\u00e7\u00f5es internacionais da Universidade Federal de Santa Maria incentiva seus\/suas discentes a participarem da mobilidade acad\u00eamica em IES nacionais ou internacionais, haja visto que contribui para forma\u00e7\u00e3o acad\u00eamica de p\u00f3s-gradua\u00e7\u00e3o, bem como busca receber estudantes de outras Institui\u00e7\u00f5es sejam nacionais ou internacionais, atrav\u00e9s dos [&hellip;]<\/p>\n","protected":false},"author":905,"featured_media":0,"parent":0,"menu_order":0,"comment_status":"closed","ping_status":"closed","template":"","meta":{"footnotes":""},"categories":[],"tags":[],"class_list":["post-2212","page","type-page","status-publish","hentry"],"acf":[],"_links":{"self":[{"href":"https:\/\/www.ufsm.br\/cursos\/pos-graduacao\/santa-maria\/ppgri\/wp-json\/wp\/v2\/pages\/2212","targetHints":{"allow":["GET"]}}],"collection":[{"href":"https:\/\/www.ufsm.br\/cursos\/pos-graduacao\/santa-maria\/ppgri\/wp-json\/wp\/v2\/pages"}],"about":[{"href":"https:\/\/www.ufsm.br\/cursos\/pos-graduacao\/santa-maria\/ppgri\/wp-json\/wp\/v2\/types\/page"}],"author":[{"embeddable":true,"href":"https:\/\/www.ufsm.br\/cursos\/pos-graduacao\/santa-maria\/ppgri\/wp-json\/wp\/v2\/users\/905"}],"replies":[{"embeddable":true,"href":"https:\/\/www.ufsm.br\/cursos\/pos-graduacao\/santa-maria\/ppgri\/wp-json\/wp\/v2\/comments?post=2212"}],"version-history":[{"count":0,"href":"https:\/\/www.ufsm.br\/cursos\/pos-graduacao\/santa-maria\/ppgri\/wp-json\/wp\/v2\/pages\/2212\/revisions"}],"wp:attachment":[{"href":"https:\/\/www.ufsm.br\/cursos\/pos-graduacao\/santa-maria\/ppgri\/wp-json\/wp\/v2\/media?parent=2212"}],"wp:term":[{"taxonomy":"category","embeddable":true,"href":"https:\/\/www.ufsm.br\/cursos\/pos-graduacao\/santa-maria\/ppgri\/wp-json\/wp\/v2\/categories?post=2212"},{"taxonomy":"post_tag","embeddable":true,"href":"https:\/\/www.ufsm.br\/cursos\/pos-graduacao\/santa-maria\/ppgri\/wp-json\/wp\/v2\/tags?post=2212"}],"curies":[{"name":"wp","href":"https:\/\/api.w.org\/{rel}","templated":true}]}}