{"id":2263,"date":"2024-08-21T15:11:04","date_gmt":"2024-08-21T18:11:04","guid":{"rendered":"https:\/\/www.ufsm.br\/cursos\/pos-graduacao\/santa-maria\/ppgri\/?page_id=2263"},"modified":"2024-08-22T09:24:39","modified_gmt":"2024-08-22T12:24:39","slug":"acompanhamento-dos-egressos","status":"publish","type":"page","link":"https:\/\/www.ufsm.br\/cursos\/pos-graduacao\/santa-maria\/ppgri\/acompanhamento-dos-egressos","title":{"rendered":"Acompanhamento dos egressos"},"content":{"rendered":"\n<p style=\"text-align: justify\">O Programa de P\u00f3s-Gradua\u00e7\u00e3o em Rela\u00e7\u00f5es Internacionais da UFSM acompanha os seus egressos e os incentiva a realizar atividades em parceria constante na UFSM, prova disso \u00e9 que muitos alunos mant\u00e9m v\u00ednculo com os grupos de pesquisa e continuam participando de bancas de monografia de gradua\u00e7\u00e3o.\u00a0<\/p>\n<p style=\"text-align: justify\">O acompanhamento aos egressos ocorre de duas formas junto ao PPGRI. A primeira delas por meio do Volver.\u00a0 O Volver \u00e9 um programa institucional da Universidade Federal de Santa Maria e tem como objetivo preservar o relacionamento entre a institui\u00e7\u00e3o e seus egressos. Podem participar do Programa Volver todos aqueles que conclu\u00edram algum curso na UFSM, seja em n\u00edvel de gradua\u00e7\u00e3o, p\u00f3s-gradua\u00e7\u00e3o, m\u00e9dio ou t\u00e9cnico.\u00a0 No Volver \u00e9 poss\u00edvel reencontrar colegas, divulgar o trabalho do egresso, al\u00e9m de compartilhar outras experi\u00eancias atrav\u00e9s do Programa.<\/p>\n<p style=\"text-align: justify\">Mais informa\u00e7\u00f5es voc\u00ea pode acessar os links:<a href=\"https:\/\/www.ufsm.br\/pro-reitorias\/prograd\/egressos\/?fbclid=IwAR2yRXUJjtDQDgjSSUYiyrzd5ScaiwzEriQ8oZY9MVLnqshVOcHGwzpiJZI\">\u00a0Volver UFSM<\/a>\u00a0 \u00a0\/ \u00a0<a href=\"https:\/\/www.facebook.com\/projetovolver\">Facebook<\/a><\/p>\n<p style=\"text-align: justify\">A segunda forma de acompanhamento aos egressos do PPGRI \u00e9 conduzida diretamente pelo Programa e \u00e9 realizado mediante a atualiza\u00e7\u00e3o de seus dados cadastrais junto ao Programa via e-mail, <em>lattes<\/em> e manuten\u00e7\u00e3o de um banco de dados para gera\u00e7\u00e3o de informa\u00e7\u00f5es relativas ao perfil egresso.<\/p>\n<p><strong><a href=\"https:\/\/www.ufsm.br\/cursos\/pos-graduacao\/santa-maria\/ppgri\/egressos\">Egressos do PPGRI por anos de conclus\u00e3o<\/a><\/strong><\/p>\n\n\n\n\n","protected":false},"excerpt":{"rendered":"<p>O Programa de P\u00f3s-Gradua\u00e7\u00e3o em Rela\u00e7\u00f5es Internacionais da UFSM acompanha os seus egressos e os incentiva a realizar atividades em parceria constante na UFSM, prova disso \u00e9 que muitos alunos mant\u00e9m v\u00ednculo com os grupos de pesquisa e continuam participando de bancas de monografia de gradua\u00e7\u00e3o.\u00a0 O acompanhamento aos egressos ocorre de duas formas junto [&hellip;]<\/p>\n","protected":false},"author":905,"featured_media":0,"parent":0,"menu_order":0,"comment_status":"closed","ping_status":"closed","template":"","meta":{"footnotes":""},"categories":[],"tags":[],"class_list":["post-2263","page","type-page","status-publish","hentry"],"acf":[],"_links":{"self":[{"href":"https:\/\/www.ufsm.br\/cursos\/pos-graduacao\/santa-maria\/ppgri\/wp-json\/wp\/v2\/pages\/2263","targetHints":{"allow":["GET"]}}],"collection":[{"href":"https:\/\/www.ufsm.br\/cursos\/pos-graduacao\/santa-maria\/ppgri\/wp-json\/wp\/v2\/pages"}],"about":[{"href":"https:\/\/www.ufsm.br\/cursos\/pos-graduacao\/santa-maria\/ppgri\/wp-json\/wp\/v2\/types\/page"}],"author":[{"embeddable":true,"href":"https:\/\/www.ufsm.br\/cursos\/pos-graduacao\/santa-maria\/ppgri\/wp-json\/wp\/v2\/users\/905"}],"replies":[{"embeddable":true,"href":"https:\/\/www.ufsm.br\/cursos\/pos-graduacao\/santa-maria\/ppgri\/wp-json\/wp\/v2\/comments?post=2263"}],"version-history":[{"count":0,"href":"https:\/\/www.ufsm.br\/cursos\/pos-graduacao\/santa-maria\/ppgri\/wp-json\/wp\/v2\/pages\/2263\/revisions"}],"wp:attachment":[{"href":"https:\/\/www.ufsm.br\/cursos\/pos-graduacao\/santa-maria\/ppgri\/wp-json\/wp\/v2\/media?parent=2263"}],"wp:term":[{"taxonomy":"category","embeddable":true,"href":"https:\/\/www.ufsm.br\/cursos\/pos-graduacao\/santa-maria\/ppgri\/wp-json\/wp\/v2\/categories?post=2263"},{"taxonomy":"post_tag","embeddable":true,"href":"https:\/\/www.ufsm.br\/cursos\/pos-graduacao\/santa-maria\/ppgri\/wp-json\/wp\/v2\/tags?post=2263"}],"curies":[{"name":"wp","href":"https:\/\/api.w.org\/{rel}","templated":true}]}}