{"id":174,"date":"2024-05-24T14:31:22","date_gmt":"2024-05-24T17:31:22","guid":{"rendered":"https:\/\/www.ufsm.br\/cursos\/pos-graduacao\/santa-maria\/ppgsspp\/?page_id=174"},"modified":"2025-09-15T11:06:07","modified_gmt":"2025-09-15T14:06:07","slug":"linhas-de-pesquisa","status":"publish","type":"page","link":"https:\/\/www.ufsm.br\/cursos\/pos-graduacao\/santa-maria\/ppgsspp\/linhas-de-pesquisa","title":{"rendered":"Linhas de Pesquisa"},"content":{"rendered":"\n<p><\/p>\n\n\n\n<h4>\u00a0<\/h4>\n<table style=\"border-collapse: collapse;width: 100%\">\n<tbody>\n<tr>\n<td style=\"width: 100%;background-color: #d7f5e2\">\n<h4><strong>&#8211; \u00c1REA DE CONCENTRA\u00c7\u00c3O &#8211;\u00a0<\/strong>Servi\u00e7o Social, Pol\u00edticas P\u00fablicas e Direitos<\/h4>\n<\/td>\n<\/tr>\n<\/tbody>\n<\/table>\n<h4>\u00a0<\/h4>\n<table style=\"border-collapse: collapse;width: 100%\">\n<tbody>\n<tr>\n<td style=\"width: 100%;background-color: #d3f5e8\"><strong>Linha &#8211;<\/strong> <strong>TRABALHO E POL\u00cdTICAS P\u00daBLICAS<\/strong><\/td>\n<\/tr>\n<\/tbody>\n<\/table>\n<p style=\"text-align: justify\"><strong>\u00a0 \u00a0 \u00a0 <\/strong><strong>Tem\u00e1tica Geral da Linha:<\/strong> Direciona-se \u00e0 discuss\u00e3o do trabalho como categoria ontol\u00f3gica, os processos de trabalho, rela\u00e7\u00f5es e condi\u00e7\u00f5es de trabalho no modo de produ\u00e7\u00e3o capitalista, Estado, economia pol\u00edtica, reestrutura\u00e7\u00e3o produtiva e as metamorfoses no mundo do trabalho, emprego e desemprego e pol\u00edticas p\u00fablicas. Contempla, ainda, os estudos que versam sobre crian\u00e7a e adolescente, fam\u00edlia, pessoa idosa, sa\u00fade, economia solid\u00e1ria, gera\u00e7\u00e3o de trabalho e renda, processos de incuba\u00e7\u00e3o, migra\u00e7\u00f5es for\u00e7adas, educa\u00e7\u00e3o, \u00e9tica profissional e sistemas de prote\u00e7\u00e3o social para o fortalecimento e\/ ou enfrentamento desses processos, bem como, as contribui\u00e7\u00f5es do Servi\u00e7o Social em termos de produ\u00e7\u00e3o do conhecimento sobre essas tem\u00e1ticas.<\/p>\n<p><strong>Professores (as) Participantes da linha:<\/strong><\/p>\n<table style=\"height: 171px;width: 81.954%;border-collapse: collapse;border-color: #080202;border-style: solid\">\n<tbody>\n<tr style=\"height: 48px\">\n<td style=\"width: 30%;height: 23px;background-color: #a3e3f0;border-style: solid;border-color: #0a0202;text-align: center\">\n<p><strong>Docentes<\/strong><\/p>\n<\/td>\n<td style=\"width: 31.9542%;height: 23px;background-color: #a3e3f0;border-style: solid;border-color: #0a0202;text-align: center\">\n<p><strong>E-mail<\/strong><\/p>\n<\/td>\n<\/tr>\n<tr style=\"height: 23px\">\n<td style=\"width: 30%;height: 10px;border-style: solid;border-color: #0a0202\">\n<p>\u00a0 \u00a0<a href=\"http:\/\/lattes.cnpq.br\/0178558267989557\">Caroline Goerck<\/a><\/p>\n<\/td>\n<td style=\"width: 31.9542%;height: 10px;border-style: solid;border-color: #0a0202\">\u00a0 <a href=\"mailto:caroline.goerck@ufsm.br\">caroline.goerck@ufsm.br<\/a><\/td>\n<\/tr>\n<tr style=\"height: 23px\">\n<td style=\"width: 30%;height: 23px;border-style: solid;border-color: #0a0202\">\n<p>\u00a0 \u00a0\u00a0<a href=\"http:\/\/lattes.cnpq.br\/1092708573354404\">Fabio Jardel Gaviraghi<\/a><\/p>\n<\/td>\n<td style=\"width: 31.9542%;height: 23px;border-style: solid;border-color: #0a0202\">\u00a0\n<p>\u00a0 \u00a0<a href=\"mailto:fabio.gaviraghi@ufsm.br\">fabio.gaviraghi@ufsm.br<\/a><\/p>\n<\/td>\n<\/tr>\n<tr style=\"height: 23px\">\n<td style=\"width: 30%;height: 23px;border-style: solid;border-color: #0a0202\">\n<p>\u00a0 \u00a0\u00a0<a href=\"http:\/\/lattes.cnpq.br\/7443927154869003\">Jairo da Luz Oliveira<\/a><\/p>\n<\/td>\n<td style=\"width: 31.9542%;height: 23px;border-style: solid;border-color: #0a0202\">\u00a0 \u00a0\n<p>\u00a0 \u00a0<a href=\"mailto:jairooliveira.ufsm@gmail.com\">jairooliveira.ufsm@gmail.com<\/a><\/p>\n<\/td>\n<\/tr>\n<tr style=\"height: 23px\">\n<td style=\"width: 30%;height: 23px;border-style: solid;border-color: #0a0202\">\n<p>\u00a0 \u00a0<a href=\"http:\/\/lattes.cnpq.br\/4385769867388343\">Guilherme Emanuel Weiss Pinheiro<\/a><\/p>\n<\/td>\n<td style=\"width: 31.9542%;height: 23px;border-style: solid;border-color: #0a0202\">\u00a0 \u00a0\n<p>\u00a0 \u00a0<a href=\"mailto:guilhermeewp@politecnico.ufsm.br\">guilhermeewp@politecnico.ufsm.br<\/a><\/p>\n<\/td>\n<\/tr>\n<tr style=\"height: 23px\">\n<td style=\"width: 30%;height: 23px;border-style: solid;border-color: #0a0202\">\n<p>\u00a0 \u00a0 <a href=\"http:\/\/lattes.cnpq.br\/4007512293061299\">Liliana Soares Ferreira<\/a><\/p>\n<\/td>\n<td style=\"width: 31.9542%;height: 23px;border-style: solid;border-color: #0a0202\">\u00a0\n<p>\u00a0 \u00a0<a href=\"mailto:anaililferreira@yahoo.com.br\">anaililferreira@yahoo.com.br<\/a><\/p>\n<\/td>\n<\/tr>\n<tr style=\"height: 23px\">\n<td style=\"width: 30%;height: 23px;border-style: solid;border-color: #0a0202\">\n<p>\u00a0 \u00a0 <a href=\"http:\/\/lattes.cnpq.br\/3494842729753586\">Sheila Kocourek<\/a><\/p>\n<\/td>\n<td style=\"width: 31.9542%;height: 23px;border-style: solid;border-color: #0a0202\">\u00a0\n<p>\u00a0 <a href=\"mailto:sheila.kocourek@ufsm.br\">\u00a0sheila.kocourek@ufsm.br<\/a><\/p>\n<\/td>\n<\/tr>\n<tr style=\"height: 23px\">\n<td style=\"width: 30%;height: 23px;border-style: solid;border-color: #0a0202\">\n<p>\u00a0 \u00a0 \u00a0<a href=\"https:\/\/www.cienciavitae.pt\/F611-753C-E98E\">Clara Maria Rodrigues da Cruz Silva Santos<\/a><\/p>\n<\/td>\n<td style=\"width: 31.9542%;height: 23px;border-style: solid;border-color: #0a0202\">\u00a0\n<p>\u00a0 \u00a0<a href=\"mailto:clarasantos@fpce.uc.pt\">clarasantos@fpce.uc.pt<\/a><\/p>\n<\/td>\n<\/tr>\n<\/tbody>\n<\/table>\n<p>\u00a0<\/p>\n<table style=\"border-collapse: collapse;width: 100%\">\n<tbody>\n<tr>\n<td style=\"width: 100%;background-color: #d3f2dd\"><strong>Linha &#8211;<\/strong> <strong>SERVI\u00c7O SOCIAL E FORMA\u00c7\u00c3O PROFISSIONAL<\/strong><\/td>\n<\/tr>\n<\/tbody>\n<\/table>\n<p style=\"text-align: justify\"><strong>\u00a0 \u00a0 \u00a0 Tem\u00e1tica Geral da Linha: <\/strong>Aborda o processo de constitui\u00e7\u00e3o do Servi\u00e7o Social, seus fundamentos hist\u00f3ricos, te\u00f3ricos e metodol\u00f3gicos a partir das transforma\u00e7\u00f5es no sistema capitalista de produ\u00e7\u00e3o. Analisa, tamb\u00e9m, a forma\u00e7\u00e3o profissional brasileira, considerando as metamorfoses no mundo do trabalho. Contempla estudos sobre os eixos \u00e9tico-pol\u00edticos, te\u00f3rico-metodol\u00f3gicos e t\u00e9cnico-operativos da profiss\u00e3o de assistente social e sobre a forma\u00e7\u00e3o em Servi\u00e7o Social e sua rela\u00e7\u00e3o com o trabalho profissional, suas atribui\u00e7\u00f5es e compet\u00eancias.<\/p>\n<p><strong>Professores (as) Participantes da linha:<\/strong><\/p>\n<table style=\"height: 112px;width: 80.4007%;border-collapse: collapse;border-color: #120303;border-style: solid\">\n<tbody>\n<tr style=\"height: 48px\">\n<td style=\"width: 39.6425%;height: 10px;background-color: #a3e3f0;border-style: solid;border-color: #120404;text-align: center\">\n<p><strong>Docente<\/strong><\/p>\n<\/td>\n<td style=\"width: 40.3575%;height: 10px;background-color: #a3e3f0;border-style: solid;border-color: #120404;text-align: center\">\n<p><strong>E-mail<\/strong><\/p>\n<\/td>\n<\/tr>\n<tr style=\"height: 23px\">\n<td style=\"width: 39.6425%;height: 50px;border-style: solid;border-color: #120404\">\u00a0 \u00a0<a href=\"http:\/\/lattes.cnpq.br\/6091387670925036\">Cristina Kologeski Fraga<\/a><\/td>\n<td style=\"width: 40.3575%;height: 50px;border-style: solid;border-color: #120404\">\n<p style=\"text-align: left\">\u00a0 \u00a0<a href=\"mailto:cristina.fraga@ufsm.br\">cristina.fraga@ufsm.br<\/a><\/p>\n<\/td>\n<\/tr>\n<tr>\n<td style=\"width: 39.6425%;border-style: solid;border-color: #120404\">\u00a0 \u00a0<a href=\"http:\/\/lattes.cnpq.br\/4838951311366442\">Eliana Mourgues Cogoy<\/a><\/td>\n<td style=\"width: 40.3575%;border-style: solid;border-color: #120404\">\n<p>\u00a0 <a href=\"mailto:elimgoy@gmail.com\">\u00a0elimgoy@gmail.com<\/a><\/p>\n<\/td>\n<\/tr>\n<tr style=\"height: 23px\">\n<td style=\"width: 39.6425%;height: 50px;border-style: solid;border-color: #120404\">\u00a0 \u00a0<a href=\"http:\/\/lattes.cnpq.br\/0599793251155702\">Fernanda da R. Mangini<\/a><\/td>\n<td style=\"width: 40.3575%;height: 50px;border-style: solid;border-color: #120404\">\u00a0 \u00a0 <a href=\"mailto:fernanda.mangini@ufsm.br\">fernanda.mangini@ufsm.br<\/a><\/td>\n<\/tr>\n<tr style=\"height: 23px\">\n<td style=\"width: 39.6425%;height: 50px;border-style: solid;border-color: #120404\">\u00a0 \u00a0<a href=\"http:\/\/lattes.cnpq.br\/7382820396112114\">Laura Regina da Silva C\u00e2mara Maur\u00edcio da Fonseca<\/a><\/td>\n<td style=\"width: 40.3575%;height: 50px;border-style: solid;border-color: #120404\">\u00a0 \u00a0 <a href=\"mailto:laurafonseca.22@gmail.com\">laurafonseca.22@gmail.com<\/a><\/td>\n<\/tr>\n<tr>\n<td style=\"width: 39.6425%;border-style: solid;border-color: #120404\">\u00a0 <a href=\"http:\/\/lattes.cnpq.br\/1509817044439030\">Nadianna\u00a0Rosa Marques<\/a><\/td>\n<td style=\"width: 40.3575%;border-style: solid;border-color: #120404\">\n<p>\u00a0 \u00a0 <a href=\"mailto:nadiannamarques@gmail.com\" target=\"_blank\" rel=\"noopener\">nadiannamarques@gmail.com<\/a><\/p>\n<\/td>\n<\/tr>\n<tr style=\"height: 23px\">\n<td style=\"width: 39.6425%;height: 50px;border-style: solid;border-color: #120404\">\u00a0 \u00a0<a href=\"http:\/\/lattes.cnpq.br\/4504175220715498\">Rosane Janczura<\/a><\/td>\n<td style=\"width: 40.3575%;height: 50px;border-style: solid;border-color: #120404\">\u00a0 \u00a0 <a href=\"mailto:rosane.janczura@ufsm.br\">rosane.janczura@ufsm.br<\/a><\/td>\n<\/tr>\n<tr style=\"height: 23px\">\n<td style=\"width: 39.6425%;height: 50px;border-style: solid;border-color: #120404\">\u00a0 \u00a0<a href=\"https:\/\/www.cienciavitae.pt\/portal\/en\/BC13-88BB-39A1\"> Cristina Pinto Albuquerque<\/a><\/td>\n<td style=\"width: 40.3575%;height: 50px;border-style: solid;border-color: #120404\">\u00a0 \u00a0 <a href=\"crisalbuquerque@fpce.uc.pt\">crisalbuquerque@fpce.uc.pt<\/a><\/td>\n<\/tr>\n<\/tbody>\n<\/table>\n<p>\u00a0<\/p>\n","protected":false},"excerpt":{"rendered":"<p>\u00a0 &#8211; \u00c1REA DE CONCENTRA\u00c7\u00c3O &#8211;\u00a0Servi\u00e7o Social, Pol\u00edticas P\u00fablicas e Direitos \u00a0 Linha &#8211; TRABALHO E POL\u00cdTICAS P\u00daBLICAS \u00a0 \u00a0 \u00a0 Tem\u00e1tica Geral da Linha: Direciona-se \u00e0 discuss\u00e3o do trabalho como categoria ontol\u00f3gica, os processos de trabalho, rela\u00e7\u00f5es e condi\u00e7\u00f5es de trabalho no modo de produ\u00e7\u00e3o capitalista, Estado, economia pol\u00edtica, reestrutura\u00e7\u00e3o produtiva e as metamorfoses [&hellip;]<\/p>\n","protected":false},"author":905,"featured_media":0,"parent":0,"menu_order":0,"comment_status":"closed","ping_status":"closed","template":"","meta":{"footnotes":""},"categories":[],"tags":[],"class_list":["post-174","page","type-page","status-publish","hentry"],"acf":[],"_links":{"self":[{"href":"https:\/\/www.ufsm.br\/cursos\/pos-graduacao\/santa-maria\/ppgsspp\/wp-json\/wp\/v2\/pages\/174","targetHints":{"allow":["GET"]}}],"collection":[{"href":"https:\/\/www.ufsm.br\/cursos\/pos-graduacao\/santa-maria\/ppgsspp\/wp-json\/wp\/v2\/pages"}],"about":[{"href":"https:\/\/www.ufsm.br\/cursos\/pos-graduacao\/santa-maria\/ppgsspp\/wp-json\/wp\/v2\/types\/page"}],"author":[{"embeddable":true,"href":"https:\/\/www.ufsm.br\/cursos\/pos-graduacao\/santa-maria\/ppgsspp\/wp-json\/wp\/v2\/users\/905"}],"replies":[{"embeddable":true,"href":"https:\/\/www.ufsm.br\/cursos\/pos-graduacao\/santa-maria\/ppgsspp\/wp-json\/wp\/v2\/comments?post=174"}],"version-history":[{"count":0,"href":"https:\/\/www.ufsm.br\/cursos\/pos-graduacao\/santa-maria\/ppgsspp\/wp-json\/wp\/v2\/pages\/174\/revisions"}],"wp:attachment":[{"href":"https:\/\/www.ufsm.br\/cursos\/pos-graduacao\/santa-maria\/ppgsspp\/wp-json\/wp\/v2\/media?parent=174"}],"wp:term":[{"taxonomy":"category","embeddable":true,"href":"https:\/\/www.ufsm.br\/cursos\/pos-graduacao\/santa-maria\/ppgsspp\/wp-json\/wp\/v2\/categories?post=174"},{"taxonomy":"post_tag","embeddable":true,"href":"https:\/\/www.ufsm.br\/cursos\/pos-graduacao\/santa-maria\/ppgsspp\/wp-json\/wp\/v2\/tags?post=174"}],"curies":[{"name":"wp","href":"https:\/\/api.w.org\/{rel}","templated":true}]}}