{"id":217,"date":"2024-10-01T13:47:30","date_gmt":"2024-10-01T16:47:30","guid":{"rendered":"https:\/\/www.ufsm.br\/cursos\/pos-graduacao\/santa-maria\/ppgsspp\/?page_id=217"},"modified":"2024-10-01T13:47:48","modified_gmt":"2024-10-01T16:47:48","slug":"plano-de-estudos","status":"publish","type":"page","link":"https:\/\/www.ufsm.br\/cursos\/pos-graduacao\/santa-maria\/ppgsspp\/plano-de-estudos","title":{"rendered":"Plano de Estudos"},"content":{"rendered":"\n<p>\u00a0<\/p>\n<p>Em edi\u00e7\u00e3o<\/p>\n<p style=\"text-align: justify\">Ao final do primeiro semestre de curso, os discentes do PPGSSPP devem elaborar, juntamente com seu orientador, o Plano de Estudos para o mestrado acad\u00eamico. O Plano elenca as disciplinas previstas a serem cursadas durante a forma\u00e7\u00e3o, respeitadas as normas do regulamento interno, as caracter\u00edsticas da linha de pesquisa e o tema da disserta\u00e7\u00e3o. O preenchimento e a tramita\u00e7\u00e3o do Plano de Estudos individual ocorrem via Portal do Aluno, conforme instru\u00e7\u00f5es do <a href=\"https:\/\/www.ufsm.br\/app\/uploads\/sites\/497\/2021\/10\/tutorial_plano_de_estudos.pdf\"><em>Tutorial de preenchimento do Plano de Estudos On-line<\/em><\/a>\u00a0da PRPGP.<\/p>\n\n\n\n<p><\/p>\n","protected":false},"excerpt":{"rendered":"<p>\u00a0 Em edi\u00e7\u00e3o Ao final do primeiro semestre de curso, os discentes do PPGSSPP devem elaborar, juntamente com seu orientador, o Plano de Estudos para o mestrado acad\u00eamico. O Plano elenca as disciplinas previstas a serem cursadas durante a forma\u00e7\u00e3o, respeitadas as normas do regulamento interno, as caracter\u00edsticas da linha de pesquisa e o tema [&hellip;]<\/p>\n","protected":false},"author":905,"featured_media":0,"parent":0,"menu_order":0,"comment_status":"closed","ping_status":"closed","template":"","meta":{"footnotes":""},"categories":[],"tags":[],"class_list":["post-217","page","type-page","status-publish","hentry"],"acf":[],"_links":{"self":[{"href":"https:\/\/www.ufsm.br\/cursos\/pos-graduacao\/santa-maria\/ppgsspp\/wp-json\/wp\/v2\/pages\/217","targetHints":{"allow":["GET"]}}],"collection":[{"href":"https:\/\/www.ufsm.br\/cursos\/pos-graduacao\/santa-maria\/ppgsspp\/wp-json\/wp\/v2\/pages"}],"about":[{"href":"https:\/\/www.ufsm.br\/cursos\/pos-graduacao\/santa-maria\/ppgsspp\/wp-json\/wp\/v2\/types\/page"}],"author":[{"embeddable":true,"href":"https:\/\/www.ufsm.br\/cursos\/pos-graduacao\/santa-maria\/ppgsspp\/wp-json\/wp\/v2\/users\/905"}],"replies":[{"embeddable":true,"href":"https:\/\/www.ufsm.br\/cursos\/pos-graduacao\/santa-maria\/ppgsspp\/wp-json\/wp\/v2\/comments?post=217"}],"version-history":[{"count":0,"href":"https:\/\/www.ufsm.br\/cursos\/pos-graduacao\/santa-maria\/ppgsspp\/wp-json\/wp\/v2\/pages\/217\/revisions"}],"wp:attachment":[{"href":"https:\/\/www.ufsm.br\/cursos\/pos-graduacao\/santa-maria\/ppgsspp\/wp-json\/wp\/v2\/media?parent=217"}],"wp:term":[{"taxonomy":"category","embeddable":true,"href":"https:\/\/www.ufsm.br\/cursos\/pos-graduacao\/santa-maria\/ppgsspp\/wp-json\/wp\/v2\/categories?post=217"},{"taxonomy":"post_tag","embeddable":true,"href":"https:\/\/www.ufsm.br\/cursos\/pos-graduacao\/santa-maria\/ppgsspp\/wp-json\/wp\/v2\/tags?post=217"}],"curies":[{"name":"wp","href":"https:\/\/api.w.org\/{rel}","templated":true}]}}