{"id":218,"date":"2024-10-01T13:51:22","date_gmt":"2024-10-01T16:51:22","guid":{"rendered":"https:\/\/www.ufsm.br\/cursos\/pos-graduacao\/santa-maria\/ppgsspp\/?page_id=218"},"modified":"2025-04-22T12:35:19","modified_gmt":"2025-04-22T15:35:19","slug":"suficiencia-em-lingua-estrangeira","status":"publish","type":"page","link":"https:\/\/www.ufsm.br\/cursos\/pos-graduacao\/santa-maria\/ppgsspp\/suficiencia-em-lingua-estrangeira","title":{"rendered":"Sufici\u00eancia em L\u00edngua Estrangeira"},"content":{"rendered":"\n<p>Em edi\u00e7\u00e3o<\/p>\n<table style=\"width: 100%;border-collapse: collapse;border-style: solid;border-color: #0f0202\">\n<tbody>\n<tr>\n<td style=\"width: 100%;border-style: solid;border-color: #0f0101;background-color: #b6f0c4\">\n<h2 style=\"text-align: center\">Sufici\u00eancia em L\u00edngua Estrangeira<\/h2>\n<\/td>\n<\/tr>\n<tr>\n<td style=\"width: 100%;border-style: solid;border-color: #0f0101\">\n<p style=\"text-align: justify\">\u00a0 \u00a0Discentes de p\u00f3s-gradua\u00e7\u00e3o em n\u00edvel de Mestrado do Programa de P\u00f3s-Gradua\u00e7\u00e3o em Servi\u00e7o Social e Pol\u00edticas P\u00fablicas dever\u00e3o comprovar sufici\u00eancia em<span style=\"color: #000000;background-color: #ffff00\"> ingl\u00eas<\/span> como l\u00edngua estrangeira (Art.\u00a0 \/Regimento PPGSSPP), podendo cumprir esse requisito de acordo com as regulamenta\u00e7\u00f5es definidas em legisla\u00e7\u00e3o vigente da UFSM.<\/p>\n<p style=\"text-align: justify\">\u00a0 \u00a0No \u00e2mbito da UFSM, a institui\u00e7\u00e3o lan\u00e7a editais para a realiza\u00e7\u00e3o do Teste de Sufici\u00eancia em Leitura em L\u00edngua Estrangeira (TESLLE) <strong>duas vezes ao ano (uma a cada semestre)<\/strong>. Sendo tamb\u00e9m poss\u00edvel o aproveitamento de testes de outras institui\u00e7\u00f5es, conforme as normas presentes na\u00a0<a href=\"https:\/\/www.ufsm.br\/app\/uploads\/sites\/497\/2022\/05\/Resolucao_n__2010_003_92-TESLLE.pdf\" target=\"_blank\" rel=\"noopener\">Resolu\u00e7\u00e3o\/UFSM N. 003\/10.<\/a><\/p>\n<p style=\"text-align: justify\">\u00a0 \u00a0O TESLLE pode ser realizado por alunos regulares da UFSM, alunos especiais de p\u00f3s-gradua\u00e7\u00e3o e t\u00e9cnicos administrativos da institui\u00e7\u00e3o e tem validade de 5 anos, da data de realiza\u00e7\u00e3o.<\/p>\n<p style=\"text-align: justify\"><em><strong>\u00a0 \u00a0Informa\u00e7\u00f5es adicionais:<\/strong><\/em><\/p>\n<ul style=\"text-align: justify\">\n<li>\n<p>Para solicitar a revalida\u00e7\u00e3o da nota do TOELF como teste de sufici\u00eancia e obter a equival\u00eancia, o requerente ter\u00e1 que ter nota igual ou superior a 41 pontos na se\u00e7\u00e3o \u201c<em>Reading comprehension<\/em>\u201d do TOELF;<\/p>\n<\/li>\n<li>\n<p>Para quem realizou o TESLLE durante a gradua\u00e7\u00e3o, o teste dever\u00e1 ser realizado novamente durante o mestrado ou dever\u00e1 ser solicitado o aproveitamento do mesmo, conforme instru\u00e7\u00f5es. Para aproveitamento\/dispensa do teste de sufici\u00eancia, clique\u00a0<a href=\"https:\/\/www.ufsm.br\/cursos\/pos-graduacao\/santa-maria\/ppgri\/servicos\/dispensa-aproveitamento-do-teste-de-suficiencia-em-lingua-estrangeira\/\" target=\"_blank\" rel=\"noopener\">aqui<\/a>;<\/p>\n<\/li>\n<li>\n<p>Para encaminhar a comprova\u00e7\u00e3o da sufici\u00eancia em l\u00edngua estrangeira, acesse mais orienta\u00e7\u00f5es\u00a0<a href=\"https:\/\/www.ufsm.br\/pro-reitorias\/prpgp\/servicos\/comprovacao-de-suficiencia-em-lingua-estrangeira\">aqui;<\/a><\/p>\n<\/li>\n<li>Para acessar a p\u00e1gina do TESLLE, clique\u00a0<a href=\"https:\/\/www.ufsm.br\/pro-reitorias\/prpgp\/teslle\/\" target=\"_blank\" rel=\"noopener\">aqui.<\/a><\/li>\n<\/ul>\n<p style=\"text-align: justify\">\u00a0<\/p>\n<\/td>\n<\/tr>\n<\/tbody>\n<\/table>\n<p style=\"text-align: justify\">\u00a0<\/p>\n","protected":false},"excerpt":{"rendered":"<p>Em edi\u00e7\u00e3o Sufici\u00eancia em L\u00edngua Estrangeira \u00a0 \u00a0Discentes de p\u00f3s-gradua\u00e7\u00e3o em n\u00edvel de Mestrado do Programa de P\u00f3s-Gradua\u00e7\u00e3o em Servi\u00e7o Social e Pol\u00edticas P\u00fablicas dever\u00e3o comprovar sufici\u00eancia em ingl\u00eas como l\u00edngua estrangeira (Art.\u00a0 \/Regimento PPGSSPP), podendo cumprir esse requisito de acordo com as regulamenta\u00e7\u00f5es definidas em legisla\u00e7\u00e3o vigente da UFSM. \u00a0 \u00a0No \u00e2mbito da UFSM, [&hellip;]<\/p>\n","protected":false},"author":905,"featured_media":0,"parent":0,"menu_order":0,"comment_status":"closed","ping_status":"closed","template":"","meta":{"footnotes":""},"categories":[],"tags":[],"class_list":["post-218","page","type-page","status-publish","hentry"],"acf":[],"_links":{"self":[{"href":"https:\/\/www.ufsm.br\/cursos\/pos-graduacao\/santa-maria\/ppgsspp\/wp-json\/wp\/v2\/pages\/218","targetHints":{"allow":["GET"]}}],"collection":[{"href":"https:\/\/www.ufsm.br\/cursos\/pos-graduacao\/santa-maria\/ppgsspp\/wp-json\/wp\/v2\/pages"}],"about":[{"href":"https:\/\/www.ufsm.br\/cursos\/pos-graduacao\/santa-maria\/ppgsspp\/wp-json\/wp\/v2\/types\/page"}],"author":[{"embeddable":true,"href":"https:\/\/www.ufsm.br\/cursos\/pos-graduacao\/santa-maria\/ppgsspp\/wp-json\/wp\/v2\/users\/905"}],"replies":[{"embeddable":true,"href":"https:\/\/www.ufsm.br\/cursos\/pos-graduacao\/santa-maria\/ppgsspp\/wp-json\/wp\/v2\/comments?post=218"}],"version-history":[{"count":0,"href":"https:\/\/www.ufsm.br\/cursos\/pos-graduacao\/santa-maria\/ppgsspp\/wp-json\/wp\/v2\/pages\/218\/revisions"}],"wp:attachment":[{"href":"https:\/\/www.ufsm.br\/cursos\/pos-graduacao\/santa-maria\/ppgsspp\/wp-json\/wp\/v2\/media?parent=218"}],"wp:term":[{"taxonomy":"category","embeddable":true,"href":"https:\/\/www.ufsm.br\/cursos\/pos-graduacao\/santa-maria\/ppgsspp\/wp-json\/wp\/v2\/categories?post=218"},{"taxonomy":"post_tag","embeddable":true,"href":"https:\/\/www.ufsm.br\/cursos\/pos-graduacao\/santa-maria\/ppgsspp\/wp-json\/wp\/v2\/tags?post=218"}],"curies":[{"name":"wp","href":"https:\/\/api.w.org\/{rel}","templated":true}]}}