{"id":219,"date":"2024-10-01T14:00:35","date_gmt":"2024-10-01T17:00:35","guid":{"rendered":"https:\/\/www.ufsm.br\/cursos\/pos-graduacao\/santa-maria\/ppgsspp\/?page_id=219"},"modified":"2024-10-01T14:02:28","modified_gmt":"2024-10-01T17:02:28","slug":"docencia-orientada","status":"publish","type":"page","link":"https:\/\/www.ufsm.br\/cursos\/pos-graduacao\/santa-maria\/ppgsspp\/docencia-orientada","title":{"rendered":"Doc\u00eancia Orientada"},"content":{"rendered":"\n<p><strong>Em Edi\u00e7\u00e3o<\/strong><\/p>\n<p><strong>Mestrado: <\/strong>Doc\u00eancia Orientada I e II \u2013\u00a0 APG303 e APG304\u00a0<\/p>\n<p style=\"text-align: justify\">O est\u00e1gio de doc\u00eancia \u00e9 uma atividade curricular para discentes de p\u00f3s-gradua\u00e7\u00e3o que se apresenta como disciplina denominada \u201cDoc\u00eancia Orientada\u201d, sendo definida como a participa\u00e7\u00e3o de discente de p\u00f3s-gradua\u00e7\u00e3o em atividades de ensino na educa\u00e7\u00e3o superior da UFSM, servindo para a complementa\u00e7\u00e3o da forma\u00e7\u00e3o pedag\u00f3gica dos p\u00f3s-graduandos.<\/p>\n<p style=\"text-align: justify\">Conforme o Regimento Geral de P\u00f3s-Gradua\u00e7\u00e3o da UFSM ser\u00e1 considerado atividades de ensino:<\/p>\n<ul style=\"text-align: justify\">\n<li>Ministrar um conjunto pr\u00e9-determinado de aulas te\u00f3ricas e\/ou pr\u00e1ticas que n\u00e3o exceda a (30%) trinta por cento do total da carga hor\u00e1ria da disciplina e no m\u00e1ximo 4 horas semanais de est\u00e1gio de doc\u00eancia;<\/li>\n<li>Auxiliar na prepara\u00e7\u00e3o de planos de aula e\/ou atuar no atendimento extraclasse aos discentes;<\/li>\n<li>Participar em avalia\u00e7\u00e3o parcial de conte\u00fados program\u00e1ticos, te\u00f3ricos e pr\u00e1ticos;<\/li>\n<li>Aplicar m\u00e9todos ou t\u00e9cnicas pedag\u00f3gicas, como estudo dirigido, semin\u00e1rios, etc.<\/li>\n<\/ul>\n<p style=\"text-align: justify\">Os alunos de P\u00f3s-Gradua\u00e7\u00e3o da UFSM, em n\u00edvel de Mestrado e Doutorado, poder\u00e3o matricular-se na disciplina \u201cDoc\u00eancia Orientada\u201d, correspondente \u00e0 atividade em disciplina de gradua\u00e7\u00e3o. Para integraliza\u00e7\u00e3o curricular cada disciplina equivale a 15 horas\/um cr\u00e9dito, o mestrando poder\u00e1 totalizar at\u00e9 dois cr\u00e9ditos e os doutorandos at\u00e9 tr\u00eas cr\u00e9ditos, podendo efetuar a matr\u00edcula em uma ou mais disciplinas de Doc\u00eancia Orientada, conforme seu plano de estudo.<\/p>\n<p style=\"text-align: justify\">Por se tratar de atividade curricular, a participa\u00e7\u00e3o dos discentes de p\u00f3s-gradua\u00e7\u00e3o no Est\u00e1gio de Doc\u00eancia n\u00e3o criar\u00e1 v\u00ednculo empregat\u00edcio e nem ser\u00e1 remunerada.<\/p>\n<p style=\"text-align: justify\">As atividades de ensino desenvolvidas pelo discente de p\u00f3s-gradua\u00e7\u00e3o em Est\u00e1gio de Doc\u00eancia Orientada dever\u00e3o ser compat\u00edveis com a \u00e1rea de pesquisa do programa realizado pelo p\u00f3s-graduando, devendo ser desenvolvida sob a supervis\u00e3o do professor respons\u00e1vel pela disciplina ou por outro professor de carreira do magist\u00e9rio superior, designado pelo departamento de ensino no qual a disciplina est\u00e1 vinculada.<\/p>\n<p style=\"text-align: justify\">Aos alunos bolsistas da Capes, CNPQ, Fapergs e demais ag\u00eancias de fomento, \u00e9 obrigat\u00f3rio o est\u00e1gio de doc\u00eancia, sendo que o programa que possuir os dois n\u00edveis, mestrado e doutorado, a obrigatoriedade ficar\u00e1 restrita ao aluno de doutorado, devendo este aluno efetuar o m\u00ednimo de dois semestre e m\u00e1ximo de tr\u00eas semestres em est\u00e1gios de doc\u00eancia. Ao aluno bolsistas e docente de ensino superior, que comprovar tais atividades, ficar\u00e1 dispensado do est\u00e1gio de doc\u00eancia.<\/p>\n<p style=\"text-align: justify\"><strong>COMO PROCEDER:<\/strong><\/p>\n<p style=\"text-align: justify\"><strong>1)<\/strong>\u00a0O discente dever\u00e1 elaborar um\u00a0<strong>Plano de Trabalho<\/strong>\u00a0em conjunto com seu orientador, com base no conte\u00fado a ser ministrado, n\u00e3o podendo ultrapassar 30% da carga hor\u00e1ria da disciplina;<\/p>\n<p style=\"text-align: justify\"><strong>ACESSE O\u00a0<a href=\"https:\/\/www.ufsm.br\/app\/uploads\/sites\/924\/2024\/10\/Modelo_de_Plano_de_Trabalho_de_Docencia_Orientada-PPGSSPP.docx\">Modelo_de_Plano_de_Trabalho_de_Docencia_Orientada-PPGSSPP<\/a><\/strong><\/p>\n<p style=\"text-align: justify\"><strong>2)<\/strong>\u00a0O Plano de Trabalho dever\u00e1 ser encaminhado \u00e0 Coordena\u00e7\u00e3o do Programa, via processo PEN-SIE, em formato PDF, assinado digitalmente pelo aluno e seu orientador (via PEN-SIE ou plataforma GOV.BR), para a aprecia\u00e7\u00e3o do Colegiado do Programa no in\u00edcio do semestre letivo em que o est\u00e1gio ser\u00e1 realizado.<\/p>\n<p style=\"text-align: justify\"><strong>3)<\/strong>\u00a0O processo PEN-SIE deve constar os seguintes documentos em formato\u00a0<strong>pdf<\/strong>.<\/p>\n<ol style=\"text-align: justify\">\n<li><strong>Plano de Trabalho<\/strong>, conforme\u00a0<a href=\"https:\/\/www.ufsm.br\/app\/uploads\/sites\/924\/2024\/10\/Modelo_de_Plano_de_Trabalho_de_Docencia_Orientada-PPGSSPP.docx\">Modelo_de_Plano_de_Trabalho_de_Docencia_Orientada-PPGSSPP<\/a>;<\/li>\n<li><strong>Requerimento de Doc\u00eancia Orientada<\/strong>, conforme\u00a0modelo;<\/li>\n<li><strong>Plano de Ensino<\/strong>\u00a0efetivo da disciplina em que o discente atuar\u00e1, atualizado pelo docente respons\u00e1vel.<\/li>\n<\/ol>\n<p style=\"text-align: justify\"><strong>3)<\/strong>\u00a0O Plano de Trabalho dever\u00e1 ser aprovado pelo Colegiado do PPG e, ap\u00f3s, pelo Colegiado do Departamento a que esteja vinculada a disciplina. Somente ap\u00f3s o conhecimento do Departamento, o discente poder\u00e1 executar o Plano de Trabalho.<\/p>\n<p style=\"text-align: justify\">\u00a0<\/p>\n<p style=\"text-align: justify\"><strong>BASE LEGAL:<\/strong><\/p>\n<p style=\"text-align: justify\">\u2013\u00a0<a href=\"https:\/\/www.ufsm.br\/cursos\/pos-graduacao\/santa-maria\/ppgec\/wp-content\/uploads\/sites\/550\/2019\/03\/015-2014-Regimento-da-Ps-Graduao.pdf\" target=\"_blank\" rel=\"noopener\">Resolu\u00e7\u00e3o N. 015\/2014\/UFSM<\/a>\u00a0\u2013 Regimento Geral da P\u00f3s-Gradua\u00e7\u00e3o\u00a0<em>Stricto Sensu e Lato Sensu\u00a0<\/em>da Universidade Federal de Santa Maria.<\/p>\n<p style=\"text-align: justify\">\u2013\u00a0<a href=\"https:\/\/www.capes.gov.br\/images\/stories\/download\/legislacao\/Portaria_076_RegulamentoDS.pdf\" target=\"_blank\" rel=\"noopener noreferrer\"><strong>Portaria n\u00ba 76 de 14 de abril de 2010<\/strong><\/a>\u00a0\u2013 REGULAMENTO DO PROGRAMA DE DEMANDA SOCIAL \u2013 DS \/ Capes.<\/p>\n","protected":false},"excerpt":{"rendered":"<p>Em Edi\u00e7\u00e3o Mestrado: Doc\u00eancia Orientada I e II \u2013\u00a0 APG303 e APG304\u00a0 O est\u00e1gio de doc\u00eancia \u00e9 uma atividade curricular para discentes de p\u00f3s-gradua\u00e7\u00e3o que se apresenta como disciplina denominada \u201cDoc\u00eancia Orientada\u201d, sendo definida como a participa\u00e7\u00e3o de discente de p\u00f3s-gradua\u00e7\u00e3o em atividades de ensino na educa\u00e7\u00e3o superior da UFSM, servindo para a complementa\u00e7\u00e3o da [&hellip;]<\/p>\n","protected":false},"author":905,"featured_media":0,"parent":0,"menu_order":0,"comment_status":"closed","ping_status":"closed","template":"","meta":{"footnotes":""},"categories":[],"tags":[],"class_list":["post-219","page","type-page","status-publish","hentry"],"acf":[],"_links":{"self":[{"href":"https:\/\/www.ufsm.br\/cursos\/pos-graduacao\/santa-maria\/ppgsspp\/wp-json\/wp\/v2\/pages\/219","targetHints":{"allow":["GET"]}}],"collection":[{"href":"https:\/\/www.ufsm.br\/cursos\/pos-graduacao\/santa-maria\/ppgsspp\/wp-json\/wp\/v2\/pages"}],"about":[{"href":"https:\/\/www.ufsm.br\/cursos\/pos-graduacao\/santa-maria\/ppgsspp\/wp-json\/wp\/v2\/types\/page"}],"author":[{"embeddable":true,"href":"https:\/\/www.ufsm.br\/cursos\/pos-graduacao\/santa-maria\/ppgsspp\/wp-json\/wp\/v2\/users\/905"}],"replies":[{"embeddable":true,"href":"https:\/\/www.ufsm.br\/cursos\/pos-graduacao\/santa-maria\/ppgsspp\/wp-json\/wp\/v2\/comments?post=219"}],"version-history":[{"count":0,"href":"https:\/\/www.ufsm.br\/cursos\/pos-graduacao\/santa-maria\/ppgsspp\/wp-json\/wp\/v2\/pages\/219\/revisions"}],"wp:attachment":[{"href":"https:\/\/www.ufsm.br\/cursos\/pos-graduacao\/santa-maria\/ppgsspp\/wp-json\/wp\/v2\/media?parent=219"}],"wp:term":[{"taxonomy":"category","embeddable":true,"href":"https:\/\/www.ufsm.br\/cursos\/pos-graduacao\/santa-maria\/ppgsspp\/wp-json\/wp\/v2\/categories?post=219"},{"taxonomy":"post_tag","embeddable":true,"href":"https:\/\/www.ufsm.br\/cursos\/pos-graduacao\/santa-maria\/ppgsspp\/wp-json\/wp\/v2\/tags?post=219"}],"curies":[{"name":"wp","href":"https:\/\/api.w.org\/{rel}","templated":true}]}}