{"id":238,"date":"2024-10-01T14:16:33","date_gmt":"2024-10-01T17:16:33","guid":{"rendered":"https:\/\/www.ufsm.br\/cursos\/pos-graduacao\/santa-maria\/ppgsspp\/?page_id=238"},"modified":"2025-04-23T16:01:04","modified_gmt":"2025-04-23T19:01:04","slug":"missao-visao-valores-e-objetivos-do-ppgsspp","status":"publish","type":"page","link":"https:\/\/www.ufsm.br\/cursos\/pos-graduacao\/santa-maria\/ppgsspp\/missao-visao-valores-e-objetivos-do-ppgsspp","title":{"rendered":"Miss\u00e3o, Vis\u00e3o, Valores e Objetivos do PPGSSPP"},"content":{"rendered":"\n<p>Em edi\u00e7\u00e3o<\/p>\n<table style=\"height: 115px;width: 100%;border-collapse: collapse;border-style: solid;border-color: #0d0202\">\n<tbody>\n<tr style=\"height: 23px\">\n<td style=\"width: 16.7066%;height: 23px;border-style: solid;border-color: #0d0101;background-color: #83afe6\"><img fetchpriority=\"high\" decoding=\"async\" class=\"aligncenter size-full wp-image-292\" src=\"https:\/\/www.ufsm.br\/app\/uploads\/sites\/924\/2025\/04\/PPGSSPP_-Fundo-Transparente.png\" alt=\"\" width=\"500\" height=\"500\" srcset=\"https:\/\/www.ufsm.br\/app\/uploads\/sites\/924\/2025\/04\/PPGSSPP_-Fundo-Transparente.png 500w, https:\/\/www.ufsm.br\/app\/uploads\/sites\/924\/2025\/04\/PPGSSPP_-Fundo-Transparente-300x300.png 300w, https:\/\/www.ufsm.br\/app\/uploads\/sites\/924\/2025\/04\/PPGSSPP_-Fundo-Transparente-150x150.png 150w\" sizes=\"(max-width: 500px) 100vw, 500px\" \/><\/td>\n<td style=\"width: 83.2934%;height: 23px;border-style: solid;border-color: #0d0101;background-color: #83afe6\">\n<h1 style=\"text-align: center\">PROGRAMA DE P\u00d3S-GRADUA\u00c7\u00c3O EM SERVI\u00c7O SOCIAL E POL\u00cdTICAS P\u00daBLICAS<\/h1>\n<\/td>\n<\/tr>\n<tr style=\"height: 23px\">\n<td style=\"width: 16.7066%;height: 23px;background-color: #91b893;border-style: solid;border-color: #0a0101\">\n<h1 style=\"text-align: center\">Miss\u00e3o<\/h1>\n<\/td>\n<td style=\"width: 83.2934%;height: 23px;text-align: justify;background-color: #daf0e5;border-style: solid;border-color: #0a0101\">\u00a0 \u00a0 \u00a0 Construir e difundir conhecimento na \u00e1rea de Servi\u00e7o Social e Pol\u00edticas P\u00fablicas, baseado no compromisso com a forma\u00e7\u00e3o de profissionais qualificado\/as \u00e0 an\u00e1lise reflexiva, cr\u00edtica, propositiva, com capacidade de inovar e contribuir com o desenvolvimento social, \u00e9tico e sustent\u00e1vel.<\/td>\n<\/tr>\n<tr style=\"height: 23px\">\n<td style=\"width: 16.7066%;height: 23px;border-style: solid;border-color: #0f0101;background-color: #e9fa8c\">\n<h1 style=\"text-align: center\">Vis\u00e3o<\/h1>\n<\/td>\n<td style=\"width: 83.2934%;height: 23px;border-style: solid;border-color: #0f0101\">\u00a0 \u00a0 \u00a0 \u00a0 \u00a0Ser refer\u00eancia em p\u00f3s-gradua\u00e7\u00e3o e pesquisa na \u00e1rea de servi\u00e7o social no interior do Rio Grande do Sul.<\/td>\n<\/tr>\n<tr style=\"height: 23px\">\n<td style=\"width: 16.7066%;height: 23px;border-style: solid;border-color: #0f0101;background-color: #d7e8c5\">\n<h1 style=\"text-align: center\">Valores<\/h1>\n<\/td>\n<td style=\"width: 83.2934%;height: 23px;border-style: solid;border-color: #0f0101;background-color: #e8f5e1\">\n<p style=\"text-align: justify\">\u00a0O PPG em\u00a0Servi\u00e7o Social e Pol\u00edticas P\u00fablicas norteia-se por valores democr\u00e1ticos alicer\u00e7ados no respeito aos direitos fundamentais e reconhece o papel social que deve ser desempenhado pela academia, sobretudo pela universidade p\u00fablica, gratuita e de qualidade, comprometida com o respeito \u00e0 identidade e diversidade e com forte compromisso social, como \u00e9 o caso da Universidade Federal de Santa Maria.<\/p>\n<ul>\n<li>\u00c9tica<\/li>\n<li>Transpar\u00eancia;<\/li>\n<li>Legalidade;<\/li>\n<li>Impessoalidade;<\/li>\n<li>Comprometimento;<\/li>\n<li>Justi\u00e7a Social;<\/li>\n<li>Seguran\u00e7a;<\/li>\n<li>Respeito;<\/li>\n<li>Colabora\u00e7\u00e3o.<\/li>\n<\/ul>\n<\/td>\n<\/tr>\n<tr style=\"height: 23px\">\n<td style=\"width: 16.7066%;height: 23px;border-style: solid;border-color: #0f0101;background-color: #a5d4ca\" rowspan=\"2\">\n<h1 style=\"text-align: center\">Objetivos<\/h1>\n<h1>\u00a0<\/h1>\n<\/td>\n<td style=\"width: 83.2934%;height: 23px;border-style: solid;border-color: #0f0101\">\n<p>\u00a0<strong>Gerais:<\/strong><\/p>\n<ul>\n<li>Formar docentes, pesquisadores e profissionais de diferentes \u00e1reas para o exerc\u00edcio de atividades de pesquisa, ensino e desenvolvimento de conhecimentos na \u00e1rea de Servi\u00e7o Social e Pol\u00edticas P\u00fablicas, em conson\u00e2ncia com as demandas contempor\u00e2neas;<\/li>\n<li>Formar quadros qualificados de futuros docentes, pesquisadores e profissionais de diferentes \u00e1reas do saber para o dom\u00ednio dos paradigmas te\u00f3rico-metodol\u00f3gicos cr\u00edticos com vistas \u00e0 an\u00e1lise reflexiva, inova\u00e7\u00e3o, inser\u00e7\u00e3o e aprimoramento profissional.<\/li>\n<\/ul>\n<\/td>\n<\/tr>\n<tr>\n<td style=\"width: 83.2934%;border-style: solid;border-color: #0f0101;background-color: #f5f3eb\">\n<p>\u00a0<strong>Espec\u00edficos:<\/strong><\/p>\n<ul>\n<li style=\"text-align: justify\">Formar profissionais com vis\u00e3o global e humanista para a amplia\u00e7\u00e3o de conhecimentos sobre o Servi\u00e7o Social e Pol\u00edticas P\u00fablicas, com vistas a estimular a reflex\u00e3o te\u00f3rica e pr\u00e1tica voltada \u00e0 elabora\u00e7\u00e3o de pesquisa, produ\u00e7\u00e3o do conhecimento cient\u00edfico e ao exerc\u00edcio da doc\u00eancia no ensino superior;<\/li>\n<li style=\"text-align: justify\">Qualificar os profissionais de Servi\u00e7o Social e \u00e1reas afins para o exerc\u00edcio profissional junto \u00e0s pol\u00edticas p\u00fablicas com vistas \u00e0 garantia dos direitos dos usu\u00e1rios dessas;<\/li>\n<li style=\"text-align: justify\">Fomentar a articula\u00e7\u00e3o entre ensino, pesquisa e extens\u00e3o no processo de produ\u00e7\u00e3o de conhecimento dos docentes e discentes;<\/li>\n<li style=\"text-align: justify\">Fortalecer a pesquisa, a produ\u00e7\u00e3o cient\u00edfica e a atitude investigativa por meio de atividades acad\u00eamicas conjuntas e articuladas com a gradua\u00e7\u00e3o;<\/li>\n<li style=\"text-align: justify\">Produzir conhecimento inovador que possibilite a constru\u00e7\u00e3o de tecnologias para a transforma\u00e7\u00e3o da realidade regional, especialmente, no que diz respeito \u00e0 inclus\u00e3o social e ao meio-ambiente;<\/li>\n<li style=\"text-align: justify\">Fomentar a pesquisa e a produ\u00e7\u00e3o de conhecimentos relativos \u00e0 articula\u00e7\u00e3o hist\u00f3rica do Servi\u00e7o Social, Pol\u00edticas P\u00fablicas e direitos no Brasil no contexto internacional.<\/li>\n<li style=\"text-align: justify\">Estimular a produ\u00e7\u00e3o cient\u00edfica na \u00e1rea de Servi\u00e7o Social e Pol\u00edticas P\u00fablicas;<\/li>\n<li style=\"text-align: justify\">Promover a qualifica\u00e7\u00e3o de recursos humanos em n\u00edvel de p\u00f3s-gradua\u00e7\u00e3o Stricto Sensu, com capacidade para atuar no planejamento, execu\u00e7\u00e3o e avalia\u00e7\u00e3o de atividades de ensino, pesquisa e atua\u00e7\u00e3o junto \u00e0 comunidade;<\/li>\n<li style=\"text-align: justify\">Formar profissionais capacitados para transformar seus espa\u00e7os de trabalho em l\u00f3cus privilegiado de pesquisas e desenvolvimento de produtos que possam melhorar a qualidade dos servi\u00e7os que integram as pol\u00edticas p\u00fablicas, rumo \u00e0 promo\u00e7\u00e3o da equidade social, da igualdade de oportunidades e do desenvolvimento humano e social, em \u00e2mbito regional e nacional.<\/li>\n<\/ul>\n<\/td>\n<\/tr>\n<\/tbody>\n<\/table>\n\n\n\n<p><\/p>\n","protected":false},"excerpt":{"rendered":"<p>Em edi\u00e7\u00e3o PROGRAMA DE P\u00d3S-GRADUA\u00c7\u00c3O EM SERVI\u00c7O SOCIAL E POL\u00cdTICAS P\u00daBLICAS Miss\u00e3o \u00a0 \u00a0 \u00a0 Construir e difundir conhecimento na \u00e1rea de Servi\u00e7o Social e Pol\u00edticas P\u00fablicas, baseado no compromisso com a forma\u00e7\u00e3o de profissionais qualificado\/as \u00e0 an\u00e1lise reflexiva, cr\u00edtica, propositiva, com capacidade de inovar e contribuir com o desenvolvimento social, \u00e9tico e sustent\u00e1vel. Vis\u00e3o [&hellip;]<\/p>\n","protected":false},"author":905,"featured_media":0,"parent":0,"menu_order":0,"comment_status":"closed","ping_status":"closed","template":"","meta":{"footnotes":""},"categories":[],"tags":[],"class_list":["post-238","page","type-page","status-publish","hentry"],"acf":[],"_links":{"self":[{"href":"https:\/\/www.ufsm.br\/cursos\/pos-graduacao\/santa-maria\/ppgsspp\/wp-json\/wp\/v2\/pages\/238","targetHints":{"allow":["GET"]}}],"collection":[{"href":"https:\/\/www.ufsm.br\/cursos\/pos-graduacao\/santa-maria\/ppgsspp\/wp-json\/wp\/v2\/pages"}],"about":[{"href":"https:\/\/www.ufsm.br\/cursos\/pos-graduacao\/santa-maria\/ppgsspp\/wp-json\/wp\/v2\/types\/page"}],"author":[{"embeddable":true,"href":"https:\/\/www.ufsm.br\/cursos\/pos-graduacao\/santa-maria\/ppgsspp\/wp-json\/wp\/v2\/users\/905"}],"replies":[{"embeddable":true,"href":"https:\/\/www.ufsm.br\/cursos\/pos-graduacao\/santa-maria\/ppgsspp\/wp-json\/wp\/v2\/comments?post=238"}],"version-history":[{"count":0,"href":"https:\/\/www.ufsm.br\/cursos\/pos-graduacao\/santa-maria\/ppgsspp\/wp-json\/wp\/v2\/pages\/238\/revisions"}],"wp:attachment":[{"href":"https:\/\/www.ufsm.br\/cursos\/pos-graduacao\/santa-maria\/ppgsspp\/wp-json\/wp\/v2\/media?parent=238"}],"wp:term":[{"taxonomy":"category","embeddable":true,"href":"https:\/\/www.ufsm.br\/cursos\/pos-graduacao\/santa-maria\/ppgsspp\/wp-json\/wp\/v2\/categories?post=238"},{"taxonomy":"post_tag","embeddable":true,"href":"https:\/\/www.ufsm.br\/cursos\/pos-graduacao\/santa-maria\/ppgsspp\/wp-json\/wp\/v2\/tags?post=238"}],"curies":[{"name":"wp","href":"https:\/\/api.w.org\/{rel}","templated":true}]}}