{"id":29,"date":"2018-01-18T09:10:07","date_gmt":"2018-01-18T11:10:07","guid":{"rendered":"https:\/\/www.ufsm.br\/cursos\/graduacao\/nutricao\/12352\/?page_id=29"},"modified":"2026-04-08T08:41:50","modified_gmt":"2026-04-08T11:41:50","slug":"contato","status":"publish","type":"page","link":"https:\/\/www.ufsm.br\/cursos\/pos-graduacao\/santa-maria\/ppgsspp\/contato","title":{"rendered":"Contato"},"content":{"rendered":"<div class=\"entry-content\">\n<p><strong>Coordena\u00e7\u00e3o do PPGSSPP<br \/>\n<\/strong>E-mail: <a href=\"mailto:ppgsspp@ufsm.br\">ppgsspp@ufsm.br<\/a><\/p>\n<p>Coordenador: Prof. Dr. Fabio Jardel Gaviraghi<\/p>\n<p>Base Legal: <a href=\"https:\/\/www.ufsm.br\/app\/uploads\/sites\/924\/2025\/06\/PORT_CCSH_2025_188.pdf\">PORT_CCSH_2025_188<\/a><\/p>\n<p>E-mail: <a href=\"mailto:fabio.gaviraghi@ufsm.br\">fabio.gaviraghi@ufsm.br<\/a><\/p>\n<p>Coordenadora Substituta Profa. Dra. Cristina Kologeski Fraga<\/p>\n<p>Base Legal: <a href=\"https:\/\/www.ufsm.br\/app\/uploads\/sites\/924\/2025\/06\/PORT_CCSH_2025_195.pdf\">PORT_CCSH_2025_195<\/a><\/p>\n<p>E-mail:<a href=\"mailto:cristina.fraga@ufsm.br\"> cristina.fraga@ufsm.br<\/a><\/p>\n<p>Rede social: <a href=\"https:\/\/www.instagram.com\/ppgsspp.ufsm\">https:\/\/www.instagram.com\/ppgsspp.ufsm<\/a><\/p>\n<p><strong>Secretaria Integrada de P\u00f3s-gradua\u00e7\u00e3o do CCSH (SIPOS-CCSH)<br \/>\n<\/strong>E-mail:\u00a0<a href=\"mailto:sipos.ccsh@ufsm.br\">sipos.ccsh@ufsm.br\u00a0<\/a><strong><br \/>\n<\/strong>Telefone: (55) 3178-0585<br \/>\nHor\u00e1rio de atendimento:<strong><br \/>\n<\/strong>De segunda a sexta-feira<br \/>\nDas 8h \u00e0s 12h e das 13h \u00e0s 17h<\/p>\n<\/div>\n","protected":false},"excerpt":{"rendered":"<p>Coordena\u00e7\u00e3o do PPGSSPP E-mail: ppgsspp@ufsm.br Coordenador: Prof. Dr. Fabio Jardel Gaviraghi Base Legal: PORT_CCSH_2025_188 E-mail: fabio.gaviraghi@ufsm.br Coordenadora Substituta Profa. Dra. Cristina Kologeski Fraga Base Legal: PORT_CCSH_2025_195 E-mail: cristina.fraga@ufsm.br Rede social: https:\/\/www.instagram.com\/ppgsspp.ufsm Secretaria Integrada de P\u00f3s-gradua\u00e7\u00e3o do CCSH (SIPOS-CCSH) E-mail:\u00a0sipos.ccsh@ufsm.br\u00a0 Telefone: (55) 3178-0585 Hor\u00e1rio de atendimento: De segunda a sexta-feira Das 8h \u00e0s 12h e das [&hellip;]<\/p>\n","protected":false},"author":8,"featured_media":0,"parent":0,"menu_order":0,"comment_status":"closed","ping_status":"closed","template":"","meta":{"footnotes":""},"categories":[],"tags":[],"class_list":["post-29","page","type-page","status-publish","hentry"],"acf":[],"_links":{"self":[{"href":"https:\/\/www.ufsm.br\/cursos\/pos-graduacao\/santa-maria\/ppgsspp\/wp-json\/wp\/v2\/pages\/29","targetHints":{"allow":["GET"]}}],"collection":[{"href":"https:\/\/www.ufsm.br\/cursos\/pos-graduacao\/santa-maria\/ppgsspp\/wp-json\/wp\/v2\/pages"}],"about":[{"href":"https:\/\/www.ufsm.br\/cursos\/pos-graduacao\/santa-maria\/ppgsspp\/wp-json\/wp\/v2\/types\/page"}],"author":[{"embeddable":true,"href":"https:\/\/www.ufsm.br\/cursos\/pos-graduacao\/santa-maria\/ppgsspp\/wp-json\/wp\/v2\/users\/8"}],"replies":[{"embeddable":true,"href":"https:\/\/www.ufsm.br\/cursos\/pos-graduacao\/santa-maria\/ppgsspp\/wp-json\/wp\/v2\/comments?post=29"}],"version-history":[{"count":0,"href":"https:\/\/www.ufsm.br\/cursos\/pos-graduacao\/santa-maria\/ppgsspp\/wp-json\/wp\/v2\/pages\/29\/revisions"}],"wp:attachment":[{"href":"https:\/\/www.ufsm.br\/cursos\/pos-graduacao\/santa-maria\/ppgsspp\/wp-json\/wp\/v2\/media?parent=29"}],"wp:term":[{"taxonomy":"category","embeddable":true,"href":"https:\/\/www.ufsm.br\/cursos\/pos-graduacao\/santa-maria\/ppgsspp\/wp-json\/wp\/v2\/categories?post=29"},{"taxonomy":"post_tag","embeddable":true,"href":"https:\/\/www.ufsm.br\/cursos\/pos-graduacao\/santa-maria\/ppgsspp\/wp-json\/wp\/v2\/tags?post=29"}],"curies":[{"name":"wp","href":"https:\/\/api.w.org\/{rel}","templated":true}]}}