{"id":321,"date":"2025-04-22T11:15:03","date_gmt":"2025-04-22T14:15:03","guid":{"rendered":"https:\/\/www.ufsm.br\/cursos\/pos-graduacao\/santa-maria\/ppgsspp\/?page_id=321"},"modified":"2025-04-22T11:15:04","modified_gmt":"2025-04-22T14:15:04","slug":"defesa-de-qualificacao-de-mestrado","status":"publish","type":"page","link":"https:\/\/www.ufsm.br\/cursos\/pos-graduacao\/santa-maria\/ppgsspp\/defesa-de-qualificacao-de-mestrado","title":{"rendered":"Defesa de Qualifica\u00e7\u00e3o de Mestrado"},"content":{"rendered":"\n<table style=\"width: 100%;border-collapse: collapse;border-style: solid;border-color: #0f0101\">\n<tbody>\n<tr>\n<td style=\"width: 50%;border-style: solid;border-color: #170303;background-color: #88f2cd;text-align: center\" colspan=\"2\">\n<h2><b>Abertura do processo de qualifica\u00e7\u00e3o de mestrado<\/b><\/h2>\n<\/td>\n<\/tr>\n<tr>\n<td style=\"width: 50%;border-style: solid;border-color: #170303\" colspan=\"2\">\n<div class=\"gmail_default\">\u00a0<\/div>\n<div><br \/>\n<p dir=\"ltr\">\u00a0 \u00a0<strong>Orienta\u00e7\u00f5es para abertura do processo de qualifica\u00e7\u00e3o de mestrado<\/strong><\/p>\n<br \/>\n<p dir=\"ltr\">\u00a0 Para iniciar o processo de qualifica\u00e7\u00e3o do mestrado, siga estas instru\u00e7\u00f5es:<\/p>\n<p dir=\"ltr\">\u00a0<strong> 1. Antes de preencher o <a href=\"https:\/\/forms.gle\/ffypeXJ1Ts2GXi8X8\" target=\"_blank\" rel=\"noopener\" data-saferedirecturl=\"https:\/\/www.google.com\/url?q=https:\/\/forms.gle\/ffypeXJ1Ts2GXi8X8&amp;source=gmail&amp;ust=1745417114083000&amp;usg=AOvVaw1062eyniZ-XFe6w8GsqKa4\">formul\u00e1rio\u00a0on-line\u00a0banca de qualifica\u00e7\u00e3o<\/a>:<\/strong><\/p>\n<ul>\n<li dir=\"ltr\">\n<p dir=\"ltr\" role=\"presentation\">Envie os dados da banca por e-mail ao(\u00e0) seu(sua) orientador(a), considerando que a comiss\u00e3o examinadora deve ter, no m\u00ednimo, tr\u00eas membros efetivos e um suplente. Al\u00e9m disso, pelo menos um dos membros efetivos deve ser externo \u00e0 UFSM;<\/p>\n<\/li>\n<\/ul>\n<ul>\n<li dir=\"ltr\">\n<p dir=\"ltr\" role=\"presentation\">Aguarde a autoriza\u00e7\u00e3o do(a) orientador(a) antes de prosseguir.<\/p>\n<\/li>\n<\/ul>\n<ul>\n<li dir=\"ltr\">\n<p dir=\"ltr\" role=\"presentation\">Importante: N\u00e3o poder\u00e3o fazer parte das bancas de qualifica\u00e7\u00e3o, o c\u00f4njuge do(a) discente ou do(a) orientador(a) e\/ou parentes afins do(a) discente(a) ou do(a) orientador(a) at\u00e9 o terceiro grau inclusive.<\/p>\n<\/li>\n<\/ul>\n<p dir=\"ltr\">\u00a0 <strong>2. Para o preenchimento do <a href=\"https:\/\/forms.gle\/ffypeXJ1Ts2GXi8X8\" target=\"_blank\" rel=\"noopener\" data-saferedirecturl=\"https:\/\/www.google.com\/url?q=https:\/\/forms.gle\/ffypeXJ1Ts2GXi8X8&amp;source=gmail&amp;ust=1745417114083000&amp;usg=AOvVaw1062eyniZ-XFe6w8GsqKa4\">formul\u00e1rio\u00a0on-line\u00a0banca de qualifica\u00e7\u00e3o<\/a>\u00a0(m\u00ednimo de 21 dias antes da qualifica\u00e7\u00e3o), voc\u00ea precisar\u00e1 das seguintes informa\u00e7\u00f5es:<\/strong><\/p>\n<ul>\n<li dir=\"ltr\">\n<p dir=\"ltr\" role=\"presentation\">Nome completo, e-mail, CPF (brasileiros) ou passaporte (estrangeiros) dos membros da banca;<\/p>\n<\/li>\n<li dir=\"ltr\">\n<p dir=\"ltr\" role=\"presentation\">Informar se os membros s\u00e3o docentes (sim\/n\u00e3o);<\/p>\n<\/li>\n<li dir=\"ltr\">\n<p dir=\"ltr\" role=\"presentation\">Institui\u00e7\u00e3o de v\u00ednculo (preferencialmente, a sigla da institui\u00e7\u00e3o, como por exemplo, UFSM);<\/p>\n<\/li>\n<li dir=\"ltr\">\n<p dir=\"ltr\" role=\"presentation\">Fun\u00e7\u00e3o dos membros na banca (orientador, avaliador, coorientador, suplente);<\/p>\n<\/li>\n<li dir=\"ltr\">\n<p dir=\"ltr\" role=\"presentation\">Link do Curr\u00edculo Lattes ou indica\u00e7\u00e3o de que o membro n\u00e3o possui cadastro nesta plataforma;<\/p>\n<\/li>\n<li dir=\"ltr\">\n<p dir=\"ltr\" role=\"presentation\">Local da defesa (link, sala e pr\u00e9dio).<\/p>\n<\/li>\n<\/ul>\n<p dir=\"ltr\">\u00a0<strong> 3. Ap\u00f3s preencher o <a href=\"https:\/\/forms.gle\/ffypeXJ1Ts2GXi8X8\" target=\"_blank\" rel=\"noopener\" data-saferedirecturl=\"https:\/\/www.google.com\/url?q=https:\/\/forms.gle\/ffypeXJ1Ts2GXi8X8&amp;source=gmail&amp;ust=1745417114083000&amp;usg=AOvVaw1062eyniZ-XFe6w8GsqKa4\">formul\u00e1rio\u00a0on-line\u00a0banca de qualifica\u00e7\u00e3o<\/a>:<\/strong><\/p>\n<ul>\n<li dir=\"ltr\">\n<p dir=\"ltr\" role=\"presentation\">Voc\u00ea receber\u00e1 o formul\u00e1rio preenchido por e-mail (verifique o spam se necess\u00e1rio);<\/p>\n<\/li>\n<li dir=\"ltr\">\n<p dir=\"ltr\" role=\"presentation\">Caso n\u00e3o receba em at\u00e9 uma hora, contate a SIPOS (<a href=\"mailto:sipos.ccsh@ufsm.br\" target=\"_blank\" rel=\"noopener\">sipos.ccsh@ufsm.br<\/a>).<\/p>\n<\/li>\n<\/ul>\n<p dir=\"ltr\">\u00a0 4. Abrir o processo no PEN\/SIE:<\/p>\n<ul>\n<li dir=\"ltr\">\n<p dir=\"ltr\" role=\"presentation\">Tipo documental: \u201cProcesso de qualifica\u00e7\u00e3o de disserta\u00e7\u00e3o de mestrado &#8211; c\u00f3digo 134.324\u201d;<\/p>\n<\/li>\n<li dir=\"ltr\">\n<p dir=\"ltr\" role=\"presentation\">Anexar e assinar o formul\u00e1rio recebido por e-mail;<\/p>\n<\/li>\n<li dir=\"ltr\">\n<p dir=\"ltr\" role=\"presentation\">Anexar o hist\u00f3rico escolar simplificado (buscar no menu Relat\u00f3rios do <a href=\"https:\/\/portal.ufsm.br\/estudantil\/\" target=\"_blank\" rel=\"noopener\" data-saferedirecturl=\"https:\/\/www.google.com\/url?q=https:\/\/portal.ufsm.br\/estudantil\/&amp;source=gmail&amp;ust=1745417114083000&amp;usg=AOvVaw0523xsLHKKIyq2BRTarfuy\">Portal Estudantil<\/a>).<\/p>\n<\/li>\n<\/ul>\n<p dir=\"ltr\">\u00a0 <strong>5. Tramita\u00e7\u00e3o:<\/strong><\/p>\n<ul>\n<li dir=\"ltr\">\n<p dir=\"ltr\" role=\"presentation\">Envie o processo para o(a) seu(sua) orientador(a);<\/p>\n<\/li>\n<li dir=\"ltr\">\n<p dir=\"ltr\" role=\"presentation\">O(a) orientador(a) verificar\u00e1 as informa\u00e7\u00f5es, assinar\u00e1 o formul\u00e1rio e tramitar\u00e1 o processo para o Programa de P\u00f3s-Gradua\u00e7\u00e3o (PPG) ou devolver\u00e1 para ajustes.<\/p>\n<\/li>\n<\/ul>\n<p dir=\"ltr\">\u00a0 <strong>6. Homologa\u00e7\u00e3o:<\/strong><\/p>\n<ul>\n<li dir=\"ltr\">\n<p dir=\"ltr\" role=\"presentation\">A coordena\u00e7\u00e3o do PPG homologar\u00e1 ou retornar\u00e1 o processo para ajustes.<\/p>\n<\/li>\n<\/ul>\n<p dir=\"ltr\">\u00a0 <strong>7. Acompanhe o seu processo:<\/strong><\/p>\n<ul>\n<li dir=\"ltr\">\n<p dir=\"ltr\" role=\"presentation\">Acesse o <a href=\"https:\/\/portal.ufsm.br\/documentos\/publico\/processo\/consulta.html\" target=\"_blank\" rel=\"noopener\" data-saferedirecturl=\"https:\/\/www.google.com\/url?q=https:\/\/portal.ufsm.br\/documentos\/publico\/processo\/consulta.html&amp;source=gmail&amp;ust=1745417114083000&amp;usg=AOvVaw0JPaulmylVdpy_e3NerRfB\">Portal de Documentos<\/a> e digite o n\u00famero do processo no campo &#8220;N\u00famero&#8221;. Tamb\u00e9m \u00e9 poss\u00edvel encontr\u00e1-lo informando seu nome no campo &#8220;Interessado&#8221;;<\/p>\n<\/li>\n<li dir=\"ltr\">\n<p dir=\"ltr\" role=\"presentation\">Clique no \u00edcone de pasta <img decoding=\"async\" class=\"an1\" src=\"https:\/\/fonts.gstatic.com\/s\/e\/notoemoji\/16.0\/1f4c2\/72.png\" alt=\"\ud83d\udcc2\" width=\"44\" height=\"44\" data-emoji=\"\ud83d\udcc2\" aria-label=\"\ud83d\udcc2\" \/> para abrir o processo. Em seguida, selecione &#8220;Tramita\u00e7\u00f5es&#8221; para localiz\u00e1-lo e ler os despachos.<\/p>\n<\/li>\n<\/ul>\n<p dir=\"ltr\">\u00a0<strong> 8. Membros externos sem cadastro no PEN\/SIE:<\/strong><\/p>\n<ul>\n<li dir=\"ltr\">\n<p dir=\"ltr\" role=\"presentation\">Oriente-os, na medida do poss\u00edvel, a providenciar o registro no portal (detalhes <a href=\"https:\/\/www.ufsm.br\/orgaos-suplementares\/dag\/pen\/servicos\/cadastro-de-usuarios-externos\" target=\"_blank\" rel=\"noopener\" data-saferedirecturl=\"https:\/\/www.google.com\/url?q=https:\/\/www.ufsm.br\/orgaos-suplementares\/dag\/pen\/servicos\/cadastro-de-usuarios-externos&amp;source=gmail&amp;ust=1745417114083000&amp;usg=AOvVaw1BRC5CHHXWS4Y9fWbAGW8-\">aqui<\/a>: <a href=\"https:\/\/portal.ufsm.br\/usuario\/externo\/cadastro\/formulario.html\" target=\"_blank\" rel=\"noopener\" data-saferedirecturl=\"https:\/\/www.google.com\/url?q=https:\/\/portal.ufsm.br\/usuario\/externo\/cadastro\/formulario.html&amp;source=gmail&amp;ust=1745417114083000&amp;usg=AOvVaw2edAoR73WVtQNXS66veGj2\">cadastro de brasileiros<\/a> | <a href=\"https:\/\/portal.ufsm.br\/usuario\/externo\/cadastro\/estrangeiro.html\" target=\"_blank\" rel=\"noopener\" data-saferedirecturl=\"https:\/\/www.google.com\/url?q=https:\/\/portal.ufsm.br\/usuario\/externo\/cadastro\/estrangeiro.html&amp;source=gmail&amp;ust=1745417114083000&amp;usg=AOvVaw1EOfEhOVGi0_jP_-GknJSF\">cadastro de estrangeiros<\/a>);<\/p>\n<\/li>\n<li dir=\"ltr\">\n<p dir=\"ltr\" role=\"presentation\">Somente membros estrangeiros podem assinar a ata manualmente, conforme previsto no <a href=\"https:\/\/drive.google.com\/open?id=1oZVJzTL3jSEPERBoAgpg5Cs8TnlWK6P2&amp;usp=drive_copy\" target=\"_blank\" rel=\"noopener\" data-saferedirecturl=\"https:\/\/www.google.com\/url?q=https:\/\/drive.google.com\/open?id%3D1oZVJzTL3jSEPERBoAgpg5Cs8TnlWK6P2%26usp%3Ddrive_copy&amp;source=gmail&amp;ust=1745417114083000&amp;usg=AOvVaw0fPgADJcaUfqZ1w-zIp5kK\">Memorando Circular 004\/2024 &#8211; PRPGP<\/a>.<\/p>\n<\/li>\n<\/ul>\n<p dir=\"ltr\">\u00a0 <strong>\u00a0Aten\u00e7\u00e3o:<\/strong><\/p>\n<ul>\n<li dir=\"ltr\">\n<p dir=\"ltr\" role=\"presentation\">Solicita\u00e7\u00f5es de qualifica\u00e7\u00e3o por e-mail n\u00e3o ser\u00e3o mais aceitas;<\/p>\n<\/li>\n<li dir=\"ltr\">\n<p dir=\"ltr\" role=\"presentation\">Processos com formul\u00e1rios fora do padr\u00e3o ser\u00e3o devolvidos para corre\u00e7\u00e3o;<\/p>\n<\/li>\n<li dir=\"ltr\">\n<p dir=\"ltr\" role=\"presentation\">Ajustes no formul\u00e1rio exigem novo preenchimento no <a href=\"https:\/\/forms.gle\/ffypeXJ1Ts2GXi8X8\" target=\"_blank\" rel=\"noopener\" data-saferedirecturl=\"https:\/\/www.google.com\/url?q=https:\/\/forms.gle\/ffypeXJ1Ts2GXi8X8&amp;source=gmail&amp;ust=1745417114083000&amp;usg=AOvVaw1062eyniZ-XFe6w8GsqKa4\">sistema on-line<\/a>; n\u00e3o se deve editar o formul\u00e1rio recebido por e-mail.<\/p>\n<\/li>\n<\/ul>\n<p dir=\"ltr\">\u00a0 \u00a0 <strong>D\u00favidas?<\/strong><\/p>\n<ul>\n<li dir=\"ltr\">\n<p dir=\"ltr\" role=\"presentation\">Entre em contato conosco (<strong><a href=\"mailto:sipos.ccsh@ufsm.br\" target=\"_blank\" rel=\"noopener\">sipos.ccsh@ufsm.br<\/a>)<\/strong>.<\/p>\n<\/li>\n<\/ul>\n<\/div>\n<div>\u00a0<\/div>\n<\/td>\n<\/tr>\n<\/tbody>\n<\/table>\n\n\n\n<p><\/p>\n","protected":false},"excerpt":{"rendered":"<p>Abertura do processo de qualifica\u00e7\u00e3o de mestrado \u00a0 \u00a0 \u00a0Orienta\u00e7\u00f5es para abertura do processo de qualifica\u00e7\u00e3o de mestrado \u00a0 Para iniciar o processo de qualifica\u00e7\u00e3o do mestrado, siga estas instru\u00e7\u00f5es: \u00a0 1. Antes de preencher o formul\u00e1rio\u00a0on-line\u00a0banca de qualifica\u00e7\u00e3o: Envie os dados da banca por e-mail ao(\u00e0) seu(sua) orientador(a), considerando que a comiss\u00e3o examinadora deve [&hellip;]<\/p>\n","protected":false},"author":905,"featured_media":0,"parent":0,"menu_order":0,"comment_status":"closed","ping_status":"closed","template":"","meta":{"footnotes":""},"categories":[26],"tags":[],"class_list":["post-321","page","type-page","status-publish","hentry","category-discentes"],"acf":[],"_links":{"self":[{"href":"https:\/\/www.ufsm.br\/cursos\/pos-graduacao\/santa-maria\/ppgsspp\/wp-json\/wp\/v2\/pages\/321","targetHints":{"allow":["GET"]}}],"collection":[{"href":"https:\/\/www.ufsm.br\/cursos\/pos-graduacao\/santa-maria\/ppgsspp\/wp-json\/wp\/v2\/pages"}],"about":[{"href":"https:\/\/www.ufsm.br\/cursos\/pos-graduacao\/santa-maria\/ppgsspp\/wp-json\/wp\/v2\/types\/page"}],"author":[{"embeddable":true,"href":"https:\/\/www.ufsm.br\/cursos\/pos-graduacao\/santa-maria\/ppgsspp\/wp-json\/wp\/v2\/users\/905"}],"replies":[{"embeddable":true,"href":"https:\/\/www.ufsm.br\/cursos\/pos-graduacao\/santa-maria\/ppgsspp\/wp-json\/wp\/v2\/comments?post=321"}],"version-history":[{"count":0,"href":"https:\/\/www.ufsm.br\/cursos\/pos-graduacao\/santa-maria\/ppgsspp\/wp-json\/wp\/v2\/pages\/321\/revisions"}],"wp:attachment":[{"href":"https:\/\/www.ufsm.br\/cursos\/pos-graduacao\/santa-maria\/ppgsspp\/wp-json\/wp\/v2\/media?parent=321"}],"wp:term":[{"taxonomy":"category","embeddable":true,"href":"https:\/\/www.ufsm.br\/cursos\/pos-graduacao\/santa-maria\/ppgsspp\/wp-json\/wp\/v2\/categories?post=321"},{"taxonomy":"post_tag","embeddable":true,"href":"https:\/\/www.ufsm.br\/cursos\/pos-graduacao\/santa-maria\/ppgsspp\/wp-json\/wp\/v2\/tags?post=321"}],"curies":[{"name":"wp","href":"https:\/\/api.w.org\/{rel}","templated":true}]}}