{"id":322,"date":"2025-04-22T11:38:18","date_gmt":"2025-04-22T14:38:18","guid":{"rendered":"https:\/\/www.ufsm.br\/cursos\/pos-graduacao\/santa-maria\/ppgsspp\/?page_id=322"},"modified":"2025-04-22T11:40:42","modified_gmt":"2025-04-22T14:40:42","slug":"defesa-final-e-ato-de-entrega-final-dissertacao-e-demais-documentos","status":"publish","type":"page","link":"https:\/\/www.ufsm.br\/cursos\/pos-graduacao\/santa-maria\/ppgsspp\/defesa-final-e-ato-de-entrega-final-dissertacao-e-demais-documentos","title":{"rendered":"Defesa final e Ato de entrega Final disserta\u00e7\u00e3o e demais documentos"},"content":{"rendered":"\n<table style=\"border-collapse: collapse;border-style: solid;border-color: #1a0303\">\n<tbody>\n<tr>\n<td style=\"border-style: solid;border-color: #0a0101;background-color: #96e3ae\">\n<h2 style=\"text-align: center\">Defesa final de Disserta\u00e7\u00e3o<\/h2>\n<\/td>\n<\/tr>\n<tr>\n<td style=\"border-style: solid\">\n<div dir=\"ltr\">\n<div>\n<div class=\"gmail_default\"><b>\u00a0 Como agendar a defesa de mestrado<\/b><\/div>\n<div class=\"gmail_default\">\u00a0<\/div>\n<div class=\"gmail_default\">\n<p dir=\"ltr\">\u00a0 Para agendar sua defesa final, siga estes passos:<\/p>\n<p dir=\"ltr\">\u00a0 1. Acesse o Portal Estudantil<\/p>\n<ul>\n<li dir=\"ltr\">\n<p dir=\"ltr\" style=\"text-align: justify\" role=\"presentation\">Antes de agendar a defesa no Portal Estudantil, confira os nomes dos membros da banca com os(as) respectivos(as) docentes ou na <a href=\"https:\/\/buscatextual.cnpq.br\/buscatextual\/busca.do?metodo=apresentar\" target=\"_blank\" rel=\"noopener\" data-saferedirecturl=\"https:\/\/www.google.com\/url?q=https:\/\/buscatextual.cnpq.br\/buscatextual\/busca.do?metodo%3Dapresentar&amp;source=gmail&amp;ust=1745417114083000&amp;usg=AOvVaw2aEFV6Qg50oxzbnmFR0RpQ\">Plataforma Lattes<\/a>. Erros ou nomes incompletos podem invalidar documentos como a ata, a portaria e o atestado da comiss\u00e3o examinadora.<\/p>\n<\/li>\n<\/ul>\n<ul>\n<li dir=\"ltr\">\n<p dir=\"ltr\" role=\"presentation\">Entre no <a href=\"https:\/\/portal.ufsm.br\/estudantil\/\" target=\"_blank\" rel=\"noopener\" data-saferedirecturl=\"https:\/\/www.google.com\/url?q=https:\/\/portal.ufsm.br\/estudantil\/&amp;source=gmail&amp;ust=1745417114083000&amp;usg=AOvVaw0523xsLHKKIyq2BRTarfuy\">Portal Estudantil<\/a>.<\/p>\n<\/li>\n<\/ul>\n<ul>\n<li dir=\"ltr\">\n<p dir=\"ltr\" role=\"presentation\">V\u00e1 ao menu P\u00f3s-Gradua\u00e7\u00e3o \u2192 clique em Defesa de MDT.<\/p>\n<\/li>\n<\/ul>\n<ul>\n<li dir=\"ltr\">\n<p dir=\"ltr\" role=\"presentation\">Preencha o formul\u00e1rio dispon\u00edvel no portal.<\/p>\n<\/li>\n<\/ul>\n<p dir=\"ltr\">\u00a0 2. Composi\u00e7\u00e3o da banca<\/p>\n<ul>\n<li dir=\"ltr\">\n<p dir=\"ltr\" role=\"presentation\">M\u00ednimo: 3 membros efetivos e 1 suplente.<\/p>\n<\/li>\n<\/ul>\n<ul>\n<li dir=\"ltr\">\n<p dir=\"ltr\" role=\"presentation\">Obrigat\u00f3rio: Pelo menos 1 membro efetivo deve ser externo \u00e0 UFSM (<a href=\"https:\/\/portal.ufsm.br\/documentos\/download.html?action=arquivosIndexados&amp;id=14820644&amp;download=false\" target=\"_blank\" rel=\"noopener\" data-saferedirecturl=\"https:\/\/www.google.com\/url?q=https:\/\/portal.ufsm.br\/documentos\/download.html?action%3DarquivosIndexados%26id%3D14820644%26download%3Dfalse&amp;source=gmail&amp;ust=1745417114083000&amp;usg=AOvVaw1mEo_wpcNkxsmvDmNhB0UK\">Regulamento da P\u00f3s-Gradua\u00e7\u00e3o<\/a>, Art. 110, \u00a71\u00b0).<\/p>\n<\/li>\n<\/ul>\n<ul>\n<li dir=\"ltr\">\n<p dir=\"ltr\" role=\"presentation\">Restri\u00e7\u00f5es: C\u00f4njuges e parentes at\u00e9 o 3\u00ba grau do(a) discente ou do(a) orientador(a) n\u00e3o podem fazer parte da banca (<a href=\"https:\/\/portal.ufsm.br\/documentos\/download.html?action=arquivosIndexados&amp;id=14820644&amp;download=false\" target=\"_blank\" rel=\"noopener\" data-saferedirecturl=\"https:\/\/www.google.com\/url?q=https:\/\/portal.ufsm.br\/documentos\/download.html?action%3DarquivosIndexados%26id%3D14820644%26download%3Dfalse&amp;source=gmail&amp;ust=1745417114083000&amp;usg=AOvVaw1mEo_wpcNkxsmvDmNhB0UK\">Regulamento da P\u00f3s-Gradua\u00e7\u00e3o<\/a>, Art. 110, \u00a74\u00ba).<\/p>\n<\/li>\n<\/ul>\n<p dir=\"ltr\">\u00a0 3. Prazos e requisitos<\/p>\n<ul>\n<li dir=\"ltr\">\n<p dir=\"ltr\" role=\"presentation\">Solicite agendamento da defesa no <a href=\"https:\/\/portal.ufsm.br\/estudantil\/\" target=\"_blank\" rel=\"noopener\" data-saferedirecturl=\"https:\/\/www.google.com\/url?q=https:\/\/portal.ufsm.br\/estudantil\/&amp;source=gmail&amp;ust=1745417114083000&amp;usg=AOvVaw0523xsLHKKIyq2BRTarfuy\">Portal Estudantil<\/a> com no m\u00ednimo 21 dias de anteced\u00eancia.<\/p>\n<\/li>\n<\/ul>\n<ul>\n<li dir=\"ltr\">\n<p dir=\"ltr\" role=\"presentation\">Para agendar, voc\u00ea n\u00e3o pode ter pend\u00eancias no Plano de Estudos ou em outros portais da UFSM (disciplinas, multas, livros da biblioteca, etc.).<\/p>\n<\/li>\n<\/ul>\n<p dir=\"ltr\">\u00a0 4. O que informar no sistema<\/p>\n<p dir=\"ltr\">\u00a0 4.1 Para membros da UFSM<\/p>\n<ul>\n<li dir=\"ltr\">\n<p dir=\"ltr\" role=\"presentation\">Nome completo.<\/p>\n<\/li>\n<li dir=\"ltr\">\n<p dir=\"ltr\" role=\"presentation\">Tipo de participa\u00e7\u00e3o (orientador, presidente, coorientador, examinador).<\/p>\n<\/li>\n<li dir=\"ltr\">\n<p dir=\"ltr\" role=\"presentation\">Forma de participa\u00e7\u00e3o (efetivo ou suplente).<\/p>\n<\/li>\n<\/ul>\n<p dir=\"ltr\">\u00a0 4.2 Para membros externos \u00e0 UFSM<\/p>\n<ul>\n<li dir=\"ltr\">\n<p dir=\"ltr\" role=\"presentation\">Nome completo.<\/p>\n<\/li>\n<li dir=\"ltr\">\n<p dir=\"ltr\" role=\"presentation\">Sigla e nome da institui\u00e7\u00e3o de origem.<\/p>\n<\/li>\n<li dir=\"ltr\">\n<p dir=\"ltr\" role=\"presentation\">CPF (ou passaporte, se estrangeiro).<\/p>\n<\/li>\n<li dir=\"ltr\">\n<p dir=\"ltr\" role=\"presentation\">Data de nascimento.<\/p>\n<\/li>\n<li dir=\"ltr\">\n<p dir=\"ltr\" role=\"presentation\">Titula\u00e7\u00e3o (m\u00ednimo doutor).<\/p>\n<\/li>\n<li dir=\"ltr\">\n<p dir=\"ltr\" role=\"presentation\">Tipo de participa\u00e7\u00e3o (coorientador ou examinador).<\/p>\n<\/li>\n<li dir=\"ltr\">\n<p dir=\"ltr\" role=\"presentation\">Forma de participa\u00e7\u00e3o (efetivo ou suplente).<\/p>\n<\/li>\n<\/ul>\n<p dir=\"ltr\">\u00a0 4.3 Outras informa\u00e7\u00f5es<\/p>\n<ul>\n<li dir=\"ltr\">\n<p dir=\"ltr\" role=\"presentation\">Data e hor\u00e1rio exatos da defesa.<\/p>\n<\/li>\n<\/ul>\n<p dir=\"ltr\">\u00a0 5. Processo de Aprova\u00e7\u00e3o:<\/p>\n<ul>\n<li dir=\"ltr\">\n<p dir=\"ltr\" role=\"presentation\">Discente: solicita a defesa no sistema e envia para o(a) orientador(a).<\/p>\n<\/li>\n<\/ul>\n<ul>\n<li dir=\"ltr\">\n<p dir=\"ltr\" role=\"presentation\">Orientador(a): verifica e envia \u00e0 coordena\u00e7\u00e3o do curso (ou devolve para ajustes).<\/p>\n<\/li>\n<\/ul>\n<ul>\n<li dir=\"ltr\">\n<p dir=\"ltr\" role=\"presentation\">Coordena\u00e7\u00e3o: analisa e tramita para a PRPGP (ou devolve para ajustes).<\/p>\n<\/li>\n<\/ul>\n<ul>\n<li dir=\"ltr\">\n<p dir=\"ltr\" role=\"presentation\">PRPGP: aprova ou devolve para ajustes.<\/p>\n<\/li>\n<\/ul>\n<p dir=\"ltr\">\u00a0 6. Envio do formul\u00e1rio de defesa<\/p>\n<p dir=\"ltr\">Envie o formul\u00e1rio de defesa (vers\u00e3o em Word e em PDF) para\u00a0<a href=\"mailto:sipos.ccsh@ufsm.br\" target=\"_blank\" rel=\"noopener\">sipos.ccsh@ufsm.br<\/a>, cujo modelo segue em anexo.\u00a0<\/p>\n<ul>\n<li dir=\"ltr\">\n<p dir=\"ltr\" role=\"presentation\"><a href=\"https:\/\/drive.google.com\/file\/d\/1VxGLd73dlm4rVC8hsUMFsJoq_uITlS0x\/view?usp=sharing\" target=\"_blank\" rel=\"noopener\" data-saferedirecturl=\"https:\/\/www.google.com\/url?q=https:\/\/drive.google.com\/file\/d\/1VxGLd73dlm4rVC8hsUMFsJoq_uITlS0x\/view?usp%3Dsharing&amp;source=gmail&amp;ust=1745417114083000&amp;usg=AOvVaw08ES4Ar7-jWBPk0WcOPT1d\">Anexo 1 &#8211; Modelo do formul\u00e1rio de defesa<\/a>; ou<\/p>\n<\/li>\n<\/ul>\n<ul>\n<li dir=\"ltr\">\n<p dir=\"ltr\" role=\"presentation\"><a href=\"https:\/\/docs.google.com\/document\/d\/1A29SNHrYoQ3ODmSttAPVHwJPQ1j9PkUM\/edit?usp=sharing&amp;ouid=107322142642818420708&amp;rtpof=true&amp;sd=true\" target=\"_blank\" rel=\"noopener\" data-saferedirecturl=\"https:\/\/www.google.com\/url?q=https:\/\/docs.google.com\/document\/d\/1A29SNHrYoQ3ODmSttAPVHwJPQ1j9PkUM\/edit?usp%3Dsharing%26ouid%3D107322142642818420708%26rtpof%3Dtrue%26sd%3Dtrue&amp;source=gmail&amp;ust=1745417114083000&amp;usg=AOvVaw3OyuarPawiJhTSSxSRFwJD\">Anexo 2 &#8211; Formul\u00e1rio alternativo<\/a>, caso o menu do Anexo 1 n\u00e3o funcione no seu computador.<\/p>\n<\/li>\n<\/ul>\n<p dir=\"ltr\">\u00a0 Obs.: O formul\u00e1rio n\u00e3o precisa estar assinado.<\/p>\n<p dir=\"ltr\">\u00a0 7. Agendamento de local de defesa:<\/p>\n<p dir=\"ltr\">\u00a0 7.1 Presencial: Solicite sala pelo e-mail <a href=\"mailto:infra.ccsh@ufsm.br\" target=\"_blank\" rel=\"noopener\">infra.ccsh@ufsm.br<\/a>, informando:<\/p>\n<ul>\n<li dir=\"ltr\">\n<p dir=\"ltr\" role=\"presentation\">Nome completo.<\/p>\n<\/li>\n<li dir=\"ltr\">\n<p dir=\"ltr\" role=\"presentation\">Curso.<\/p>\n<\/li>\n<li dir=\"ltr\">\n<p dir=\"ltr\" role=\"presentation\">Matr\u00edcula.<\/p>\n<\/li>\n<li dir=\"ltr\">\n<p dir=\"ltr\" role=\"presentation\">Data da defesa.<\/p>\n<\/li>\n<li dir=\"ltr\">\n<p dir=\"ltr\" role=\"presentation\">Hor\u00e1rio da defesa.<\/p>\n<\/li>\n<li dir=\"ltr\">\n<p dir=\"ltr\" role=\"presentation\">Nome do(a) orientador(a).\u00a0<\/p>\n<\/li>\n<li dir=\"ltr\">\n<p dir=\"ltr\" role=\"presentation\">Confirme no e-mail que a defesa ser\u00e1 exclusivamente presencial.<\/p>\n<\/li>\n<\/ul>\n<p dir=\"ltr\">\u00a0 7.2 Videoconfer\u00eancia: Combine o link com seu(sua) orientador(a).\u00a0<\/p>\n<p dir=\"ltr\">\u00a0 7.3 H\u00edbrida: combine o link com seu(sua) orientador(a) e agende a sala de videoconfer\u00eancia pelo telefone 3220-9625 ou presencialmente na sala 4413, Pr\u00e9dio 74C, informando:<\/p>\n<ul>\n<li dir=\"ltr\">\n<p dir=\"ltr\" role=\"presentation\">Nome completo.<\/p>\n<\/li>\n<li dir=\"ltr\">\n<p dir=\"ltr\" role=\"presentation\">Curso.<\/p>\n<\/li>\n<li dir=\"ltr\">\n<p dir=\"ltr\" role=\"presentation\">Matr\u00edcula.<\/p>\n<\/li>\n<li dir=\"ltr\">\n<p dir=\"ltr\" role=\"presentation\">Data da defesa.\u00a0<\/p>\n<\/li>\n<li dir=\"ltr\">\n<p dir=\"ltr\" role=\"presentation\">Hor\u00e1rio da defesa.<\/p>\n<\/li>\n<li dir=\"ltr\">\n<p dir=\"ltr\" role=\"presentation\">Nome do(a) orientador(a).<\/p>\n<\/li>\n<li dir=\"ltr\">\n<p dir=\"ltr\" role=\"presentation\">SIAPE do(a) orientador(a).<\/p>\n<\/li>\n<\/ul>\n<p dir=\"ltr\">\u00a0Obs1: para evitar interrup\u00e7\u00f5es, sugere-se criar o link no dom\u00ednio @<a href=\"http:\/\/ufsm.br\/\" target=\"_blank\" rel=\"noopener\" data-saferedirecturl=\"https:\/\/www.google.com\/url?q=http:\/\/ufsm.br&amp;source=gmail&amp;ust=1745417114083000&amp;usg=AOvVaw2bAFyQF9fkOxe-7szuuTvR\">ufsm.br<\/a>\u00a0ou @<a href=\"http:\/\/acad.ufsm.br\/\" target=\"_blank\" rel=\"noopener\" data-saferedirecturl=\"https:\/\/www.google.com\/url?q=http:\/\/acad.ufsm.br&amp;source=gmail&amp;ust=1745417114083000&amp;usg=AOvVaw1ElVWsJvNGDRXVQ49x0dt8\">acad.ufsm.br<\/a>.<\/p>\n<p dir=\"ltr\">\u00a0Obs2: por seguran\u00e7a, n\u00e3o inclua o link da sala no formul\u00e1rio. Informe apenas um e-mail para interessados solicitarem o acesso \u00e0 sala virtual.<\/p>\n<p dir=\"ltr\">\u00a0Obs3: O SIAPE do(a) orientador(a) pode ser obtido diretamente com ele(a) ou neste <a href=\"https:\/\/www.ufsm.br\/pro-reitorias\/progep\/consulta-servidor\" target=\"_blank\" rel=\"noopener\" data-saferedirecturl=\"https:\/\/www.google.com\/url?q=https:\/\/www.ufsm.br\/pro-reitorias\/progep\/consulta-servidor&amp;source=gmail&amp;ust=1745417114083000&amp;usg=AOvVaw3Mt1fgAIaeS1x3Q4vEA7Lv\">link<\/a>.<\/p>\n<p dir=\"ltr\">\u00a0Obs4: Voc\u00ea pode alterar o t\u00edtulo da disserta\u00e7\u00e3o ao agendar a defesa, desde que seu(sua) orientador(a) autorize.<\/p>\n<p dir=\"ltr\">\u00a0<\/p>\n<\/div>\n<\/div>\n<\/div>\n<div class=\"iX\">\u00a0Orienta\u00e7\u00f5es SIPOS<\/div>\n<\/td>\n<\/tr>\n<tr>\n<td style=\"border-style: solid;border-color: #0a0101;background-color: #8feba4\">\n<h2 style=\"text-align: center\">Ato de entrega Final disserta\u00e7\u00e3o<\/h2>\n<\/td>\n<\/tr>\n<tr>\n<td style=\"border-style: solid\">\n<p style=\"text-align: center\"><strong>INSTRU\u00c7\u00d5ES PARA ENTREGA DA VERS\u00c3O FINAL DA DISSERTA\u00c7\u00c3O DE MESTRADO<\/strong><\/p>\n<p><strong>\u00a0 \u00a0\u21d2 <\/strong><strong>Procedimento digital via PEN-SIE:\u00a0<\/strong><\/p>\n<p>\u00a0 \u00a0Antes de iniciar o ato de entrega, favor ler o <a href=\"https:\/\/www.ufsm.br\/app\/uploads\/sites\/544\/2022\/07\/Memo-Circ-04-2022-entrega-da-versao-final-MDT-digital-ASSINADO-2.pdf\" target=\"_blank\" rel=\"noopener\">Memorando Circular n.\u00ba 04-2022 \u2013 Entrega da vers\u00e3o final MDT digital<\/a>.<\/p>\n<p style=\"text-align: justify\">\u00a0 \u00a0Para solicita\u00e7\u00e3o da tramita\u00e7\u00e3o do Diploma de Mestre em Servi\u00e7o Social e Pol\u00edticas P\u00fablicas <u><strong>o(a) discente dever\u00e1<\/strong>\u00a0<strong>abrir um processo de \u201cAto de Entrega de MDT\u201d, via PEN-SIE<\/strong><\/u>\u00a0(conforme o\u00a0<u><a href=\"https:\/\/www.ufsm.br\/app\/uploads\/sites\/544\/2022\/07\/TUTORIAL-Ato-de-entrega-de-MDT-versao-05-07-22-edicao-PRPGP-1-2.pdf\" target=\"_blank\" rel=\"noopener\">TUTORIAL Ato de entrega de MDT \u2013 vers\u00e3o julho 2022 \u2013 edi\u00e7\u00e3o PRPGP<\/a><\/u>) e\u00a0<strong><u>anexar a este processo os seguintes documentos<\/u><\/strong>\u00a0(dentro do prazo estabelecido pela Comiss\u00e3o Examinadora para as altera\u00e7\u00f5es na Disserta\u00e7\u00e3o):<\/p>\n<ol style=\"text-align: justify\">\n<li>A Disserta\u00e7\u00e3o em formato PDF, de acordo com o\u00a0<a href=\"https:\/\/www.ufsm.br\/app\/uploads\/sites\/512\/2022\/09\/Manual-de-Dissertacoes-e-Teses_MDT_2021.pdf\" target=\"_blank\" rel=\"noopener\">Manual de Disserta\u00e7\u00f5es e Teses_- MDT_2021<\/a>\u00a0da UFSM.\u00a0<strong>ATEN\u00c7\u00c3O:<\/strong>\u00a0De acordo com o Item 10, p\u00e1gina 17, do MDT da UFSM (link acima), a\u00a0<strong>folha de aprova\u00e7\u00e3<\/strong><strong>o SEMPRE<\/strong><strong>\u00a0deve constar no arquivo da Disserta\u00e7\u00e3o<\/strong>. Frise-se que a folha de aprova\u00e7\u00e3o\u00a0<strong>N\u00c3O NECESSITA<\/strong>\u00a0da assinatura de orientador ou membros da banca de defesa. Al\u00e9m disso, a Disserta\u00e7\u00e3o\u00a0<strong>dever\u00e1 conter ficha catalogr\u00e1fica<\/strong>\u00a0(obtida no site da Biblioteca Central da UFSM, ou clicando\u00a0<a href=\"https:\/\/www.ufsm.br\/orgaos-suplementares\/biblioteca\/ficha-catalografica-2\/\" target=\"_blank\" rel=\"noopener\">AQUI<\/a>);<\/li>\n<li>O Artigo Cient\u00edfico em formato PDF, resultado do estudo, em co-autoria com o(a) orientador(a);<\/li>\n<li>O formul\u00e1rio\u00a0<a href=\"https:\/\/www.ufsm.br\/app\/uploads\/sites\/512\/2022\/09\/Autorizacao_Biblioteca-UFSM.doc\" target=\"_blank\" rel=\"noopener\">Autoriza\u00e7\u00e3o_para Libera\u00e7\u00e3o on-line de Trabalhos de Conclus\u00e3o \u2013 Biblioteca Central UFSM<\/a>, que dever\u00e1 ser preenchido e assinado digitalmente pelo discente no pr\u00f3prio processo PEN-SIE (ap\u00f3s anexado, clicar no s\u00edmbolo de \u201cchave\u201d, \u00e0 esquerda do arquivo a ser assinado, e inserir a senha da assinatura eletr\u00f4nica da UFSM).<\/li>\n<\/ol>\n<p style=\"text-align: justify\">\u00a0 \u00a0Ap\u00f3s anexar os documentos acima relacionados, <strong>o(a) aluno(a) dever\u00e1 tramitar o processo para o(a) seu\/sua orientador(a)<\/strong>.<\/p>\n<p style=\"text-align: justify\">\u00a0 O(a) docente orientador(a), <strong>ap\u00f3s realizada a confer\u00eancia<\/strong>\u00a0de Disserta\u00e7\u00e3o, Artigo Cient\u00edfico e Formul\u00e1rio de Autoriza\u00e7\u00e3o da Biblioteca, deve tramitar o Processo PEN-SIE para a Coordena\u00e7\u00e3o do Programa de P\u00f3s-Gradua\u00e7\u00e3o em Administra\u00e7\u00e3o P\u00fablica,\u00a0<strong>SEM ASSINAR a Disserta\u00e7\u00e3o e o Artigo Cient\u00edfico<\/strong>\u00a0(quando o documento \u00e9 assinado pelo\/a docente\u00a0<strong>a Biblioteca Central da UFSM n\u00e3o aceita receber a Disserta\u00e7\u00e3o<\/strong>).<\/p>\n<p style=\"text-align: justify\"><strong>\u00a0 OBSERVA\u00c7\u00c3O 1:<\/strong>\u00a0A Ata de Defesa,\u00a0<strong>devidamente assinada<\/strong>\u00a0pela Comiss\u00e3o Examinadora (inclusive pelo\/a docente orientador\/a),\u00a0<strong>ser\u00e1 anexada ao processo<\/strong>\u00a0pela Secretaria Integrada de Cursos de P\u00f3s-Gradua\u00e7\u00e3o (SIPOS),\u00a0<strong>ap\u00f3s<\/strong> a tramita\u00e7\u00e3o do processo do(a) docente orientador(a) para a Coordena\u00e7\u00e3o do PPGSSPP. Se todos os documentos inseridos estiverem de acordo com os requisitos da Biblioteca Central da UFSM, a Coordena\u00e7\u00e3o\/SIPOS realizar\u00e1 todas as tramita\u00e7\u00f5es finais \u00e0 PRPGP, para verifica\u00e7\u00e3o e encaminhamento do diploma.<\/p>\n<p style=\"text-align: justify\"><strong>\u00a0 OBSERVA\u00c7\u00c3O 2: <\/strong>Caso o(a) autor(a) da Disserta\u00e7\u00e3o\/Artigo Cient\u00edfico\u00a0<strong>N\u00c3O desejar a libera\u00e7\u00e3o\/publica\u00e7\u00e3o imediata<\/strong>\u00a0<strong>de seu trabalho ao p\u00fablico<\/strong>, dever\u00e1 marcar a op\u00e7\u00e3o \u201c<strong>Acesso Restrito<\/strong>\u201d\u00a0<strong>no momento em que estiver anexando o documento PDF ao processo PEN-SIE<\/strong>\u00a0de Ato de Entrega de MDT (essa op\u00e7\u00e3o deve ser marcada no momento de realiza\u00e7\u00e3o do\u00a0<em>upload<\/em>\u00a0do arquivo).<\/p>\n<p style=\"text-align: justify\"><strong>\u00a0 OBSERVA\u00c7\u00c3O 3: <\/strong>Favor lembrar que no processo de Ato de Entrega de MDT os arquivos de Disserta\u00e7\u00e3o\/Artigo Cient\u00edfico\u00a0<strong>NUNCA devem ser assinados pelo(a) professor(a) orientador(a)<\/strong>.<\/p>\n<p style=\"text-align: justify\"><strong>\u00a0 OBSERVA\u00c7\u00c3O 4:<\/strong>\u00a0O ato de entrega\u00a0<strong>ser\u00e1 SEMPRE on-line<\/strong>, por meio de Processo PEN-SIE, e o(a) discente tem a obriga\u00e7\u00e3o de realizar o acompanhamento deste.<\/p>\n<p style=\"text-align: justify\"><strong>\u00a0 OBSERVA\u00c7\u00c3O 5: <\/strong>Em caso de\u00a0<strong>urg\u00eancia na solicita\u00e7\u00e3o do diploma<\/strong>, o(a) discente dever\u00e1 anexar ao Processo PEN-SIE de Ato de Entrega de MDT o formul\u00e1rio de\u00a0\u00a0<a href=\"https:\/\/www.ufsm.br\/pro-reitorias\/prpgp\/servicos\/urgencia-para-emissao-de-diploma-da-pos-graduacao\/\" target=\"_blank\" rel=\"noopener\">Solicita\u00e7\u00e3o de Urg\u00eancia para Emiss\u00e3o do Diploma<\/a>, devidamente\u00a0<strong>preenchido e assinado digitalmente pelo(a) discente<\/strong>.<\/p>\n<\/td>\n<\/tr>\n<\/tbody>\n<\/table>\n\n\n\n<p><\/p>\n","protected":false},"excerpt":{"rendered":"<p>Defesa final de Disserta\u00e7\u00e3o \u00a0 Como agendar a defesa de mestrado \u00a0 \u00a0 Para agendar sua defesa final, siga estes passos: \u00a0 1. Acesse o Portal Estudantil Antes de agendar a defesa no Portal Estudantil, confira os nomes dos membros da banca com os(as) respectivos(as) docentes ou na Plataforma Lattes. Erros ou nomes incompletos podem [&hellip;]<\/p>\n","protected":false},"author":905,"featured_media":0,"parent":0,"menu_order":0,"comment_status":"closed","ping_status":"closed","template":"","meta":{"footnotes":""},"categories":[],"tags":[],"class_list":["post-322","page","type-page","status-publish","hentry"],"acf":[],"_links":{"self":[{"href":"https:\/\/www.ufsm.br\/cursos\/pos-graduacao\/santa-maria\/ppgsspp\/wp-json\/wp\/v2\/pages\/322","targetHints":{"allow":["GET"]}}],"collection":[{"href":"https:\/\/www.ufsm.br\/cursos\/pos-graduacao\/santa-maria\/ppgsspp\/wp-json\/wp\/v2\/pages"}],"about":[{"href":"https:\/\/www.ufsm.br\/cursos\/pos-graduacao\/santa-maria\/ppgsspp\/wp-json\/wp\/v2\/types\/page"}],"author":[{"embeddable":true,"href":"https:\/\/www.ufsm.br\/cursos\/pos-graduacao\/santa-maria\/ppgsspp\/wp-json\/wp\/v2\/users\/905"}],"replies":[{"embeddable":true,"href":"https:\/\/www.ufsm.br\/cursos\/pos-graduacao\/santa-maria\/ppgsspp\/wp-json\/wp\/v2\/comments?post=322"}],"version-history":[{"count":0,"href":"https:\/\/www.ufsm.br\/cursos\/pos-graduacao\/santa-maria\/ppgsspp\/wp-json\/wp\/v2\/pages\/322\/revisions"}],"wp:attachment":[{"href":"https:\/\/www.ufsm.br\/cursos\/pos-graduacao\/santa-maria\/ppgsspp\/wp-json\/wp\/v2\/media?parent=322"}],"wp:term":[{"taxonomy":"category","embeddable":true,"href":"https:\/\/www.ufsm.br\/cursos\/pos-graduacao\/santa-maria\/ppgsspp\/wp-json\/wp\/v2\/categories?post=322"},{"taxonomy":"post_tag","embeddable":true,"href":"https:\/\/www.ufsm.br\/cursos\/pos-graduacao\/santa-maria\/ppgsspp\/wp-json\/wp\/v2\/tags?post=322"}],"curies":[{"name":"wp","href":"https:\/\/api.w.org\/{rel}","templated":true}]}}