{"id":1059,"date":"2019-04-30T16:20:11","date_gmt":"2019-04-30T19:20:11","guid":{"rendered":"https:\/\/www.ufsm.br\/cursos\/pos-graduacao\/santa-maria\/ppgter\/?page_id=1059"},"modified":"2025-10-24T22:21:33","modified_gmt":"2025-10-25T01:21:33","slug":"docentes","status":"publish","type":"page","link":"https:\/\/www.ufsm.br\/cursos\/pos-graduacao\/santa-maria\/ppgter\/docentes","title":{"rendered":"Docentes"},"content":{"rendered":"\t\t<div data-elementor-type=\"wp-post\" data-elementor-id=\"1059\" class=\"elementor elementor-1059\">\n\t\t\t\t\t\t<section class=\"elementor-section elementor-top-section elementor-element elementor-element-6703cc48 elementor-section-boxed elementor-section-height-default elementor-section-height-default\" data-id=\"6703cc48\" data-element_type=\"section\">\n\t\t\t\t\t\t<div class=\"elementor-container elementor-column-gap-default\">\n\t\t\t\t\t<div class=\"elementor-column elementor-col-100 elementor-top-column elementor-element elementor-element-8539144\" data-id=\"8539144\" data-element_type=\"column\">\n\t\t\t<div class=\"elementor-widget-wrap elementor-element-populated\">\n\t\t\t\t\t\t<div class=\"elementor-element elementor-element-ff5529c elementor-widget elementor-widget-text-editor\" data-id=\"ff5529c\" data-element_type=\"widget\" data-widget_type=\"text-editor.default\">\n\t\t\t\t<div class=\"elementor-widget-container\">\n\t\t\t\t\t\t\t<p><\/p>\n<table style=\"width: 100%;height: 1626px\">\n<tbody>\n<tr style=\"height: 48px\">\n<td style=\"height: 48px;width: 21.1902%\"><strong>Professor<\/strong><\/td>\n<td style=\"width: 20.0743%\"><strong>Departamento<\/strong><\/td>\n<td style=\"height: 48px;width: 15.9733%\"><strong>E-mail<\/strong><\/td>\n<td style=\"height: 48px;width: 41.0982%\"><strong>Grupos de Pesquisa&nbsp; &nbsp; &nbsp; &nbsp; &nbsp; &nbsp; &nbsp; &nbsp; &nbsp; &nbsp; &nbsp; &nbsp; &nbsp; &nbsp; &nbsp; &nbsp; &nbsp;&nbsp;<\/strong><\/td>\n<\/tr>\n<tr>\n<td style=\"width: 21.1902%\">&nbsp;<a href=\"http:\/\/lattes.cnpq.br\/6708087109033303\" target=\"_blank\" rel=\"noopener\">Adriana Soares Pereira<\/a><\/td>\n<td style=\"width: 20.0743%\"><span style=\"color: #000000;font-size: 16px\">Departamento de Tecnologia da Informa\u00e7\u00e3o &#8211; UFSM &#8211; FW<\/span><\/td>\n<td style=\"width: 15.9733%\"><a href=\"mailto:malito:adriana.pereira@ufsm.br\">adriana.pereira@ufsm.br<\/a><\/td>\n<td style=\"width: 41.0982%\"><a href=\"http:\/\/dgp.cnpq.br\/dgp\/espelhogrupo\/4480770673858382\" target=\"_blank\" rel=\"noopener\">Grupo de Pesquisa Sistemas de Computa\u00e7\u00e3o<\/a><\/td>\n<\/tr>\n<tr style=\"height: 96px\">\n<td style=\"height: 96px;width: 21.1902%\"><a href=\"http:\/\/buscatextual.cnpq.br\/buscatextual\/visualizacv.do?id=K4701261U2\">Ana Cl\u00e1udia Oliveira Pav\u00e3o<\/a>&nbsp; &nbsp; &nbsp; &nbsp; &nbsp; &nbsp; &nbsp; &nbsp; &nbsp; &nbsp; &nbsp; &nbsp; &nbsp;&nbsp;<\/td>\n<td style=\"width: 20.0743%\">\n<p>Departamento de Educa\u00e7\u00e3o Especial<\/p>\n<\/td>\n<td style=\"height: 96px;width: 15.9733%\">\n<p><a href=\"mailto:anaclaudiaoliveirapavao@gmail.com\">anaclaudiaoliveirapavao@gmail.com<\/a><\/p>\n<\/td>\n<td style=\"height: 96px;width: 41.0982%\">\n<p><a href=\"http:\/\/dgp.cnpq.br\/dgp\/espelhogrupo\/47178\">Grupo de pesquisa em educa\u00e7\u00e3o, sa\u00fade e inclus\u00e3o &#8211; GEPEDUSI<\/a><\/p>\n<p><a href=\"http:\/\/dgp.cnpq.br\/dgp\/espelhogrupo\/40717\">Grupo de Pesquisa Interdisciplinar em Educa\u00e7\u00e3o<\/a><\/p>\n<\/td>\n<\/tr>\n<tr>\n<td style=\"width: 21.1902%\"><a href=\"http:\/\/lattes.cnpq.br\/3422363329512937\">Andr\u00e9 Firpo Bevil\u00e1qua<\/a><\/td>\n<td style=\"width: 20.0743%\"><span style=\"color: #000000;font-size: 16px\">Departamento de Letras Estrangeiras e Modernas<\/span><\/td>\n<td style=\"width: 15.9733%\"><a href=\"mailto:malito:andr\u00e9.firpo@ufsm.br\">andr\u00e9.firpo@ufsm.br<\/a><\/td>\n<td style=\"width: 41.0982%\"><a href=\"http:\/\/dgp.cnpq.br\/dgp\/espelhogrupo\/9642242030553146\" style=\"font-size: 16px\">Grupo de Investiga\u00e7\u00f5es sobre Tecnologias, Ensino e Aprendizagem (GITEA)<\/a><\/td>\n<\/tr>\n<tr style=\"height: 96px\">\n<td style=\"height: 96px;width: 21.1902%\"><a href=\"http:\/\/buscatextual.cnpq.br\/buscatextual\/visualizacv.do?id=K4760880H0\">Andre Zanki Cordenonsi<\/a><\/td>\n<td style=\"width: 20.0743%\">Departamento de Arquivologia<\/td>\n<td style=\"height: 96px;width: 15.9733%\"><a href=\"mailto:andre.cordenonsi@ufsm.br\">andre.cordenonsi@ufsm.br<\/a><\/td>\n<td style=\"height: 96px;width: 41.0982%\"><a href=\"http:\/\/dgp.cnpq.br\/dgp\/espelhogrupo\/507678\">GpTEc &#8211; Grupo de Pesquisa em Tecnologias Educacionais<\/a><\/td>\n<\/tr>\n<tr style=\"height: 96px\">\n<td style=\"height: 98px;width: 21.1902%\">\n<p><a href=\"http:\/\/lattes.cnpq.br\/4778123922306066\">Andrea Ad Reginatto<\/a><\/p>\n<\/td>\n<td style=\"width: 20.0743%\">Departamento de Letras Vern\u00e1culas<\/td>\n<td style=\"height: 98px;width: 15.9733%\"><a href=\"mailto:aadrea.reginatto@gmail.com\">andrea.reginatto@<\/a><a href=\"mailto:andrea.reginatto@ufsm.br\">ufsm.br<\/a><\/td>\n<td style=\"height: 98px;width: 41.0982%\">\n<p><a href=\"http:\/\/dgp.cnpq.br\/dgp\/espelhogrupo\/8658327288231634\" target=\"_blank\" rel=\"noopener noreferrer\">GEPETER &#8211; Grupo de estudos e pequisa em tecnologias educacionais em rede&nbsp;<\/a><\/p>\n<p>Grupo de Estudos Pesquisas em Linguagens e Tecnologias &#8211; Geltec<\/p>\n<\/td>\n<\/tr>\n<tr>\n<td style=\"width: 21.1902%\"><a style=\"color: #204c90;font-size: 16px\" href=\"http:\/\/lattes.cnpq.br\/7916422859401479\">Augusto Maciel da Silva<\/a><\/td>\n<td style=\"width: 20.0743%\"><span style=\"color: #000000;font-size: 16px\">Departamento de Estat\u00edstica<\/span><\/td>\n<td style=\"width: 15.9733%\">&nbsp;<a style=\"color: #204c90;font-size: 16px\" href=\"mailto:malito:augusto.silva@ufsm.br\">augusto.silva@ufsm.br<\/a><\/td>\n<td style=\"width: 41.0982%\"><span style=\"color: #000000;font-size: 16px\"><a href=\"http:\/\/dgp.cnpq.br\/dgp\/espelhogrupo\/42019\">Estat\u00edstica Computacional e Ci\u00eancia de Dados<\/a><br><a href=\"http:\/\/dgp.cnpq.br\/dgp\/espelhogrupo\/23191\">Experimenta\u00e7\u00e3o<\/a><\/span><\/td>\n<\/tr>\n<tr>\n<td style=\"width: 21.1902%\"><a href=\"http:\/\/lattes.cnpq.br\/9291908497876944\" target=\"_blank\" rel=\"noopener\">Carolina Fernandes Alves Pastoriza<\/a><\/td>\n<td style=\"width: 20.0743%\"><span style=\"color: #000000;font-size: 16px\">Departamento de Metodologia do Ensino<\/span><\/td>\n<td style=\"width: 15.9733%\"><a href=\"mailto:malito:carolina.pastoriza@ufsm.br\" target=\"_blank\" rel=\"noopener\">carolina.pastoriza@ufsm.br<\/a><\/td>\n<td style=\"width: 41.0982%\"><a href=\"http:\/\/dgp.cnpq.br\/dgp\/espelhogrupo\/9642242030553146\" style=\"font-size: 16px\">Grupo de Investiga\u00e7\u00f5es sobre Tecnologias, Ensino e Aprendizagem (GITEA)<\/a><\/td>\n<\/tr>\n<tr style=\"height: 80px\">\n<td style=\"height: 80px;width: 21.1902%\">\n<p><a href=\"http:\/\/lattes.cnpq.br\/1268711809269176\">Fernando de Jesus Moreira Junior<\/a><\/p>\n<\/td>\n<td style=\"width: 20.0743%\">Departamento de Estat\u00edstica<\/td>\n<td style=\"height: 80px;width: 15.9733%\"><a href=\"mailto:fernando.junior@ufsm.br\" target=\"_blank\" rel=\"noopener\">fernando.junior@ufsm.br<\/a><\/td>\n<td style=\"height: 80px;width: 41.0982%\"><a href=\"http:\/\/dgp.cnpq.br\/dgp\/espelhogrupo\/823983\">GEPTRI:&nbsp;Grupo de Estudos e Pesquisas em Teoria da Resposta ao Item<\/a><a href=\"http:\/\/dgp.cnpq.br\/dgp\/espelhogrupo\/7185344376070489\" target=\"_blank\" rel=\"noopener noreferrer\">&nbsp;<\/a><\/td>\n<\/tr>\n<tr>\n<td style=\"width: 21.1902%\"><a href=\"http:\/\/lattes.cnpq.br\/0210940455131933\">Giani Petri<\/a><\/td>\n<td style=\"width: 20.0743%\">\n<p>Departamento de Ensino &#8211; Col\u00e9gio Polit\u00e9cnico da UFSM<\/p>\n<\/td>\n<td style=\"width: 15.9733%\">\n<p><a href=\"mailto:giani.petri@ufsm.br\" target=\"_blank\" rel=\"noopener\">giani.petri@ufsm.br<\/a><\/p>\n<\/td>\n<td style=\"width: 41.0982%\">\n<p><a href=\"http:\/\/dgp.cnpq.br\/dgp\/espelhogrupo\/38061\">Grupo de Pesquisa em Inova\u00e7\u00e3o e Tecnologias Computacionais &#8211; ITeC<\/a><\/p>\n<\/td>\n<\/tr>\n<tr style=\"height: 96px\">\n<td style=\"height: 96px;width: 21.1902%\"><a href=\"http:\/\/buscatextual.cnpq.br\/buscatextual\/visualizacv.do?id=K4770735T8\">Giliane Bernardi<\/a><\/td>\n<td style=\"width: 20.0743%\">\n<p>Departamento de Computa\u00e7\u00e3o Aplicada<\/p>\n<\/td>\n<td style=\"height: 96px;width: 15.9733%\">\n<p><a href=\"mailto:giliane.bernardi@ufsm.br\">giliane.bernardi@ufsm.br<\/a><\/p>\n<\/td>\n<td style=\"height: 96px;width: 41.0982%\">\n<p><a href=\"http:\/\/dgp.cnpq.br\/dgp\/espelhogrupo\/507678\">GpTEc &#8211; Grupo de Pesquisa em Tecnologias Educacionais<\/a><\/p>\n<p><a href=\"http:\/\/dgp.cnpq.br\/dgp\/espelhogrupo\/7090759579115838\" target=\"_blank\" rel=\"noopener noreferrer\">GRECA &#8211; Grupo de Redes e Computa\u00e7\u00e3o Aplicada<\/a><\/p>\n<\/td>\n<\/tr>\n<tr style=\"height: 96px\">\n<td style=\"height: 96px;width: 21.1902%\"><a href=\"http:\/\/buscatextual.cnpq.br\/buscatextual\/visualizacv.do?id=K4737890T3\">Jer\u00f4nimo Siqueira Tybusch<\/a><\/td>\n<td style=\"width: 20.0743%\">\n<p>Departamento de Direito<\/p>\n<\/td>\n<td style=\"height: 96px;width: 15.9733%\">\n<p><a href=\"mailto:jeronimotybusch@ufsm.br\">jeronimotybusch@ufsm.br<\/a><\/p>\n<\/td>\n<td style=\"height: 96px;width: 41.0982%\"><a href=\"http:\/\/dgp.cnpq.br\/dgp\/espelhogrupo\/33352\">Grupo de Pesquisa em Direito da Sociobiodiversidade &#8211; GPDS<\/a><\/td>\n<\/tr>\n<tr style=\"height: 96px\">\n<td style=\"height: 96px;width: 21.1902%\"><a href=\"http:\/\/buscatextual.cnpq.br\/buscatextual\/visualizacv.do?id=K4728575Y8\">Karla Marques da Rocha<\/a><\/td>\n<td style=\"width: 20.0743%\">\n<p>Departamento de Metodologia do Ensino<\/p>\n<\/td>\n<td style=\"height: 96px;width: 15.9733%\">\n<p><a href=\"mailto:karlamarquesdarocha@gmail.com\">karlamarquesdarocha@gmail.com<\/a><\/p>\n<\/td>\n<td style=\"height: 96px;width: 41.0982%\"><a href=\"http:\/\/dgp.cnpq.br\/dgp\/espelhogrupo\/8658327288231634\" target=\"_blank\" rel=\"noopener noreferrer\">GEPETER &#8211; Grupo de estudos e pequisa em tecnologias educacionais em rede<\/a><\/td>\n<\/tr>\n<tr>\n<td style=\"width: 21.1902%\"><a href=\"http:\/\/ufsmpublica.ufsm.br\/docente\/24008\" target=\"_blank\" rel=\"noopener\">Mario V\u00e1squez Astudillo<\/a><\/td>\n<td style=\"width: 20.0743%\">Departamento de Metodologia do Ensino<\/td>\n<td style=\"width: 15.9733%\"><a href=\"mailto:mario.astudillo@ufsm.br\" target=\"_blank\" rel=\"noopener\">mario.astudillo@ufsm.br<\/a><\/td>\n<td style=\"width: 41.0982%\">\n<p><a href=\"https:\/\/www.ufsm.br\/grupos\/gitea\" target=\"_blank\" rel=\"noopener\">Grupo de Investiga\u00e7\u00f5es sobre Tecnologias, Ensino e Aprendizagem (GITEA)<\/a><\/p>\n<p><a href=\"https:\/\/www.ufsm.br\/grupos\/gpkosmos\" target=\"_blank\" rel=\"noopener\">Grupo de Pesquisa em Educa\u00e7\u00e3o na Cultura Digital e Redes de Forma\u00e7\u00e3o (GPKOSMOS)<\/a><\/p>\n<\/td>\n<\/tr>\n<tr>\n<td style=\"width: 21.1902%\"><a href=\"https:\/\/ufsmpublica.ufsm.br\/docente\/18484\" target=\"_blank\" rel=\"noopener\">Ricardo Tombesi Macedo<\/a><\/td>\n<td style=\"width: 20.0743%\">Departamento de Tecnologia da Informa\u00e7\u00e3o &#8211; UFSM &#8211; FW<\/td>\n<td style=\"width: 15.9733%\">&nbsp;<a style=\"font-family: Arial, Helvetica, sans-serif;font-size: small\" href=\"mailto:ricardotombesi@ufsm.br\" target=\"_blank\" rel=\"noopener\">ricardotombesi@ufsm.br<\/a><\/td>\n<td style=\"width: 41.0982%\"><a href=\"https:\/\/avenir.tec.br\/\" target=\"_blank\" rel=\"noopener\">AVENIR &#8211; Laborat\u00f3rio de Desenvolvimento de Tecnologias Educacionais Seguras para o Metaverso<\/a><\/td>\n<\/tr>\n<tr style=\"height: 96px\">\n<td style=\"height: 96px;width: 21.1902%\">\n<p><a href=\"http:\/\/lattes.cnpq.br\/5597581688504821\">Solange de Lurdes Pertile<\/a><\/p>\n<\/td>\n<td style=\"width: 20.0743%\">Departamento de Tecnologia da Informa\u00e7\u00e3o &#8211; UFSM &#8211; FW<\/td>\n<td style=\"height: 96px;width: 15.9733%\"><a href=\"mailto:solange.pertile@ufsm.br\" target=\"_blank\" rel=\"noopener\">solange.pertile@ufsm.br<\/a><\/td>\n<td style=\"height: 96px;width: 41.0982%\"><a href=\"http:\/\/dgp.cnpq.br\/dgp\/espelhogrupo\/4480770673858382#identificacao\" target=\"_blank\" rel=\"noopener noreferrer\">Sistemas de Computa\u00e7\u00e3o<\/a><\/td>\n<\/tr>\n<tr style=\"height: 96px\">\n<td style=\"height: 96px;width: 21.1902%\"><a href=\"http:\/\/buscatextual.cnpq.br\/buscatextual\/visualizacv.do?id=K4708267A7\">Susana Cristina dos Reis<\/a><\/td>\n<td style=\"width: 20.0743%\">\n<p>Departamento de Letras Estrangeiras Modernas<\/p>\n<\/td>\n<td style=\"height: 96px;width: 15.9733%\">\n<p><a href=\"mailto:susana.reis@ufsm.br\">susana.reis@ufsm.br<\/a><\/p>\n<\/td>\n<td style=\"height: 96px;width: 41.0982%\"><a href=\"http:\/\/dgp.cnpq.br\/dgp\/espelhogrupo\/39893\">NuPEAD &#8211; N\u00facleo de Pesquisa, Ensino e Aprendizagem de L\u00ednguas a Dist\u00e2ncia<\/a><\/td>\n<\/tr>\n<tr>\n<td style=\"width: 21.1902%\">\n<p><a href=\"http:\/\/lattes.cnpq.br\/3858909434538236\">Vanessa Ribas Fialho<\/a><\/p>\n<\/td>\n<td style=\"width: 20.0743%\">Departamento de Letras Estrangeiras e Modernas<\/td>\n<td style=\"width: 15.9733%\"><a href=\"mailto:vanessafialho@gmail.com\">vanessafialho@gmail.com <\/a><\/td>\n<td style=\"width: 41.0982%\"><a href=\"http:\/\/dgp.cnpq.br\/dgp\/espelhogrupo\/9642242030553146\">Grupo de Investiga\u00e7\u00f5es sobre Tecnologias, Ensino e Aprendizagem (GITEA)<\/a><\/td>\n<\/tr>\n<\/tbody>\n<\/table>\n<p><!-- \/wp:tadv\/classic-paragraph --><\/p>\t\t\t\t\t\t<\/div>\n\t\t\t\t<\/div>\n\t\t\t\t\t<\/div>\n\t\t<\/div>\n\t\t\t\t\t<\/div>\n\t\t<\/section>\n\t\t\t\t<section class=\"elementor-section elementor-top-section elementor-element elementor-element-34e8528 elementor-section-boxed elementor-section-height-default elementor-section-height-default\" data-id=\"34e8528\" data-element_type=\"section\">\n\t\t\t\t\t\t<div class=\"elementor-container elementor-column-gap-default\">\n\t\t\t\t\t<div class=\"elementor-column elementor-col-100 elementor-top-column elementor-element elementor-element-d08f1ae\" data-id=\"d08f1ae\" data-element_type=\"column\">\n\t\t\t<div class=\"elementor-widget-wrap elementor-element-populated\">\n\t\t\t\t\t\t\t<\/div>\n\t\t<\/div>\n\t\t\t\t\t<\/div>\n\t\t<\/section>\n\t\t\t\t<\/div>\n\t\t","protected":false},"excerpt":{"rendered":"<p>Professor Departamento E-mail Grupos de Pesquisa&nbsp; &nbsp; &nbsp; &nbsp; &nbsp; &nbsp; &nbsp; &nbsp; &nbsp; &nbsp; &nbsp; &nbsp; &nbsp; &nbsp; &nbsp; &nbsp; &nbsp;&nbsp; &nbsp;Adriana Soares Pereira Departamento de Tecnologia da Informa\u00e7\u00e3o &#8211; UFSM &#8211; FW adriana.pereira@ufsm.br Grupo de Pesquisa Sistemas de Computa\u00e7\u00e3o Ana Cl\u00e1udia Oliveira Pav\u00e3o&nbsp; &nbsp; &nbsp; &nbsp; &nbsp; &nbsp; &nbsp; &nbsp; &nbsp; &nbsp; &nbsp; [&hellip;]<\/p>\n","protected":false},"author":723,"featured_media":0,"parent":0,"menu_order":0,"comment_status":"closed","ping_status":"closed","template":"","meta":{"footnotes":""},"categories":[],"tags":[],"class_list":["post-1059","page","type-page","status-publish","hentry"],"acf":[],"_links":{"self":[{"href":"https:\/\/www.ufsm.br\/cursos\/pos-graduacao\/santa-maria\/ppgter\/wp-json\/wp\/v2\/pages\/1059","targetHints":{"allow":["GET"]}}],"collection":[{"href":"https:\/\/www.ufsm.br\/cursos\/pos-graduacao\/santa-maria\/ppgter\/wp-json\/wp\/v2\/pages"}],"about":[{"href":"https:\/\/www.ufsm.br\/cursos\/pos-graduacao\/santa-maria\/ppgter\/wp-json\/wp\/v2\/types\/page"}],"author":[{"embeddable":true,"href":"https:\/\/www.ufsm.br\/cursos\/pos-graduacao\/santa-maria\/ppgter\/wp-json\/wp\/v2\/users\/723"}],"replies":[{"embeddable":true,"href":"https:\/\/www.ufsm.br\/cursos\/pos-graduacao\/santa-maria\/ppgter\/wp-json\/wp\/v2\/comments?post=1059"}],"version-history":[{"count":0,"href":"https:\/\/www.ufsm.br\/cursos\/pos-graduacao\/santa-maria\/ppgter\/wp-json\/wp\/v2\/pages\/1059\/revisions"}],"wp:attachment":[{"href":"https:\/\/www.ufsm.br\/cursos\/pos-graduacao\/santa-maria\/ppgter\/wp-json\/wp\/v2\/media?parent=1059"}],"wp:term":[{"taxonomy":"category","embeddable":true,"href":"https:\/\/www.ufsm.br\/cursos\/pos-graduacao\/santa-maria\/ppgter\/wp-json\/wp\/v2\/categories?post=1059"},{"taxonomy":"post_tag","embeddable":true,"href":"https:\/\/www.ufsm.br\/cursos\/pos-graduacao\/santa-maria\/ppgter\/wp-json\/wp\/v2\/tags?post=1059"}],"curies":[{"name":"wp","href":"https:\/\/api.w.org\/{rel}","templated":true}]}}