{"id":1279,"date":"2019-11-22T10:57:44","date_gmt":"2019-11-22T13:57:44","guid":{"rendered":"https:\/\/www.ufsm.br\/cursos\/pos-graduacao\/santa-maria\/ppgter\/?page_id=1279"},"modified":"2021-02-07T14:31:44","modified_gmt":"2021-02-07T17:31:44","slug":"dialogos-interdisciplinares","status":"publish","type":"page","link":"https:\/\/www.ufsm.br\/cursos\/pos-graduacao\/santa-maria\/ppgter\/dialogos-interdisciplinares","title":{"rendered":"Di\u00e1logos Interdisciplinares"},"content":{"rendered":"\t\t<div data-elementor-type=\"wp-page\" data-elementor-id=\"1279\" class=\"elementor elementor-1279\">\n\t\t\t\t\t\t<section class=\"elementor-section elementor-top-section elementor-element elementor-element-ae8ef35 elementor-section-boxed elementor-section-height-default elementor-section-height-default\" data-id=\"ae8ef35\" data-element_type=\"section\">\n\t\t\t\t\t\t<div class=\"elementor-container elementor-column-gap-default\">\n\t\t\t\t\t<div class=\"elementor-column elementor-col-100 elementor-top-column elementor-element elementor-element-5525543\" data-id=\"5525543\" data-element_type=\"column\">\n\t\t\t<div class=\"elementor-widget-wrap elementor-element-populated\">\n\t\t\t\t\t\t<div class=\"elementor-element elementor-element-099655e elementor-tabs-view-horizontal elementor-widget elementor-widget-tabs\" data-id=\"099655e\" data-element_type=\"widget\" data-widget_type=\"tabs.default\">\n\t\t\t\t<div class=\"elementor-widget-container\">\n\t\t\t\t\t<div class=\"elementor-tabs\">\n\t\t\t<div class=\"elementor-tabs-wrapper\" role=\"tablist\" >\n\t\t\t\t\t\t\t\t\t<div id=\"elementor-tab-title-1001\" class=\"elementor-tab-title elementor-tab-desktop-title\" aria-selected=\"true\" data-tab=\"1\" role=\"tab\" tabindex=\"0\" aria-controls=\"elementor-tab-content-1001\" aria-expanded=\"false\">Apresenta\u00e7\u00e3o<\/div>\n\t\t\t\t\t\t\t\t\t<div id=\"elementor-tab-title-1002\" class=\"elementor-tab-title elementor-tab-desktop-title\" aria-selected=\"false\" data-tab=\"2\" role=\"tab\" tabindex=\"-1\" aria-controls=\"elementor-tab-content-1002\" aria-expanded=\"false\">2020<\/div>\n\t\t\t\t\t\t\t\t\t<div id=\"elementor-tab-title-1003\" class=\"elementor-tab-title elementor-tab-desktop-title\" aria-selected=\"false\" data-tab=\"3\" role=\"tab\" tabindex=\"-1\" aria-controls=\"elementor-tab-content-1003\" aria-expanded=\"false\">2019<\/div>\n\t\t\t\t\t\t\t<\/div>\n\t\t\t<div class=\"elementor-tabs-content-wrapper\" role=\"tablist\" aria-orientation=\"vertical\">\n\t\t\t\t\t\t\t\t\t<div class=\"elementor-tab-title elementor-tab-mobile-title\" aria-selected=\"true\" data-tab=\"1\" role=\"tab\" tabindex=\"0\" aria-controls=\"elementor-tab-content-1001\" aria-expanded=\"false\">Apresenta\u00e7\u00e3o<\/div>\n\t\t\t\t\t<div id=\"elementor-tab-content-1001\" class=\"elementor-tab-content elementor-clearfix\" data-tab=\"1\" role=\"tabpanel\" aria-labelledby=\"elementor-tab-title-1001\" tabindex=\"0\" hidden=\"false\"><p><img fetchpriority=\"high\" decoding=\"async\" class=\"aligncenter wp-image-1508\" src=\"https:\/\/www.ufsm.br\/app\/uploads\/sites\/517\/2021\/02\/logo_dialogos-1024x378.png\" alt=\"\" width=\"599\" height=\"221\" srcset=\"https:\/\/www.ufsm.br\/app\/uploads\/sites\/517\/2021\/02\/logo_dialogos-1024x378.png 1024w, https:\/\/www.ufsm.br\/app\/uploads\/sites\/517\/2021\/02\/logo_dialogos-300x111.png 300w, https:\/\/www.ufsm.br\/app\/uploads\/sites\/517\/2021\/02\/logo_dialogos-768x283.png 768w, https:\/\/www.ufsm.br\/app\/uploads\/sites\/517\/2021\/02\/logo_dialogos-1536x566.png 1536w, https:\/\/www.ufsm.br\/app\/uploads\/sites\/517\/2021\/02\/logo_dialogos.png 1684w\" sizes=\"(max-width: 599px) 100vw, 599px\" \/><\/p><p>Os Di\u00e1logos Interdisciplinares do Programa de P\u00f3s-Gradua\u00e7\u00e3o em Tecnologias Educacionais em Rede t\u00eam como objetivo fomentar as discuss\u00f5es e intera\u00e7\u00e3o entre discentes, docentes, egressos do PPGTER e profissionais da \u00e1rea, consolidando-se como um ecossistema integrador das duas linhas de pesquisa do programa: Desenvolvimento de Tecnologias Educacionais em Rede e Gest\u00e3o de Tecnologias Educacionais em Rede.<\/p><p>Busca-se, por meio de encontros, semin\u00e1rios e debates, a troca de experi\u00eancias e conhecimentos entre os diferentes\u00a0 profissionais que comp\u00f5em a comunidade acad\u00eamica do programa, constituindo-se como um espa\u00e7o que propicie uma amplia\u00e7\u00e3o das possibilidades de forma\u00e7\u00e3o acad\u00eamica dos discentes do programa, com vistas \u00e0 gera\u00e7\u00e3o de produtos com relev\u00e2ncia do ponto de vista de inova\u00e7\u00e3o e com a qualidade e impacto social e educacional esperados por um programa de p\u00f3s-gradua\u00e7\u00e3o profissional.<\/p><\/div>\n\t\t\t\t\t\t\t\t\t<div class=\"elementor-tab-title elementor-tab-mobile-title\" aria-selected=\"false\" data-tab=\"2\" role=\"tab\" tabindex=\"-1\" aria-controls=\"elementor-tab-content-1002\" aria-expanded=\"false\">2020<\/div>\n\t\t\t\t\t<div id=\"elementor-tab-content-1002\" class=\"elementor-tab-content elementor-clearfix\" data-tab=\"2\" role=\"tabpanel\" aria-labelledby=\"elementor-tab-title-1002\" tabindex=\"0\" hidden=\"hidden\"><p><strong>Webinar &#8211;&nbsp; Jogos e Gamifica\u00e7\u00e3o na Educa\u00e7\u00e3o: Relato de Experi\u00eancias de Egressos do Programa&nbsp;<\/strong><\/p>\n<p>No dia 29\/06, ocorreu o primeiro Di\u00e1logo Interdisciplinar de 2020, totalmente online. Na ocasi\u00e3o, tr\u00eas egressos convidados, Adilson Fernandes Gomes, Carlos Gustavo Lopes da Silva e Cleitom Jos\u00e9 Richter,&nbsp; apresentaram relatos de experi\u00eancia envolvendo o uso e desenvolvimento de jogos e gamifica\u00e7\u00e3o no contexto educacional, em seus projetos de pesquisa, bem como em suas trajet\u00f3rias profissionais p\u00f3s-defesa.<\/p>\n<p>O evento, direcionado \u00e0 comunidade acad\u00eamica do PPGTER, contou tamb\u00e9m com a presen\u00e7a de participantes externos, interessados na tem\u00e1tica debatida.&nbsp;<\/p>\n<p>Abaixo, alguns registros do evento, bem como link para a grava\u00e7\u00e3o do mesmo:&nbsp;<a href=\"https:\/\/www.youtube.com\/watch?v=Ue5LfGyV_Oo&amp;t=2s\" target=\"_blank\">Grava\u00e7\u00e3o do Webinar<\/a><\/p>\n<table style=\"border-collapse: collapse;width: 100%\">\n<tbody>\n<tr>\n<td style=\"width: 33.3333%\"><img decoding=\"async\" class=\"wp-image-1383 aligncenter\" src=\"https:\/\/www.ufsm.br\/cursos\/pos-graduacao\/santa-maria\/ppgter\/wp-content\/uploads\/sites\/517\/2020\/06\/webinar_2906-300x225.jpg\" alt=\"\" width=\"175\" height=\"131\" srcset=\"https:\/\/www.ufsm.br\/app\/uploads\/sites\/517\/2020\/06\/webinar_2906-300x225.jpg 300w, https:\/\/www.ufsm.br\/app\/uploads\/sites\/517\/2020\/06\/webinar_2906-768x576.jpg 768w, https:\/\/www.ufsm.br\/app\/uploads\/sites\/517\/2020\/06\/webinar_2906.jpg 960w\" sizes=\"(max-width: 175px) 100vw, 175px\" \/><\/td>\n<td style=\"width: 33.3333%\"><img decoding=\"async\" class=\"alignnone size-medium wp-image-1378\" src=\"https:\/\/www.ufsm.br\/cursos\/pos-graduacao\/santa-maria\/ppgter\/wp-content\/uploads\/sites\/517\/2020\/06\/DI6-300x147.jpg\" alt=\"\" width=\"300\" height=\"147\" srcset=\"https:\/\/www.ufsm.br\/app\/uploads\/sites\/517\/2020\/06\/DI6-300x147.jpg 300w, https:\/\/www.ufsm.br\/app\/uploads\/sites\/517\/2020\/06\/DI6-1024x502.jpg 1024w, https:\/\/www.ufsm.br\/app\/uploads\/sites\/517\/2020\/06\/DI6-768x376.jpg 768w, https:\/\/www.ufsm.br\/app\/uploads\/sites\/517\/2020\/06\/DI6.jpg 1243w\" sizes=\"(max-width: 300px) 100vw, 300px\" \/><\/td>\n<td style=\"width: 33.3333%\">\n<p><span style=\"font-family: arial, helvetica, sans-serif;font-size: 4pt\"><img loading=\"lazy\" decoding=\"async\" class=\"wp-image-1385 aligncenter\" src=\"https:\/\/www.ufsm.br\/cursos\/pos-graduacao\/santa-maria\/ppgter\/wp-content\/uploads\/sites\/517\/2020\/06\/DI8-300x132.jpg\" alt=\"\" width=\"213\" height=\"94\" srcset=\"https:\/\/www.ufsm.br\/app\/uploads\/sites\/517\/2020\/06\/DI8-300x132.jpg 300w, https:\/\/www.ufsm.br\/app\/uploads\/sites\/517\/2020\/06\/DI8-1024x451.jpg 1024w, https:\/\/www.ufsm.br\/app\/uploads\/sites\/517\/2020\/06\/DI8-768x339.jpg 768w, https:\/\/www.ufsm.br\/app\/uploads\/sites\/517\/2020\/06\/DI8.jpg 1368w\" sizes=\"(max-width: 213px) 100vw, 213px\" \/>Cr\u00e9dito Foto: Ana Cristina Martinelli<\/span><\/p>\n<\/td>\n<\/tr>\n<tr>\n<td style=\"width: 33.3333%\"><img loading=\"lazy\" decoding=\"async\" class=\"alignnone size-medium wp-image-1382\" src=\"https:\/\/www.ufsm.br\/cursos\/pos-graduacao\/santa-maria\/ppgter\/wp-content\/uploads\/sites\/517\/2020\/06\/DI3-300x139.jpg\" alt=\"\" width=\"300\" height=\"139\" srcset=\"https:\/\/www.ufsm.br\/app\/uploads\/sites\/517\/2020\/06\/DI3-300x139.jpg 300w, https:\/\/www.ufsm.br\/app\/uploads\/sites\/517\/2020\/06\/DI3-1024x475.jpg 1024w, https:\/\/www.ufsm.br\/app\/uploads\/sites\/517\/2020\/06\/DI3-768x356.jpg 768w, https:\/\/www.ufsm.br\/app\/uploads\/sites\/517\/2020\/06\/DI3.jpg 1095w\" sizes=\"(max-width: 300px) 100vw, 300px\" \/><\/td>\n<td style=\"width: 33.3333%\"><img loading=\"lazy\" decoding=\"async\" class=\"alignnone size-medium wp-image-1381\" src=\"https:\/\/www.ufsm.br\/cursos\/pos-graduacao\/santa-maria\/ppgter\/wp-content\/uploads\/sites\/517\/2020\/06\/DI4-300x134.jpg\" alt=\"\" width=\"300\" height=\"134\" srcset=\"https:\/\/www.ufsm.br\/app\/uploads\/sites\/517\/2020\/06\/DI4-300x134.jpg 300w, https:\/\/www.ufsm.br\/app\/uploads\/sites\/517\/2020\/06\/DI4-1024x458.jpg 1024w, https:\/\/www.ufsm.br\/app\/uploads\/sites\/517\/2020\/06\/DI4-768x343.jpg 768w, https:\/\/www.ufsm.br\/app\/uploads\/sites\/517\/2020\/06\/DI4.jpg 1089w\" sizes=\"(max-width: 300px) 100vw, 300px\" \/><\/td>\n<td style=\"width: 33.3333%\"><img loading=\"lazy\" decoding=\"async\" class=\"alignnone size-medium wp-image-1380\" src=\"https:\/\/www.ufsm.br\/cursos\/pos-graduacao\/santa-maria\/ppgter\/wp-content\/uploads\/sites\/517\/2020\/06\/DI5-300x141.jpg\" alt=\"\" width=\"300\" height=\"141\" srcset=\"https:\/\/www.ufsm.br\/app\/uploads\/sites\/517\/2020\/06\/DI5-300x141.jpg 300w, https:\/\/www.ufsm.br\/app\/uploads\/sites\/517\/2020\/06\/DI5-1024x480.jpg 1024w, https:\/\/www.ufsm.br\/app\/uploads\/sites\/517\/2020\/06\/DI5-768x360.jpg 768w, https:\/\/www.ufsm.br\/app\/uploads\/sites\/517\/2020\/06\/DI5.jpg 1092w\" sizes=\"(max-width: 300px) 100vw, 300px\" \/><\/td>\n<\/tr>\n<\/tbody>\n<\/table><\/div>\n\t\t\t\t\t\t\t\t\t<div class=\"elementor-tab-title elementor-tab-mobile-title\" aria-selected=\"false\" data-tab=\"3\" role=\"tab\" tabindex=\"-1\" aria-controls=\"elementor-tab-content-1003\" aria-expanded=\"false\">2019<\/div>\n\t\t\t\t\t<div id=\"elementor-tab-content-1003\" class=\"elementor-tab-content elementor-clearfix\" data-tab=\"3\" role=\"tabpanel\" aria-labelledby=\"elementor-tab-title-1003\" tabindex=\"0\" hidden=\"hidden\"><p><strong>Roda de Conversa com Egressos: Experi\u00eancias e Impactos do Programa em suas atividades profissionais\u00a0<\/strong><\/p><p>O primeiro di\u00e1logo interdisciplinar do PPGTER ocorreu por meio de de uma Roda de Conversa como atividade constituinte da disciplina de Semin\u00e1rio Integrador II, na qual 10 egressos do programa foram convidados para dialogarem com a comunidade acad\u00eamica do PPGTER (discentes e docentes), sobre suas experi\u00eancias no decorrer do mestrado, bem como sobre o impacto que o programa trouxe em suas vidas pessoais e profissionais, destacando aspectos relacionados \u00e0 inser\u00e7\u00e3o social\u00a0 e educacional de seus produtos de disserta\u00e7\u00e3o em suas atividades p\u00f3s-defesa.<\/p><p>Na ocasi\u00e3o, foram convidados egressos de ambas as linhas de pesquisa do programa, buscando envolver experi\u00eancias de desenvolvimento e de gest\u00e3o de tecnologias educacionais.<\/p><p>Os seguintes egressos participaram da atividade:<\/p><ul><li>Andr\u00e9 Luiz Turchiello de Oliveira;<\/li><li>Andrewes Pozeczek Koltermann;<\/li><li>Anidene de Siqueira Cecchin;<\/li><li>Cristiano Sasse dos Santos;<\/li><li>Guilherme dos Santos Giuliani;<\/li><li>J\u00e1der Adi\u00e9l Schmitt;<\/li><li>Liana Estela Merladete de Souza Pozeczek Koltermann;<\/li><li>L\u00f3ren Kellen Carvalho Jorge; e<\/li><li>Tiarles Rosa Dos Santos.<\/li><\/ul><p><strong>Semin\u00e1rio &#8220;Experi\u00eancias de Gest\u00e3o do NTEM\u00a0 &#8211; N\u00facleo de Tecnologias Educacionais de Santa Maria&#8221;<\/strong><\/p><p>A segunda atividade dos Di\u00e1logos Interdisciplinares do PPGTER ocorreu em um semin\u00e1rio organizado com as egressas Marit\u00ea Medianeira Moro Neocatto e Eunice Pereira Azenha, que discutiram as suas experi\u00eancias de gest\u00e3o do NTEM \u2013 N\u00facleo de Tecnologias Educacionais de Santa Maria, a partir dos produtos gerados em suas disserta\u00e7\u00f5es dentro do programa.<\/p><\/div>\n\t\t\t\t\t\t\t<\/div>\n\t\t<\/div>\n\t\t\t\t<\/div>\n\t\t\t\t<\/div>\n\t\t\t\t\t<\/div>\n\t\t<\/div>\n\t\t\t\t\t<\/div>\n\t\t<\/section>\n\t\t\t\t<\/div>\n\t\t","protected":false},"excerpt":{"rendered":"<p>Apresenta\u00e7\u00e3o 2020 2019 Apresenta\u00e7\u00e3o Os Di\u00e1logos Interdisciplinares do Programa de P\u00f3s-Gradua\u00e7\u00e3o em Tecnologias Educacionais em Rede t\u00eam como objetivo fomentar as discuss\u00f5es e intera\u00e7\u00e3o entre discentes, docentes, egressos do PPGTER e profissionais da \u00e1rea, consolidando-se como um ecossistema integrador das duas linhas de pesquisa do programa: Desenvolvimento de Tecnologias Educacionais em Rede e Gest\u00e3o de [&hellip;]<\/p>\n","protected":false},"author":788,"featured_media":0,"parent":0,"menu_order":0,"comment_status":"closed","ping_status":"closed","template":"","meta":{"footnotes":""},"categories":[],"tags":[],"class_list":["post-1279","page","type-page","status-publish","hentry"],"acf":[],"_links":{"self":[{"href":"https:\/\/www.ufsm.br\/cursos\/pos-graduacao\/santa-maria\/ppgter\/wp-json\/wp\/v2\/pages\/1279","targetHints":{"allow":["GET"]}}],"collection":[{"href":"https:\/\/www.ufsm.br\/cursos\/pos-graduacao\/santa-maria\/ppgter\/wp-json\/wp\/v2\/pages"}],"about":[{"href":"https:\/\/www.ufsm.br\/cursos\/pos-graduacao\/santa-maria\/ppgter\/wp-json\/wp\/v2\/types\/page"}],"author":[{"embeddable":true,"href":"https:\/\/www.ufsm.br\/cursos\/pos-graduacao\/santa-maria\/ppgter\/wp-json\/wp\/v2\/users\/788"}],"replies":[{"embeddable":true,"href":"https:\/\/www.ufsm.br\/cursos\/pos-graduacao\/santa-maria\/ppgter\/wp-json\/wp\/v2\/comments?post=1279"}],"version-history":[{"count":0,"href":"https:\/\/www.ufsm.br\/cursos\/pos-graduacao\/santa-maria\/ppgter\/wp-json\/wp\/v2\/pages\/1279\/revisions"}],"wp:attachment":[{"href":"https:\/\/www.ufsm.br\/cursos\/pos-graduacao\/santa-maria\/ppgter\/wp-json\/wp\/v2\/media?parent=1279"}],"wp:term":[{"taxonomy":"category","embeddable":true,"href":"https:\/\/www.ufsm.br\/cursos\/pos-graduacao\/santa-maria\/ppgter\/wp-json\/wp\/v2\/categories?post=1279"},{"taxonomy":"post_tag","embeddable":true,"href":"https:\/\/www.ufsm.br\/cursos\/pos-graduacao\/santa-maria\/ppgter\/wp-json\/wp\/v2\/tags?post=1279"}],"curies":[{"name":"wp","href":"https:\/\/api.w.org\/{rel}","templated":true}]}}