{"id":209,"date":"2019-01-21T11:18:25","date_gmt":"2019-01-21T13:18:25","guid":{"rendered":"https:\/\/www.ufsm.br\/cursos\/pos-graduacao\/santa-maria\/ppgter\/?page_id=209"},"modified":"2019-01-21T11:18:28","modified_gmt":"2019-01-21T13:18:28","slug":"acoes-ppgter-2018","status":"publish","type":"page","link":"https:\/\/www.ufsm.br\/cursos\/pos-graduacao\/santa-maria\/ppgter\/acoes-ppgter-2018","title":{"rendered":"A\u00e7\u00f5es PPGTER 2018"},"content":{"rendered":"\n<p>O Curso de Mestrado Profissional Tecnologias Educacionais em Rede realizou na manh\u00e3 do dia 16 de abril 2018, no audit\u00f3rio do CPD, uma videoconfer\u00eancia com a Prof. Rosane Rosa (docente deste programa), em est\u00e1gio p\u00f3s-doutoral na universidade de Coimbra, Portugal, sob a supervis\u00e3o do Prof. Boaventura de Souza Santos. A professora desenvolve o projeto Educomunica\u00e7\u00e3o Intercultural para Inclus\u00e3o Social, com Acordo de Coopera\u00e7\u00e3o Internacional entre a Universidade Federal de Santa Maria e a Universidade Pedag\u00f3gica de Mo\u00e7ambique \u2013 UP.<\/p>\n<p>\u00a0 \u00a0 O evento que \u00e9 parte da disciplina de Semin\u00e1rio Integrador II do Programa de P\u00f3s-Gradua\u00e7\u00e3o em Tecnologias Educacionais em Rede contou, tamb\u00e9m, com a participa\u00e7\u00e3o da aluna Raquel Scremin, que realizou intercambio na Universidade Pedag\u00f3gica de Mo\u00e7ambique \u2013 UP em Maputo, Mo\u00e7ambique, entre mar\u00e7o de 2017 e fevereiro de 2018. A mestranda desenvolve projeto de pesquisa intitulado: \u201cuso e apropria\u00e7\u00e3o de recurso do Whatsapp para incentivo de leitura no contexto de democratiza\u00e7\u00e3o da educa\u00e7\u00e3o no Brasil e Mo\u00e7ambique\u201d. Tamb\u00e9m esteve presente no evento o mo\u00e7ambicano Elias Gilberto Djive, Doutorando do curso de Comunica\u00e7\u00e3o da UFSM, orientando da Prof. Rosane Rosa.<\/p>\n\n\n\n<figure class=\"wp-block-image\"><img fetchpriority=\"high\" decoding=\"async\" width=\"1024\" height=\"768\" src=\"https:\/\/www.ufsm.br\/cursos\/pos-graduacao\/santa-maria\/ppgter\/wp-content\/uploads\/sites\/517\/2019\/01\/rosane-rosa--1024x768.jpg\" alt=\"\" class=\"wp-image-210\" srcset=\"https:\/\/www.ufsm.br\/app\/uploads\/sites\/517\/2019\/01\/rosane-rosa--1024x768.jpg 1024w, https:\/\/www.ufsm.br\/app\/uploads\/sites\/517\/2019\/01\/rosane-rosa--300x225.jpg 300w, https:\/\/www.ufsm.br\/app\/uploads\/sites\/517\/2019\/01\/rosane-rosa--768x576.jpg 768w, https:\/\/www.ufsm.br\/app\/uploads\/sites\/517\/2019\/01\/rosane-rosa-.jpg 1280w\" sizes=\"(max-width: 1024px) 100vw, 1024px\" \/><\/figure>\n\n\n\n<figure class=\"wp-block-image\"><img decoding=\"async\" width=\"1024\" height=\"768\" src=\"https:\/\/www.ufsm.br\/cursos\/pos-graduacao\/santa-maria\/ppgter\/wp-content\/uploads\/sites\/517\/2019\/01\/rosane-rosa-1-1024x768.jpg\" alt=\"\" class=\"wp-image-211\" srcset=\"https:\/\/www.ufsm.br\/app\/uploads\/sites\/517\/2019\/01\/rosane-rosa-1-1024x768.jpg 1024w, https:\/\/www.ufsm.br\/app\/uploads\/sites\/517\/2019\/01\/rosane-rosa-1-300x225.jpg 300w, https:\/\/www.ufsm.br\/app\/uploads\/sites\/517\/2019\/01\/rosane-rosa-1-768x576.jpg 768w, https:\/\/www.ufsm.br\/app\/uploads\/sites\/517\/2019\/01\/rosane-rosa-1.jpg 1280w\" sizes=\"(max-width: 1024px) 100vw, 1024px\" \/><\/figure>\n\n\n\n<figure class=\"wp-block-image\"><img decoding=\"async\" width=\"768\" height=\"1024\" src=\"https:\/\/www.ufsm.br\/cursos\/pos-graduacao\/santa-maria\/ppgter\/wp-content\/uploads\/sites\/517\/2019\/01\/rosane-rosa-2-768x1024.jpg\" alt=\"\" class=\"wp-image-212\" srcset=\"https:\/\/www.ufsm.br\/app\/uploads\/sites\/517\/2019\/01\/rosane-rosa-2-768x1024.jpg 768w, https:\/\/www.ufsm.br\/app\/uploads\/sites\/517\/2019\/01\/rosane-rosa-2-225x300.jpg 225w, https:\/\/www.ufsm.br\/app\/uploads\/sites\/517\/2019\/01\/rosane-rosa-2.jpg 960w\" sizes=\"(max-width: 768px) 100vw, 768px\" \/><\/figure>\n","protected":false},"excerpt":{"rendered":"<p>O Curso de Mestrado Profissional Tecnologias Educacionais em Rede realizou na manh\u00e3 do dia 16 de abril 2018, no audit\u00f3rio do CPD, uma videoconfer\u00eancia com a Prof. Rosane Rosa (docente deste programa), em est\u00e1gio p\u00f3s-doutoral na universidade de Coimbra, Portugal, sob a supervis\u00e3o do Prof. Boaventura de Souza Santos. A professora desenvolve o projeto Educomunica\u00e7\u00e3o [&hellip;]<\/p>\n","protected":false},"author":117,"featured_media":0,"parent":0,"menu_order":0,"comment_status":"closed","ping_status":"closed","template":"","meta":{"footnotes":""},"categories":[],"tags":[],"class_list":["post-209","page","type-page","status-publish","hentry"],"acf":[],"_links":{"self":[{"href":"https:\/\/www.ufsm.br\/cursos\/pos-graduacao\/santa-maria\/ppgter\/wp-json\/wp\/v2\/pages\/209","targetHints":{"allow":["GET"]}}],"collection":[{"href":"https:\/\/www.ufsm.br\/cursos\/pos-graduacao\/santa-maria\/ppgter\/wp-json\/wp\/v2\/pages"}],"about":[{"href":"https:\/\/www.ufsm.br\/cursos\/pos-graduacao\/santa-maria\/ppgter\/wp-json\/wp\/v2\/types\/page"}],"author":[{"embeddable":true,"href":"https:\/\/www.ufsm.br\/cursos\/pos-graduacao\/santa-maria\/ppgter\/wp-json\/wp\/v2\/users\/117"}],"replies":[{"embeddable":true,"href":"https:\/\/www.ufsm.br\/cursos\/pos-graduacao\/santa-maria\/ppgter\/wp-json\/wp\/v2\/comments?post=209"}],"version-history":[{"count":0,"href":"https:\/\/www.ufsm.br\/cursos\/pos-graduacao\/santa-maria\/ppgter\/wp-json\/wp\/v2\/pages\/209\/revisions"}],"wp:attachment":[{"href":"https:\/\/www.ufsm.br\/cursos\/pos-graduacao\/santa-maria\/ppgter\/wp-json\/wp\/v2\/media?parent=209"}],"wp:term":[{"taxonomy":"category","embeddable":true,"href":"https:\/\/www.ufsm.br\/cursos\/pos-graduacao\/santa-maria\/ppgter\/wp-json\/wp\/v2\/categories?post=209"},{"taxonomy":"post_tag","embeddable":true,"href":"https:\/\/www.ufsm.br\/cursos\/pos-graduacao\/santa-maria\/ppgter\/wp-json\/wp\/v2\/tags?post=209"}],"curies":[{"name":"wp","href":"https:\/\/api.w.org\/{rel}","templated":true}]}}