{"id":2262,"date":"2025-04-07T16:15:26","date_gmt":"2025-04-07T19:15:26","guid":{"rendered":"https:\/\/www.ufsm.br\/cursos\/pos-graduacao\/santa-maria\/ppgter\/?page_id=2262"},"modified":"2025-04-08T11:38:15","modified_gmt":"2025-04-08T14:38:15","slug":"internacionalizacao","status":"publish","type":"page","link":"https:\/\/www.ufsm.br\/cursos\/pos-graduacao\/santa-maria\/ppgter\/internacionalizacao","title":{"rendered":"Internacionaliza\u00e7\u00e3o"},"content":{"rendered":"\t\t<div data-elementor-type=\"wp-page\" data-elementor-id=\"2262\" class=\"elementor elementor-2262\">\n\t\t\t\t\t\t<section class=\"elementor-section elementor-top-section elementor-element elementor-element-6069586b elementor-section-boxed elementor-section-height-default elementor-section-height-default\" data-id=\"6069586b\" data-element_type=\"section\">\n\t\t\t\t\t\t<div class=\"elementor-container elementor-column-gap-default\">\n\t\t\t\t\t<div class=\"elementor-column elementor-col-100 elementor-top-column elementor-element elementor-element-7f72a7e7\" data-id=\"7f72a7e7\" data-element_type=\"column\">\n\t\t\t<div class=\"elementor-widget-wrap elementor-element-populated\">\n\t\t\t\t\t\t<div class=\"elementor-element elementor-element-eea0dae elementor-widget elementor-widget-text-editor\" data-id=\"eea0dae\" data-element_type=\"widget\" data-widget_type=\"text-editor.default\">\n\t\t\t\t<div class=\"elementor-widget-container\">\n\t\t\t\t\t\t\t<p style=\"text-align: left\">O PPGTER tem buscado promover a\u00e7\u00f5es de internacionaliza\u00e7\u00e3o no \u00e2mbito do PPG. Por isso, participa do conv\u00eanio estabelecido entre a UFSM e a Universidade de Cabo Verde, e, tamb\u00e9m com a Universidade da Angola. Esses projetos&nbsp; s\u00e3o coordenados, no \u00e2mbito do PPGTER, pela Profa. Dra. Ana Cl\u00e1udia Oliveira Pav\u00e3o. A<span style=\"color: #000000;font-size: 1rem\">&nbsp;parceria estabelecida com essas institui\u00e7\u00f5es tem o objetivo de estimular e implementar programas de coopera\u00e7\u00e3o t\u00e9cnico-cient\u00edfica e cultural, em conformidade com a legisla\u00e7\u00e3o vigente em seus respectivos pa\u00edses e com as normas de direito internacional.&nbsp;<\/span><\/p>\n<p><span style=\"color: #000000;font-size: 1rem\">Ademais, a professora Ana Cl\u00e1udia coordena um subprojeto do Programa de Coopera\u00e7\u00e3o T\u00e9cnica Bilateral Brasil-Cabo Verde, que almeja formar gestoras e educadores com o objetivo de atender as caracter\u00edsticas, interesses, habilidades e necessidades singulares dos alunos com necessidades educativas especiais e superdotados, bem como a cria\u00e7\u00e3o de espa\u00e7os de Atendimento Educacional Especializado (AEE), com acesso a recursos pedag\u00f3gicos, tecnologias de comunica\u00e7\u00e3o e ajudas t\u00e9cnicas necess\u00e1rias para aprendizagem e participa\u00e7\u00e3o de todos os alunos.<\/span><\/p>\n<p>Abaixo, seguem algumas fotos retiradas ao longo do desenvolvimento dos projetos em miss\u00e3o no exterior, com a participa\u00e7\u00e3o de docentes do PPGTER:<\/p>\n<p><\/p>\n<p><!-- \/wp:tadv\/classic-paragraph --><\/p>\t\t\t\t\t\t<\/div>\n\t\t\t\t<\/div>\n\t\t\t\t\t<\/div>\n\t\t<\/div>\n\t\t\t\t\t<\/div>\n\t\t<\/section>\n\t\t\t\t<section class=\"elementor-section elementor-top-section elementor-element elementor-element-558e4ac elementor-section-boxed elementor-section-height-default elementor-section-height-default\" data-id=\"558e4ac\" data-element_type=\"section\">\n\t\t\t\t\t\t<div class=\"elementor-container elementor-column-gap-default\">\n\t\t\t\t\t<div class=\"elementor-column elementor-col-50 elementor-top-column elementor-element elementor-element-ce0f687\" data-id=\"ce0f687\" data-element_type=\"column\">\n\t\t\t<div class=\"elementor-widget-wrap elementor-element-populated\">\n\t\t\t\t\t\t<div class=\"elementor-element elementor-element-06474cc elementor-widget elementor-widget-image\" data-id=\"06474cc\" data-element_type=\"widget\" data-widget_type=\"image.default\">\n\t\t\t\t<div class=\"elementor-widget-container\">\n\t\t\t\t\t\t\t\t\t\t\t\t\t<img fetchpriority=\"high\" decoding=\"async\" width=\"1024\" height=\"768\" src=\"https:\/\/www.ufsm.br\/app\/uploads\/sites\/517\/2025\/04\/WhatsApp-Image-2025-03-26-at-09.37.27-1-1024x768.jpeg\" class=\"attachment-large size-large wp-image-2264\" alt=\"\" srcset=\"https:\/\/www.ufsm.br\/app\/uploads\/sites\/517\/2025\/04\/WhatsApp-Image-2025-03-26-at-09.37.27-1-1024x768.jpeg 1024w, https:\/\/www.ufsm.br\/app\/uploads\/sites\/517\/2025\/04\/WhatsApp-Image-2025-03-26-at-09.37.27-1-300x225.jpeg 300w, https:\/\/www.ufsm.br\/app\/uploads\/sites\/517\/2025\/04\/WhatsApp-Image-2025-03-26-at-09.37.27-1-768x576.jpeg 768w, https:\/\/www.ufsm.br\/app\/uploads\/sites\/517\/2025\/04\/WhatsApp-Image-2025-03-26-at-09.37.27-1.jpeg 1280w\" sizes=\"(max-width: 1024px) 100vw, 1024px\" \/>\t\t\t\t\t\t\t\t\t\t\t\t\t<\/div>\n\t\t\t\t<\/div>\n\t\t\t\t<div class=\"elementor-element elementor-element-05d85e6 elementor-widget elementor-widget-image\" data-id=\"05d85e6\" data-element_type=\"widget\" data-widget_type=\"image.default\">\n\t\t\t\t<div class=\"elementor-widget-container\">\n\t\t\t\t\t\t\t\t\t\t\t\t\t<img decoding=\"async\" width=\"1024\" height=\"682\" src=\"https:\/\/www.ufsm.br\/app\/uploads\/sites\/517\/2025\/04\/WhatsApp-Image-2025-03-26-at-09.37.28-1-1024x682.jpeg\" class=\"attachment-large size-large wp-image-2265\" alt=\"\" srcset=\"https:\/\/www.ufsm.br\/app\/uploads\/sites\/517\/2025\/04\/WhatsApp-Image-2025-03-26-at-09.37.28-1-1024x682.jpeg 1024w, https:\/\/www.ufsm.br\/app\/uploads\/sites\/517\/2025\/04\/WhatsApp-Image-2025-03-26-at-09.37.28-1-300x200.jpeg 300w, https:\/\/www.ufsm.br\/app\/uploads\/sites\/517\/2025\/04\/WhatsApp-Image-2025-03-26-at-09.37.28-1-768x512.jpeg 768w, https:\/\/www.ufsm.br\/app\/uploads\/sites\/517\/2025\/04\/WhatsApp-Image-2025-03-26-at-09.37.28-1-272x182.jpeg 272w, https:\/\/www.ufsm.br\/app\/uploads\/sites\/517\/2025\/04\/WhatsApp-Image-2025-03-26-at-09.37.28-1.jpeg 1280w\" sizes=\"(max-width: 1024px) 100vw, 1024px\" \/>\t\t\t\t\t\t\t\t\t\t\t\t\t<\/div>\n\t\t\t\t<\/div>\n\t\t\t\t<div class=\"elementor-element elementor-element-8e4a868 elementor-widget elementor-widget-image\" data-id=\"8e4a868\" data-element_type=\"widget\" data-widget_type=\"image.default\">\n\t\t\t\t<div class=\"elementor-widget-container\">\n\t\t\t\t\t\t\t\t\t\t\t\t\t<img decoding=\"async\" width=\"768\" height=\"1024\" src=\"https:\/\/www.ufsm.br\/app\/uploads\/sites\/517\/2025\/04\/WhatsApp-Image-2025-03-26-at-09.37.28-768x1024.jpeg\" class=\"attachment-large size-large wp-image-2266\" alt=\"\" srcset=\"https:\/\/www.ufsm.br\/app\/uploads\/sites\/517\/2025\/04\/WhatsApp-Image-2025-03-26-at-09.37.28-768x1024.jpeg 768w, https:\/\/www.ufsm.br\/app\/uploads\/sites\/517\/2025\/04\/WhatsApp-Image-2025-03-26-at-09.37.28-225x300.jpeg 225w, https:\/\/www.ufsm.br\/app\/uploads\/sites\/517\/2025\/04\/WhatsApp-Image-2025-03-26-at-09.37.28.jpeg 960w\" sizes=\"(max-width: 768px) 100vw, 768px\" \/>\t\t\t\t\t\t\t\t\t\t\t\t\t<\/div>\n\t\t\t\t<\/div>\n\t\t\t\t\t<\/div>\n\t\t<\/div>\n\t\t\t\t<div class=\"elementor-column elementor-col-50 elementor-top-column elementor-element elementor-element-9437940\" data-id=\"9437940\" data-element_type=\"column\">\n\t\t\t<div class=\"elementor-widget-wrap elementor-element-populated\">\n\t\t\t\t\t\t<div class=\"elementor-element elementor-element-b8cd488 elementor-widget elementor-widget-image\" data-id=\"b8cd488\" data-element_type=\"widget\" data-widget_type=\"image.default\">\n\t\t\t\t<div class=\"elementor-widget-container\">\n\t\t\t\t\t\t\t\t\t\t\t\t\t<img loading=\"lazy\" decoding=\"async\" width=\"576\" height=\"1024\" src=\"https:\/\/www.ufsm.br\/app\/uploads\/sites\/517\/2025\/04\/WhatsApp-Image-2025-03-26-at-09.37.29-576x1024.jpeg\" class=\"attachment-large size-large wp-image-2268\" alt=\"\" srcset=\"https:\/\/www.ufsm.br\/app\/uploads\/sites\/517\/2025\/04\/WhatsApp-Image-2025-03-26-at-09.37.29-576x1024.jpeg 576w, https:\/\/www.ufsm.br\/app\/uploads\/sites\/517\/2025\/04\/WhatsApp-Image-2025-03-26-at-09.37.29-169x300.jpeg 169w, https:\/\/www.ufsm.br\/app\/uploads\/sites\/517\/2025\/04\/WhatsApp-Image-2025-03-26-at-09.37.29-768x1365.jpeg 768w, https:\/\/www.ufsm.br\/app\/uploads\/sites\/517\/2025\/04\/WhatsApp-Image-2025-03-26-at-09.37.29-864x1536.jpeg 864w, https:\/\/www.ufsm.br\/app\/uploads\/sites\/517\/2025\/04\/WhatsApp-Image-2025-03-26-at-09.37.29.jpeg 900w\" sizes=\"(max-width: 576px) 100vw, 576px\" \/>\t\t\t\t\t\t\t\t\t\t\t\t\t<\/div>\n\t\t\t\t<\/div>\n\t\t\t\t<div class=\"elementor-element elementor-element-020f69a elementor-widget elementor-widget-image\" data-id=\"020f69a\" data-element_type=\"widget\" data-widget_type=\"image.default\">\n\t\t\t\t<div class=\"elementor-widget-container\">\n\t\t\t\t\t\t\t\t\t\t\t\t\t<img loading=\"lazy\" decoding=\"async\" width=\"864\" height=\"1024\" src=\"https:\/\/www.ufsm.br\/app\/uploads\/sites\/517\/2025\/04\/WhatsApp-Image-2025-03-26-at-09.37.29-1-864x1024.jpeg\" class=\"attachment-large size-large wp-image-2267\" alt=\"\" srcset=\"https:\/\/www.ufsm.br\/app\/uploads\/sites\/517\/2025\/04\/WhatsApp-Image-2025-03-26-at-09.37.29-1-864x1024.jpeg 864w, https:\/\/www.ufsm.br\/app\/uploads\/sites\/517\/2025\/04\/WhatsApp-Image-2025-03-26-at-09.37.29-1-253x300.jpeg 253w, https:\/\/www.ufsm.br\/app\/uploads\/sites\/517\/2025\/04\/WhatsApp-Image-2025-03-26-at-09.37.29-1-768x910.jpeg 768w, https:\/\/www.ufsm.br\/app\/uploads\/sites\/517\/2025\/04\/WhatsApp-Image-2025-03-26-at-09.37.29-1-1296x1536.jpeg 1296w, https:\/\/www.ufsm.br\/app\/uploads\/sites\/517\/2025\/04\/WhatsApp-Image-2025-03-26-at-09.37.29-1.jpeg 1350w\" sizes=\"(max-width: 864px) 100vw, 864px\" \/>\t\t\t\t\t\t\t\t\t\t\t\t\t<\/div>\n\t\t\t\t<\/div>\n\t\t\t\t\t<\/div>\n\t\t<\/div>\n\t\t\t\t\t<\/div>\n\t\t<\/section>\n\t\t\t\t<section class=\"elementor-section elementor-top-section elementor-element elementor-element-d2850b1 elementor-section-boxed elementor-section-height-default elementor-section-height-default\" data-id=\"d2850b1\" data-element_type=\"section\">\n\t\t\t\t\t\t<div class=\"elementor-container elementor-column-gap-default\">\n\t\t\t\t\t<div class=\"elementor-column elementor-col-100 elementor-top-column elementor-element elementor-element-149ac91\" data-id=\"149ac91\" data-element_type=\"column\">\n\t\t\t<div class=\"elementor-widget-wrap elementor-element-populated\">\n\t\t\t\t\t\t<div class=\"elementor-element elementor-element-d47bc8e elementor-widget elementor-widget-text-editor\" data-id=\"d47bc8e\" data-element_type=\"widget\" data-widget_type=\"text-editor.default\">\n\t\t\t\t<div class=\"elementor-widget-container\">\n\t\t\t\t\t\t\t<p>A lista de pa\u00edses e universidades com que a UFSM mant\u00e9m conv\u00eanio bilateral est\u00e1 dispon\u00edvel na\u00a0<a href=\"https:\/\/www.ufsm.br\/orgaos-de-apoio\/sai\/convenios-bilaterais-ativos\/\">p\u00e1gina da SAI<\/a>.<\/p>\t\t\t\t\t\t<\/div>\n\t\t\t\t<\/div>\n\t\t\t\t\t<\/div>\n\t\t<\/div>\n\t\t\t\t\t<\/div>\n\t\t<\/section>\n\t\t\t\t<\/div>\n\t\t","protected":false},"excerpt":{"rendered":"<p>O PPGTER tem buscado promover a\u00e7\u00f5es de internacionaliza\u00e7\u00e3o no \u00e2mbito do PPG. Por isso, participa do conv\u00eanio estabelecido entre a UFSM e a Universidade de Cabo Verde, e, tamb\u00e9m com a Universidade da Angola. Esses projetos&nbsp; s\u00e3o coordenados, no \u00e2mbito do PPGTER, pela Profa. Dra. Ana Cl\u00e1udia Oliveira Pav\u00e3o. A&nbsp;parceria estabelecida com essas institui\u00e7\u00f5es tem [&hellip;]<\/p>\n","protected":false},"author":2334,"featured_media":0,"parent":0,"menu_order":0,"comment_status":"closed","ping_status":"closed","template":"","meta":{"footnotes":""},"categories":[],"tags":[],"class_list":["post-2262","page","type-page","status-publish","hentry"],"acf":[],"_links":{"self":[{"href":"https:\/\/www.ufsm.br\/cursos\/pos-graduacao\/santa-maria\/ppgter\/wp-json\/wp\/v2\/pages\/2262","targetHints":{"allow":["GET"]}}],"collection":[{"href":"https:\/\/www.ufsm.br\/cursos\/pos-graduacao\/santa-maria\/ppgter\/wp-json\/wp\/v2\/pages"}],"about":[{"href":"https:\/\/www.ufsm.br\/cursos\/pos-graduacao\/santa-maria\/ppgter\/wp-json\/wp\/v2\/types\/page"}],"author":[{"embeddable":true,"href":"https:\/\/www.ufsm.br\/cursos\/pos-graduacao\/santa-maria\/ppgter\/wp-json\/wp\/v2\/users\/2334"}],"replies":[{"embeddable":true,"href":"https:\/\/www.ufsm.br\/cursos\/pos-graduacao\/santa-maria\/ppgter\/wp-json\/wp\/v2\/comments?post=2262"}],"version-history":[{"count":0,"href":"https:\/\/www.ufsm.br\/cursos\/pos-graduacao\/santa-maria\/ppgter\/wp-json\/wp\/v2\/pages\/2262\/revisions"}],"wp:attachment":[{"href":"https:\/\/www.ufsm.br\/cursos\/pos-graduacao\/santa-maria\/ppgter\/wp-json\/wp\/v2\/media?parent=2262"}],"wp:term":[{"taxonomy":"category","embeddable":true,"href":"https:\/\/www.ufsm.br\/cursos\/pos-graduacao\/santa-maria\/ppgter\/wp-json\/wp\/v2\/categories?post=2262"},{"taxonomy":"post_tag","embeddable":true,"href":"https:\/\/www.ufsm.br\/cursos\/pos-graduacao\/santa-maria\/ppgter\/wp-json\/wp\/v2\/tags?post=2262"}],"curies":[{"name":"wp","href":"https:\/\/api.w.org\/{rel}","templated":true}]}}