{"id":212,"date":"2019-02-26T07:39:14","date_gmt":"2019-02-26T10:39:14","guid":{"rendered":"https:\/\/www.ufsm.br\/cursos\/pos-graduacao\/santa-maria\/ppgz\/?page_id=212"},"modified":"2025-03-14T14:58:42","modified_gmt":"2025-03-14T17:58:42","slug":"laboratorios","status":"publish","type":"page","link":"https:\/\/www.ufsm.br\/cursos\/pos-graduacao\/santa-maria\/ppgz\/laboratorios","title":{"rendered":"Laborat\u00f3rios e Grupos de Pesquisa"},"content":{"rendered":"\t\t<div data-elementor-type=\"wp-page\" data-elementor-id=\"212\" class=\"elementor elementor-212\">\n\t\t\t\t\t\t<section class=\"elementor-section elementor-top-section elementor-element elementor-element-4f4ce50b elementor-section-boxed elementor-section-height-default elementor-section-height-default\" data-id=\"4f4ce50b\" data-element_type=\"section\">\n\t\t\t\t\t\t<div class=\"elementor-container elementor-column-gap-default\">\n\t\t\t\t\t<div class=\"elementor-column elementor-col-100 elementor-top-column elementor-element elementor-element-5c58bc47\" data-id=\"5c58bc47\" data-element_type=\"column\">\n\t\t\t<div class=\"elementor-widget-wrap elementor-element-populated\">\n\t\t\t\t\t\t<div class=\"elementor-element elementor-element-24a397a6 elementor-widget elementor-widget-text-editor\" data-id=\"24a397a6\" data-element_type=\"widget\" data-widget_type=\"text-editor.default\">\n\t\t\t\t<div class=\"elementor-widget-container\">\n\t\t\t\t\t\t\t<p><!-- wp:tadv\/classic-paragraph --><\/p>\n<h4>Laborat\u00f3rio de Avicultura \u2013 LAVIC<\/h4>\n<p><a href=\"https:\/\/www.facebook.com\/Laborat%C3%B3rio-de-Avicultura-LAVIC-633218453451656\/\" target=\"_blank\" rel=\"noopener\">Facebook<\/a><\/p>\n<p><a href=\"https:\/\/www.instagram.com\/lavic.ufsm\/?utm_medium=copy_link\">Instagram<\/a><\/p>\n<h4><a href=\"https:\/\/www.ufsm.br\/cursos\/pos-graduacao\/santa-maria\/ppgz\/laboratorio-de-bovinocultura-de-corte\/\" target=\"_blank\" rel=\"noopener\">Laborat\u00f3rio de Bovinocultura de Corte \u2013 LBC<\/a><\/h4>\n<p><span style=\"font-size: 1rem;background-color: #ffffff\"><a href=\"https:\/\/www.facebook.com\/Laborat%C3%B3rio-de-Bovinocultura-de-Corte-432957196748705\/\" target=\"_blank\" rel=\"noopener\">Facebook<\/a><\/span><\/p>\n<p><a href=\"https:\/\/www.instagram.com\/lbc_ufsm\/?igshid=1qs8bq9rn3mnj\" target=\"_blank\" rel=\"noopener\">Instagram<\/a><\/p>\n<h4>Laborat\u00f3rio de Bovinocultura de Leite<\/h4>\n<p><span style=\"font-size: 1rem;background-color: #ffffff\"><a href=\"https:\/\/www.facebook.com\/GEAPA-107664241432943\/\" target=\"_blank\" rel=\"noopener\">Facebook<\/a><\/span><\/p>\n<p><a href=\"https:\/\/www.instagram.com\/geapa_ufsm\/?igshid=19839yxbs54q8\" target=\"_blank\" rel=\"noopener\">Instagram<\/a><\/p>\n<h4>Laborat\u00f3rio de Bromatologia e Nutri\u00e7\u00e3o de Ruminantes \u2013 LABRUMEN<\/h4>\n<p><span style=\"font-size: 1rem;background-color: #ffffff\"><a href=\"https:\/\/www.facebook.com\/LABRumen\/\" target=\"_blank\" rel=\"noopener\">Facebook<\/a><\/span><\/p>\n<p><a href=\"https:\/\/www.instagram.com\/labrumen.ufsm\/?utm_medium=copy_link\">Instagram<\/a><\/p>\n<h4>Laborat\u00f3rio de Pastos e Suplementos<\/h4>\n<p><span style=\"font-size: 1rem;background-color: #ffffff\"><a href=\"https:\/\/www.facebook.com\/LaboratorioPastosSuplementos\" target=\"_blank\" rel=\"noopener\">Facebook<\/a><\/span><\/p>\n<p><a href=\"https:\/\/www.instagram.com\/pastosesuplementos\/?utm_medium=copy_link\" target=\"_blank\" rel=\"noopener\">Instagram<\/a><\/p>\n<h4>Laborat\u00f3rio de Melhoramento Animal \u2013 LMA<\/h4>\n<p><span style=\"font-size: 1rem;background-color: #ffffff\"><a href=\"https:\/\/www.instagram.com\/gma_ufsm\/\" target=\"_blank\" rel=\"noopener\">Instagram<\/a><\/span><\/p>\n<h4>Laborat\u00f3rio de Ovinocultura &#8211;&nbsp;<\/h4>\n<p><span style=\"font-size: 1rem;background-color: #ffffff\"><a href=\"https:\/\/www.instagram.com\/gepeo.ufsm\/\" target=\"_blank\" rel=\"noopener\">Instagram<\/a><\/span><\/p>\n<h4>Laborat\u00f3rio de Piscicultura<\/h4>\n<p><a href=\"https:\/\/www.facebook.com\/laboratoriodepisciculturaufsm\" target=\"_blank\" rel=\"noopener\">Facebook<\/a><\/p>\n<p><a href=\"https:\/\/www.instagram.com\/laboratoriopiscicultura\/?utm_medium=copy_link\">Instagram<\/a><\/p>\n<h4><span style=\"color: black;font-size: 1rem\">Laborat\u00f3rio de Fisiologia de Peixes &#8211; Lafipe<\/span><\/h4>\n<p><span style=\"font-size: 1rem;background-color: #ffffff\"><a href=\"https:\/\/www.facebook.com\/LafipeUfsm\/?ref=page_internal\" target=\"_blank\" rel=\"noopener\">Facebook<\/a><\/span><\/p>\n<h4><a href=\"https:\/\/www.ufsm.br\/laboratorios\/suinos\/\" target=\"_blank\" rel=\"noopener\">Laborat\u00f3rio de Suinocultura<\/a><\/h4>\n<p><a href=\"https:\/\/www.facebook.com\/Laborat%C3%B3rio-de-Suinocultura-UFSM-101077748427685\/\" target=\"_blank\" rel=\"noopener\">Facebook<\/a><\/p>\n<p><a href=\"https:\/\/www.instagram.com\/_lab.suinoculturaufsm\/?fbclid=IwAR2Z-UWE1vtHLXIxCAT9wUzMVlUlOWvcsjl6N209S13QDISih9ExnaB5KRk\" target=\"_blank\" rel=\"noopener\">Instagram<\/a><\/p>\n<h4><a href=\"https:\/\/www.ufsm.br\/laboratorios\/lepan\/\" target=\"_blank\" rel=\"noopener\">Laborat\u00f3rio de Ecologia de Pastagens Naturais \u2013 LEPAN<\/a><\/h4>\n<p><span style=\"font-size: 1rem;background-color: #ffffff\"><a href=\"https:\/\/www.facebook.com\/lepanufsm\/\" target=\"_blank\" rel=\"noopener\">Facebook<\/a><\/span><\/p>\n<p><a href=\"https:\/\/www.instagram.com\/lepan.ufsm\/\" target=\"_blank\" rel=\"noopener\">Instagram<\/a><\/p>\n<p><!-- \/wp:tadv\/classic-paragraph --><\/p>\t\t\t\t\t\t<\/div>\n\t\t\t\t<\/div>\n\t\t\t\t\t<\/div>\n\t\t<\/div>\n\t\t\t\t\t<\/div>\n\t\t<\/section>\n\t\t\t\t<\/div>\n\t\t","protected":false},"excerpt":{"rendered":"<p>Laborat\u00f3rio de Avicultura \u2013 LAVIC Facebook Instagram Laborat\u00f3rio de Bovinocultura de Corte \u2013 LBC Facebook Instagram Laborat\u00f3rio de Bovinocultura de Leite Facebook Instagram Laborat\u00f3rio de Bromatologia e Nutri\u00e7\u00e3o de Ruminantes \u2013 LABRUMEN Facebook Instagram Laborat\u00f3rio de Pastos e Suplementos Facebook Instagram Laborat\u00f3rio de Melhoramento Animal \u2013 LMA Instagram Laborat\u00f3rio de Ovinocultura &#8211;&nbsp; Instagram Laborat\u00f3rio de [&hellip;]<\/p>\n","protected":false},"author":115,"featured_media":0,"parent":0,"menu_order":0,"comment_status":"closed","ping_status":"closed","template":"","meta":{"footnotes":""},"categories":[],"tags":[],"class_list":["post-212","page","type-page","status-publish","hentry"],"acf":[],"_links":{"self":[{"href":"https:\/\/www.ufsm.br\/cursos\/pos-graduacao\/santa-maria\/ppgz\/wp-json\/wp\/v2\/pages\/212","targetHints":{"allow":["GET"]}}],"collection":[{"href":"https:\/\/www.ufsm.br\/cursos\/pos-graduacao\/santa-maria\/ppgz\/wp-json\/wp\/v2\/pages"}],"about":[{"href":"https:\/\/www.ufsm.br\/cursos\/pos-graduacao\/santa-maria\/ppgz\/wp-json\/wp\/v2\/types\/page"}],"author":[{"embeddable":true,"href":"https:\/\/www.ufsm.br\/cursos\/pos-graduacao\/santa-maria\/ppgz\/wp-json\/wp\/v2\/users\/115"}],"replies":[{"embeddable":true,"href":"https:\/\/www.ufsm.br\/cursos\/pos-graduacao\/santa-maria\/ppgz\/wp-json\/wp\/v2\/comments?post=212"}],"version-history":[{"count":0,"href":"https:\/\/www.ufsm.br\/cursos\/pos-graduacao\/santa-maria\/ppgz\/wp-json\/wp\/v2\/pages\/212\/revisions"}],"wp:attachment":[{"href":"https:\/\/www.ufsm.br\/cursos\/pos-graduacao\/santa-maria\/ppgz\/wp-json\/wp\/v2\/media?parent=212"}],"wp:term":[{"taxonomy":"category","embeddable":true,"href":"https:\/\/www.ufsm.br\/cursos\/pos-graduacao\/santa-maria\/ppgz\/wp-json\/wp\/v2\/categories?post=212"},{"taxonomy":"post_tag","embeddable":true,"href":"https:\/\/www.ufsm.br\/cursos\/pos-graduacao\/santa-maria\/ppgz\/wp-json\/wp\/v2\/tags?post=212"}],"curies":[{"name":"wp","href":"https:\/\/api.w.org\/{rel}","templated":true}]}}