{"id":248,"date":"2019-02-26T08:12:04","date_gmt":"2019-02-26T11:12:04","guid":{"rendered":"https:\/\/www.ufsm.br\/cursos\/pos-graduacao\/santa-maria\/ppgz\/?page_id=248"},"modified":"2019-02-26T08:12:06","modified_gmt":"2019-02-26T11:12:06","slug":"links","status":"publish","type":"page","link":"https:\/\/www.ufsm.br\/cursos\/pos-graduacao\/santa-maria\/ppgz\/links","title":{"rendered":"Links"},"content":{"rendered":"\n<p><a href=\"https:\/\/www.ufsm.br\/orgaos-suplementares\/biblioteca\/biblioteca-central\/\">Biblioteca Central &#8211; BC<\/a><\/p>\n<p><a href=\"https:\/\/periodicos.ufsm.br\/\">Portal de Peri\u00f3dicos Eletr\u00f4nicos<\/a><\/p>\n<p><a href=\"http:\/\/www.cnpq.br\/\">Conselho Nacional de Desenvolvimento Cient\u00edfico e Tecnol\u00f3gico &#8211; CNPq<\/a><\/p>\n<p><a href=\"https:\/\/fapergs.rs.gov.br\/inicial\">Funda\u00e7\u00e3o de Amparo \u00e0 Pesquisa do Estado do Rio Grande do Sul &#8211; FAPERGS<\/a><\/p>\n<p><a href=\"http:\/\/www-periodicos-capes-gov-br.ez47.periodicos.capes.gov.br\/\">PERI\u00d3DICOS<\/a><\/p>\n<p><a href=\"http:\/\/sbz.org.br\/new\/pt\/\">Sociedade Brasileira de Zootecnia<\/a><\/p>\n<p><a href=\"https:\/\/portal.ufsm.br\/aluno\/\">Portal do Aluno<\/a><\/p>\n","protected":false},"excerpt":{"rendered":"<p>Biblioteca Central &#8211; BC Portal de Peri\u00f3dicos Eletr\u00f4nicos Conselho Nacional de Desenvolvimento Cient\u00edfico e Tecnol\u00f3gico &#8211; CNPq Funda\u00e7\u00e3o de Amparo \u00e0 Pesquisa do Estado do Rio Grande do Sul &#8211; FAPERGS PERI\u00d3DICOS Sociedade Brasileira de Zootecnia Portal do Aluno<\/p>\n","protected":false},"author":115,"featured_media":0,"parent":0,"menu_order":0,"comment_status":"closed","ping_status":"closed","template":"","meta":{"footnotes":""},"categories":[],"tags":[],"class_list":["post-248","page","type-page","status-publish","hentry"],"acf":[],"_links":{"self":[{"href":"https:\/\/www.ufsm.br\/cursos\/pos-graduacao\/santa-maria\/ppgz\/wp-json\/wp\/v2\/pages\/248","targetHints":{"allow":["GET"]}}],"collection":[{"href":"https:\/\/www.ufsm.br\/cursos\/pos-graduacao\/santa-maria\/ppgz\/wp-json\/wp\/v2\/pages"}],"about":[{"href":"https:\/\/www.ufsm.br\/cursos\/pos-graduacao\/santa-maria\/ppgz\/wp-json\/wp\/v2\/types\/page"}],"author":[{"embeddable":true,"href":"https:\/\/www.ufsm.br\/cursos\/pos-graduacao\/santa-maria\/ppgz\/wp-json\/wp\/v2\/users\/115"}],"replies":[{"embeddable":true,"href":"https:\/\/www.ufsm.br\/cursos\/pos-graduacao\/santa-maria\/ppgz\/wp-json\/wp\/v2\/comments?post=248"}],"version-history":[{"count":0,"href":"https:\/\/www.ufsm.br\/cursos\/pos-graduacao\/santa-maria\/ppgz\/wp-json\/wp\/v2\/pages\/248\/revisions"}],"wp:attachment":[{"href":"https:\/\/www.ufsm.br\/cursos\/pos-graduacao\/santa-maria\/ppgz\/wp-json\/wp\/v2\/media?parent=248"}],"wp:term":[{"taxonomy":"category","embeddable":true,"href":"https:\/\/www.ufsm.br\/cursos\/pos-graduacao\/santa-maria\/ppgz\/wp-json\/wp\/v2\/categories?post=248"},{"taxonomy":"post_tag","embeddable":true,"href":"https:\/\/www.ufsm.br\/cursos\/pos-graduacao\/santa-maria\/ppgz\/wp-json\/wp\/v2\/tags?post=248"}],"curies":[{"name":"wp","href":"https:\/\/api.w.org\/{rel}","templated":true}]}}