{"id":392,"date":"2020-07-07T16:09:47","date_gmt":"2020-07-07T19:09:47","guid":{"rendered":"https:\/\/www.ufsm.br\/cursos\/pos-graduacao\/santa-maria\/ppgz\/?page_id=392"},"modified":"2020-07-07T16:19:32","modified_gmt":"2020-07-07T19:19:32","slug":"laboratorio-de-bovinocultura-de-corte","status":"publish","type":"page","link":"https:\/\/www.ufsm.br\/cursos\/pos-graduacao\/santa-maria\/ppgz\/laboratorio-de-bovinocultura-de-corte","title":{"rendered":"Laborat\u00f3rio de Bovinocultura de Corte"},"content":{"rendered":"\n<div class=\"wp-block-columns is-layout-flex wp-container-core-columns-is-layout-9d6595d7 wp-block-columns-is-layout-flex\">\n<div class=\"wp-block-column is-layout-flow wp-block-column-is-layout-flow\">\n<figure class=\"wp-block-image size-large\"><img fetchpriority=\"high\" decoding=\"async\" width=\"1024\" height=\"768\" src=\"https:\/\/www.ufsm.br\/cursos\/pos-graduacao\/santa-maria\/ppgz\/wp-content\/uploads\/sites\/562\/2020\/07\/Novilhos_AzevAcm_Tetra_e_DiplA3ide_5-1-1024x768.jpg\" alt=\"\" class=\"wp-image-395\" srcset=\"https:\/\/www.ufsm.br\/app\/uploads\/sites\/562\/2020\/07\/Novilhos_AzevAcm_Tetra_e_DiplA3ide_5-1-1024x768.jpg 1024w, https:\/\/www.ufsm.br\/app\/uploads\/sites\/562\/2020\/07\/Novilhos_AzevAcm_Tetra_e_DiplA3ide_5-1-300x225.jpg 300w, https:\/\/www.ufsm.br\/app\/uploads\/sites\/562\/2020\/07\/Novilhos_AzevAcm_Tetra_e_DiplA3ide_5-1-768x576.jpg 768w, https:\/\/www.ufsm.br\/app\/uploads\/sites\/562\/2020\/07\/Novilhos_AzevAcm_Tetra_e_DiplA3ide_5-1-1536x1152.jpg 1536w, https:\/\/www.ufsm.br\/app\/uploads\/sites\/562\/2020\/07\/Novilhos_AzevAcm_Tetra_e_DiplA3ide_5-1.jpg 2016w\" sizes=\"(max-width: 1024px) 100vw, 1024px\" \/><\/figure>\n\n\n\n<p><\/p>\n<\/div>\n\n\n\n<div class=\"wp-block-column is-layout-flow wp-block-column-is-layout-flow\">\n<figure class=\"wp-block-image size-large\"><img decoding=\"async\" width=\"1024\" height=\"768\" src=\"https:\/\/www.ufsm.br\/cursos\/pos-graduacao\/santa-maria\/ppgz\/wp-content\/uploads\/sites\/562\/2020\/07\/Confinamento_novilhos_2-1024x768.jpg\" alt=\"\" class=\"wp-image-393\" srcset=\"https:\/\/www.ufsm.br\/app\/uploads\/sites\/562\/2020\/07\/Confinamento_novilhos_2-1024x768.jpg 1024w, https:\/\/www.ufsm.br\/app\/uploads\/sites\/562\/2020\/07\/Confinamento_novilhos_2-300x225.jpg 300w, https:\/\/www.ufsm.br\/app\/uploads\/sites\/562\/2020\/07\/Confinamento_novilhos_2-768x576.jpg 768w, https:\/\/www.ufsm.br\/app\/uploads\/sites\/562\/2020\/07\/Confinamento_novilhos_2-1536x1152.jpg 1536w, https:\/\/www.ufsm.br\/app\/uploads\/sites\/562\/2020\/07\/Confinamento_novilhos_2.jpg 1920w\" sizes=\"(max-width: 1024px) 100vw, 1024px\" \/><\/figure>\n<\/div>\n\n\n\n<div class=\"wp-block-column is-layout-flow wp-block-column-is-layout-flow\">\n<figure class=\"wp-block-image size-large\"><img decoding=\"async\" width=\"1024\" height=\"768\" src=\"https:\/\/www.ufsm.br\/cursos\/pos-graduacao\/santa-maria\/ppgz\/wp-content\/uploads\/sites\/562\/2020\/07\/Tatuagem_1-1024x768.jpg\" alt=\"\" class=\"wp-image-396\" srcset=\"https:\/\/www.ufsm.br\/app\/uploads\/sites\/562\/2020\/07\/Tatuagem_1-1024x768.jpg 1024w, https:\/\/www.ufsm.br\/app\/uploads\/sites\/562\/2020\/07\/Tatuagem_1-300x225.jpg 300w, https:\/\/www.ufsm.br\/app\/uploads\/sites\/562\/2020\/07\/Tatuagem_1-768x576.jpg 768w, https:\/\/www.ufsm.br\/app\/uploads\/sites\/562\/2020\/07\/Tatuagem_1-1536x1152.jpg 1536w, https:\/\/www.ufsm.br\/app\/uploads\/sites\/562\/2020\/07\/Tatuagem_1.jpg 2016w\" sizes=\"(max-width: 1024px) 100vw, 1024px\" \/><\/figure>\n<\/div>\n<\/div>\n\n\n\nO Laborat\u00f3rio de Bovinocultura de Corte (LBC) pertencente ao Departamento de Zootecnia da UFSM, utiliza a fazenda experimental conhecida como \u201c\u00c1rea Nova\u201d e concentra suas atividades no projeto que estuda o cruzamento das ra\u00e7as Charol\u00eas x Nelore, a 26 anos, estando atualmente na sua 5\u00b0 gera\u00e7\u00e3o. A equipe \u00e9 formada por alunos de doutorado, mestrado, de gradua\u00e7\u00e3o e n\u00edvel t\u00e9cnico, e tem como respons\u00e1veis os professores Dr. Ivan Luiz Brondani e Dr. Dari Celestino Alves Filho.&nbsp;&nbsp;&nbsp;<br>    <br>     No LBC, os alunos al\u00e9m de desenvolverem as atividades normais de uma propriedade rural, tamb\u00e9m tem a oportunidade de realizarem atividades pr\u00e1ticas como a implanta\u00e7\u00e3o e manejo de pastagens cultivadas, confec\u00e7\u00e3o de silagens e formula\u00e7\u00e3o de ra\u00e7\u00f5es, al\u00e9m de, participar de outras atividades de manejo, nas quais&nbsp;envolvem&nbsp;o uso de alimentos alternativos, suplementa\u00e7\u00e3o, confinamento, desmame precoce, desempenho, comportamento e bem estar animal. Os alunos tamb\u00e9m acompanham atividades de avalia\u00e7\u00e3o da qualidade das carca\u00e7as dos bovinos, que s\u00e3o realizadas durante o abate no frigor\u00edfico,&nbsp;e da carne dos animais, no Laborat\u00f3rio de Carnes, pertencente ao LBC.&nbsp;&nbsp;&nbsp; <br><br>     O LBC desenvolve pesquisas cient\u00edficas, que s\u00e3o publicadas todos os anos em peri\u00f3dicos de impacto nacionais e internacionais; tamb\u00e9m exp\u00f5e trabalhos em congressos realizados nas mais diversas regi\u00f5es do Brasil, oportunizando a participa\u00e7\u00e3o dos alunos em eventos de grande repercuss\u00e3o nacional como o Zootec e o Congresso Brasileiro de Zootecnia &#8211; SBZ.&nbsp;Tamb\u00e9m s\u00e3o desenvolvidos pelo LBC atividades de extens\u00e3o, por meio de dias de campo ou ciclos de palestras que s\u00e3o apresentados para o meio acad\u00eamico e rural. Nesses eventos, s\u00e3o divulgados resultados de trabalhos de pesquisas realizadas no LBC, os quais abordam temas sobre o que h\u00e1 de mais recente e inovador sobre a bovinocultura de corte.<br>\n","protected":false},"excerpt":{"rendered":"<p>O Laborat\u00f3rio de Bovinocultura de Corte (LBC) pertencente ao Departamento de Zootecnia da UFSM, utiliza a fazenda experimental conhecida como \u201c\u00c1rea Nova\u201d e concentra suas atividades no projeto que estuda o cruzamento das ra\u00e7as Charol\u00eas x Nelore, a 26 anos, estando atualmente na sua 5\u00b0 gera\u00e7\u00e3o. A equipe \u00e9 formada por alunos de doutorado, mestrado, [&hellip;]<\/p>\n","protected":false},"author":26,"featured_media":0,"parent":0,"menu_order":0,"comment_status":"closed","ping_status":"closed","template":"","meta":{"footnotes":""},"categories":[],"tags":[],"class_list":["post-392","page","type-page","status-publish","hentry"],"acf":[],"_links":{"self":[{"href":"https:\/\/www.ufsm.br\/cursos\/pos-graduacao\/santa-maria\/ppgz\/wp-json\/wp\/v2\/pages\/392","targetHints":{"allow":["GET"]}}],"collection":[{"href":"https:\/\/www.ufsm.br\/cursos\/pos-graduacao\/santa-maria\/ppgz\/wp-json\/wp\/v2\/pages"}],"about":[{"href":"https:\/\/www.ufsm.br\/cursos\/pos-graduacao\/santa-maria\/ppgz\/wp-json\/wp\/v2\/types\/page"}],"author":[{"embeddable":true,"href":"https:\/\/www.ufsm.br\/cursos\/pos-graduacao\/santa-maria\/ppgz\/wp-json\/wp\/v2\/users\/26"}],"replies":[{"embeddable":true,"href":"https:\/\/www.ufsm.br\/cursos\/pos-graduacao\/santa-maria\/ppgz\/wp-json\/wp\/v2\/comments?post=392"}],"version-history":[{"count":0,"href":"https:\/\/www.ufsm.br\/cursos\/pos-graduacao\/santa-maria\/ppgz\/wp-json\/wp\/v2\/pages\/392\/revisions"}],"wp:attachment":[{"href":"https:\/\/www.ufsm.br\/cursos\/pos-graduacao\/santa-maria\/ppgz\/wp-json\/wp\/v2\/media?parent=392"}],"wp:term":[{"taxonomy":"category","embeddable":true,"href":"https:\/\/www.ufsm.br\/cursos\/pos-graduacao\/santa-maria\/ppgz\/wp-json\/wp\/v2\/categories?post=392"},{"taxonomy":"post_tag","embeddable":true,"href":"https:\/\/www.ufsm.br\/cursos\/pos-graduacao\/santa-maria\/ppgz\/wp-json\/wp\/v2\/tags?post=392"}],"curies":[{"name":"wp","href":"https:\/\/api.w.org\/{rel}","templated":true}]}}