{"id":506,"date":"2021-08-04T17:00:58","date_gmt":"2021-08-04T20:00:58","guid":{"rendered":"https:\/\/www.ufsm.br\/cursos\/pos-graduacao\/santa-maria\/ppgz\/?page_id=506"},"modified":"2025-10-06T16:32:05","modified_gmt":"2025-10-06T19:32:05","slug":"ingresso-no-ppgz","status":"publish","type":"page","link":"https:\/\/www.ufsm.br\/cursos\/pos-graduacao\/santa-maria\/ppgz\/ingresso-no-ppgz","title":{"rendered":"Inscri\u00e7\u00e3o\/ Sele\u00e7\u00e3o"},"content":{"rendered":"\t\t<div data-elementor-type=\"wp-page\" data-elementor-id=\"506\" class=\"elementor elementor-506\">\n\t\t\t\t\t\t<section class=\"elementor-section elementor-top-section elementor-element elementor-element-65473bb4 elementor-section-boxed elementor-section-height-default elementor-section-height-default\" data-id=\"65473bb4\" data-element_type=\"section\">\n\t\t\t\t\t\t<div class=\"elementor-container elementor-column-gap-default\">\n\t\t\t\t\t<div class=\"elementor-column elementor-col-100 elementor-top-column elementor-element elementor-element-c3a3ec3\" data-id=\"c3a3ec3\" data-element_type=\"column\">\n\t\t\t<div class=\"elementor-widget-wrap elementor-element-populated\">\n\t\t\t\t\t\t<div class=\"elementor-element elementor-element-8cb6ba0 elementor-widget elementor-widget-text-editor\" data-id=\"8cb6ba0\" data-element_type=\"widget\" data-widget_type=\"text-editor.default\">\n\t\t\t\t<div class=\"elementor-widget-container\">\n\t\t\t\t\t\t\t<!-- wp:paragraph -->\n<p>A inscri\u00e7\u00e3o no processo seletivo \u00e9 feita via Internet e todos as etapas podem ser realizadas remotamente. Informa\u00e7\u00f5es sobre o processo seletivo podem ser obtidos na p\u00e1gina da \u00a0Pr\u00f3-Reitoria de P\u00f3s-gradua\u00e7\u00e3o e Pesquisa\u00a0<a href=\"https:\/\/www.ufsm.br\/pro-reitorias\/prpgp\/2021\/07\/31\/divulgacao-do-edital-019-2021-prpgp-ufsm-processo-seletivo-da-pos-graduacao-presencial-nivel-de-doutorado-mestrado-e-especializacao-para-ingresso-no-2o-semestre-de-2021\">(<\/a><a href=\"https:\/\/www.ufsm.br\/pro-reitorias\/prpgp\" data-type=\"link\" data-id=\"https:\/\/www.ufsm.br\/pro-reitorias\/prpgp\">PRPGP<\/a>). O edital atualmente vigente \u00e9 o edital <a href=\"https:\/\/www.ufsm.br\/pro-reitorias\/prpgp\/editais\/030-2025\" data-type=\"link\" data-id=\"https:\/\/www.ufsm.br\/pro-reitorias\/prpgp\/editais\/065-2024\">PRPGP UFSM 030\/2025<\/a>.<\/p>\n<!-- \/wp:paragraph --><!-- wp:paragraph -->\n<p>\u00a0<\/p>\n<!-- \/wp:paragraph -->\t\t\t\t\t\t<\/div>\n\t\t\t\t<\/div>\n\t\t\t\t\t<\/div>\n\t\t<\/div>\n\t\t\t\t\t<\/div>\n\t\t<\/section>\n\t\t\t\t<\/div>\n\t\t","protected":false},"excerpt":{"rendered":"<p>A inscri\u00e7\u00e3o no processo seletivo \u00e9 feita via Internet e todos as etapas podem ser realizadas remotamente. Informa\u00e7\u00f5es sobre o processo seletivo podem ser obtidos na p\u00e1gina da \u00a0Pr\u00f3-Reitoria de P\u00f3s-gradua\u00e7\u00e3o e Pesquisa\u00a0(PRPGP). O edital atualmente vigente \u00e9 o edital PRPGP UFSM 030\/2025. \u00a0<\/p>\n","protected":false},"author":4407,"featured_media":0,"parent":0,"menu_order":0,"comment_status":"closed","ping_status":"closed","template":"","meta":{"footnotes":""},"categories":[],"tags":[],"class_list":["post-506","page","type-page","status-publish","hentry"],"acf":[],"_links":{"self":[{"href":"https:\/\/www.ufsm.br\/cursos\/pos-graduacao\/santa-maria\/ppgz\/wp-json\/wp\/v2\/pages\/506","targetHints":{"allow":["GET"]}}],"collection":[{"href":"https:\/\/www.ufsm.br\/cursos\/pos-graduacao\/santa-maria\/ppgz\/wp-json\/wp\/v2\/pages"}],"about":[{"href":"https:\/\/www.ufsm.br\/cursos\/pos-graduacao\/santa-maria\/ppgz\/wp-json\/wp\/v2\/types\/page"}],"author":[{"embeddable":true,"href":"https:\/\/www.ufsm.br\/cursos\/pos-graduacao\/santa-maria\/ppgz\/wp-json\/wp\/v2\/users\/4407"}],"replies":[{"embeddable":true,"href":"https:\/\/www.ufsm.br\/cursos\/pos-graduacao\/santa-maria\/ppgz\/wp-json\/wp\/v2\/comments?post=506"}],"version-history":[{"count":0,"href":"https:\/\/www.ufsm.br\/cursos\/pos-graduacao\/santa-maria\/ppgz\/wp-json\/wp\/v2\/pages\/506\/revisions"}],"wp:attachment":[{"href":"https:\/\/www.ufsm.br\/cursos\/pos-graduacao\/santa-maria\/ppgz\/wp-json\/wp\/v2\/media?parent=506"}],"wp:term":[{"taxonomy":"category","embeddable":true,"href":"https:\/\/www.ufsm.br\/cursos\/pos-graduacao\/santa-maria\/ppgz\/wp-json\/wp\/v2\/categories?post=506"},{"taxonomy":"post_tag","embeddable":true,"href":"https:\/\/www.ufsm.br\/cursos\/pos-graduacao\/santa-maria\/ppgz\/wp-json\/wp\/v2\/tags?post=506"}],"curies":[{"name":"wp","href":"https:\/\/api.w.org\/{rel}","templated":true}]}}